{"id":26497,"date":"2026-02-07T05:03:39","date_gmt":"2026-02-07T03:03:39","guid":{"rendered":"https:\/\/vinilozona.lt\/?post_type=product&#038;p=26497"},"modified":"2026-02-07T07:21:03","modified_gmt":"2026-02-07T05:21:03","slug":"david-bowie-the-buddha-of-suburbia","status":"publish","type":"product","link":"https:\/\/vinilozona.lt\/en\/parduotuve\/naujos-lp\/david-bowie-the-buddha-of-suburbia\/","title":{"rendered":"David Bowie \u2013 The Buddha Of Suburbia"},"content":{"rendered":"<p>Buddha Of Suburbia\t4:28<br \/>\nSex And The Church\t6:25<br \/>\nSouth Horizon\t5:26<br \/>\nThe Mysteries\t7:12<br \/>\nBleed Like A Craze, Dad\t5:22<br \/>\nStrangers When We Meet\t4:58<br \/>\nDead Against It\t5:48<br \/>\nUntitled No. 1\t5:01<br \/>\nIan Fish, U.K. Heir\t6:27<br \/>\nBuddha Of Suburbia\t4:19<\/p>","protected":false},"excerpt":{"rendered":"<p>Parlophone \u2013 DB 92012, ISO Records \u2013 DB 92012, Parlophone \u2013 0190295253400, ISO Records \u2013 0190295253400<br \/>\nFormat:<br \/>\n2 x Vinyl, LP, Album, Reissue, Remastered, Stereo<br \/>\nCountry:<br \/>\nWorldwide<br \/>\nReleased:<br \/>\nAug 5, 2022<\/p>","protected":false},"featured_media":26498,"template":"","meta":[],"product_cat":[23],"product_tag":[74],"yoast_head":"<!-- This site is optimized with the Yoast SEO plugin v23.5 - https:\/\/yoast.com\/wordpress\/plugins\/seo\/ -->\n<title>David Bowie \u2013 The Buddha Of Suburbia Vinilin\u0117 Plok\u0161tel\u0117 | Vinilozona.lt<\/title>\n<meta name=\"robots\" content=\"index, follow, max-snippet:-1, max-image-preview:large, max-video-preview:-1\" \/>\n<link rel=\"canonical\" href=\"https:\/\/vinilozona.lt\/en\/parduotuve\/naujos-lp\/david-bowie-the-buddha-of-suburbia\/\" \/>\n<meta property=\"og:locale\" content=\"en_GB\" \/>\n<meta property=\"og:type\" content=\"article\" \/>\n<meta property=\"og:title\" content=\"David Bowie \u2013 The Buddha Of Suburbia Vinilin\u0117 Plok\u0161tel\u0117 | Vinilozona.lt\" \/>\n<meta property=\"og:description\" content=\"Parlophone \u2013 DB 92012, ISO Records \u2013 DB 92012, Parlophone \u2013 0190295253400, ISO Records \u2013 0190295253400 Format: 2 x Vinyl, LP, Album, Reissue, Remastered, Stereo Country: Worldwide Released: Aug 5, 2022\" \/>\n<meta property=\"og:url\" content=\"https:\/\/vinilozona.lt\/en\/parduotuve\/naujos-lp\/david-bowie-the-buddha-of-suburbia\/\" \/>\n<meta property=\"og:site_name\" content=\"Vinilo Zona\" \/>\n<meta property=\"article:modified_time\" content=\"2026-02-07T05:21:03+00:00\" \/>\n<meta property=\"og:image\" content=\"https:\/\/vinilozona.lt\/wp-content\/uploads\/2024\/11\/R-24091283-1670555737-8243.jpg\" \/>\n\t<meta property=\"og:image:width\" content=\"599\" \/>\n\t<meta property=\"og:image:height\" content=\"594\" \/>\n\t<meta property=\"og:image:type\" content=\"image\/jpeg\" \/>\n<meta name=\"twitter:card\" content=\"summary_large_image\" \/>\n<meta name=\"twitter:label1\" content=\"Estimated reading time\" \/>\n\t<meta name=\"twitter:data1\" content=\"1 minute\" \/>\n<script type=\"application\/ld+json\" class=\"yoast-schema-graph\">{\"@context\":\"https:\/\/schema.org\",\"@graph\":[{\"@type\":\"WebPage\",\"@id\":\"https:\/\/vinilozona.lt\/parduotuve\/naujos-lp\/david-bowie-the-buddha-of-suburbia\/\",\"url\":\"https:\/\/vinilozona.lt\/parduotuve\/naujos-lp\/david-bowie-the-buddha-of-suburbia\/\",\"name\":\"David Bowie \u2013 The Buddha Of Suburbia Vinilin\u0117 Plok\u0161tel\u0117 | Vinilozona.lt\",\"isPartOf\":{\"@id\":\"https:\/\/vinilozona.lt\/#website\"},\"primaryImageOfPage\":{\"@id\":\"https:\/\/vinilozona.lt\/parduotuve\/naujos-lp\/david-bowie-the-buddha-of-suburbia\/#primaryimage\"},\"image\":{\"@id\":\"https:\/\/vinilozona.lt\/parduotuve\/naujos-lp\/david-bowie-the-buddha-of-suburbia\/#primaryimage\"},\"thumbnailUrl\":\"https:\/\/vinilozona.lt\/wp-content\/uploads\/2024\/11\/R-24091283-1670555737-8243.jpg\",\"datePublished\":\"2026-02-07T03:03:39+00:00\",\"dateModified\":\"2026-02-07T05:21:03+00:00\",\"breadcrumb\":{\"@id\":\"https:\/\/vinilozona.lt\/parduotuve\/naujos-lp\/david-bowie-the-buddha-of-suburbia\/#breadcrumb\"},\"inLanguage\":\"en-GB\",\"potentialAction\":[{\"@type\":\"ReadAction\",\"target\":[\"https:\/\/vinilozona.lt\/parduotuve\/naujos-lp\/david-bowie-the-buddha-of-suburbia\/\"]}]},{\"@type\":\"ImageObject\",\"inLanguage\":\"en-GB\",\"@id\":\"https:\/\/vinilozona.lt\/parduotuve\/naujos-lp\/david-bowie-the-buddha-of-suburbia\/#primaryimage\",\"url\":\"https:\/\/vinilozona.lt\/wp-content\/uploads\/2024\/11\/R-24091283-1670555737-8243.jpg\",\"contentUrl\":\"https:\/\/vinilozona.lt\/wp-content\/uploads\/2024\/11\/R-24091283-1670555737-8243.jpg\",\"width\":599,\"height\":594},{\"@type\":\"BreadcrumbList\",\"@id\":\"https:\/\/vinilozona.lt\/parduotuve\/naujos-lp\/david-bowie-the-buddha-of-suburbia\/#breadcrumb\",\"itemListElement\":[{\"@type\":\"ListItem\",\"position\":1,\"name\":\"Home\",\"item\":\"https:\/\/vinilozona.lt\/\"},{\"@type\":\"ListItem\",\"position\":2,\"name\":\"Parduotuv\u0117\",\"item\":\"https:\/\/vinilozona.lt\/parduotuve\/\"},{\"@type\":\"ListItem\",\"position\":3,\"name\":\"David Bowie \u2013 The Buddha Of Suburbia\"}]},{\"@type\":\"WebSite\",\"@id\":\"https:\/\/vinilozona.lt\/#website\",\"url\":\"https:\/\/vinilozona.lt\/\",\"name\":\"Vinilo Zona\",\"description\":\"Nup\u016bsk dulkes ir klausyk LP\",\"potentialAction\":[{\"@type\":\"SearchAction\",\"target\":{\"@type\":\"EntryPoint\",\"urlTemplate\":\"https:\/\/vinilozona.lt\/?s={search_term_string}\"},\"query-input\":{\"@type\":\"PropertyValueSpecification\",\"valueRequired\":true,\"valueName\":\"search_term_string\"}}],\"inLanguage\":\"en-GB\"}]}<\/script>\n<!-- \/ Yoast SEO plugin. -->","yoast_head_json":{"title":"David Bowie \u2013 The Buddha Of Suburbia Vinilin\u0117 Plok\u0161tel\u0117 | Vinilozona.lt","robots":{"index":"index","follow":"follow","max-snippet":"max-snippet:-1","max-image-preview":"max-image-preview:large","max-video-preview":"max-video-preview:-1"},"canonical":"https:\/\/vinilozona.lt\/en\/parduotuve\/naujos-lp\/david-bowie-the-buddha-of-suburbia\/","og_locale":"en_GB","og_type":"article","og_title":"David Bowie \u2013 The Buddha Of Suburbia Vinilin\u0117 Plok\u0161tel\u0117 | Vinilozona.lt","og_description":"Parlophone \u2013 DB 92012, ISO Records \u2013 DB 92012, Parlophone \u2013 0190295253400, ISO Records \u2013 0190295253400 Format: 2 x Vinyl, LP, Album, Reissue, Remastered, Stereo Country: Worldwide Released: Aug 5, 2022","og_url":"https:\/\/vinilozona.lt\/en\/parduotuve\/naujos-lp\/david-bowie-the-buddha-of-suburbia\/","og_site_name":"Vinilo Zona","article_modified_time":"2026-02-07T05:21:03+00:00","og_image":[{"width":599,"height":594,"url":"https:\/\/vinilozona.lt\/wp-content\/uploads\/2024\/11\/R-24091283-1670555737-8243.jpg","type":"image\/jpeg"}],"twitter_card":"summary_large_image","twitter_misc":{"Estimated reading time":"1 minute"},"schema":{"@context":"https:\/\/schema.org","@graph":[{"@type":"WebPage","@id":"https:\/\/vinilozona.lt\/parduotuve\/naujos-lp\/david-bowie-the-buddha-of-suburbia\/","url":"https:\/\/vinilozona.lt\/parduotuve\/naujos-lp\/david-bowie-the-buddha-of-suburbia\/","name":"David Bowie \u2013 The Buddha Of Suburbia Vinilin\u0117 Plok\u0161tel\u0117 | Vinilozona.lt","isPartOf":{"@id":"https:\/\/vinilozona.lt\/#website"},"primaryImageOfPage":{"@id":"https:\/\/vinilozona.lt\/parduotuve\/naujos-lp\/david-bowie-the-buddha-of-suburbia\/#primaryimage"},"image":{"@id":"https:\/\/vinilozona.lt\/parduotuve\/naujos-lp\/david-bowie-the-buddha-of-suburbia\/#primaryimage"},"thumbnailUrl":"https:\/\/vinilozona.lt\/wp-content\/uploads\/2024\/11\/R-24091283-1670555737-8243.jpg","datePublished":"2026-02-07T03:03:39+00:00","dateModified":"2026-02-07T05:21:03+00:00","breadcrumb":{"@id":"https:\/\/vinilozona.lt\/parduotuve\/naujos-lp\/david-bowie-the-buddha-of-suburbia\/#breadcrumb"},"inLanguage":"en-GB","potentialAction":[{"@type":"ReadAction","target":["https:\/\/vinilozona.lt\/parduotuve\/naujos-lp\/david-bowie-the-buddha-of-suburbia\/"]}]},{"@type":"ImageObject","inLanguage":"en-GB","@id":"https:\/\/vinilozona.lt\/parduotuve\/naujos-lp\/david-bowie-the-buddha-of-suburbia\/#primaryimage","url":"https:\/\/vinilozona.lt\/wp-content\/uploads\/2024\/11\/R-24091283-1670555737-8243.jpg","contentUrl":"https:\/\/vinilozona.lt\/wp-content\/uploads\/2024\/11\/R-24091283-1670555737-8243.jpg","width":599,"height":594},{"@type":"BreadcrumbList","@id":"https:\/\/vinilozona.lt\/parduotuve\/naujos-lp\/david-bowie-the-buddha-of-suburbia\/#breadcrumb","itemListElement":[{"@type":"ListItem","position":1,"name":"Home","item":"https:\/\/vinilozona.lt\/"},{"@type":"ListItem","position":2,"name":"Parduotuv\u0117","item":"https:\/\/vinilozona.lt\/parduotuve\/"},{"@type":"ListItem","position":3,"name":"David Bowie \u2013 The Buddha Of Suburbia"}]},{"@type":"WebSite","@id":"https:\/\/vinilozona.lt\/#website","url":"https:\/\/vinilozona.lt\/","name":"Vinilo Zona","description":"Nup\u016bsk dulkes ir klausyk LP","potentialAction":[{"@type":"SearchAction","target":{"@type":"EntryPoint","urlTemplate":"https:\/\/vinilozona.lt\/?s={search_term_string}"},"query-input":{"@type":"PropertyValueSpecification","valueRequired":true,"valueName":"search_term_string"}}],"inLanguage":"en-GB"}]}},"_links":{"self":[{"href":"https:\/\/vinilozona.lt\/en\/wp-json\/wp\/v2\/product\/26497"}],"collection":[{"href":"https:\/\/vinilozona.lt\/en\/wp-json\/wp\/v2\/product"}],"about":[{"href":"https:\/\/vinilozona.lt\/en\/wp-json\/wp\/v2\/types\/product"}],"wp:featuredmedia":[{"embeddable":true,"href":"https:\/\/vinilozona.lt\/en\/wp-json\/wp\/v2\/media\/26498"}],"wp:attachment":[{"href":"https:\/\/vinilozona.lt\/en\/wp-json\/wp\/v2\/media?parent=26497"}],"wp:term":[{"taxonomy":"product_cat","embeddable":true,"href":"https:\/\/vinilozona.lt\/en\/wp-json\/wp\/v2\/product_cat?post=26497"},{"taxonomy":"product_tag","embeddable":true,"href":"https:\/\/vinilozona.lt\/en\/wp-json\/wp\/v2\/product_tag?post=26497"}],"curies":[{"name":"wp","href":"https:\/\/api.w.org\/{rel}","templated":true}]}}