{"id":26496,"date":"2024-11-22T23:12:18","date_gmt":"2024-11-22T21:12:18","guid":{"rendered":"https:\/\/vinilozona.lt\/?post_type=product&#038;p=26496"},"modified":"2025-12-24T19:56:04","modified_gmt":"2025-12-24T17:56:04","slug":"dua-lipa-future-nostalgia-the-moonlight-edition-2lp","status":"publish","type":"product","link":"https:\/\/vinilozona.lt\/en\/parduotuve\/naujos-lp\/dua-lipa-future-nostalgia-the-moonlight-edition-2lp\/","title":{"rendered":"Dua Lipa \u2013 Future Nostalgia (The Moonlight Edition) 2LP"},"content":{"rendered":"<p>1\tDua Lipa\u2013\tFuture Nostalgia<br \/>\n2\tDua Lipa\u2013\tDon&#8217;t Start Now<br \/>\n3\tDua Lipa\u2013\tCool<br \/>\n4\tDua Lipa\u2013\tPhysical<br \/>\n5\tDua Lipa\u2013\tLevitating<br \/>\n6\tDua Lipa\u2013\tPretty Please<br \/>\n7\tDua Lipa\u2013\tHallucinate<br \/>\n8\tDua Lipa\u2013\tLove Again<br \/>\n9\tDua Lipa\u2013\tBreak My Heart<br \/>\n10\tDua Lipa\u2013\tGood In Bed<br \/>\n11\tDua Lipa\u2013\tBoys Will Be Boys<br \/>\n12\tDua Lipa &#038; Ang\u00e8le (3)\u2013\tFever<br \/>\n13\tDua Lipa\u2013\tWe&#8217;re Good<br \/>\n14\tMiley Cyrus\u2013\tPrisoner<br \/>\n15\tDua Lipa\u2013\tIf It Ain&#8217;t Me<br \/>\n16\tDua Lipa\u2013\tThat Kind Of Woman<br \/>\n17\tDua Lipa\u2013\tNot My Problem<br \/>\n18\tDua Lipa\u2013\tLevitating<br \/>\n19\tJ. Balvin, Dua Lipa, Bad Bunny\u2013\tUn D\u00eda (One Day)<\/p>","protected":false},"excerpt":{"rendered":"<p>Label:Warner Records \u2013 0190295076139<br \/>\nFormat:2 x Vinyl, LP, Album, Stereo<br \/>\nCountry:Worldwide<br \/>\nReleased:Mar 26, 2021<\/p>","protected":false},"featured_media":25327,"template":"","meta":[],"product_cat":[23],"product_tag":[55],"yoast_head":"<!-- This site is optimized with the Yoast SEO plugin v23.5 - https:\/\/yoast.com\/wordpress\/plugins\/seo\/ -->\n<title>Dua Lipa \u2013 Future Nostalgia (The Moonlight Edition) 2LP Vinilin\u0117 Plok\u0161tel\u0117 | Vinilozona.lt<\/title>\n<meta name=\"robots\" content=\"index, follow, max-snippet:-1, max-image-preview:large, max-video-preview:-1\" \/>\n<link rel=\"canonical\" href=\"https:\/\/vinilozona.lt\/en\/parduotuve\/naujos-lp\/dua-lipa-future-nostalgia-the-moonlight-edition-2lp\/\" \/>\n<meta property=\"og:locale\" content=\"en_GB\" \/>\n<meta property=\"og:type\" content=\"article\" \/>\n<meta property=\"og:title\" content=\"Dua Lipa \u2013 Future Nostalgia (The Moonlight Edition) 2LP Vinilin\u0117 Plok\u0161tel\u0117 | Vinilozona.lt\" \/>\n<meta property=\"og:description\" content=\"Label:Warner Records \u2013 0190295076139 Format:2 x Vinyl, LP, Album, Stereo Country:Worldwide Released:Mar 26, 2021\" \/>\n<meta property=\"og:url\" content=\"https:\/\/vinilozona.lt\/en\/parduotuve\/naujos-lp\/dua-lipa-future-nostalgia-the-moonlight-edition-2lp\/\" \/>\n<meta property=\"og:site_name\" content=\"Vinilo Zona\" \/>\n<meta property=\"article:modified_time\" content=\"2025-12-24T17:56:04+00:00\" \/>\n<meta property=\"og:image\" content=\"https:\/\/vinilozona.lt\/wp-content\/uploads\/2024\/06\/R-17995570-1618359491-2080.jpg\" \/>\n\t<meta property=\"og:image:width\" content=\"599\" \/>\n\t<meta property=\"og:image:height\" content=\"598\" \/>\n\t<meta property=\"og:image:type\" content=\"image\/jpeg\" \/>\n<meta name=\"twitter:card\" content=\"summary_large_image\" \/>\n<meta name=\"twitter:label1\" content=\"Estimated reading time\" \/>\n\t<meta name=\"twitter:data1\" content=\"1 minute\" \/>\n<script type=\"application\/ld+json\" class=\"yoast-schema-graph\">{\"@context\":\"https:\/\/schema.org\",\"@graph\":[{\"@type\":\"WebPage\",\"@id\":\"https:\/\/vinilozona.lt\/parduotuve\/naujos-lp\/dua-lipa-future-nostalgia-the-moonlight-edition-2lp\/\",\"url\":\"https:\/\/vinilozona.lt\/parduotuve\/naujos-lp\/dua-lipa-future-nostalgia-the-moonlight-edition-2lp\/\",\"name\":\"Dua Lipa \u2013 Future Nostalgia (The Moonlight Edition) 2LP Vinilin\u0117 Plok\u0161tel\u0117 | Vinilozona.lt\",\"isPartOf\":{\"@id\":\"https:\/\/vinilozona.lt\/#website\"},\"primaryImageOfPage\":{\"@id\":\"https:\/\/vinilozona.lt\/parduotuve\/naujos-lp\/dua-lipa-future-nostalgia-the-moonlight-edition-2lp\/#primaryimage\"},\"image\":{\"@id\":\"https:\/\/vinilozona.lt\/parduotuve\/naujos-lp\/dua-lipa-future-nostalgia-the-moonlight-edition-2lp\/#primaryimage\"},\"thumbnailUrl\":\"https:\/\/vinilozona.lt\/wp-content\/uploads\/2024\/06\/R-17995570-1618359491-2080.jpg\",\"datePublished\":\"2024-11-22T21:12:18+00:00\",\"dateModified\":\"2025-12-24T17:56:04+00:00\",\"breadcrumb\":{\"@id\":\"https:\/\/vinilozona.lt\/parduotuve\/naujos-lp\/dua-lipa-future-nostalgia-the-moonlight-edition-2lp\/#breadcrumb\"},\"inLanguage\":\"en-GB\",\"potentialAction\":[{\"@type\":\"ReadAction\",\"target\":[\"https:\/\/vinilozona.lt\/parduotuve\/naujos-lp\/dua-lipa-future-nostalgia-the-moonlight-edition-2lp\/\"]}]},{\"@type\":\"ImageObject\",\"inLanguage\":\"en-GB\",\"@id\":\"https:\/\/vinilozona.lt\/parduotuve\/naujos-lp\/dua-lipa-future-nostalgia-the-moonlight-edition-2lp\/#primaryimage\",\"url\":\"https:\/\/vinilozona.lt\/wp-content\/uploads\/2024\/06\/R-17995570-1618359491-2080.jpg\",\"contentUrl\":\"https:\/\/vinilozona.lt\/wp-content\/uploads\/2024\/06\/R-17995570-1618359491-2080.jpg\",\"width\":599,\"height\":598},{\"@type\":\"BreadcrumbList\",\"@id\":\"https:\/\/vinilozona.lt\/parduotuve\/naujos-lp\/dua-lipa-future-nostalgia-the-moonlight-edition-2lp\/#breadcrumb\",\"itemListElement\":[{\"@type\":\"ListItem\",\"position\":1,\"name\":\"Home\",\"item\":\"https:\/\/vinilozona.lt\/\"},{\"@type\":\"ListItem\",\"position\":2,\"name\":\"Parduotuv\u0117\",\"item\":\"https:\/\/vinilozona.lt\/parduotuve\/\"},{\"@type\":\"ListItem\",\"position\":3,\"name\":\"Dua Lipa \u2013 Future Nostalgia (The Moonlight Edition) 2LP\"}]},{\"@type\":\"WebSite\",\"@id\":\"https:\/\/vinilozona.lt\/#website\",\"url\":\"https:\/\/vinilozona.lt\/\",\"name\":\"Vinilo Zona\",\"description\":\"Nup\u016bsk dulkes ir klausyk LP\",\"potentialAction\":[{\"@type\":\"SearchAction\",\"target\":{\"@type\":\"EntryPoint\",\"urlTemplate\":\"https:\/\/vinilozona.lt\/?s={search_term_string}\"},\"query-input\":{\"@type\":\"PropertyValueSpecification\",\"valueRequired\":true,\"valueName\":\"search_term_string\"}}],\"inLanguage\":\"en-GB\"}]}<\/script>\n<!-- \/ Yoast SEO plugin. -->","yoast_head_json":{"title":"Dua Lipa \u2013 Future Nostalgia (The Moonlight Edition) 2LP Vinilin\u0117 Plok\u0161tel\u0117 | Vinilozona.lt","robots":{"index":"index","follow":"follow","max-snippet":"max-snippet:-1","max-image-preview":"max-image-preview:large","max-video-preview":"max-video-preview:-1"},"canonical":"https:\/\/vinilozona.lt\/en\/parduotuve\/naujos-lp\/dua-lipa-future-nostalgia-the-moonlight-edition-2lp\/","og_locale":"en_GB","og_type":"article","og_title":"Dua Lipa \u2013 Future Nostalgia (The Moonlight Edition) 2LP Vinilin\u0117 Plok\u0161tel\u0117 | Vinilozona.lt","og_description":"Label:Warner Records \u2013 0190295076139 Format:2 x Vinyl, LP, Album, Stereo Country:Worldwide Released:Mar 26, 2021","og_url":"https:\/\/vinilozona.lt\/en\/parduotuve\/naujos-lp\/dua-lipa-future-nostalgia-the-moonlight-edition-2lp\/","og_site_name":"Vinilo Zona","article_modified_time":"2025-12-24T17:56:04+00:00","og_image":[{"width":599,"height":598,"url":"https:\/\/vinilozona.lt\/wp-content\/uploads\/2024\/06\/R-17995570-1618359491-2080.jpg","type":"image\/jpeg"}],"twitter_card":"summary_large_image","twitter_misc":{"Estimated reading time":"1 minute"},"schema":{"@context":"https:\/\/schema.org","@graph":[{"@type":"WebPage","@id":"https:\/\/vinilozona.lt\/parduotuve\/naujos-lp\/dua-lipa-future-nostalgia-the-moonlight-edition-2lp\/","url":"https:\/\/vinilozona.lt\/parduotuve\/naujos-lp\/dua-lipa-future-nostalgia-the-moonlight-edition-2lp\/","name":"Dua Lipa \u2013 Future Nostalgia (The Moonlight Edition) 2LP Vinilin\u0117 Plok\u0161tel\u0117 | Vinilozona.lt","isPartOf":{"@id":"https:\/\/vinilozona.lt\/#website"},"primaryImageOfPage":{"@id":"https:\/\/vinilozona.lt\/parduotuve\/naujos-lp\/dua-lipa-future-nostalgia-the-moonlight-edition-2lp\/#primaryimage"},"image":{"@id":"https:\/\/vinilozona.lt\/parduotuve\/naujos-lp\/dua-lipa-future-nostalgia-the-moonlight-edition-2lp\/#primaryimage"},"thumbnailUrl":"https:\/\/vinilozona.lt\/wp-content\/uploads\/2024\/06\/R-17995570-1618359491-2080.jpg","datePublished":"2024-11-22T21:12:18+00:00","dateModified":"2025-12-24T17:56:04+00:00","breadcrumb":{"@id":"https:\/\/vinilozona.lt\/parduotuve\/naujos-lp\/dua-lipa-future-nostalgia-the-moonlight-edition-2lp\/#breadcrumb"},"inLanguage":"en-GB","potentialAction":[{"@type":"ReadAction","target":["https:\/\/vinilozona.lt\/parduotuve\/naujos-lp\/dua-lipa-future-nostalgia-the-moonlight-edition-2lp\/"]}]},{"@type":"ImageObject","inLanguage":"en-GB","@id":"https:\/\/vinilozona.lt\/parduotuve\/naujos-lp\/dua-lipa-future-nostalgia-the-moonlight-edition-2lp\/#primaryimage","url":"https:\/\/vinilozona.lt\/wp-content\/uploads\/2024\/06\/R-17995570-1618359491-2080.jpg","contentUrl":"https:\/\/vinilozona.lt\/wp-content\/uploads\/2024\/06\/R-17995570-1618359491-2080.jpg","width":599,"height":598},{"@type":"BreadcrumbList","@id":"https:\/\/vinilozona.lt\/parduotuve\/naujos-lp\/dua-lipa-future-nostalgia-the-moonlight-edition-2lp\/#breadcrumb","itemListElement":[{"@type":"ListItem","position":1,"name":"Home","item":"https:\/\/vinilozona.lt\/"},{"@type":"ListItem","position":2,"name":"Parduotuv\u0117","item":"https:\/\/vinilozona.lt\/parduotuve\/"},{"@type":"ListItem","position":3,"name":"Dua Lipa \u2013 Future Nostalgia (The Moonlight Edition) 2LP"}]},{"@type":"WebSite","@id":"https:\/\/vinilozona.lt\/#website","url":"https:\/\/vinilozona.lt\/","name":"Vinilo Zona","description":"Nup\u016bsk dulkes ir klausyk LP","potentialAction":[{"@type":"SearchAction","target":{"@type":"EntryPoint","urlTemplate":"https:\/\/vinilozona.lt\/?s={search_term_string}"},"query-input":{"@type":"PropertyValueSpecification","valueRequired":true,"valueName":"search_term_string"}}],"inLanguage":"en-GB"}]}},"_links":{"self":[{"href":"https:\/\/vinilozona.lt\/en\/wp-json\/wp\/v2\/product\/26496"}],"collection":[{"href":"https:\/\/vinilozona.lt\/en\/wp-json\/wp\/v2\/product"}],"about":[{"href":"https:\/\/vinilozona.lt\/en\/wp-json\/wp\/v2\/types\/product"}],"wp:featuredmedia":[{"embeddable":true,"href":"https:\/\/vinilozona.lt\/en\/wp-json\/wp\/v2\/media\/25327"}],"wp:attachment":[{"href":"https:\/\/vinilozona.lt\/en\/wp-json\/wp\/v2\/media?parent=26496"}],"wp:term":[{"taxonomy":"product_cat","embeddable":true,"href":"https:\/\/vinilozona.lt\/en\/wp-json\/wp\/v2\/product_cat?post=26496"},{"taxonomy":"product_tag","embeddable":true,"href":"https:\/\/vinilozona.lt\/en\/wp-json\/wp\/v2\/product_tag?post=26496"}],"curies":[{"name":"wp","href":"https:\/\/api.w.org\/{rel}","templated":true}]}}