{"id":26492,"date":"2025-08-25T06:51:22","date_gmt":"2025-08-25T03:51:22","guid":{"rendered":"https:\/\/vinilozona.lt\/?post_type=product&#038;p=26492"},"modified":"2026-01-29T08:08:04","modified_gmt":"2026-01-29T06:08:04","slug":"boney-m-the-magic-of-boney-m-2lp","status":"publish","type":"product","link":"https:\/\/vinilozona.lt\/en\/parduotuve\/naujos-lp\/boney-m-the-magic-of-boney-m-2lp\/","title":{"rendered":"Boney M. \u2013 The Magic Of Boney M. 2LP"},"content":{"rendered":"<p>A1\tBoney M.\u2013\tDaddy Cool\t3:27<br \/>\nA2\tBoney M.\u2013\tSunny\t3:57<br \/>\nA3\tBoney M.\u2013\tRivers Of Babylon\t4:15<br \/>\nA4\tBoney M.\u2013\tEl Lute\t3:58<br \/>\nA5\tBoney M.\u2013\tNo Woman No Cry\t4:18<br \/>\nB1\tBoney M.\u2013\tHooray! Hooray! It&#8217;s A Holi-Holiday\t3:55<br \/>\nB2\tBoney M.\u2013\tRasputin\t4:25<br \/>\nB3\tBoney M.\u2013\tPainter Man\t3:16<br \/>\nB4\tBoney M.\u2013\tBelfast\t3:27<br \/>\nB5\tBoney M.\u2013\tBrown Girl In The Ring\t4:00<br \/>\nC1\tBoney M.\u2013\tKalimba De Luna\t4:13<br \/>\nC2\tBoney M.\u2013\tHappy Song\t3:58<br \/>\nC3\tBoney M.\u2013\tStill I&#8217;m Sad\t4:24<br \/>\nC4\tBoney M.\u2013\tMary&#8217;s Boy Child \/ Oh My Lord\t4:01<br \/>\nC5\tBoney M.\u2013\tBaby Do You Wanna Bump\t2:27<br \/>\nC6\tBoney M.\u2013\tFelicidad (Margherita)\t2:51<br \/>\nD1\tBoney M.\u2013\tGotta Go Home\t2:32<br \/>\nD2\tBoney M.\u2013\tMa Baker\t4:06<br \/>\nD3\tBoney M.\u2013\tSunny (Mousse T. Radio Mix) 3:19<br \/>\nD4\tMajestic* x Boney M.\u2013\tRasputin\t3:06<br \/>\nD5\tLizot x Boney M.\u2013\tDaddy Cool\t2:34<br \/>\nD6\tBoney M.\u2013\tR\u00edos De Babylonia (Spanish Version)\t4:08<\/p>","protected":false},"excerpt":{"rendered":"<p>Label: Sony Music \u2013 19439934431, MCI \u2013 19439934431<br \/>\nFormat: 2 x Vinyl, LP, Compilation, Magenta Transparent &#038; Blue Transparent, Gatefold<br \/>\nCountry: Europe<br \/>\nReleased: Mar 18, 2022<\/p>","protected":false},"featured_media":26493,"template":"","meta":[],"product_cat":[23],"product_tag":[55],"yoast_head":"<!-- This site is optimized with the Yoast SEO plugin v23.5 - https:\/\/yoast.com\/wordpress\/plugins\/seo\/ -->\n<title>Boney M. \u2013 The Magic Of Boney M. 2LP Vinilin\u0117 Plok\u0161tel\u0117 | Vinilozona.lt<\/title>\n<meta name=\"robots\" content=\"index, follow, max-snippet:-1, max-image-preview:large, max-video-preview:-1\" \/>\n<link rel=\"canonical\" href=\"https:\/\/vinilozona.lt\/en\/parduotuve\/naujos-lp\/boney-m-the-magic-of-boney-m-2lp\/\" \/>\n<meta property=\"og:locale\" content=\"en_GB\" \/>\n<meta property=\"og:type\" content=\"article\" \/>\n<meta property=\"og:title\" content=\"Boney M. \u2013 The Magic Of Boney M. 2LP Vinilin\u0117 Plok\u0161tel\u0117 | Vinilozona.lt\" \/>\n<meta property=\"og:description\" content=\"Label: Sony Music \u2013 19439934431, MCI \u2013 19439934431 Format: 2 x Vinyl, LP, Compilation, Magenta Transparent &amp; Blue Transparent, Gatefold Country: Europe Released: Mar 18, 2022\" \/>\n<meta property=\"og:url\" content=\"https:\/\/vinilozona.lt\/en\/parduotuve\/naujos-lp\/boney-m-the-magic-of-boney-m-2lp\/\" \/>\n<meta property=\"og:site_name\" content=\"Vinilo Zona\" \/>\n<meta property=\"article:modified_time\" content=\"2026-01-29T06:08:04+00:00\" \/>\n<meta property=\"og:image\" content=\"https:\/\/vinilozona.lt\/wp-content\/uploads\/2024\/11\/R-22554509-1689292653-3326.jpg\" \/>\n\t<meta property=\"og:image:width\" content=\"600\" \/>\n\t<meta property=\"og:image:height\" content=\"600\" \/>\n\t<meta property=\"og:image:type\" content=\"image\/jpeg\" \/>\n<meta name=\"twitter:card\" content=\"summary_large_image\" \/>\n<meta name=\"twitter:label1\" content=\"Estimated reading time\" \/>\n\t<meta name=\"twitter:data1\" content=\"1 minute\" \/>\n<script type=\"application\/ld+json\" class=\"yoast-schema-graph\">{\"@context\":\"https:\/\/schema.org\",\"@graph\":[{\"@type\":\"WebPage\",\"@id\":\"https:\/\/vinilozona.lt\/parduotuve\/naujos-lp\/boney-m-the-magic-of-boney-m-2lp\/\",\"url\":\"https:\/\/vinilozona.lt\/parduotuve\/naujos-lp\/boney-m-the-magic-of-boney-m-2lp\/\",\"name\":\"Boney M. \u2013 The Magic Of Boney M. 2LP Vinilin\u0117 Plok\u0161tel\u0117 | Vinilozona.lt\",\"isPartOf\":{\"@id\":\"https:\/\/vinilozona.lt\/#website\"},\"primaryImageOfPage\":{\"@id\":\"https:\/\/vinilozona.lt\/parduotuve\/naujos-lp\/boney-m-the-magic-of-boney-m-2lp\/#primaryimage\"},\"image\":{\"@id\":\"https:\/\/vinilozona.lt\/parduotuve\/naujos-lp\/boney-m-the-magic-of-boney-m-2lp\/#primaryimage\"},\"thumbnailUrl\":\"https:\/\/vinilozona.lt\/wp-content\/uploads\/2024\/11\/R-22554509-1689292653-3326.jpg\",\"datePublished\":\"2025-08-25T03:51:22+00:00\",\"dateModified\":\"2026-01-29T06:08:04+00:00\",\"breadcrumb\":{\"@id\":\"https:\/\/vinilozona.lt\/parduotuve\/naujos-lp\/boney-m-the-magic-of-boney-m-2lp\/#breadcrumb\"},\"inLanguage\":\"en-GB\",\"potentialAction\":[{\"@type\":\"ReadAction\",\"target\":[\"https:\/\/vinilozona.lt\/parduotuve\/naujos-lp\/boney-m-the-magic-of-boney-m-2lp\/\"]}]},{\"@type\":\"ImageObject\",\"inLanguage\":\"en-GB\",\"@id\":\"https:\/\/vinilozona.lt\/parduotuve\/naujos-lp\/boney-m-the-magic-of-boney-m-2lp\/#primaryimage\",\"url\":\"https:\/\/vinilozona.lt\/wp-content\/uploads\/2024\/11\/R-22554509-1689292653-3326.jpg\",\"contentUrl\":\"https:\/\/vinilozona.lt\/wp-content\/uploads\/2024\/11\/R-22554509-1689292653-3326.jpg\",\"width\":600,\"height\":600},{\"@type\":\"BreadcrumbList\",\"@id\":\"https:\/\/vinilozona.lt\/parduotuve\/naujos-lp\/boney-m-the-magic-of-boney-m-2lp\/#breadcrumb\",\"itemListElement\":[{\"@type\":\"ListItem\",\"position\":1,\"name\":\"Home\",\"item\":\"https:\/\/vinilozona.lt\/\"},{\"@type\":\"ListItem\",\"position\":2,\"name\":\"Parduotuv\u0117\",\"item\":\"https:\/\/vinilozona.lt\/parduotuve\/\"},{\"@type\":\"ListItem\",\"position\":3,\"name\":\"Boney M. \u2013 The Magic Of Boney M. 2LP\"}]},{\"@type\":\"WebSite\",\"@id\":\"https:\/\/vinilozona.lt\/#website\",\"url\":\"https:\/\/vinilozona.lt\/\",\"name\":\"Vinilo Zona\",\"description\":\"Nup\u016bsk dulkes ir klausyk LP\",\"potentialAction\":[{\"@type\":\"SearchAction\",\"target\":{\"@type\":\"EntryPoint\",\"urlTemplate\":\"https:\/\/vinilozona.lt\/?s={search_term_string}\"},\"query-input\":{\"@type\":\"PropertyValueSpecification\",\"valueRequired\":true,\"valueName\":\"search_term_string\"}}],\"inLanguage\":\"en-GB\"}]}<\/script>\n<!-- \/ Yoast SEO plugin. -->","yoast_head_json":{"title":"Boney M. \u2013 The Magic Of Boney M. 2LP Vinilin\u0117 Plok\u0161tel\u0117 | Vinilozona.lt","robots":{"index":"index","follow":"follow","max-snippet":"max-snippet:-1","max-image-preview":"max-image-preview:large","max-video-preview":"max-video-preview:-1"},"canonical":"https:\/\/vinilozona.lt\/en\/parduotuve\/naujos-lp\/boney-m-the-magic-of-boney-m-2lp\/","og_locale":"en_GB","og_type":"article","og_title":"Boney M. \u2013 The Magic Of Boney M. 2LP Vinilin\u0117 Plok\u0161tel\u0117 | Vinilozona.lt","og_description":"Label: Sony Music \u2013 19439934431, MCI \u2013 19439934431 Format: 2 x Vinyl, LP, Compilation, Magenta Transparent & Blue Transparent, Gatefold Country: Europe Released: Mar 18, 2022","og_url":"https:\/\/vinilozona.lt\/en\/parduotuve\/naujos-lp\/boney-m-the-magic-of-boney-m-2lp\/","og_site_name":"Vinilo Zona","article_modified_time":"2026-01-29T06:08:04+00:00","og_image":[{"width":600,"height":600,"url":"https:\/\/vinilozona.lt\/wp-content\/uploads\/2024\/11\/R-22554509-1689292653-3326.jpg","type":"image\/jpeg"}],"twitter_card":"summary_large_image","twitter_misc":{"Estimated reading time":"1 minute"},"schema":{"@context":"https:\/\/schema.org","@graph":[{"@type":"WebPage","@id":"https:\/\/vinilozona.lt\/parduotuve\/naujos-lp\/boney-m-the-magic-of-boney-m-2lp\/","url":"https:\/\/vinilozona.lt\/parduotuve\/naujos-lp\/boney-m-the-magic-of-boney-m-2lp\/","name":"Boney M. \u2013 The Magic Of Boney M. 2LP Vinilin\u0117 Plok\u0161tel\u0117 | Vinilozona.lt","isPartOf":{"@id":"https:\/\/vinilozona.lt\/#website"},"primaryImageOfPage":{"@id":"https:\/\/vinilozona.lt\/parduotuve\/naujos-lp\/boney-m-the-magic-of-boney-m-2lp\/#primaryimage"},"image":{"@id":"https:\/\/vinilozona.lt\/parduotuve\/naujos-lp\/boney-m-the-magic-of-boney-m-2lp\/#primaryimage"},"thumbnailUrl":"https:\/\/vinilozona.lt\/wp-content\/uploads\/2024\/11\/R-22554509-1689292653-3326.jpg","datePublished":"2025-08-25T03:51:22+00:00","dateModified":"2026-01-29T06:08:04+00:00","breadcrumb":{"@id":"https:\/\/vinilozona.lt\/parduotuve\/naujos-lp\/boney-m-the-magic-of-boney-m-2lp\/#breadcrumb"},"inLanguage":"en-GB","potentialAction":[{"@type":"ReadAction","target":["https:\/\/vinilozona.lt\/parduotuve\/naujos-lp\/boney-m-the-magic-of-boney-m-2lp\/"]}]},{"@type":"ImageObject","inLanguage":"en-GB","@id":"https:\/\/vinilozona.lt\/parduotuve\/naujos-lp\/boney-m-the-magic-of-boney-m-2lp\/#primaryimage","url":"https:\/\/vinilozona.lt\/wp-content\/uploads\/2024\/11\/R-22554509-1689292653-3326.jpg","contentUrl":"https:\/\/vinilozona.lt\/wp-content\/uploads\/2024\/11\/R-22554509-1689292653-3326.jpg","width":600,"height":600},{"@type":"BreadcrumbList","@id":"https:\/\/vinilozona.lt\/parduotuve\/naujos-lp\/boney-m-the-magic-of-boney-m-2lp\/#breadcrumb","itemListElement":[{"@type":"ListItem","position":1,"name":"Home","item":"https:\/\/vinilozona.lt\/"},{"@type":"ListItem","position":2,"name":"Parduotuv\u0117","item":"https:\/\/vinilozona.lt\/parduotuve\/"},{"@type":"ListItem","position":3,"name":"Boney M. \u2013 The Magic Of Boney M. 2LP"}]},{"@type":"WebSite","@id":"https:\/\/vinilozona.lt\/#website","url":"https:\/\/vinilozona.lt\/","name":"Vinilo Zona","description":"Nup\u016bsk dulkes ir klausyk LP","potentialAction":[{"@type":"SearchAction","target":{"@type":"EntryPoint","urlTemplate":"https:\/\/vinilozona.lt\/?s={search_term_string}"},"query-input":{"@type":"PropertyValueSpecification","valueRequired":true,"valueName":"search_term_string"}}],"inLanguage":"en-GB"}]}},"_links":{"self":[{"href":"https:\/\/vinilozona.lt\/en\/wp-json\/wp\/v2\/product\/26492"}],"collection":[{"href":"https:\/\/vinilozona.lt\/en\/wp-json\/wp\/v2\/product"}],"about":[{"href":"https:\/\/vinilozona.lt\/en\/wp-json\/wp\/v2\/types\/product"}],"wp:featuredmedia":[{"embeddable":true,"href":"https:\/\/vinilozona.lt\/en\/wp-json\/wp\/v2\/media\/26493"}],"wp:attachment":[{"href":"https:\/\/vinilozona.lt\/en\/wp-json\/wp\/v2\/media?parent=26492"}],"wp:term":[{"taxonomy":"product_cat","embeddable":true,"href":"https:\/\/vinilozona.lt\/en\/wp-json\/wp\/v2\/product_cat?post=26492"},{"taxonomy":"product_tag","embeddable":true,"href":"https:\/\/vinilozona.lt\/en\/wp-json\/wp\/v2\/product_tag?post=26492"}],"curies":[{"name":"wp","href":"https:\/\/api.w.org\/{rel}","templated":true}]}}