{"id":26478,"date":"2024-11-22T20:23:58","date_gmt":"2024-11-22T18:23:58","guid":{"rendered":"https:\/\/vinilozona.lt\/?post_type=product&#038;p=26478"},"modified":"2024-11-22T20:27:28","modified_gmt":"2024-11-22T18:27:28","slug":"katie-melua-call-off-the-search-2lp-20th-anniversary","status":"publish","type":"product","link":"https:\/\/vinilozona.lt\/en\/parduotuve\/naujos-lp\/katie-melua-call-off-the-search-2lp-20th-anniversary\/","title":{"rendered":"Katie Melua \u2013 Call Off The Search 2LP 20th Anniversary"},"content":{"rendered":"<p>A1\t\tCall Off The Search\t3:24<br \/>\nA2\t\tCrawling Up The Hill\t3:25<br \/>\nA3\t\tThe Closest Thing To Crazy\t4:12<br \/>\nA4\t\tMy Aphrodisiac Is You\t3:34<br \/>\nA5\t\tLearning The Blues\t3:23<br \/>\nA6\t\tBlame It On The Moon\t3:47<br \/>\nB1\t\tBelfast (Penguins And Cats)\t3:21<br \/>\nB2\t\tI Think It&#8217;s Going To Rain Today\t2:30<br \/>\nB3\t\tMockingbird Song\t3:06<br \/>\nB4\t\tTiger In The Night\t3:07<br \/>\nB5\t\tFaraway Voice\t3:13<br \/>\nB6\t\tLilac Wine\t4:12<br \/>\nB-Side + Demos<br \/>\nC1\t\tCall Off The Search (Demo)<br \/>\nC2\t\tTiger In The Night (Demo)<br \/>\nC3\t\tFaraway Voice (Demo)<br \/>\nC4\t\tI Think It&#8217;s Going To Rain Today (Demo)<br \/>\nC5\t\tMy Aphrodisiac Is You (Demo)<br \/>\nC6\t\tSeptember Song (Demo)<br \/>\nC7\t\tIt Seemed Like A Good Idea At The Time (Demo)<br \/>\nD1\t\tDownstairs To The Sun<br \/>\nD2\t\tShirt Of A Ghost<br \/>\nD3\t\tDeep Purple<br \/>\nD4\t\tTurn To Tell<br \/>\nD5\t\tJack&#8217;s Room<br \/>\nD6\t\tAnniversary Song (Live)<\/p>","protected":false},"excerpt":{"rendered":"<p>Label:<br \/>\nBMG \u2013 BMGCAT830DLP<br \/>\nFormat: 2 x Vinyl, LP, Album, Reissue<br \/>\nVinyl, LP, Compilation<br \/>\nAll Media, Album, Remastered, Stereo, 20th Anniversary<br \/>\nCountry: Germany<br \/>\nReleased: Nov 3, 2023<\/p>","protected":false},"featured_media":26479,"template":"","meta":[],"product_cat":[23],"product_tag":[55],"yoast_head":"<!-- This site is optimized with the Yoast SEO plugin v23.5 - https:\/\/yoast.com\/wordpress\/plugins\/seo\/ -->\n<title>Katie Melua \u2013 Call Off The Search 2LP 20th Anniversary Vinilin\u0117 Plok\u0161tel\u0117 | Vinilozona.lt<\/title>\n<meta name=\"robots\" content=\"index, follow, max-snippet:-1, max-image-preview:large, max-video-preview:-1\" \/>\n<link rel=\"canonical\" href=\"https:\/\/vinilozona.lt\/en\/parduotuve\/naujos-lp\/katie-melua-call-off-the-search-2lp-20th-anniversary\/\" \/>\n<meta property=\"og:locale\" content=\"en_GB\" \/>\n<meta property=\"og:type\" content=\"article\" \/>\n<meta property=\"og:title\" content=\"Katie Melua \u2013 Call Off The Search 2LP 20th Anniversary Vinilin\u0117 Plok\u0161tel\u0117 | Vinilozona.lt\" \/>\n<meta property=\"og:description\" content=\"Label: BMG \u2013 BMGCAT830DLP Format: 2 x Vinyl, LP, Album, Reissue Vinyl, LP, Compilation All Media, Album, Remastered, Stereo, 20th Anniversary Country: Germany Released: Nov 3, 2023\" \/>\n<meta property=\"og:url\" content=\"https:\/\/vinilozona.lt\/en\/parduotuve\/naujos-lp\/katie-melua-call-off-the-search-2lp-20th-anniversary\/\" \/>\n<meta property=\"og:site_name\" content=\"Vinilo Zona\" \/>\n<meta property=\"article:modified_time\" content=\"2024-11-22T18:27:28+00:00\" \/>\n<meta property=\"og:image\" content=\"https:\/\/vinilozona.lt\/wp-content\/uploads\/2024\/11\/R-28799944-1699172709-3230.jpg\" \/>\n\t<meta property=\"og:image:width\" content=\"590\" \/>\n\t<meta property=\"og:image:height\" content=\"600\" \/>\n\t<meta property=\"og:image:type\" content=\"image\/jpeg\" \/>\n<meta name=\"twitter:card\" content=\"summary_large_image\" \/>\n<meta name=\"twitter:label1\" content=\"Estimated reading time\" \/>\n\t<meta name=\"twitter:data1\" content=\"1 minute\" \/>\n<script type=\"application\/ld+json\" class=\"yoast-schema-graph\">{\"@context\":\"https:\/\/schema.org\",\"@graph\":[{\"@type\":\"WebPage\",\"@id\":\"https:\/\/vinilozona.lt\/parduotuve\/naujos-lp\/katie-melua-call-off-the-search-2lp-20th-anniversary\/\",\"url\":\"https:\/\/vinilozona.lt\/parduotuve\/naujos-lp\/katie-melua-call-off-the-search-2lp-20th-anniversary\/\",\"name\":\"Katie Melua \u2013 Call Off The Search 2LP 20th Anniversary Vinilin\u0117 Plok\u0161tel\u0117 | Vinilozona.lt\",\"isPartOf\":{\"@id\":\"https:\/\/vinilozona.lt\/#website\"},\"primaryImageOfPage\":{\"@id\":\"https:\/\/vinilozona.lt\/parduotuve\/naujos-lp\/katie-melua-call-off-the-search-2lp-20th-anniversary\/#primaryimage\"},\"image\":{\"@id\":\"https:\/\/vinilozona.lt\/parduotuve\/naujos-lp\/katie-melua-call-off-the-search-2lp-20th-anniversary\/#primaryimage\"},\"thumbnailUrl\":\"https:\/\/vinilozona.lt\/wp-content\/uploads\/2024\/11\/R-28799944-1699172709-3230.jpg\",\"datePublished\":\"2024-11-22T18:23:58+00:00\",\"dateModified\":\"2024-11-22T18:27:28+00:00\",\"breadcrumb\":{\"@id\":\"https:\/\/vinilozona.lt\/parduotuve\/naujos-lp\/katie-melua-call-off-the-search-2lp-20th-anniversary\/#breadcrumb\"},\"inLanguage\":\"en-GB\",\"potentialAction\":[{\"@type\":\"ReadAction\",\"target\":[\"https:\/\/vinilozona.lt\/parduotuve\/naujos-lp\/katie-melua-call-off-the-search-2lp-20th-anniversary\/\"]}]},{\"@type\":\"ImageObject\",\"inLanguage\":\"en-GB\",\"@id\":\"https:\/\/vinilozona.lt\/parduotuve\/naujos-lp\/katie-melua-call-off-the-search-2lp-20th-anniversary\/#primaryimage\",\"url\":\"https:\/\/vinilozona.lt\/wp-content\/uploads\/2024\/11\/R-28799944-1699172709-3230.jpg\",\"contentUrl\":\"https:\/\/vinilozona.lt\/wp-content\/uploads\/2024\/11\/R-28799944-1699172709-3230.jpg\",\"width\":590,\"height\":600},{\"@type\":\"BreadcrumbList\",\"@id\":\"https:\/\/vinilozona.lt\/parduotuve\/naujos-lp\/katie-melua-call-off-the-search-2lp-20th-anniversary\/#breadcrumb\",\"itemListElement\":[{\"@type\":\"ListItem\",\"position\":1,\"name\":\"Home\",\"item\":\"https:\/\/vinilozona.lt\/\"},{\"@type\":\"ListItem\",\"position\":2,\"name\":\"Parduotuv\u0117\",\"item\":\"https:\/\/vinilozona.lt\/parduotuve\/\"},{\"@type\":\"ListItem\",\"position\":3,\"name\":\"Katie Melua \u2013 Call Off The Search 2LP 20th Anniversary\"}]},{\"@type\":\"WebSite\",\"@id\":\"https:\/\/vinilozona.lt\/#website\",\"url\":\"https:\/\/vinilozona.lt\/\",\"name\":\"Vinilo Zona\",\"description\":\"Nup\u016bsk dulkes ir klausyk LP\",\"potentialAction\":[{\"@type\":\"SearchAction\",\"target\":{\"@type\":\"EntryPoint\",\"urlTemplate\":\"https:\/\/vinilozona.lt\/?s={search_term_string}\"},\"query-input\":{\"@type\":\"PropertyValueSpecification\",\"valueRequired\":true,\"valueName\":\"search_term_string\"}}],\"inLanguage\":\"en-GB\"}]}<\/script>\n<!-- \/ Yoast SEO plugin. -->","yoast_head_json":{"title":"Katie Melua \u2013 Call Off The Search 2LP 20th Anniversary Vinilin\u0117 Plok\u0161tel\u0117 | Vinilozona.lt","robots":{"index":"index","follow":"follow","max-snippet":"max-snippet:-1","max-image-preview":"max-image-preview:large","max-video-preview":"max-video-preview:-1"},"canonical":"https:\/\/vinilozona.lt\/en\/parduotuve\/naujos-lp\/katie-melua-call-off-the-search-2lp-20th-anniversary\/","og_locale":"en_GB","og_type":"article","og_title":"Katie Melua \u2013 Call Off The Search 2LP 20th Anniversary Vinilin\u0117 Plok\u0161tel\u0117 | Vinilozona.lt","og_description":"Label: BMG \u2013 BMGCAT830DLP Format: 2 x Vinyl, LP, Album, Reissue Vinyl, LP, Compilation All Media, Album, Remastered, Stereo, 20th Anniversary Country: Germany Released: Nov 3, 2023","og_url":"https:\/\/vinilozona.lt\/en\/parduotuve\/naujos-lp\/katie-melua-call-off-the-search-2lp-20th-anniversary\/","og_site_name":"Vinilo Zona","article_modified_time":"2024-11-22T18:27:28+00:00","og_image":[{"width":590,"height":600,"url":"https:\/\/vinilozona.lt\/wp-content\/uploads\/2024\/11\/R-28799944-1699172709-3230.jpg","type":"image\/jpeg"}],"twitter_card":"summary_large_image","twitter_misc":{"Estimated reading time":"1 minute"},"schema":{"@context":"https:\/\/schema.org","@graph":[{"@type":"WebPage","@id":"https:\/\/vinilozona.lt\/parduotuve\/naujos-lp\/katie-melua-call-off-the-search-2lp-20th-anniversary\/","url":"https:\/\/vinilozona.lt\/parduotuve\/naujos-lp\/katie-melua-call-off-the-search-2lp-20th-anniversary\/","name":"Katie Melua \u2013 Call Off The Search 2LP 20th Anniversary Vinilin\u0117 Plok\u0161tel\u0117 | Vinilozona.lt","isPartOf":{"@id":"https:\/\/vinilozona.lt\/#website"},"primaryImageOfPage":{"@id":"https:\/\/vinilozona.lt\/parduotuve\/naujos-lp\/katie-melua-call-off-the-search-2lp-20th-anniversary\/#primaryimage"},"image":{"@id":"https:\/\/vinilozona.lt\/parduotuve\/naujos-lp\/katie-melua-call-off-the-search-2lp-20th-anniversary\/#primaryimage"},"thumbnailUrl":"https:\/\/vinilozona.lt\/wp-content\/uploads\/2024\/11\/R-28799944-1699172709-3230.jpg","datePublished":"2024-11-22T18:23:58+00:00","dateModified":"2024-11-22T18:27:28+00:00","breadcrumb":{"@id":"https:\/\/vinilozona.lt\/parduotuve\/naujos-lp\/katie-melua-call-off-the-search-2lp-20th-anniversary\/#breadcrumb"},"inLanguage":"en-GB","potentialAction":[{"@type":"ReadAction","target":["https:\/\/vinilozona.lt\/parduotuve\/naujos-lp\/katie-melua-call-off-the-search-2lp-20th-anniversary\/"]}]},{"@type":"ImageObject","inLanguage":"en-GB","@id":"https:\/\/vinilozona.lt\/parduotuve\/naujos-lp\/katie-melua-call-off-the-search-2lp-20th-anniversary\/#primaryimage","url":"https:\/\/vinilozona.lt\/wp-content\/uploads\/2024\/11\/R-28799944-1699172709-3230.jpg","contentUrl":"https:\/\/vinilozona.lt\/wp-content\/uploads\/2024\/11\/R-28799944-1699172709-3230.jpg","width":590,"height":600},{"@type":"BreadcrumbList","@id":"https:\/\/vinilozona.lt\/parduotuve\/naujos-lp\/katie-melua-call-off-the-search-2lp-20th-anniversary\/#breadcrumb","itemListElement":[{"@type":"ListItem","position":1,"name":"Home","item":"https:\/\/vinilozona.lt\/"},{"@type":"ListItem","position":2,"name":"Parduotuv\u0117","item":"https:\/\/vinilozona.lt\/parduotuve\/"},{"@type":"ListItem","position":3,"name":"Katie Melua \u2013 Call Off The Search 2LP 20th Anniversary"}]},{"@type":"WebSite","@id":"https:\/\/vinilozona.lt\/#website","url":"https:\/\/vinilozona.lt\/","name":"Vinilo Zona","description":"Nup\u016bsk dulkes ir klausyk LP","potentialAction":[{"@type":"SearchAction","target":{"@type":"EntryPoint","urlTemplate":"https:\/\/vinilozona.lt\/?s={search_term_string}"},"query-input":{"@type":"PropertyValueSpecification","valueRequired":true,"valueName":"search_term_string"}}],"inLanguage":"en-GB"}]}},"_links":{"self":[{"href":"https:\/\/vinilozona.lt\/en\/wp-json\/wp\/v2\/product\/26478"}],"collection":[{"href":"https:\/\/vinilozona.lt\/en\/wp-json\/wp\/v2\/product"}],"about":[{"href":"https:\/\/vinilozona.lt\/en\/wp-json\/wp\/v2\/types\/product"}],"wp:featuredmedia":[{"embeddable":true,"href":"https:\/\/vinilozona.lt\/en\/wp-json\/wp\/v2\/media\/26479"}],"wp:attachment":[{"href":"https:\/\/vinilozona.lt\/en\/wp-json\/wp\/v2\/media?parent=26478"}],"wp:term":[{"taxonomy":"product_cat","embeddable":true,"href":"https:\/\/vinilozona.lt\/en\/wp-json\/wp\/v2\/product_cat?post=26478"},{"taxonomy":"product_tag","embeddable":true,"href":"https:\/\/vinilozona.lt\/en\/wp-json\/wp\/v2\/product_tag?post=26478"}],"curies":[{"name":"wp","href":"https:\/\/api.w.org\/{rel}","templated":true}]}}