{"id":26454,"date":"2024-11-21T17:12:41","date_gmt":"2024-11-21T15:12:41","guid":{"rendered":"https:\/\/vinilozona.lt\/?post_type=product&#038;p=26454"},"modified":"2024-11-21T17:17:28","modified_gmt":"2024-11-21T15:17:28","slug":"pj-harvey-all-about-eve-original-music","status":"publish","type":"product","link":"https:\/\/vinilozona.lt\/en\/parduotuve\/naujos-lp\/pj-harvey-all-about-eve-original-music\/","title":{"rendered":"PJ Harvey \u2013 All About Eve (Original Music)"},"content":{"rendered":"<p>A01\t\tBecoming<br \/>\nA02\t\tShimmer<br \/>\nA03\t\tThe Sandman<br \/>\nA04\t\tWaltz<br \/>\nA05\t\tDescending<br \/>\nA06\t\tLieben<br \/>\nB07\t\tAscending<br \/>\nB08\t\tCadenza<br \/>\nB09\t\tThe Moth<br \/>\nB10\t\tTra\u00fcme<br \/>\nB11\t\tArpeggio Waltz<br \/>\nB12\t\tChange In C<br \/>\nB13\t\tThe Sandman (Demo)<br \/>\nB14\t\tThe Moth (Demo)<\/p>","protected":false},"excerpt":{"rendered":"<p>Label: Lakeshore Records \u2013 LSINV223LP, Invada Records \u2013 LSINV223LP<br \/>\nFormat: Vinyl, LP, Album, 180g<br \/>\nCountry: Europe<br \/>\nReleased: Oct 18, 2019<\/p>","protected":false},"featured_media":26455,"template":"","meta":[],"product_cat":[23],"product_tag":[55],"yoast_head":"<!-- This site is optimized with the Yoast SEO plugin v23.5 - https:\/\/yoast.com\/wordpress\/plugins\/seo\/ -->\n<title>PJ Harvey \u2013 All About Eve (Original Music) Vinilin\u0117 Plok\u0161tel\u0117 | Vinilozona.lt<\/title>\n<meta name=\"robots\" content=\"index, follow, max-snippet:-1, max-image-preview:large, max-video-preview:-1\" \/>\n<link rel=\"canonical\" href=\"https:\/\/vinilozona.lt\/en\/parduotuve\/naujos-lp\/pj-harvey-all-about-eve-original-music\/\" \/>\n<meta property=\"og:locale\" content=\"en_GB\" \/>\n<meta property=\"og:type\" content=\"article\" \/>\n<meta property=\"og:title\" content=\"PJ Harvey \u2013 All About Eve (Original Music) Vinilin\u0117 Plok\u0161tel\u0117 | Vinilozona.lt\" \/>\n<meta property=\"og:description\" content=\"Label: Lakeshore Records \u2013 LSINV223LP, Invada Records \u2013 LSINV223LP Format: Vinyl, LP, Album, 180g Country: Europe Released: Oct 18, 2019\" \/>\n<meta property=\"og:url\" content=\"https:\/\/vinilozona.lt\/en\/parduotuve\/naujos-lp\/pj-harvey-all-about-eve-original-music\/\" \/>\n<meta property=\"og:site_name\" content=\"Vinilo Zona\" \/>\n<meta property=\"article:modified_time\" content=\"2024-11-21T15:17:28+00:00\" \/>\n<meta property=\"og:image\" content=\"https:\/\/vinilozona.lt\/wp-content\/uploads\/2024\/11\/R-14274544-1571238697-4922.jpg\" \/>\n\t<meta property=\"og:image:width\" content=\"587\" \/>\n\t<meta property=\"og:image:height\" content=\"599\" \/>\n\t<meta property=\"og:image:type\" content=\"image\/jpeg\" \/>\n<meta name=\"twitter:card\" content=\"summary_large_image\" \/>\n<meta name=\"twitter:label1\" content=\"Estimated reading time\" \/>\n\t<meta name=\"twitter:data1\" content=\"1 minute\" \/>\n<script type=\"application\/ld+json\" class=\"yoast-schema-graph\">{\"@context\":\"https:\/\/schema.org\",\"@graph\":[{\"@type\":\"WebPage\",\"@id\":\"https:\/\/vinilozona.lt\/parduotuve\/naujos-lp\/pj-harvey-all-about-eve-original-music\/\",\"url\":\"https:\/\/vinilozona.lt\/parduotuve\/naujos-lp\/pj-harvey-all-about-eve-original-music\/\",\"name\":\"PJ Harvey \u2013 All About Eve (Original Music) Vinilin\u0117 Plok\u0161tel\u0117 | Vinilozona.lt\",\"isPartOf\":{\"@id\":\"https:\/\/vinilozona.lt\/#website\"},\"primaryImageOfPage\":{\"@id\":\"https:\/\/vinilozona.lt\/parduotuve\/naujos-lp\/pj-harvey-all-about-eve-original-music\/#primaryimage\"},\"image\":{\"@id\":\"https:\/\/vinilozona.lt\/parduotuve\/naujos-lp\/pj-harvey-all-about-eve-original-music\/#primaryimage\"},\"thumbnailUrl\":\"https:\/\/vinilozona.lt\/wp-content\/uploads\/2024\/11\/R-14274544-1571238697-4922.jpg\",\"datePublished\":\"2024-11-21T15:12:41+00:00\",\"dateModified\":\"2024-11-21T15:17:28+00:00\",\"breadcrumb\":{\"@id\":\"https:\/\/vinilozona.lt\/parduotuve\/naujos-lp\/pj-harvey-all-about-eve-original-music\/#breadcrumb\"},\"inLanguage\":\"en-GB\",\"potentialAction\":[{\"@type\":\"ReadAction\",\"target\":[\"https:\/\/vinilozona.lt\/parduotuve\/naujos-lp\/pj-harvey-all-about-eve-original-music\/\"]}]},{\"@type\":\"ImageObject\",\"inLanguage\":\"en-GB\",\"@id\":\"https:\/\/vinilozona.lt\/parduotuve\/naujos-lp\/pj-harvey-all-about-eve-original-music\/#primaryimage\",\"url\":\"https:\/\/vinilozona.lt\/wp-content\/uploads\/2024\/11\/R-14274544-1571238697-4922.jpg\",\"contentUrl\":\"https:\/\/vinilozona.lt\/wp-content\/uploads\/2024\/11\/R-14274544-1571238697-4922.jpg\",\"width\":587,\"height\":599},{\"@type\":\"BreadcrumbList\",\"@id\":\"https:\/\/vinilozona.lt\/parduotuve\/naujos-lp\/pj-harvey-all-about-eve-original-music\/#breadcrumb\",\"itemListElement\":[{\"@type\":\"ListItem\",\"position\":1,\"name\":\"Home\",\"item\":\"https:\/\/vinilozona.lt\/\"},{\"@type\":\"ListItem\",\"position\":2,\"name\":\"Parduotuv\u0117\",\"item\":\"https:\/\/vinilozona.lt\/parduotuve\/\"},{\"@type\":\"ListItem\",\"position\":3,\"name\":\"PJ Harvey \u2013 All About Eve (Original Music)\"}]},{\"@type\":\"WebSite\",\"@id\":\"https:\/\/vinilozona.lt\/#website\",\"url\":\"https:\/\/vinilozona.lt\/\",\"name\":\"Vinilo Zona\",\"description\":\"Nup\u016bsk dulkes ir klausyk LP\",\"potentialAction\":[{\"@type\":\"SearchAction\",\"target\":{\"@type\":\"EntryPoint\",\"urlTemplate\":\"https:\/\/vinilozona.lt\/?s={search_term_string}\"},\"query-input\":{\"@type\":\"PropertyValueSpecification\",\"valueRequired\":true,\"valueName\":\"search_term_string\"}}],\"inLanguage\":\"en-GB\"}]}<\/script>\n<!-- \/ Yoast SEO plugin. -->","yoast_head_json":{"title":"PJ Harvey \u2013 All About Eve (Original Music) Vinilin\u0117 Plok\u0161tel\u0117 | Vinilozona.lt","robots":{"index":"index","follow":"follow","max-snippet":"max-snippet:-1","max-image-preview":"max-image-preview:large","max-video-preview":"max-video-preview:-1"},"canonical":"https:\/\/vinilozona.lt\/en\/parduotuve\/naujos-lp\/pj-harvey-all-about-eve-original-music\/","og_locale":"en_GB","og_type":"article","og_title":"PJ Harvey \u2013 All About Eve (Original Music) Vinilin\u0117 Plok\u0161tel\u0117 | Vinilozona.lt","og_description":"Label: Lakeshore Records \u2013 LSINV223LP, Invada Records \u2013 LSINV223LP Format: Vinyl, LP, Album, 180g Country: Europe Released: Oct 18, 2019","og_url":"https:\/\/vinilozona.lt\/en\/parduotuve\/naujos-lp\/pj-harvey-all-about-eve-original-music\/","og_site_name":"Vinilo Zona","article_modified_time":"2024-11-21T15:17:28+00:00","og_image":[{"width":587,"height":599,"url":"https:\/\/vinilozona.lt\/wp-content\/uploads\/2024\/11\/R-14274544-1571238697-4922.jpg","type":"image\/jpeg"}],"twitter_card":"summary_large_image","twitter_misc":{"Estimated reading time":"1 minute"},"schema":{"@context":"https:\/\/schema.org","@graph":[{"@type":"WebPage","@id":"https:\/\/vinilozona.lt\/parduotuve\/naujos-lp\/pj-harvey-all-about-eve-original-music\/","url":"https:\/\/vinilozona.lt\/parduotuve\/naujos-lp\/pj-harvey-all-about-eve-original-music\/","name":"PJ Harvey \u2013 All About Eve (Original Music) Vinilin\u0117 Plok\u0161tel\u0117 | Vinilozona.lt","isPartOf":{"@id":"https:\/\/vinilozona.lt\/#website"},"primaryImageOfPage":{"@id":"https:\/\/vinilozona.lt\/parduotuve\/naujos-lp\/pj-harvey-all-about-eve-original-music\/#primaryimage"},"image":{"@id":"https:\/\/vinilozona.lt\/parduotuve\/naujos-lp\/pj-harvey-all-about-eve-original-music\/#primaryimage"},"thumbnailUrl":"https:\/\/vinilozona.lt\/wp-content\/uploads\/2024\/11\/R-14274544-1571238697-4922.jpg","datePublished":"2024-11-21T15:12:41+00:00","dateModified":"2024-11-21T15:17:28+00:00","breadcrumb":{"@id":"https:\/\/vinilozona.lt\/parduotuve\/naujos-lp\/pj-harvey-all-about-eve-original-music\/#breadcrumb"},"inLanguage":"en-GB","potentialAction":[{"@type":"ReadAction","target":["https:\/\/vinilozona.lt\/parduotuve\/naujos-lp\/pj-harvey-all-about-eve-original-music\/"]}]},{"@type":"ImageObject","inLanguage":"en-GB","@id":"https:\/\/vinilozona.lt\/parduotuve\/naujos-lp\/pj-harvey-all-about-eve-original-music\/#primaryimage","url":"https:\/\/vinilozona.lt\/wp-content\/uploads\/2024\/11\/R-14274544-1571238697-4922.jpg","contentUrl":"https:\/\/vinilozona.lt\/wp-content\/uploads\/2024\/11\/R-14274544-1571238697-4922.jpg","width":587,"height":599},{"@type":"BreadcrumbList","@id":"https:\/\/vinilozona.lt\/parduotuve\/naujos-lp\/pj-harvey-all-about-eve-original-music\/#breadcrumb","itemListElement":[{"@type":"ListItem","position":1,"name":"Home","item":"https:\/\/vinilozona.lt\/"},{"@type":"ListItem","position":2,"name":"Parduotuv\u0117","item":"https:\/\/vinilozona.lt\/parduotuve\/"},{"@type":"ListItem","position":3,"name":"PJ Harvey \u2013 All About Eve (Original Music)"}]},{"@type":"WebSite","@id":"https:\/\/vinilozona.lt\/#website","url":"https:\/\/vinilozona.lt\/","name":"Vinilo Zona","description":"Nup\u016bsk dulkes ir klausyk LP","potentialAction":[{"@type":"SearchAction","target":{"@type":"EntryPoint","urlTemplate":"https:\/\/vinilozona.lt\/?s={search_term_string}"},"query-input":{"@type":"PropertyValueSpecification","valueRequired":true,"valueName":"search_term_string"}}],"inLanguage":"en-GB"}]}},"_links":{"self":[{"href":"https:\/\/vinilozona.lt\/en\/wp-json\/wp\/v2\/product\/26454"}],"collection":[{"href":"https:\/\/vinilozona.lt\/en\/wp-json\/wp\/v2\/product"}],"about":[{"href":"https:\/\/vinilozona.lt\/en\/wp-json\/wp\/v2\/types\/product"}],"wp:featuredmedia":[{"embeddable":true,"href":"https:\/\/vinilozona.lt\/en\/wp-json\/wp\/v2\/media\/26455"}],"wp:attachment":[{"href":"https:\/\/vinilozona.lt\/en\/wp-json\/wp\/v2\/media?parent=26454"}],"wp:term":[{"taxonomy":"product_cat","embeddable":true,"href":"https:\/\/vinilozona.lt\/en\/wp-json\/wp\/v2\/product_cat?post=26454"},{"taxonomy":"product_tag","embeddable":true,"href":"https:\/\/vinilozona.lt\/en\/wp-json\/wp\/v2\/product_tag?post=26454"}],"curies":[{"name":"wp","href":"https:\/\/api.w.org\/{rel}","templated":true}]}}