{"id":26441,"date":"2026-01-06T16:45:17","date_gmt":"2026-01-06T14:45:17","guid":{"rendered":"https:\/\/vinilozona.lt\/?post_type=product&#038;p=26441"},"modified":"2026-01-06T20:58:03","modified_gmt":"2026-01-06T18:58:03","slug":"taylor-swift-fearless-platinum-edition-2lp","status":"publish","type":"product","link":"https:\/\/vinilozona.lt\/en\/parduotuve\/naujos-lp\/taylor-swift-fearless-platinum-edition-2lp\/","title":{"rendered":"Taylor Swift \u2013 Fearless (Platinum Edition) 2LP"},"content":{"rendered":"<p>A1\t\tJump Then Fall 3:56<br \/>\nA2\t\tUntouchable 5:11<br \/>\nA3\t\tForever &#038; Always (Piano Version) 4:27<br \/>\nA4\t\tCome In With The Rain  3:58<br \/>\nB5\t\tSuperstar 4:21<br \/>\nB6\t\tThe Other Side Of The Door 3:57<br \/>\nB7\t\tFearless 4:01<br \/>\nB8\t\tFifteen 4:54<br \/>\nB9\t\tLove Story 3:55<br \/>\nC10\t\tHey Stephen 4:14<br \/>\nC11\t\tWhite Horse 3:54<br \/>\nC12\t\tYou Belong With Me 3:51<br \/>\nC13\t\tBreathe 4:23<br \/>\nC14\t\tTell Me Why 3:20<br \/>\nD15\t\tYou&#8217;re Not Sorry 4:21<br \/>\nD16\t\tThe Way I Loved You 4:04<br \/>\nD17\t\tForever &#038; Always 3:45<br \/>\nD18\t\tThe Best Day 4:05<br \/>\nD19\t\tChange 4:40<\/p>","protected":false},"excerpt":{"rendered":"<p>Label: Big Machine Records \u2013 00843930021147, Universal Music Group International \u2013 00843930021147<br \/>\nFormat:2 x Vinyl, LP, Album, Reissue<br \/>\nCountry: Europe<br \/>\nReleased: Nov 18, 2016<\/p>","protected":false},"featured_media":26443,"template":"","meta":[],"product_cat":[23],"product_tag":[55],"yoast_head":"<!-- This site is optimized with the Yoast SEO plugin v23.5 - https:\/\/yoast.com\/wordpress\/plugins\/seo\/ -->\n<title>Taylor Swift \u2013 Fearless (Platinum Edition) 2LP Vinilin\u0117 Plok\u0161tel\u0117 | Vinilozona.lt<\/title>\n<meta name=\"robots\" content=\"index, follow, max-snippet:-1, max-image-preview:large, max-video-preview:-1\" \/>\n<link rel=\"canonical\" href=\"https:\/\/vinilozona.lt\/en\/parduotuve\/naujos-lp\/taylor-swift-fearless-platinum-edition-2lp\/\" \/>\n<meta property=\"og:locale\" content=\"en_GB\" \/>\n<meta property=\"og:type\" content=\"article\" \/>\n<meta property=\"og:title\" content=\"Taylor Swift \u2013 Fearless (Platinum Edition) 2LP Vinilin\u0117 Plok\u0161tel\u0117 | Vinilozona.lt\" \/>\n<meta property=\"og:description\" content=\"Label: Big Machine Records \u2013 00843930021147, Universal Music Group International \u2013 00843930021147 Format:2 x Vinyl, LP, Album, Reissue Country: Europe Released: Nov 18, 2016\" \/>\n<meta property=\"og:url\" content=\"https:\/\/vinilozona.lt\/en\/parduotuve\/naujos-lp\/taylor-swift-fearless-platinum-edition-2lp\/\" \/>\n<meta property=\"og:site_name\" content=\"Vinilo Zona\" \/>\n<meta property=\"article:modified_time\" content=\"2026-01-06T18:58:03+00:00\" \/>\n<meta property=\"og:image\" content=\"https:\/\/vinilozona.lt\/wp-content\/uploads\/2024\/11\/R-9405519-1622061285-4783.jpg\" \/>\n\t<meta property=\"og:image:width\" content=\"599\" \/>\n\t<meta property=\"og:image:height\" content=\"584\" \/>\n\t<meta property=\"og:image:type\" content=\"image\/jpeg\" \/>\n<meta name=\"twitter:card\" content=\"summary_large_image\" \/>\n<meta name=\"twitter:label1\" content=\"Estimated reading time\" \/>\n\t<meta name=\"twitter:data1\" content=\"1 minute\" \/>\n<script type=\"application\/ld+json\" class=\"yoast-schema-graph\">{\"@context\":\"https:\/\/schema.org\",\"@graph\":[{\"@type\":\"WebPage\",\"@id\":\"https:\/\/vinilozona.lt\/parduotuve\/naujos-lp\/taylor-swift-fearless-platinum-edition-2lp\/\",\"url\":\"https:\/\/vinilozona.lt\/parduotuve\/naujos-lp\/taylor-swift-fearless-platinum-edition-2lp\/\",\"name\":\"Taylor Swift \u2013 Fearless (Platinum Edition) 2LP Vinilin\u0117 Plok\u0161tel\u0117 | Vinilozona.lt\",\"isPartOf\":{\"@id\":\"https:\/\/vinilozona.lt\/#website\"},\"primaryImageOfPage\":{\"@id\":\"https:\/\/vinilozona.lt\/parduotuve\/naujos-lp\/taylor-swift-fearless-platinum-edition-2lp\/#primaryimage\"},\"image\":{\"@id\":\"https:\/\/vinilozona.lt\/parduotuve\/naujos-lp\/taylor-swift-fearless-platinum-edition-2lp\/#primaryimage\"},\"thumbnailUrl\":\"https:\/\/vinilozona.lt\/wp-content\/uploads\/2024\/11\/R-9405519-1622061285-4783.jpg\",\"datePublished\":\"2026-01-06T14:45:17+00:00\",\"dateModified\":\"2026-01-06T18:58:03+00:00\",\"breadcrumb\":{\"@id\":\"https:\/\/vinilozona.lt\/parduotuve\/naujos-lp\/taylor-swift-fearless-platinum-edition-2lp\/#breadcrumb\"},\"inLanguage\":\"en-GB\",\"potentialAction\":[{\"@type\":\"ReadAction\",\"target\":[\"https:\/\/vinilozona.lt\/parduotuve\/naujos-lp\/taylor-swift-fearless-platinum-edition-2lp\/\"]}]},{\"@type\":\"ImageObject\",\"inLanguage\":\"en-GB\",\"@id\":\"https:\/\/vinilozona.lt\/parduotuve\/naujos-lp\/taylor-swift-fearless-platinum-edition-2lp\/#primaryimage\",\"url\":\"https:\/\/vinilozona.lt\/wp-content\/uploads\/2024\/11\/R-9405519-1622061285-4783.jpg\",\"contentUrl\":\"https:\/\/vinilozona.lt\/wp-content\/uploads\/2024\/11\/R-9405519-1622061285-4783.jpg\",\"width\":599,\"height\":584},{\"@type\":\"BreadcrumbList\",\"@id\":\"https:\/\/vinilozona.lt\/parduotuve\/naujos-lp\/taylor-swift-fearless-platinum-edition-2lp\/#breadcrumb\",\"itemListElement\":[{\"@type\":\"ListItem\",\"position\":1,\"name\":\"Home\",\"item\":\"https:\/\/vinilozona.lt\/\"},{\"@type\":\"ListItem\",\"position\":2,\"name\":\"Parduotuv\u0117\",\"item\":\"https:\/\/vinilozona.lt\/parduotuve\/\"},{\"@type\":\"ListItem\",\"position\":3,\"name\":\"Taylor Swift \u2013 Fearless (Platinum Edition) 2LP\"}]},{\"@type\":\"WebSite\",\"@id\":\"https:\/\/vinilozona.lt\/#website\",\"url\":\"https:\/\/vinilozona.lt\/\",\"name\":\"Vinilo Zona\",\"description\":\"Nup\u016bsk dulkes ir klausyk LP\",\"potentialAction\":[{\"@type\":\"SearchAction\",\"target\":{\"@type\":\"EntryPoint\",\"urlTemplate\":\"https:\/\/vinilozona.lt\/?s={search_term_string}\"},\"query-input\":{\"@type\":\"PropertyValueSpecification\",\"valueRequired\":true,\"valueName\":\"search_term_string\"}}],\"inLanguage\":\"en-GB\"}]}<\/script>\n<!-- \/ Yoast SEO plugin. -->","yoast_head_json":{"title":"Taylor Swift \u2013 Fearless (Platinum Edition) 2LP Vinilin\u0117 Plok\u0161tel\u0117 | Vinilozona.lt","robots":{"index":"index","follow":"follow","max-snippet":"max-snippet:-1","max-image-preview":"max-image-preview:large","max-video-preview":"max-video-preview:-1"},"canonical":"https:\/\/vinilozona.lt\/en\/parduotuve\/naujos-lp\/taylor-swift-fearless-platinum-edition-2lp\/","og_locale":"en_GB","og_type":"article","og_title":"Taylor Swift \u2013 Fearless (Platinum Edition) 2LP Vinilin\u0117 Plok\u0161tel\u0117 | Vinilozona.lt","og_description":"Label: Big Machine Records \u2013 00843930021147, Universal Music Group International \u2013 00843930021147 Format:2 x Vinyl, LP, Album, Reissue Country: Europe Released: Nov 18, 2016","og_url":"https:\/\/vinilozona.lt\/en\/parduotuve\/naujos-lp\/taylor-swift-fearless-platinum-edition-2lp\/","og_site_name":"Vinilo Zona","article_modified_time":"2026-01-06T18:58:03+00:00","og_image":[{"width":599,"height":584,"url":"https:\/\/vinilozona.lt\/wp-content\/uploads\/2024\/11\/R-9405519-1622061285-4783.jpg","type":"image\/jpeg"}],"twitter_card":"summary_large_image","twitter_misc":{"Estimated reading time":"1 minute"},"schema":{"@context":"https:\/\/schema.org","@graph":[{"@type":"WebPage","@id":"https:\/\/vinilozona.lt\/parduotuve\/naujos-lp\/taylor-swift-fearless-platinum-edition-2lp\/","url":"https:\/\/vinilozona.lt\/parduotuve\/naujos-lp\/taylor-swift-fearless-platinum-edition-2lp\/","name":"Taylor Swift \u2013 Fearless (Platinum Edition) 2LP Vinilin\u0117 Plok\u0161tel\u0117 | Vinilozona.lt","isPartOf":{"@id":"https:\/\/vinilozona.lt\/#website"},"primaryImageOfPage":{"@id":"https:\/\/vinilozona.lt\/parduotuve\/naujos-lp\/taylor-swift-fearless-platinum-edition-2lp\/#primaryimage"},"image":{"@id":"https:\/\/vinilozona.lt\/parduotuve\/naujos-lp\/taylor-swift-fearless-platinum-edition-2lp\/#primaryimage"},"thumbnailUrl":"https:\/\/vinilozona.lt\/wp-content\/uploads\/2024\/11\/R-9405519-1622061285-4783.jpg","datePublished":"2026-01-06T14:45:17+00:00","dateModified":"2026-01-06T18:58:03+00:00","breadcrumb":{"@id":"https:\/\/vinilozona.lt\/parduotuve\/naujos-lp\/taylor-swift-fearless-platinum-edition-2lp\/#breadcrumb"},"inLanguage":"en-GB","potentialAction":[{"@type":"ReadAction","target":["https:\/\/vinilozona.lt\/parduotuve\/naujos-lp\/taylor-swift-fearless-platinum-edition-2lp\/"]}]},{"@type":"ImageObject","inLanguage":"en-GB","@id":"https:\/\/vinilozona.lt\/parduotuve\/naujos-lp\/taylor-swift-fearless-platinum-edition-2lp\/#primaryimage","url":"https:\/\/vinilozona.lt\/wp-content\/uploads\/2024\/11\/R-9405519-1622061285-4783.jpg","contentUrl":"https:\/\/vinilozona.lt\/wp-content\/uploads\/2024\/11\/R-9405519-1622061285-4783.jpg","width":599,"height":584},{"@type":"BreadcrumbList","@id":"https:\/\/vinilozona.lt\/parduotuve\/naujos-lp\/taylor-swift-fearless-platinum-edition-2lp\/#breadcrumb","itemListElement":[{"@type":"ListItem","position":1,"name":"Home","item":"https:\/\/vinilozona.lt\/"},{"@type":"ListItem","position":2,"name":"Parduotuv\u0117","item":"https:\/\/vinilozona.lt\/parduotuve\/"},{"@type":"ListItem","position":3,"name":"Taylor Swift \u2013 Fearless (Platinum Edition) 2LP"}]},{"@type":"WebSite","@id":"https:\/\/vinilozona.lt\/#website","url":"https:\/\/vinilozona.lt\/","name":"Vinilo Zona","description":"Nup\u016bsk dulkes ir klausyk LP","potentialAction":[{"@type":"SearchAction","target":{"@type":"EntryPoint","urlTemplate":"https:\/\/vinilozona.lt\/?s={search_term_string}"},"query-input":{"@type":"PropertyValueSpecification","valueRequired":true,"valueName":"search_term_string"}}],"inLanguage":"en-GB"}]}},"_links":{"self":[{"href":"https:\/\/vinilozona.lt\/en\/wp-json\/wp\/v2\/product\/26441"}],"collection":[{"href":"https:\/\/vinilozona.lt\/en\/wp-json\/wp\/v2\/product"}],"about":[{"href":"https:\/\/vinilozona.lt\/en\/wp-json\/wp\/v2\/types\/product"}],"wp:featuredmedia":[{"embeddable":true,"href":"https:\/\/vinilozona.lt\/en\/wp-json\/wp\/v2\/media\/26443"}],"wp:attachment":[{"href":"https:\/\/vinilozona.lt\/en\/wp-json\/wp\/v2\/media?parent=26441"}],"wp:term":[{"taxonomy":"product_cat","embeddable":true,"href":"https:\/\/vinilozona.lt\/en\/wp-json\/wp\/v2\/product_cat?post=26441"},{"taxonomy":"product_tag","embeddable":true,"href":"https:\/\/vinilozona.lt\/en\/wp-json\/wp\/v2\/product_tag?post=26441"}],"curies":[{"name":"wp","href":"https:\/\/api.w.org\/{rel}","templated":true}]}}