{"id":26439,"date":"2024-11-21T16:20:15","date_gmt":"2024-11-21T14:20:15","guid":{"rendered":"https:\/\/vinilozona.lt\/?post_type=product&#038;p=26439"},"modified":"2025-03-03T10:32:41","modified_gmt":"2025-03-03T08:32:41","slug":"moby-play-2lp","status":"publish","type":"product","link":"https:\/\/vinilozona.lt\/en\/parduotuve\/naujos-lp\/moby-play-2lp\/","title":{"rendered":"Moby \u2013 Play 2LP"},"content":{"rendered":"<p>A1\t\tOne More Time<br \/>\nA2\t\tAerodynamic<br \/>\nA3\t\tDigital Love<br \/>\nB1\t\tHarder, Better, Faster, Stronger<br \/>\nB2\t\tCrescendolls<br \/>\nB3\t\tNightvision<br \/>\nB4\t\tSuperheroes<br \/>\nC1\t\tHigh Life<br \/>\nC2\t\tSomething About Us<br \/>\nC3\t\tVoyager<br \/>\nC4\t\tVeridis Quo<br \/>\nD1\t\tShort Circuit<br \/>\nD2\t\tFace To Face<br \/>\nD3\t\tToo Long<\/p>","protected":false},"excerpt":{"rendered":"<p>Label:Mute \u2013 STUMM172, Mute \u2013 Stumm172, BMG \u2013 STUMM172, BMG \u2013 Stumm172<br \/>\nFormat:2 x Vinyl, LP, Album, Reissue, 180g<br \/>\nCountry:Europe<br \/>\nReleased:2022<\/p>","protected":false},"featured_media":26440,"template":"","meta":[],"product_cat":[23],"product_tag":[55],"yoast_head":"<!-- This site is optimized with the Yoast SEO plugin v23.5 - https:\/\/yoast.com\/wordpress\/plugins\/seo\/ -->\n<title>Moby \u2013 Play 2LP Vinilin\u0117 Plok\u0161tel\u0117 | Vinilozona.ltA1 HoneyA2 Find My BabyA3 PorcelainA4 Why Does My Heart Feel So Bad?B1 South SideB2 RushingB3 BodyrockB4 Natural BluesC1 MacheteC2 7C3 Run OnC4 Down SlowC5 If Things Were PerfectC6 EverlovingD1 InsideD2 Guitar Flute &amp; StringD3 The Sky Is BrokenD4 My Weakness<\/title>\n<meta name=\"robots\" content=\"index, follow, max-snippet:-1, max-image-preview:large, max-video-preview:-1\" \/>\n<link rel=\"canonical\" href=\"https:\/\/vinilozona.lt\/en\/parduotuve\/naujos-lp\/moby-play-2lp\/\" \/>\n<meta property=\"og:locale\" content=\"en_GB\" \/>\n<meta property=\"og:type\" content=\"article\" \/>\n<meta property=\"og:title\" content=\"Moby \u2013 Play 2LP Vinilin\u0117 Plok\u0161tel\u0117 | Vinilozona.ltA1 HoneyA2 Find My BabyA3 PorcelainA4 Why Does My Heart Feel So Bad?B1 South SideB2 RushingB3 BodyrockB4 Natural BluesC1 MacheteC2 7C3 Run OnC4 Down SlowC5 If Things Were PerfectC6 EverlovingD1 InsideD2 Guitar Flute &amp; StringD3 The Sky Is BrokenD4 My Weakness\" \/>\n<meta property=\"og:description\" content=\"Label:Mute \u2013 STUMM172, Mute \u2013 Stumm172, BMG \u2013 STUMM172, BMG \u2013 Stumm172 Format:2 x Vinyl, LP, Album, Reissue, 180g Country:Europe Released:2022\" \/>\n<meta property=\"og:url\" content=\"https:\/\/vinilozona.lt\/en\/parduotuve\/naujos-lp\/moby-play-2lp\/\" \/>\n<meta property=\"og:site_name\" content=\"Vinilo Zona\" \/>\n<meta property=\"article:modified_time\" content=\"2025-03-03T08:32:41+00:00\" \/>\n<meta property=\"og:image\" content=\"https:\/\/vinilozona.lt\/wp-content\/uploads\/2024\/11\/R-25028983-1667461165-7361.jpg\" \/>\n\t<meta property=\"og:image:width\" content=\"599\" \/>\n\t<meta property=\"og:image:height\" content=\"594\" \/>\n\t<meta property=\"og:image:type\" content=\"image\/jpeg\" \/>\n<meta name=\"twitter:card\" content=\"summary_large_image\" \/>\n<meta name=\"twitter:label1\" content=\"Estimated reading time\" \/>\n\t<meta name=\"twitter:data1\" content=\"1 minute\" \/>\n<script type=\"application\/ld+json\" class=\"yoast-schema-graph\">{\"@context\":\"https:\/\/schema.org\",\"@graph\":[{\"@type\":\"WebPage\",\"@id\":\"https:\/\/vinilozona.lt\/parduotuve\/naujos-lp\/moby-play-2lp\/\",\"url\":\"https:\/\/vinilozona.lt\/parduotuve\/naujos-lp\/moby-play-2lp\/\",\"name\":\"Moby \u2013 Play 2LP Vinilin\u0117 Plok\u0161tel\u0117 | Vinilozona.ltA1 HoneyA2 Find My BabyA3 PorcelainA4 Why Does My Heart Feel So Bad?B1 South SideB2 RushingB3 BodyrockB4 Natural BluesC1 MacheteC2 7C3 Run OnC4 Down SlowC5 If Things Were PerfectC6 EverlovingD1 InsideD2 Guitar Flute & StringD3 The Sky Is BrokenD4 My Weakness\",\"isPartOf\":{\"@id\":\"https:\/\/vinilozona.lt\/#website\"},\"primaryImageOfPage\":{\"@id\":\"https:\/\/vinilozona.lt\/parduotuve\/naujos-lp\/moby-play-2lp\/#primaryimage\"},\"image\":{\"@id\":\"https:\/\/vinilozona.lt\/parduotuve\/naujos-lp\/moby-play-2lp\/#primaryimage\"},\"thumbnailUrl\":\"https:\/\/vinilozona.lt\/wp-content\/uploads\/2024\/11\/R-25028983-1667461165-7361.jpg\",\"datePublished\":\"2024-11-21T14:20:15+00:00\",\"dateModified\":\"2025-03-03T08:32:41+00:00\",\"breadcrumb\":{\"@id\":\"https:\/\/vinilozona.lt\/parduotuve\/naujos-lp\/moby-play-2lp\/#breadcrumb\"},\"inLanguage\":\"en-GB\",\"potentialAction\":[{\"@type\":\"ReadAction\",\"target\":[\"https:\/\/vinilozona.lt\/parduotuve\/naujos-lp\/moby-play-2lp\/\"]}]},{\"@type\":\"ImageObject\",\"inLanguage\":\"en-GB\",\"@id\":\"https:\/\/vinilozona.lt\/parduotuve\/naujos-lp\/moby-play-2lp\/#primaryimage\",\"url\":\"https:\/\/vinilozona.lt\/wp-content\/uploads\/2024\/11\/R-25028983-1667461165-7361.jpg\",\"contentUrl\":\"https:\/\/vinilozona.lt\/wp-content\/uploads\/2024\/11\/R-25028983-1667461165-7361.jpg\",\"width\":599,\"height\":594},{\"@type\":\"BreadcrumbList\",\"@id\":\"https:\/\/vinilozona.lt\/parduotuve\/naujos-lp\/moby-play-2lp\/#breadcrumb\",\"itemListElement\":[{\"@type\":\"ListItem\",\"position\":1,\"name\":\"Home\",\"item\":\"https:\/\/vinilozona.lt\/\"},{\"@type\":\"ListItem\",\"position\":2,\"name\":\"Parduotuv\u0117\",\"item\":\"https:\/\/vinilozona.lt\/parduotuve\/\"},{\"@type\":\"ListItem\",\"position\":3,\"name\":\"Moby \u2013 Play 2LP\"}]},{\"@type\":\"WebSite\",\"@id\":\"https:\/\/vinilozona.lt\/#website\",\"url\":\"https:\/\/vinilozona.lt\/\",\"name\":\"Vinilo Zona\",\"description\":\"Nup\u016bsk dulkes ir klausyk LP\",\"potentialAction\":[{\"@type\":\"SearchAction\",\"target\":{\"@type\":\"EntryPoint\",\"urlTemplate\":\"https:\/\/vinilozona.lt\/?s={search_term_string}\"},\"query-input\":{\"@type\":\"PropertyValueSpecification\",\"valueRequired\":true,\"valueName\":\"search_term_string\"}}],\"inLanguage\":\"en-GB\"}]}<\/script>\n<!-- \/ Yoast SEO plugin. -->","yoast_head_json":{"title":"Moby \u2013 Play 2LP Vinilin\u0117 Plok\u0161tel\u0117 | Vinilozona.ltA1 HoneyA2 Find My BabyA3 PorcelainA4 Why Does My Heart Feel So Bad?B1 South SideB2 RushingB3 BodyrockB4 Natural BluesC1 MacheteC2 7C3 Run OnC4 Down SlowC5 If Things Were PerfectC6 EverlovingD1 InsideD2 Guitar Flute & StringD3 The Sky Is BrokenD4 My Weakness","robots":{"index":"index","follow":"follow","max-snippet":"max-snippet:-1","max-image-preview":"max-image-preview:large","max-video-preview":"max-video-preview:-1"},"canonical":"https:\/\/vinilozona.lt\/en\/parduotuve\/naujos-lp\/moby-play-2lp\/","og_locale":"en_GB","og_type":"article","og_title":"Moby \u2013 Play 2LP Vinilin\u0117 Plok\u0161tel\u0117 | Vinilozona.ltA1 HoneyA2 Find My BabyA3 PorcelainA4 Why Does My Heart Feel So Bad?B1 South SideB2 RushingB3 BodyrockB4 Natural BluesC1 MacheteC2 7C3 Run OnC4 Down SlowC5 If Things Were PerfectC6 EverlovingD1 InsideD2 Guitar Flute & StringD3 The Sky Is BrokenD4 My Weakness","og_description":"Label:Mute \u2013 STUMM172, Mute \u2013 Stumm172, BMG \u2013 STUMM172, BMG \u2013 Stumm172 Format:2 x Vinyl, LP, Album, Reissue, 180g Country:Europe Released:2022","og_url":"https:\/\/vinilozona.lt\/en\/parduotuve\/naujos-lp\/moby-play-2lp\/","og_site_name":"Vinilo Zona","article_modified_time":"2025-03-03T08:32:41+00:00","og_image":[{"width":599,"height":594,"url":"https:\/\/vinilozona.lt\/wp-content\/uploads\/2024\/11\/R-25028983-1667461165-7361.jpg","type":"image\/jpeg"}],"twitter_card":"summary_large_image","twitter_misc":{"Estimated reading time":"1 minute"},"schema":{"@context":"https:\/\/schema.org","@graph":[{"@type":"WebPage","@id":"https:\/\/vinilozona.lt\/parduotuve\/naujos-lp\/moby-play-2lp\/","url":"https:\/\/vinilozona.lt\/parduotuve\/naujos-lp\/moby-play-2lp\/","name":"Moby \u2013 Play 2LP Vinilin\u0117 Plok\u0161tel\u0117 | Vinilozona.ltA1 HoneyA2 Find My BabyA3 PorcelainA4 Why Does My Heart Feel So Bad?B1 South SideB2 RushingB3 BodyrockB4 Natural BluesC1 MacheteC2 7C3 Run OnC4 Down SlowC5 If Things Were PerfectC6 EverlovingD1 InsideD2 Guitar Flute & StringD3 The Sky Is BrokenD4 My Weakness","isPartOf":{"@id":"https:\/\/vinilozona.lt\/#website"},"primaryImageOfPage":{"@id":"https:\/\/vinilozona.lt\/parduotuve\/naujos-lp\/moby-play-2lp\/#primaryimage"},"image":{"@id":"https:\/\/vinilozona.lt\/parduotuve\/naujos-lp\/moby-play-2lp\/#primaryimage"},"thumbnailUrl":"https:\/\/vinilozona.lt\/wp-content\/uploads\/2024\/11\/R-25028983-1667461165-7361.jpg","datePublished":"2024-11-21T14:20:15+00:00","dateModified":"2025-03-03T08:32:41+00:00","breadcrumb":{"@id":"https:\/\/vinilozona.lt\/parduotuve\/naujos-lp\/moby-play-2lp\/#breadcrumb"},"inLanguage":"en-GB","potentialAction":[{"@type":"ReadAction","target":["https:\/\/vinilozona.lt\/parduotuve\/naujos-lp\/moby-play-2lp\/"]}]},{"@type":"ImageObject","inLanguage":"en-GB","@id":"https:\/\/vinilozona.lt\/parduotuve\/naujos-lp\/moby-play-2lp\/#primaryimage","url":"https:\/\/vinilozona.lt\/wp-content\/uploads\/2024\/11\/R-25028983-1667461165-7361.jpg","contentUrl":"https:\/\/vinilozona.lt\/wp-content\/uploads\/2024\/11\/R-25028983-1667461165-7361.jpg","width":599,"height":594},{"@type":"BreadcrumbList","@id":"https:\/\/vinilozona.lt\/parduotuve\/naujos-lp\/moby-play-2lp\/#breadcrumb","itemListElement":[{"@type":"ListItem","position":1,"name":"Home","item":"https:\/\/vinilozona.lt\/"},{"@type":"ListItem","position":2,"name":"Parduotuv\u0117","item":"https:\/\/vinilozona.lt\/parduotuve\/"},{"@type":"ListItem","position":3,"name":"Moby \u2013 Play 2LP"}]},{"@type":"WebSite","@id":"https:\/\/vinilozona.lt\/#website","url":"https:\/\/vinilozona.lt\/","name":"Vinilo Zona","description":"Nup\u016bsk dulkes ir klausyk LP","potentialAction":[{"@type":"SearchAction","target":{"@type":"EntryPoint","urlTemplate":"https:\/\/vinilozona.lt\/?s={search_term_string}"},"query-input":{"@type":"PropertyValueSpecification","valueRequired":true,"valueName":"search_term_string"}}],"inLanguage":"en-GB"}]}},"_links":{"self":[{"href":"https:\/\/vinilozona.lt\/en\/wp-json\/wp\/v2\/product\/26439"}],"collection":[{"href":"https:\/\/vinilozona.lt\/en\/wp-json\/wp\/v2\/product"}],"about":[{"href":"https:\/\/vinilozona.lt\/en\/wp-json\/wp\/v2\/types\/product"}],"wp:featuredmedia":[{"embeddable":true,"href":"https:\/\/vinilozona.lt\/en\/wp-json\/wp\/v2\/media\/26440"}],"wp:attachment":[{"href":"https:\/\/vinilozona.lt\/en\/wp-json\/wp\/v2\/media?parent=26439"}],"wp:term":[{"taxonomy":"product_cat","embeddable":true,"href":"https:\/\/vinilozona.lt\/en\/wp-json\/wp\/v2\/product_cat?post=26439"},{"taxonomy":"product_tag","embeddable":true,"href":"https:\/\/vinilozona.lt\/en\/wp-json\/wp\/v2\/product_tag?post=26439"}],"curies":[{"name":"wp","href":"https:\/\/api.w.org\/{rel}","templated":true}]}}