{"id":26431,"date":"2025-11-29T05:05:21","date_gmt":"2025-11-29T03:05:21","guid":{"rendered":"https:\/\/vinilozona.lt\/?post_type=product&#038;p=26431"},"modified":"2025-11-27T17:00:33","modified_gmt":"2025-11-27T15:00:33","slug":"mike-oldfield-the-complete-mike-oldfield-2lp","status":"publish","type":"product","link":"https:\/\/vinilozona.lt\/en\/parduotuve\/rock-pop\/mike-oldfield-the-complete-mike-oldfield-2lp\/","title":{"rendered":"Mike Oldfield \u2013 The Complete Mike Oldfield  2lp"},"content":{"rendered":"<p>Arrival\t2:46<br \/>\nIn Dulci Jubilo\t3:52<br \/>\nPortsmouth\t3:15<br \/>\nJungle Gardenia\t2:45<br \/>\nGuilty\t3:57<br \/>\nBlue Peter\t2:07<br \/>\nWaldberg (The Peak)\t3:24<br \/>\nWonderful Land\t3:37<br \/>\nEtude (Theme From The Killing Fields)\t3:04<br \/>\nMoonlight Shadow\t3:37<br \/>\nFamily Man\t3:45<br \/>\nMistake\t2:54<br \/>\nFive Miles Out\t4:17<br \/>\nCrime Of Passion\t3:38<br \/>\nTo France\t4:34<br \/>\nShadow On The Wall (12&#8243; Version)\t5:07<br \/>\nExcerpt From Ommadawn\t7:04<br \/>\nExcerpt From Tubular Bells\t8:34<br \/>\nExcerpt From Hergest Ridge\t4:20<br \/>\nExcerpt From Incantations\t4:41<br \/>\nExcerpt From The Killing Fields (Evacuation)\t4:07<br \/>\nSheba\t3:28<br \/>\nMirage\t4:49<br \/>\nPlatinum (Including North Star\/Platinum Finale)\t14:16<br \/>\nMount Teide\t4:07<\/p>","protected":false},"excerpt":{"rendered":"<p>Virgin \u2013 302 689-503, Virgin \u2013 302 689<br \/>\nFormat:<br \/>\n2 x Vinyl, LP, Compilation<br \/>\nCountry:<br \/>\nEurope<br \/>\nReleased:<br \/>\n1985<\/p>","protected":false},"featured_media":26432,"template":"","meta":[],"product_cat":[15],"product_tag":[55],"yoast_head":"<!-- This site is optimized with the Yoast SEO plugin v23.5 - https:\/\/yoast.com\/wordpress\/plugins\/seo\/ -->\n<title>Mike Oldfield \u2013 The Complete Mike Oldfield 2lp Vinilin\u0117 Plok\u0161tel\u0117 | Vinilozona.lt<\/title>\n<meta name=\"robots\" content=\"index, follow, max-snippet:-1, max-image-preview:large, max-video-preview:-1\" \/>\n<link rel=\"canonical\" href=\"https:\/\/vinilozona.lt\/en\/parduotuve\/rock-pop\/mike-oldfield-the-complete-mike-oldfield-2lp\/\" \/>\n<meta property=\"og:locale\" content=\"en_GB\" \/>\n<meta property=\"og:type\" content=\"article\" \/>\n<meta property=\"og:title\" content=\"Mike Oldfield \u2013 The Complete Mike Oldfield 2lp Vinilin\u0117 Plok\u0161tel\u0117 | Vinilozona.lt\" \/>\n<meta property=\"og:description\" content=\"Virgin \u2013 302 689-503, Virgin \u2013 302 689 Format: 2 x Vinyl, LP, Compilation Country: Europe Released: 1985\" \/>\n<meta property=\"og:url\" content=\"https:\/\/vinilozona.lt\/en\/parduotuve\/rock-pop\/mike-oldfield-the-complete-mike-oldfield-2lp\/\" \/>\n<meta property=\"og:site_name\" content=\"Vinilo Zona\" \/>\n<meta property=\"article:modified_time\" content=\"2025-11-27T15:00:33+00:00\" \/>\n<meta property=\"og:image\" content=\"https:\/\/vinilozona.lt\/wp-content\/uploads\/2024\/11\/R-158284-1172965666.jpg\" \/>\n\t<meta property=\"og:image:width\" content=\"596\" \/>\n\t<meta property=\"og:image:height\" content=\"595\" \/>\n\t<meta property=\"og:image:type\" content=\"image\/jpeg\" \/>\n<meta name=\"twitter:card\" content=\"summary_large_image\" \/>\n<meta name=\"twitter:label1\" content=\"Estimated reading time\" \/>\n\t<meta name=\"twitter:data1\" content=\"1 minute\" \/>\n<script type=\"application\/ld+json\" class=\"yoast-schema-graph\">{\"@context\":\"https:\/\/schema.org\",\"@graph\":[{\"@type\":\"WebPage\",\"@id\":\"https:\/\/vinilozona.lt\/parduotuve\/rock-pop\/mike-oldfield-the-complete-mike-oldfield-2lp\/\",\"url\":\"https:\/\/vinilozona.lt\/parduotuve\/rock-pop\/mike-oldfield-the-complete-mike-oldfield-2lp\/\",\"name\":\"Mike Oldfield \u2013 The Complete Mike Oldfield 2lp Vinilin\u0117 Plok\u0161tel\u0117 | Vinilozona.lt\",\"isPartOf\":{\"@id\":\"https:\/\/vinilozona.lt\/#website\"},\"primaryImageOfPage\":{\"@id\":\"https:\/\/vinilozona.lt\/parduotuve\/rock-pop\/mike-oldfield-the-complete-mike-oldfield-2lp\/#primaryimage\"},\"image\":{\"@id\":\"https:\/\/vinilozona.lt\/parduotuve\/rock-pop\/mike-oldfield-the-complete-mike-oldfield-2lp\/#primaryimage\"},\"thumbnailUrl\":\"https:\/\/vinilozona.lt\/wp-content\/uploads\/2024\/11\/R-158284-1172965666.jpg\",\"datePublished\":\"2025-11-29T03:05:21+00:00\",\"dateModified\":\"2025-11-27T15:00:33+00:00\",\"breadcrumb\":{\"@id\":\"https:\/\/vinilozona.lt\/parduotuve\/rock-pop\/mike-oldfield-the-complete-mike-oldfield-2lp\/#breadcrumb\"},\"inLanguage\":\"en-GB\",\"potentialAction\":[{\"@type\":\"ReadAction\",\"target\":[\"https:\/\/vinilozona.lt\/parduotuve\/rock-pop\/mike-oldfield-the-complete-mike-oldfield-2lp\/\"]}]},{\"@type\":\"ImageObject\",\"inLanguage\":\"en-GB\",\"@id\":\"https:\/\/vinilozona.lt\/parduotuve\/rock-pop\/mike-oldfield-the-complete-mike-oldfield-2lp\/#primaryimage\",\"url\":\"https:\/\/vinilozona.lt\/wp-content\/uploads\/2024\/11\/R-158284-1172965666.jpg\",\"contentUrl\":\"https:\/\/vinilozona.lt\/wp-content\/uploads\/2024\/11\/R-158284-1172965666.jpg\",\"width\":596,\"height\":595},{\"@type\":\"BreadcrumbList\",\"@id\":\"https:\/\/vinilozona.lt\/parduotuve\/rock-pop\/mike-oldfield-the-complete-mike-oldfield-2lp\/#breadcrumb\",\"itemListElement\":[{\"@type\":\"ListItem\",\"position\":1,\"name\":\"Home\",\"item\":\"https:\/\/vinilozona.lt\/\"},{\"@type\":\"ListItem\",\"position\":2,\"name\":\"Parduotuv\u0117\",\"item\":\"https:\/\/vinilozona.lt\/parduotuve\/\"},{\"@type\":\"ListItem\",\"position\":3,\"name\":\"Mike Oldfield \u2013 The Complete Mike Oldfield 2lp\"}]},{\"@type\":\"WebSite\",\"@id\":\"https:\/\/vinilozona.lt\/#website\",\"url\":\"https:\/\/vinilozona.lt\/\",\"name\":\"Vinilo Zona\",\"description\":\"Nup\u016bsk dulkes ir klausyk LP\",\"potentialAction\":[{\"@type\":\"SearchAction\",\"target\":{\"@type\":\"EntryPoint\",\"urlTemplate\":\"https:\/\/vinilozona.lt\/?s={search_term_string}\"},\"query-input\":{\"@type\":\"PropertyValueSpecification\",\"valueRequired\":true,\"valueName\":\"search_term_string\"}}],\"inLanguage\":\"en-GB\"}]}<\/script>\n<!-- \/ Yoast SEO plugin. -->","yoast_head_json":{"title":"Mike Oldfield \u2013 The Complete Mike Oldfield 2lp Vinilin\u0117 Plok\u0161tel\u0117 | Vinilozona.lt","robots":{"index":"index","follow":"follow","max-snippet":"max-snippet:-1","max-image-preview":"max-image-preview:large","max-video-preview":"max-video-preview:-1"},"canonical":"https:\/\/vinilozona.lt\/en\/parduotuve\/rock-pop\/mike-oldfield-the-complete-mike-oldfield-2lp\/","og_locale":"en_GB","og_type":"article","og_title":"Mike Oldfield \u2013 The Complete Mike Oldfield 2lp Vinilin\u0117 Plok\u0161tel\u0117 | Vinilozona.lt","og_description":"Virgin \u2013 302 689-503, Virgin \u2013 302 689 Format: 2 x Vinyl, LP, Compilation Country: Europe Released: 1985","og_url":"https:\/\/vinilozona.lt\/en\/parduotuve\/rock-pop\/mike-oldfield-the-complete-mike-oldfield-2lp\/","og_site_name":"Vinilo Zona","article_modified_time":"2025-11-27T15:00:33+00:00","og_image":[{"width":596,"height":595,"url":"https:\/\/vinilozona.lt\/wp-content\/uploads\/2024\/11\/R-158284-1172965666.jpg","type":"image\/jpeg"}],"twitter_card":"summary_large_image","twitter_misc":{"Estimated reading time":"1 minute"},"schema":{"@context":"https:\/\/schema.org","@graph":[{"@type":"WebPage","@id":"https:\/\/vinilozona.lt\/parduotuve\/rock-pop\/mike-oldfield-the-complete-mike-oldfield-2lp\/","url":"https:\/\/vinilozona.lt\/parduotuve\/rock-pop\/mike-oldfield-the-complete-mike-oldfield-2lp\/","name":"Mike Oldfield \u2013 The Complete Mike Oldfield 2lp Vinilin\u0117 Plok\u0161tel\u0117 | Vinilozona.lt","isPartOf":{"@id":"https:\/\/vinilozona.lt\/#website"},"primaryImageOfPage":{"@id":"https:\/\/vinilozona.lt\/parduotuve\/rock-pop\/mike-oldfield-the-complete-mike-oldfield-2lp\/#primaryimage"},"image":{"@id":"https:\/\/vinilozona.lt\/parduotuve\/rock-pop\/mike-oldfield-the-complete-mike-oldfield-2lp\/#primaryimage"},"thumbnailUrl":"https:\/\/vinilozona.lt\/wp-content\/uploads\/2024\/11\/R-158284-1172965666.jpg","datePublished":"2025-11-29T03:05:21+00:00","dateModified":"2025-11-27T15:00:33+00:00","breadcrumb":{"@id":"https:\/\/vinilozona.lt\/parduotuve\/rock-pop\/mike-oldfield-the-complete-mike-oldfield-2lp\/#breadcrumb"},"inLanguage":"en-GB","potentialAction":[{"@type":"ReadAction","target":["https:\/\/vinilozona.lt\/parduotuve\/rock-pop\/mike-oldfield-the-complete-mike-oldfield-2lp\/"]}]},{"@type":"ImageObject","inLanguage":"en-GB","@id":"https:\/\/vinilozona.lt\/parduotuve\/rock-pop\/mike-oldfield-the-complete-mike-oldfield-2lp\/#primaryimage","url":"https:\/\/vinilozona.lt\/wp-content\/uploads\/2024\/11\/R-158284-1172965666.jpg","contentUrl":"https:\/\/vinilozona.lt\/wp-content\/uploads\/2024\/11\/R-158284-1172965666.jpg","width":596,"height":595},{"@type":"BreadcrumbList","@id":"https:\/\/vinilozona.lt\/parduotuve\/rock-pop\/mike-oldfield-the-complete-mike-oldfield-2lp\/#breadcrumb","itemListElement":[{"@type":"ListItem","position":1,"name":"Home","item":"https:\/\/vinilozona.lt\/"},{"@type":"ListItem","position":2,"name":"Parduotuv\u0117","item":"https:\/\/vinilozona.lt\/parduotuve\/"},{"@type":"ListItem","position":3,"name":"Mike Oldfield \u2013 The Complete Mike Oldfield 2lp"}]},{"@type":"WebSite","@id":"https:\/\/vinilozona.lt\/#website","url":"https:\/\/vinilozona.lt\/","name":"Vinilo Zona","description":"Nup\u016bsk dulkes ir klausyk LP","potentialAction":[{"@type":"SearchAction","target":{"@type":"EntryPoint","urlTemplate":"https:\/\/vinilozona.lt\/?s={search_term_string}"},"query-input":{"@type":"PropertyValueSpecification","valueRequired":true,"valueName":"search_term_string"}}],"inLanguage":"en-GB"}]}},"_links":{"self":[{"href":"https:\/\/vinilozona.lt\/en\/wp-json\/wp\/v2\/product\/26431"}],"collection":[{"href":"https:\/\/vinilozona.lt\/en\/wp-json\/wp\/v2\/product"}],"about":[{"href":"https:\/\/vinilozona.lt\/en\/wp-json\/wp\/v2\/types\/product"}],"wp:featuredmedia":[{"embeddable":true,"href":"https:\/\/vinilozona.lt\/en\/wp-json\/wp\/v2\/media\/26432"}],"wp:attachment":[{"href":"https:\/\/vinilozona.lt\/en\/wp-json\/wp\/v2\/media?parent=26431"}],"wp:term":[{"taxonomy":"product_cat","embeddable":true,"href":"https:\/\/vinilozona.lt\/en\/wp-json\/wp\/v2\/product_cat?post=26431"},{"taxonomy":"product_tag","embeddable":true,"href":"https:\/\/vinilozona.lt\/en\/wp-json\/wp\/v2\/product_tag?post=26431"}],"curies":[{"name":"wp","href":"https:\/\/api.w.org\/{rel}","templated":true}]}}