{"id":26414,"date":"2024-08-19T19:13:23","date_gmt":"2024-08-19T16:13:23","guid":{"rendered":"https:\/\/vinilozona.lt\/?post_type=product&#038;p=26414"},"modified":"2025-06-23T09:40:44","modified_gmt":"2025-06-23T06:40:44","slug":"goombay-dance-band-merry-christmas-from-goombay-dance-band-cd","status":"publish","type":"product","link":"https:\/\/vinilozona.lt\/en\/parduotuve\/cd\/naudoti-cd\/goombay-dance-band-merry-christmas-from-goombay-dance-band-cd\/","title":{"rendered":"Goombay Dance Band \u2013 Merry Christmas From Goombay Dance Band   CD"},"content":{"rendered":"<p>1\t\tSilent Night, Holy Night\t3:52<br \/>\n2\t\tMary&#8217;s Boy Child\t3:22<br \/>\n3\t\tLovely Land\t3:31<br \/>\n4\t\tJericho\t3:27<br \/>\n5\t\tChristmas At Sea\t4:13<br \/>\n6\t\tChild Of The Sun\t4:29<br \/>\n7\t\tAve Maria No Morro\t3:48<br \/>\n8\t\tWhite Christmas\t2:18<br \/>\n9\t\tLittle Drummer Boy\t4:48<br \/>\n10\t\tCarry The Load\t3:10<br \/>\n11\t\tSing Little Children\t2:40<br \/>\n12\t\tAloho-Oe, Until We Meet Again\t3:45<br \/>\n13\t\tRiding In The Sleigh\t3:05<br \/>\n14\t\tA Poor Boy&#8217;s Dream\t2:52<br \/>\n15\t\tPeace On Earth\t4:30<br \/>\n16\t\tThe Magical Time\t3:42<\/p>","protected":false},"excerpt":{"rendered":"<p>Thor Records \u2013 SPMV 131002<br \/>\nSeries: This Is<br \/>\nFormat:<br \/>\nCD, Album, Reissue, Remastered, Repress<br \/>\nCountry:<br \/>\nDenmark<br \/>\nReleased: 2001<\/p>","protected":false},"featured_media":26415,"template":"","meta":[],"product_cat":[24,946],"product_tag":[44],"yoast_head":"<!-- This site is optimized with the Yoast SEO plugin v23.5 - https:\/\/yoast.com\/wordpress\/plugins\/seo\/ -->\n<title>Goombay Dance Band \u2013 Merry Christmas From Goombay Dance Band  CD Vinilin\u0117 Plok\u0161tel\u0117 | Vinilozona.lt<\/title>\n<meta name=\"robots\" content=\"index, follow, max-snippet:-1, max-image-preview:large, max-video-preview:-1\" \/>\n<link rel=\"canonical\" href=\"https:\/\/vinilozona.lt\/en\/parduotuve\/cd\/naudoti-cd\/goombay-dance-band-merry-christmas-from-goombay-dance-band-cd\/\" \/>\n<meta property=\"og:locale\" content=\"en_GB\" \/>\n<meta property=\"og:type\" content=\"article\" \/>\n<meta property=\"og:title\" content=\"Goombay Dance Band \u2013 Merry Christmas From Goombay Dance Band  CD Vinilin\u0117 Plok\u0161tel\u0117 | Vinilozona.lt\" \/>\n<meta property=\"og:description\" content=\"Thor Records \u2013 SPMV 131002 Series: This Is  Format: CD, Album, Reissue, Remastered, Repress Country: Denmark Released: 2001\" \/>\n<meta property=\"og:url\" content=\"https:\/\/vinilozona.lt\/en\/parduotuve\/cd\/naudoti-cd\/goombay-dance-band-merry-christmas-from-goombay-dance-band-cd\/\" \/>\n<meta property=\"og:site_name\" content=\"Vinilo Zona\" \/>\n<meta property=\"article:modified_time\" content=\"2025-06-23T06:40:44+00:00\" \/>\n<meta property=\"og:image\" content=\"https:\/\/vinilozona.lt\/wp-content\/uploads\/2024\/11\/R-8545722-1464688650-8651.jpg\" \/>\n\t<meta property=\"og:image:width\" content=\"480\" \/>\n\t<meta property=\"og:image:height\" content=\"480\" \/>\n\t<meta property=\"og:image:type\" content=\"image\/jpeg\" \/>\n<meta name=\"twitter:card\" content=\"summary_large_image\" \/>\n<meta name=\"twitter:label1\" content=\"Estimated reading time\" \/>\n\t<meta name=\"twitter:data1\" content=\"1 minute\" \/>\n<script type=\"application\/ld+json\" class=\"yoast-schema-graph\">{\"@context\":\"https:\/\/schema.org\",\"@graph\":[{\"@type\":\"WebPage\",\"@id\":\"https:\/\/vinilozona.lt\/parduotuve\/cd\/naudoti-cd\/goombay-dance-band-merry-christmas-from-goombay-dance-band-cd\/\",\"url\":\"https:\/\/vinilozona.lt\/parduotuve\/cd\/naudoti-cd\/goombay-dance-band-merry-christmas-from-goombay-dance-band-cd\/\",\"name\":\"Goombay Dance Band \u2013 Merry Christmas From Goombay Dance Band CD Vinilin\u0117 Plok\u0161tel\u0117 | Vinilozona.lt\",\"isPartOf\":{\"@id\":\"https:\/\/vinilozona.lt\/#website\"},\"primaryImageOfPage\":{\"@id\":\"https:\/\/vinilozona.lt\/parduotuve\/cd\/naudoti-cd\/goombay-dance-band-merry-christmas-from-goombay-dance-band-cd\/#primaryimage\"},\"image\":{\"@id\":\"https:\/\/vinilozona.lt\/parduotuve\/cd\/naudoti-cd\/goombay-dance-band-merry-christmas-from-goombay-dance-band-cd\/#primaryimage\"},\"thumbnailUrl\":\"https:\/\/vinilozona.lt\/wp-content\/uploads\/2024\/11\/R-8545722-1464688650-8651.jpg\",\"datePublished\":\"2024-08-19T16:13:23+00:00\",\"dateModified\":\"2025-06-23T06:40:44+00:00\",\"breadcrumb\":{\"@id\":\"https:\/\/vinilozona.lt\/parduotuve\/cd\/naudoti-cd\/goombay-dance-band-merry-christmas-from-goombay-dance-band-cd\/#breadcrumb\"},\"inLanguage\":\"en-GB\",\"potentialAction\":[{\"@type\":\"ReadAction\",\"target\":[\"https:\/\/vinilozona.lt\/parduotuve\/cd\/naudoti-cd\/goombay-dance-band-merry-christmas-from-goombay-dance-band-cd\/\"]}]},{\"@type\":\"ImageObject\",\"inLanguage\":\"en-GB\",\"@id\":\"https:\/\/vinilozona.lt\/parduotuve\/cd\/naudoti-cd\/goombay-dance-band-merry-christmas-from-goombay-dance-band-cd\/#primaryimage\",\"url\":\"https:\/\/vinilozona.lt\/wp-content\/uploads\/2024\/11\/R-8545722-1464688650-8651.jpg\",\"contentUrl\":\"https:\/\/vinilozona.lt\/wp-content\/uploads\/2024\/11\/R-8545722-1464688650-8651.jpg\",\"width\":480,\"height\":480},{\"@type\":\"BreadcrumbList\",\"@id\":\"https:\/\/vinilozona.lt\/parduotuve\/cd\/naudoti-cd\/goombay-dance-band-merry-christmas-from-goombay-dance-band-cd\/#breadcrumb\",\"itemListElement\":[{\"@type\":\"ListItem\",\"position\":1,\"name\":\"Home\",\"item\":\"https:\/\/vinilozona.lt\/\"},{\"@type\":\"ListItem\",\"position\":2,\"name\":\"Parduotuv\u0117\",\"item\":\"https:\/\/vinilozona.lt\/parduotuve\/\"},{\"@type\":\"ListItem\",\"position\":3,\"name\":\"Goombay Dance Band \u2013 Merry Christmas From Goombay Dance Band CD\"}]},{\"@type\":\"WebSite\",\"@id\":\"https:\/\/vinilozona.lt\/#website\",\"url\":\"https:\/\/vinilozona.lt\/\",\"name\":\"Vinilo Zona\",\"description\":\"Nup\u016bsk dulkes ir klausyk LP\",\"potentialAction\":[{\"@type\":\"SearchAction\",\"target\":{\"@type\":\"EntryPoint\",\"urlTemplate\":\"https:\/\/vinilozona.lt\/?s={search_term_string}\"},\"query-input\":{\"@type\":\"PropertyValueSpecification\",\"valueRequired\":true,\"valueName\":\"search_term_string\"}}],\"inLanguage\":\"en-GB\"}]}<\/script>\n<!-- \/ Yoast SEO plugin. -->","yoast_head_json":{"title":"Goombay Dance Band \u2013 Merry Christmas From Goombay Dance Band  CD Vinilin\u0117 Plok\u0161tel\u0117 | Vinilozona.lt","robots":{"index":"index","follow":"follow","max-snippet":"max-snippet:-1","max-image-preview":"max-image-preview:large","max-video-preview":"max-video-preview:-1"},"canonical":"https:\/\/vinilozona.lt\/en\/parduotuve\/cd\/naudoti-cd\/goombay-dance-band-merry-christmas-from-goombay-dance-band-cd\/","og_locale":"en_GB","og_type":"article","og_title":"Goombay Dance Band \u2013 Merry Christmas From Goombay Dance Band  CD Vinilin\u0117 Plok\u0161tel\u0117 | Vinilozona.lt","og_description":"Thor Records \u2013 SPMV 131002 Series: This Is  Format: CD, Album, Reissue, Remastered, Repress Country: Denmark Released: 2001","og_url":"https:\/\/vinilozona.lt\/en\/parduotuve\/cd\/naudoti-cd\/goombay-dance-band-merry-christmas-from-goombay-dance-band-cd\/","og_site_name":"Vinilo Zona","article_modified_time":"2025-06-23T06:40:44+00:00","og_image":[{"width":480,"height":480,"url":"https:\/\/vinilozona.lt\/wp-content\/uploads\/2024\/11\/R-8545722-1464688650-8651.jpg","type":"image\/jpeg"}],"twitter_card":"summary_large_image","twitter_misc":{"Estimated reading time":"1 minute"},"schema":{"@context":"https:\/\/schema.org","@graph":[{"@type":"WebPage","@id":"https:\/\/vinilozona.lt\/parduotuve\/cd\/naudoti-cd\/goombay-dance-band-merry-christmas-from-goombay-dance-band-cd\/","url":"https:\/\/vinilozona.lt\/parduotuve\/cd\/naudoti-cd\/goombay-dance-band-merry-christmas-from-goombay-dance-band-cd\/","name":"Goombay Dance Band \u2013 Merry Christmas From Goombay Dance Band CD Vinilin\u0117 Plok\u0161tel\u0117 | Vinilozona.lt","isPartOf":{"@id":"https:\/\/vinilozona.lt\/#website"},"primaryImageOfPage":{"@id":"https:\/\/vinilozona.lt\/parduotuve\/cd\/naudoti-cd\/goombay-dance-band-merry-christmas-from-goombay-dance-band-cd\/#primaryimage"},"image":{"@id":"https:\/\/vinilozona.lt\/parduotuve\/cd\/naudoti-cd\/goombay-dance-band-merry-christmas-from-goombay-dance-band-cd\/#primaryimage"},"thumbnailUrl":"https:\/\/vinilozona.lt\/wp-content\/uploads\/2024\/11\/R-8545722-1464688650-8651.jpg","datePublished":"2024-08-19T16:13:23+00:00","dateModified":"2025-06-23T06:40:44+00:00","breadcrumb":{"@id":"https:\/\/vinilozona.lt\/parduotuve\/cd\/naudoti-cd\/goombay-dance-band-merry-christmas-from-goombay-dance-band-cd\/#breadcrumb"},"inLanguage":"en-GB","potentialAction":[{"@type":"ReadAction","target":["https:\/\/vinilozona.lt\/parduotuve\/cd\/naudoti-cd\/goombay-dance-band-merry-christmas-from-goombay-dance-band-cd\/"]}]},{"@type":"ImageObject","inLanguage":"en-GB","@id":"https:\/\/vinilozona.lt\/parduotuve\/cd\/naudoti-cd\/goombay-dance-band-merry-christmas-from-goombay-dance-band-cd\/#primaryimage","url":"https:\/\/vinilozona.lt\/wp-content\/uploads\/2024\/11\/R-8545722-1464688650-8651.jpg","contentUrl":"https:\/\/vinilozona.lt\/wp-content\/uploads\/2024\/11\/R-8545722-1464688650-8651.jpg","width":480,"height":480},{"@type":"BreadcrumbList","@id":"https:\/\/vinilozona.lt\/parduotuve\/cd\/naudoti-cd\/goombay-dance-band-merry-christmas-from-goombay-dance-band-cd\/#breadcrumb","itemListElement":[{"@type":"ListItem","position":1,"name":"Home","item":"https:\/\/vinilozona.lt\/"},{"@type":"ListItem","position":2,"name":"Parduotuv\u0117","item":"https:\/\/vinilozona.lt\/parduotuve\/"},{"@type":"ListItem","position":3,"name":"Goombay Dance Band \u2013 Merry Christmas From Goombay Dance Band CD"}]},{"@type":"WebSite","@id":"https:\/\/vinilozona.lt\/#website","url":"https:\/\/vinilozona.lt\/","name":"Vinilo Zona","description":"Nup\u016bsk dulkes ir klausyk LP","potentialAction":[{"@type":"SearchAction","target":{"@type":"EntryPoint","urlTemplate":"https:\/\/vinilozona.lt\/?s={search_term_string}"},"query-input":{"@type":"PropertyValueSpecification","valueRequired":true,"valueName":"search_term_string"}}],"inLanguage":"en-GB"}]}},"_links":{"self":[{"href":"https:\/\/vinilozona.lt\/en\/wp-json\/wp\/v2\/product\/26414"}],"collection":[{"href":"https:\/\/vinilozona.lt\/en\/wp-json\/wp\/v2\/product"}],"about":[{"href":"https:\/\/vinilozona.lt\/en\/wp-json\/wp\/v2\/types\/product"}],"wp:featuredmedia":[{"embeddable":true,"href":"https:\/\/vinilozona.lt\/en\/wp-json\/wp\/v2\/media\/26415"}],"wp:attachment":[{"href":"https:\/\/vinilozona.lt\/en\/wp-json\/wp\/v2\/media?parent=26414"}],"wp:term":[{"taxonomy":"product_cat","embeddable":true,"href":"https:\/\/vinilozona.lt\/en\/wp-json\/wp\/v2\/product_cat?post=26414"},{"taxonomy":"product_tag","embeddable":true,"href":"https:\/\/vinilozona.lt\/en\/wp-json\/wp\/v2\/product_tag?post=26414"}],"curies":[{"name":"wp","href":"https:\/\/api.w.org\/{rel}","templated":true}]}}