{"id":26412,"date":"2025-10-13T05:06:59","date_gmt":"2025-10-13T02:06:59","guid":{"rendered":"https:\/\/vinilozona.lt\/?post_type=product&#038;p=26412"},"modified":"2025-10-14T20:52:24","modified_gmt":"2025-10-14T17:52:24","slug":"smokie-our-danish-collection-2cd","status":"publish","type":"product","link":"https:\/\/vinilozona.lt\/en\/parduotuve\/cd\/naudoti-cd\/smokie-our-danish-collection-2cd\/","title":{"rendered":"Smokie \u2013 Our Danish Collection  2CD"},"content":{"rendered":"<p>1-01\t\tHave You Ever Seen The Rain\t4:13<br \/>\n1-02\t\tLiving Next Door To Alice\t3:32<br \/>\n1-03\t\tThe Wrong Reasons<br \/>\n3:59<br \/>\n1-04\t\tNeedles And Pins\t2:45<br \/>\n1-05\t\tRose-A-Lee\t3:43<br \/>\n1-06\t\tFor A Few Dollars More\t3:45<br \/>\n1-07\t\tDesperate Measures\t3:46<br \/>\n1-08\t\tLay Back In The Arms Of Someone\t4:24<br \/>\n1-09\t\tBoulevard Of Broken Dreams\t4:25<br \/>\n1-10\t\tShe Rides Wild Horses\t3:30<br \/>\n1-11\t\tOh Carol\t3:35<br \/>\n1-12\t\tWill You Still Love Me Tomorrow\t3:55<br \/>\n1-13\t\tRock&#8217;n&#8217;Roll Rodeo\t4:29<br \/>\n1-14\t\tGoodbye Yesterday&#8217;s Heartache\t4:01<br \/>\n1-15\t\tMexican Girl\t3:43<br \/>\n1-16\t\tIf You Think You Know How To Love Me\t5:27<br \/>\n1-17\t\tWhen The Lightning Strikes\t3:47<br \/>\n1-18\t\tA Winters Tale\t4:12<br \/>\n1-19\t\tBrave New World\t6:20<br \/>\n2-01\t\tTake Good Care Of My Baby\t3:10<br \/>\n2-02\t\tI&#8217;ll Meet You At Midnight\t3:22<br \/>\n2-03\t\tLooking For You\t4:15<br \/>\n2-04\t\tWild Angels\t4:22<br \/>\n2-05\t\tAnd The Night Stood Still\t4:02<br \/>\n2-06\t\tDon&#8217;t Play Your Rock &#8216;N&#8217; Roll To Me\t3:22<br \/>\n2-07\t\tIn The Middle Of A Lonely Dream\t4:20<br \/>\n2-08\t\tIt&#8217;s Your Life\t3:27<br \/>\n2-09\t\tWhen The Walls Come Down\t3:59<br \/>\n2-10\t\tSomething&#8217;s Been Making Me Blue\t2:55<br \/>\n2-11\t\tWhat Can I Do\t3:55<br \/>\n2-12\t\tNaked Love\t4:15<br \/>\n2-13\t\tBaby It&#8217;s You\t4:02<br \/>\n2-14\t\tI Can Be A Heartbreaker Too\t4:17<br \/>\n2-15\t\tChasing Shadows\t4:15<br \/>\n2-16\t\tI Feel Love\t4:13<br \/>\n2-17\t\tLast Train\t4:42<br \/>\n2-18\t\tCan&#8217;t Cry Hard Enough\t4:00<br \/>\n2-19\t\tSmokie Medley\t3:22<\/p>","protected":false},"excerpt":{"rendered":"<p>CMC Special \u2013 5201032<br \/>\nFormat:<br \/>\n2 x CD, Compilation<br \/>\nCountry:<br \/>\nDenmark<br \/>\nReleased:<br \/>\n1999<\/p>","protected":false},"featured_media":26413,"template":"","meta":[],"product_cat":[24,946],"product_tag":[44],"yoast_head":"<!-- This site is optimized with the Yoast SEO plugin v23.5 - https:\/\/yoast.com\/wordpress\/plugins\/seo\/ -->\n<title>Smokie \u2013 Our Danish Collection 2CD Vinilin\u0117 Plok\u0161tel\u0117 | Vinilozona.lt<\/title>\n<meta name=\"robots\" content=\"index, follow, max-snippet:-1, max-image-preview:large, max-video-preview:-1\" \/>\n<link rel=\"canonical\" href=\"https:\/\/vinilozona.lt\/en\/parduotuve\/cd\/naudoti-cd\/smokie-our-danish-collection-2cd\/\" \/>\n<meta property=\"og:locale\" content=\"en_GB\" \/>\n<meta property=\"og:type\" content=\"article\" \/>\n<meta property=\"og:title\" content=\"Smokie \u2013 Our Danish Collection 2CD Vinilin\u0117 Plok\u0161tel\u0117 | Vinilozona.lt\" \/>\n<meta property=\"og:description\" content=\"CMC Special \u2013 5201032 Format: 2 x CD, Compilation Country: Denmark Released: 1999\" \/>\n<meta property=\"og:url\" content=\"https:\/\/vinilozona.lt\/en\/parduotuve\/cd\/naudoti-cd\/smokie-our-danish-collection-2cd\/\" \/>\n<meta property=\"og:site_name\" content=\"Vinilo Zona\" \/>\n<meta property=\"article:modified_time\" content=\"2025-10-14T17:52:24+00:00\" \/>\n<meta property=\"og:image\" content=\"https:\/\/vinilozona.lt\/wp-content\/uploads\/2024\/11\/R-1226638-1620043962-1429.jpg\" \/>\n\t<meta property=\"og:image:width\" content=\"598\" \/>\n\t<meta property=\"og:image:height\" content=\"600\" \/>\n\t<meta property=\"og:image:type\" content=\"image\/jpeg\" \/>\n<meta name=\"twitter:card\" content=\"summary_large_image\" \/>\n<meta name=\"twitter:label1\" content=\"Estimated reading time\" \/>\n\t<meta name=\"twitter:data1\" content=\"2 minutes\" \/>\n<script type=\"application\/ld+json\" class=\"yoast-schema-graph\">{\"@context\":\"https:\/\/schema.org\",\"@graph\":[{\"@type\":\"WebPage\",\"@id\":\"https:\/\/vinilozona.lt\/parduotuve\/cd\/naudoti-cd\/smokie-our-danish-collection-2cd\/\",\"url\":\"https:\/\/vinilozona.lt\/parduotuve\/cd\/naudoti-cd\/smokie-our-danish-collection-2cd\/\",\"name\":\"Smokie \u2013 Our Danish Collection 2CD Vinilin\u0117 Plok\u0161tel\u0117 | Vinilozona.lt\",\"isPartOf\":{\"@id\":\"https:\/\/vinilozona.lt\/#website\"},\"primaryImageOfPage\":{\"@id\":\"https:\/\/vinilozona.lt\/parduotuve\/cd\/naudoti-cd\/smokie-our-danish-collection-2cd\/#primaryimage\"},\"image\":{\"@id\":\"https:\/\/vinilozona.lt\/parduotuve\/cd\/naudoti-cd\/smokie-our-danish-collection-2cd\/#primaryimage\"},\"thumbnailUrl\":\"https:\/\/vinilozona.lt\/wp-content\/uploads\/2024\/11\/R-1226638-1620043962-1429.jpg\",\"datePublished\":\"2025-10-13T02:06:59+00:00\",\"dateModified\":\"2025-10-14T17:52:24+00:00\",\"breadcrumb\":{\"@id\":\"https:\/\/vinilozona.lt\/parduotuve\/cd\/naudoti-cd\/smokie-our-danish-collection-2cd\/#breadcrumb\"},\"inLanguage\":\"en-GB\",\"potentialAction\":[{\"@type\":\"ReadAction\",\"target\":[\"https:\/\/vinilozona.lt\/parduotuve\/cd\/naudoti-cd\/smokie-our-danish-collection-2cd\/\"]}]},{\"@type\":\"ImageObject\",\"inLanguage\":\"en-GB\",\"@id\":\"https:\/\/vinilozona.lt\/parduotuve\/cd\/naudoti-cd\/smokie-our-danish-collection-2cd\/#primaryimage\",\"url\":\"https:\/\/vinilozona.lt\/wp-content\/uploads\/2024\/11\/R-1226638-1620043962-1429.jpg\",\"contentUrl\":\"https:\/\/vinilozona.lt\/wp-content\/uploads\/2024\/11\/R-1226638-1620043962-1429.jpg\",\"width\":598,\"height\":600},{\"@type\":\"BreadcrumbList\",\"@id\":\"https:\/\/vinilozona.lt\/parduotuve\/cd\/naudoti-cd\/smokie-our-danish-collection-2cd\/#breadcrumb\",\"itemListElement\":[{\"@type\":\"ListItem\",\"position\":1,\"name\":\"Home\",\"item\":\"https:\/\/vinilozona.lt\/\"},{\"@type\":\"ListItem\",\"position\":2,\"name\":\"Parduotuv\u0117\",\"item\":\"https:\/\/vinilozona.lt\/parduotuve\/\"},{\"@type\":\"ListItem\",\"position\":3,\"name\":\"Smokie \u2013 Our Danish Collection 2CD\"}]},{\"@type\":\"WebSite\",\"@id\":\"https:\/\/vinilozona.lt\/#website\",\"url\":\"https:\/\/vinilozona.lt\/\",\"name\":\"Vinilo Zona\",\"description\":\"Nup\u016bsk dulkes ir klausyk LP\",\"potentialAction\":[{\"@type\":\"SearchAction\",\"target\":{\"@type\":\"EntryPoint\",\"urlTemplate\":\"https:\/\/vinilozona.lt\/?s={search_term_string}\"},\"query-input\":{\"@type\":\"PropertyValueSpecification\",\"valueRequired\":true,\"valueName\":\"search_term_string\"}}],\"inLanguage\":\"en-GB\"}]}<\/script>\n<!-- \/ Yoast SEO plugin. -->","yoast_head_json":{"title":"Smokie \u2013 Our Danish Collection 2CD Vinilin\u0117 Plok\u0161tel\u0117 | Vinilozona.lt","robots":{"index":"index","follow":"follow","max-snippet":"max-snippet:-1","max-image-preview":"max-image-preview:large","max-video-preview":"max-video-preview:-1"},"canonical":"https:\/\/vinilozona.lt\/en\/parduotuve\/cd\/naudoti-cd\/smokie-our-danish-collection-2cd\/","og_locale":"en_GB","og_type":"article","og_title":"Smokie \u2013 Our Danish Collection 2CD Vinilin\u0117 Plok\u0161tel\u0117 | Vinilozona.lt","og_description":"CMC Special \u2013 5201032 Format: 2 x CD, Compilation Country: Denmark Released: 1999","og_url":"https:\/\/vinilozona.lt\/en\/parduotuve\/cd\/naudoti-cd\/smokie-our-danish-collection-2cd\/","og_site_name":"Vinilo Zona","article_modified_time":"2025-10-14T17:52:24+00:00","og_image":[{"width":598,"height":600,"url":"https:\/\/vinilozona.lt\/wp-content\/uploads\/2024\/11\/R-1226638-1620043962-1429.jpg","type":"image\/jpeg"}],"twitter_card":"summary_large_image","twitter_misc":{"Estimated reading time":"2 minutes"},"schema":{"@context":"https:\/\/schema.org","@graph":[{"@type":"WebPage","@id":"https:\/\/vinilozona.lt\/parduotuve\/cd\/naudoti-cd\/smokie-our-danish-collection-2cd\/","url":"https:\/\/vinilozona.lt\/parduotuve\/cd\/naudoti-cd\/smokie-our-danish-collection-2cd\/","name":"Smokie \u2013 Our Danish Collection 2CD Vinilin\u0117 Plok\u0161tel\u0117 | Vinilozona.lt","isPartOf":{"@id":"https:\/\/vinilozona.lt\/#website"},"primaryImageOfPage":{"@id":"https:\/\/vinilozona.lt\/parduotuve\/cd\/naudoti-cd\/smokie-our-danish-collection-2cd\/#primaryimage"},"image":{"@id":"https:\/\/vinilozona.lt\/parduotuve\/cd\/naudoti-cd\/smokie-our-danish-collection-2cd\/#primaryimage"},"thumbnailUrl":"https:\/\/vinilozona.lt\/wp-content\/uploads\/2024\/11\/R-1226638-1620043962-1429.jpg","datePublished":"2025-10-13T02:06:59+00:00","dateModified":"2025-10-14T17:52:24+00:00","breadcrumb":{"@id":"https:\/\/vinilozona.lt\/parduotuve\/cd\/naudoti-cd\/smokie-our-danish-collection-2cd\/#breadcrumb"},"inLanguage":"en-GB","potentialAction":[{"@type":"ReadAction","target":["https:\/\/vinilozona.lt\/parduotuve\/cd\/naudoti-cd\/smokie-our-danish-collection-2cd\/"]}]},{"@type":"ImageObject","inLanguage":"en-GB","@id":"https:\/\/vinilozona.lt\/parduotuve\/cd\/naudoti-cd\/smokie-our-danish-collection-2cd\/#primaryimage","url":"https:\/\/vinilozona.lt\/wp-content\/uploads\/2024\/11\/R-1226638-1620043962-1429.jpg","contentUrl":"https:\/\/vinilozona.lt\/wp-content\/uploads\/2024\/11\/R-1226638-1620043962-1429.jpg","width":598,"height":600},{"@type":"BreadcrumbList","@id":"https:\/\/vinilozona.lt\/parduotuve\/cd\/naudoti-cd\/smokie-our-danish-collection-2cd\/#breadcrumb","itemListElement":[{"@type":"ListItem","position":1,"name":"Home","item":"https:\/\/vinilozona.lt\/"},{"@type":"ListItem","position":2,"name":"Parduotuv\u0117","item":"https:\/\/vinilozona.lt\/parduotuve\/"},{"@type":"ListItem","position":3,"name":"Smokie \u2013 Our Danish Collection 2CD"}]},{"@type":"WebSite","@id":"https:\/\/vinilozona.lt\/#website","url":"https:\/\/vinilozona.lt\/","name":"Vinilo Zona","description":"Nup\u016bsk dulkes ir klausyk LP","potentialAction":[{"@type":"SearchAction","target":{"@type":"EntryPoint","urlTemplate":"https:\/\/vinilozona.lt\/?s={search_term_string}"},"query-input":{"@type":"PropertyValueSpecification","valueRequired":true,"valueName":"search_term_string"}}],"inLanguage":"en-GB"}]}},"_links":{"self":[{"href":"https:\/\/vinilozona.lt\/en\/wp-json\/wp\/v2\/product\/26412"}],"collection":[{"href":"https:\/\/vinilozona.lt\/en\/wp-json\/wp\/v2\/product"}],"about":[{"href":"https:\/\/vinilozona.lt\/en\/wp-json\/wp\/v2\/types\/product"}],"wp:featuredmedia":[{"embeddable":true,"href":"https:\/\/vinilozona.lt\/en\/wp-json\/wp\/v2\/media\/26413"}],"wp:attachment":[{"href":"https:\/\/vinilozona.lt\/en\/wp-json\/wp\/v2\/media?parent=26412"}],"wp:term":[{"taxonomy":"product_cat","embeddable":true,"href":"https:\/\/vinilozona.lt\/en\/wp-json\/wp\/v2\/product_cat?post=26412"},{"taxonomy":"product_tag","embeddable":true,"href":"https:\/\/vinilozona.lt\/en\/wp-json\/wp\/v2\/product_tag?post=26412"}],"curies":[{"name":"wp","href":"https:\/\/api.w.org\/{rel}","templated":true}]}}