{"id":26410,"date":"2024-09-19T18:51:35","date_gmt":"2024-09-19T15:51:35","guid":{"rendered":"https:\/\/vinilozona.lt\/?post_type=product&#038;p=26410"},"modified":"2025-01-13T13:42:07","modified_gmt":"2025-01-13T11:42:07","slug":"ddt-%d1%8f-%d0%bf%d0%be%d0%bb%d1%83%d1%87%d0%b8%d0%bb-%d1%8d%d1%82%d1%83-%d1%80%d0%be%d0%bb%d1%8c-cd","status":"publish","type":"product","link":"https:\/\/vinilozona.lt\/en\/parduotuve\/cd\/naudoti-cd\/ddt-%d1%8f-%d0%bf%d0%be%d0%bb%d1%83%d1%87%d0%b8%d0%bb-%d1%8d%d1%82%d1%83-%d1%80%d0%be%d0%bb%d1%8c-cd\/","title":{"rendered":"DDT \u2013 \u042f \u041f\u043e\u043b\u0443\u0447\u0438\u043b \u042d\u0442\u0443 \u0420\u043e\u043b\u044c  CD"},"content":{"rendered":"<p>1\t\t\u041f\u043e\u044d\u0442<br \/>\n2\t\t\u041c\u0430\u043b\u044c\u0447\u0438\u043a\u0438-\u041c\u0430\u0436\u043e\u0440\u044b<br \/>\n3\t\t\u041a\u043e\u043d\u0432\u0435\u0439\u0435\u0440<br \/>\n4\t\t\u041d\u0435 \u0421\u0442\u0440\u0435\u043b\u044f\u0439<br \/>\n5\t\t\u0426\u0435\u0440\u043a\u043e\u0432\u044c<br \/>\n6\t\t\u0422\u0435\u0440\u0440\u043e\u0440\u0438\u0441\u0442<br \/>\n7\t\t\u0420\u0435\u0432\u043e\u043b\u044e\u0446\u0438\u044f<br \/>\n8\t\t\u042f \u041f\u043e\u043b\u0443\u0447\u0438\u043b \u042d\u0442\u0443 \u0420\u043e\u043b\u044c<br \/>\n9\t\t\u0425\u0438\u043f\u043f\u0430\u043d\u044b<br \/>\n10\t\t\u041d\u0438 \u0428\u0430\u0433\u0443 \u041d\u0430\u0437\u0430\u0434<br \/>\nBonus Track:<br \/>\n11\t\t\u0422\u0443\u0441\u043e\u0432\u0449\u0438\u043a<\/p>","protected":false},"excerpt":{"rendered":"<p>Baltic Optical Disc \u2013 RU-203<br \/>\nFormat:<br \/>\nCD, Album, Reissue<br \/>\nCountry:<br \/>\nLithuania<\/p>","protected":false},"featured_media":26411,"template":"","meta":[],"product_cat":[24,946],"product_tag":[44],"yoast_head":"<!-- This site is optimized with the Yoast SEO plugin v23.5 - https:\/\/yoast.com\/wordpress\/plugins\/seo\/ -->\n<title>DDT \u2013 \u042f \u041f\u043e\u043b\u0443\u0447\u0438\u043b \u042d\u0442\u0443 \u0420\u043e\u043b\u044c CD Vinilin\u0117 Plok\u0161tel\u0117 | Vinilozona.lt<\/title>\n<meta name=\"robots\" content=\"index, follow, max-snippet:-1, max-image-preview:large, max-video-preview:-1\" \/>\n<link rel=\"canonical\" href=\"https:\/\/vinilozona.lt\/en\/parduotuve\/cd\/naudoti-cd\/ddt-\u044f-\u043f\u043e\u043b\u0443\u0447\u0438\u043b-\u044d\u0442\u0443-\u0440\u043e\u043b\u044c-cd\/\" \/>\n<meta property=\"og:locale\" content=\"en_GB\" \/>\n<meta property=\"og:type\" content=\"article\" \/>\n<meta property=\"og:title\" content=\"DDT \u2013 \u042f \u041f\u043e\u043b\u0443\u0447\u0438\u043b \u042d\u0442\u0443 \u0420\u043e\u043b\u044c CD Vinilin\u0117 Plok\u0161tel\u0117 | Vinilozona.lt\" \/>\n<meta property=\"og:description\" content=\"Baltic Optical Disc \u2013 RU-203 Format: CD, Album, Reissue Country: Lithuania\" \/>\n<meta property=\"og:url\" content=\"https:\/\/vinilozona.lt\/en\/parduotuve\/cd\/naudoti-cd\/ddt-\u044f-\u043f\u043e\u043b\u0443\u0447\u0438\u043b-\u044d\u0442\u0443-\u0440\u043e\u043b\u044c-cd\/\" \/>\n<meta property=\"og:site_name\" content=\"Vinilo Zona\" \/>\n<meta property=\"article:modified_time\" content=\"2025-01-13T11:42:07+00:00\" \/>\n<meta property=\"og:image\" content=\"https:\/\/vinilozona.lt\/wp-content\/uploads\/2024\/11\/R-2405381-1282192350.jpg\" \/>\n\t<meta property=\"og:image:width\" content=\"600\" \/>\n\t<meta property=\"og:image:height\" content=\"592\" \/>\n\t<meta property=\"og:image:type\" content=\"image\/jpeg\" \/>\n<meta name=\"twitter:card\" content=\"summary_large_image\" \/>\n<meta name=\"twitter:label1\" content=\"Estimated reading time\" \/>\n\t<meta name=\"twitter:data1\" content=\"1 minute\" \/>\n<script type=\"application\/ld+json\" class=\"yoast-schema-graph\">{\"@context\":\"https:\/\/schema.org\",\"@graph\":[{\"@type\":\"WebPage\",\"@id\":\"https:\/\/vinilozona.lt\/parduotuve\/cd\/naudoti-cd\/ddt-%d1%8f-%d0%bf%d0%be%d0%bb%d1%83%d1%87%d0%b8%d0%bb-%d1%8d%d1%82%d1%83-%d1%80%d0%be%d0%bb%d1%8c-cd\/\",\"url\":\"https:\/\/vinilozona.lt\/parduotuve\/cd\/naudoti-cd\/ddt-%d1%8f-%d0%bf%d0%be%d0%bb%d1%83%d1%87%d0%b8%d0%bb-%d1%8d%d1%82%d1%83-%d1%80%d0%be%d0%bb%d1%8c-cd\/\",\"name\":\"DDT \u2013 \u042f \u041f\u043e\u043b\u0443\u0447\u0438\u043b \u042d\u0442\u0443 \u0420\u043e\u043b\u044c CD Vinilin\u0117 Plok\u0161tel\u0117 | Vinilozona.lt\",\"isPartOf\":{\"@id\":\"https:\/\/vinilozona.lt\/#website\"},\"primaryImageOfPage\":{\"@id\":\"https:\/\/vinilozona.lt\/parduotuve\/cd\/naudoti-cd\/ddt-%d1%8f-%d0%bf%d0%be%d0%bb%d1%83%d1%87%d0%b8%d0%bb-%d1%8d%d1%82%d1%83-%d1%80%d0%be%d0%bb%d1%8c-cd\/#primaryimage\"},\"image\":{\"@id\":\"https:\/\/vinilozona.lt\/parduotuve\/cd\/naudoti-cd\/ddt-%d1%8f-%d0%bf%d0%be%d0%bb%d1%83%d1%87%d0%b8%d0%bb-%d1%8d%d1%82%d1%83-%d1%80%d0%be%d0%bb%d1%8c-cd\/#primaryimage\"},\"thumbnailUrl\":\"https:\/\/vinilozona.lt\/wp-content\/uploads\/2024\/11\/R-2405381-1282192350.jpg\",\"datePublished\":\"2024-09-19T15:51:35+00:00\",\"dateModified\":\"2025-01-13T11:42:07+00:00\",\"breadcrumb\":{\"@id\":\"https:\/\/vinilozona.lt\/parduotuve\/cd\/naudoti-cd\/ddt-%d1%8f-%d0%bf%d0%be%d0%bb%d1%83%d1%87%d0%b8%d0%bb-%d1%8d%d1%82%d1%83-%d1%80%d0%be%d0%bb%d1%8c-cd\/#breadcrumb\"},\"inLanguage\":\"en-GB\",\"potentialAction\":[{\"@type\":\"ReadAction\",\"target\":[\"https:\/\/vinilozona.lt\/parduotuve\/cd\/naudoti-cd\/ddt-%d1%8f-%d0%bf%d0%be%d0%bb%d1%83%d1%87%d0%b8%d0%bb-%d1%8d%d1%82%d1%83-%d1%80%d0%be%d0%bb%d1%8c-cd\/\"]}]},{\"@type\":\"ImageObject\",\"inLanguage\":\"en-GB\",\"@id\":\"https:\/\/vinilozona.lt\/parduotuve\/cd\/naudoti-cd\/ddt-%d1%8f-%d0%bf%d0%be%d0%bb%d1%83%d1%87%d0%b8%d0%bb-%d1%8d%d1%82%d1%83-%d1%80%d0%be%d0%bb%d1%8c-cd\/#primaryimage\",\"url\":\"https:\/\/vinilozona.lt\/wp-content\/uploads\/2024\/11\/R-2405381-1282192350.jpg\",\"contentUrl\":\"https:\/\/vinilozona.lt\/wp-content\/uploads\/2024\/11\/R-2405381-1282192350.jpg\",\"width\":600,\"height\":592},{\"@type\":\"BreadcrumbList\",\"@id\":\"https:\/\/vinilozona.lt\/parduotuve\/cd\/naudoti-cd\/ddt-%d1%8f-%d0%bf%d0%be%d0%bb%d1%83%d1%87%d0%b8%d0%bb-%d1%8d%d1%82%d1%83-%d1%80%d0%be%d0%bb%d1%8c-cd\/#breadcrumb\",\"itemListElement\":[{\"@type\":\"ListItem\",\"position\":1,\"name\":\"Home\",\"item\":\"https:\/\/vinilozona.lt\/\"},{\"@type\":\"ListItem\",\"position\":2,\"name\":\"Parduotuv\u0117\",\"item\":\"https:\/\/vinilozona.lt\/parduotuve\/\"},{\"@type\":\"ListItem\",\"position\":3,\"name\":\"DDT \u2013 \u042f \u041f\u043e\u043b\u0443\u0447\u0438\u043b \u042d\u0442\u0443 \u0420\u043e\u043b\u044c CD\"}]},{\"@type\":\"WebSite\",\"@id\":\"https:\/\/vinilozona.lt\/#website\",\"url\":\"https:\/\/vinilozona.lt\/\",\"name\":\"Vinilo Zona\",\"description\":\"Nup\u016bsk dulkes ir klausyk LP\",\"potentialAction\":[{\"@type\":\"SearchAction\",\"target\":{\"@type\":\"EntryPoint\",\"urlTemplate\":\"https:\/\/vinilozona.lt\/?s={search_term_string}\"},\"query-input\":{\"@type\":\"PropertyValueSpecification\",\"valueRequired\":true,\"valueName\":\"search_term_string\"}}],\"inLanguage\":\"en-GB\"}]}<\/script>\n<!-- \/ Yoast SEO plugin. -->","yoast_head_json":{"title":"DDT \u2013 \u042f \u041f\u043e\u043b\u0443\u0447\u0438\u043b \u042d\u0442\u0443 \u0420\u043e\u043b\u044c CD Vinilin\u0117 Plok\u0161tel\u0117 | Vinilozona.lt","robots":{"index":"index","follow":"follow","max-snippet":"max-snippet:-1","max-image-preview":"max-image-preview:large","max-video-preview":"max-video-preview:-1"},"canonical":"https:\/\/vinilozona.lt\/en\/parduotuve\/cd\/naudoti-cd\/ddt-\u044f-\u043f\u043e\u043b\u0443\u0447\u0438\u043b-\u044d\u0442\u0443-\u0440\u043e\u043b\u044c-cd\/","og_locale":"en_GB","og_type":"article","og_title":"DDT \u2013 \u042f \u041f\u043e\u043b\u0443\u0447\u0438\u043b \u042d\u0442\u0443 \u0420\u043e\u043b\u044c CD Vinilin\u0117 Plok\u0161tel\u0117 | Vinilozona.lt","og_description":"Baltic Optical Disc \u2013 RU-203 Format: CD, Album, Reissue Country: Lithuania","og_url":"https:\/\/vinilozona.lt\/en\/parduotuve\/cd\/naudoti-cd\/ddt-\u044f-\u043f\u043e\u043b\u0443\u0447\u0438\u043b-\u044d\u0442\u0443-\u0440\u043e\u043b\u044c-cd\/","og_site_name":"Vinilo Zona","article_modified_time":"2025-01-13T11:42:07+00:00","og_image":[{"width":600,"height":592,"url":"https:\/\/vinilozona.lt\/wp-content\/uploads\/2024\/11\/R-2405381-1282192350.jpg","type":"image\/jpeg"}],"twitter_card":"summary_large_image","twitter_misc":{"Estimated reading time":"1 minute"},"schema":{"@context":"https:\/\/schema.org","@graph":[{"@type":"WebPage","@id":"https:\/\/vinilozona.lt\/parduotuve\/cd\/naudoti-cd\/ddt-%d1%8f-%d0%bf%d0%be%d0%bb%d1%83%d1%87%d0%b8%d0%bb-%d1%8d%d1%82%d1%83-%d1%80%d0%be%d0%bb%d1%8c-cd\/","url":"https:\/\/vinilozona.lt\/parduotuve\/cd\/naudoti-cd\/ddt-%d1%8f-%d0%bf%d0%be%d0%bb%d1%83%d1%87%d0%b8%d0%bb-%d1%8d%d1%82%d1%83-%d1%80%d0%be%d0%bb%d1%8c-cd\/","name":"DDT \u2013 \u042f \u041f\u043e\u043b\u0443\u0447\u0438\u043b \u042d\u0442\u0443 \u0420\u043e\u043b\u044c CD Vinilin\u0117 Plok\u0161tel\u0117 | Vinilozona.lt","isPartOf":{"@id":"https:\/\/vinilozona.lt\/#website"},"primaryImageOfPage":{"@id":"https:\/\/vinilozona.lt\/parduotuve\/cd\/naudoti-cd\/ddt-%d1%8f-%d0%bf%d0%be%d0%bb%d1%83%d1%87%d0%b8%d0%bb-%d1%8d%d1%82%d1%83-%d1%80%d0%be%d0%bb%d1%8c-cd\/#primaryimage"},"image":{"@id":"https:\/\/vinilozona.lt\/parduotuve\/cd\/naudoti-cd\/ddt-%d1%8f-%d0%bf%d0%be%d0%bb%d1%83%d1%87%d0%b8%d0%bb-%d1%8d%d1%82%d1%83-%d1%80%d0%be%d0%bb%d1%8c-cd\/#primaryimage"},"thumbnailUrl":"https:\/\/vinilozona.lt\/wp-content\/uploads\/2024\/11\/R-2405381-1282192350.jpg","datePublished":"2024-09-19T15:51:35+00:00","dateModified":"2025-01-13T11:42:07+00:00","breadcrumb":{"@id":"https:\/\/vinilozona.lt\/parduotuve\/cd\/naudoti-cd\/ddt-%d1%8f-%d0%bf%d0%be%d0%bb%d1%83%d1%87%d0%b8%d0%bb-%d1%8d%d1%82%d1%83-%d1%80%d0%be%d0%bb%d1%8c-cd\/#breadcrumb"},"inLanguage":"en-GB","potentialAction":[{"@type":"ReadAction","target":["https:\/\/vinilozona.lt\/parduotuve\/cd\/naudoti-cd\/ddt-%d1%8f-%d0%bf%d0%be%d0%bb%d1%83%d1%87%d0%b8%d0%bb-%d1%8d%d1%82%d1%83-%d1%80%d0%be%d0%bb%d1%8c-cd\/"]}]},{"@type":"ImageObject","inLanguage":"en-GB","@id":"https:\/\/vinilozona.lt\/parduotuve\/cd\/naudoti-cd\/ddt-%d1%8f-%d0%bf%d0%be%d0%bb%d1%83%d1%87%d0%b8%d0%bb-%d1%8d%d1%82%d1%83-%d1%80%d0%be%d0%bb%d1%8c-cd\/#primaryimage","url":"https:\/\/vinilozona.lt\/wp-content\/uploads\/2024\/11\/R-2405381-1282192350.jpg","contentUrl":"https:\/\/vinilozona.lt\/wp-content\/uploads\/2024\/11\/R-2405381-1282192350.jpg","width":600,"height":592},{"@type":"BreadcrumbList","@id":"https:\/\/vinilozona.lt\/parduotuve\/cd\/naudoti-cd\/ddt-%d1%8f-%d0%bf%d0%be%d0%bb%d1%83%d1%87%d0%b8%d0%bb-%d1%8d%d1%82%d1%83-%d1%80%d0%be%d0%bb%d1%8c-cd\/#breadcrumb","itemListElement":[{"@type":"ListItem","position":1,"name":"Home","item":"https:\/\/vinilozona.lt\/"},{"@type":"ListItem","position":2,"name":"Parduotuv\u0117","item":"https:\/\/vinilozona.lt\/parduotuve\/"},{"@type":"ListItem","position":3,"name":"DDT \u2013 \u042f \u041f\u043e\u043b\u0443\u0447\u0438\u043b \u042d\u0442\u0443 \u0420\u043e\u043b\u044c CD"}]},{"@type":"WebSite","@id":"https:\/\/vinilozona.lt\/#website","url":"https:\/\/vinilozona.lt\/","name":"Vinilo Zona","description":"Nup\u016bsk dulkes ir klausyk LP","potentialAction":[{"@type":"SearchAction","target":{"@type":"EntryPoint","urlTemplate":"https:\/\/vinilozona.lt\/?s={search_term_string}"},"query-input":{"@type":"PropertyValueSpecification","valueRequired":true,"valueName":"search_term_string"}}],"inLanguage":"en-GB"}]}},"_links":{"self":[{"href":"https:\/\/vinilozona.lt\/en\/wp-json\/wp\/v2\/product\/26410"}],"collection":[{"href":"https:\/\/vinilozona.lt\/en\/wp-json\/wp\/v2\/product"}],"about":[{"href":"https:\/\/vinilozona.lt\/en\/wp-json\/wp\/v2\/types\/product"}],"wp:featuredmedia":[{"embeddable":true,"href":"https:\/\/vinilozona.lt\/en\/wp-json\/wp\/v2\/media\/26411"}],"wp:attachment":[{"href":"https:\/\/vinilozona.lt\/en\/wp-json\/wp\/v2\/media?parent=26410"}],"wp:term":[{"taxonomy":"product_cat","embeddable":true,"href":"https:\/\/vinilozona.lt\/en\/wp-json\/wp\/v2\/product_cat?post=26410"},{"taxonomy":"product_tag","embeddable":true,"href":"https:\/\/vinilozona.lt\/en\/wp-json\/wp\/v2\/product_tag?post=26410"}],"curies":[{"name":"wp","href":"https:\/\/api.w.org\/{rel}","templated":true}]}}