{"id":2638,"date":"2025-12-08T05:01:49","date_gmt":"2025-12-08T03:01:49","guid":{"rendered":"https:\/\/vinylhome.lt\/?post_type=product&#038;p=2638"},"modified":"2025-12-08T07:01:42","modified_gmt":"2025-12-08T05:01:42","slug":"jimi-hendrix-%e2%80%8e-jimi-hendrix","status":"publish","type":"product","link":"https:\/\/vinilozona.lt\/en\/parduotuve\/rock-pop\/jimi-hendrix-%e2%80%8e-jimi-hendrix\/","title":{"rendered":"Rolling Stones \u2013 Big Hits (High Tide And Green Grass)"},"content":{"rendered":"<p>Have You Seen Your Mother, Baby, Standing In The Shadow?\t2:30<br \/>\nPaint It, Black\t3:10<br \/>\nIt&#8217;s All Over Now\t3:20<br \/>\nThe Last Time\t3:35<br \/>\nHeart Of Stone\t2:49<br \/>\nNot Fade Away\t1:48<br \/>\nCome On\t1:40<br \/>\n(I Can&#8217;t Get No) Satisfaction\t3:45<br \/>\nGet Off Of My Cloud\t2:52<br \/>\nAs Tears Go By\t2:45<br \/>\n19th. Nervous Breakdown\t3:50<br \/>\nLady Jane\t3:06<br \/>\nTime Is On My Side\t2:50<br \/>\nLittle Red Rooster\t2:55<\/p>","protected":false},"excerpt":{"rendered":"<p>Decca \u2013 62 502, Decca \u2013 SAD 258-A<br \/>\nFormat:<br \/>\nVinyl, LP, Compilation, Club Edition, Stereo<br \/>\nCountry:<br \/>\nGermany<br \/>\nReleased:<br \/>\n1973<\/p>","protected":false},"featured_media":29960,"template":"","meta":[],"product_cat":[15],"product_tag":[44],"yoast_head":"<!-- This site is optimized with the Yoast SEO plugin v23.5 - https:\/\/yoast.com\/wordpress\/plugins\/seo\/ -->\n<title>Rolling Stones \u2013 Big Hits (High Tide And Green Grass) Vinilin\u0117 Plok\u0161tel\u0117 | Vinilozona.lt<\/title>\n<meta name=\"robots\" content=\"index, follow, max-snippet:-1, max-image-preview:large, max-video-preview:-1\" \/>\n<link rel=\"canonical\" href=\"https:\/\/vinilozona.lt\/en\/parduotuve\/rock-pop\/jimi-hendrix-\u200e-jimi-hendrix\/\" \/>\n<meta property=\"og:locale\" content=\"en_GB\" \/>\n<meta property=\"og:type\" content=\"article\" \/>\n<meta property=\"og:title\" content=\"Rolling Stones \u2013 Big Hits (High Tide And Green Grass) Vinilin\u0117 Plok\u0161tel\u0117 | Vinilozona.lt\" \/>\n<meta property=\"og:description\" content=\"Decca \u2013 62 502, Decca \u2013 SAD 258-A Format: Vinyl, LP, Compilation, Club Edition, Stereo Country: Germany Released: 1973\" \/>\n<meta property=\"og:url\" content=\"https:\/\/vinilozona.lt\/en\/parduotuve\/rock-pop\/jimi-hendrix-\u200e-jimi-hendrix\/\" \/>\n<meta property=\"og:site_name\" content=\"Vinilo Zona\" \/>\n<meta property=\"article:modified_time\" content=\"2025-12-08T05:01:42+00:00\" \/>\n<meta property=\"og:image\" content=\"https:\/\/vinilozona.lt\/wp-content\/uploads\/2020\/01\/R-1631587-1455402460-8675.jpg\" \/>\n\t<meta property=\"og:image:width\" content=\"599\" \/>\n\t<meta property=\"og:image:height\" content=\"588\" \/>\n\t<meta property=\"og:image:type\" content=\"image\/jpeg\" \/>\n<meta name=\"twitter:card\" content=\"summary_large_image\" \/>\n<meta name=\"twitter:label1\" content=\"Estimated reading time\" \/>\n\t<meta name=\"twitter:data1\" content=\"1 minute\" \/>\n<script type=\"application\/ld+json\" class=\"yoast-schema-graph\">{\"@context\":\"https:\/\/schema.org\",\"@graph\":[{\"@type\":\"WebPage\",\"@id\":\"https:\/\/vinilozona.lt\/parduotuve\/rock-pop\/jimi-hendrix-%e2%80%8e-jimi-hendrix\/\",\"url\":\"https:\/\/vinilozona.lt\/parduotuve\/rock-pop\/jimi-hendrix-%e2%80%8e-jimi-hendrix\/\",\"name\":\"Rolling Stones \u2013 Big Hits (High Tide And Green Grass) Vinilin\u0117 Plok\u0161tel\u0117 | Vinilozona.lt\",\"isPartOf\":{\"@id\":\"https:\/\/vinilozona.lt\/#website\"},\"primaryImageOfPage\":{\"@id\":\"https:\/\/vinilozona.lt\/parduotuve\/rock-pop\/jimi-hendrix-%e2%80%8e-jimi-hendrix\/#primaryimage\"},\"image\":{\"@id\":\"https:\/\/vinilozona.lt\/parduotuve\/rock-pop\/jimi-hendrix-%e2%80%8e-jimi-hendrix\/#primaryimage\"},\"thumbnailUrl\":\"https:\/\/vinilozona.lt\/wp-content\/uploads\/2020\/01\/R-1631587-1455402460-8675.jpg\",\"datePublished\":\"2025-12-08T03:01:49+00:00\",\"dateModified\":\"2025-12-08T05:01:42+00:00\",\"breadcrumb\":{\"@id\":\"https:\/\/vinilozona.lt\/parduotuve\/rock-pop\/jimi-hendrix-%e2%80%8e-jimi-hendrix\/#breadcrumb\"},\"inLanguage\":\"en-GB\",\"potentialAction\":[{\"@type\":\"ReadAction\",\"target\":[\"https:\/\/vinilozona.lt\/parduotuve\/rock-pop\/jimi-hendrix-%e2%80%8e-jimi-hendrix\/\"]}]},{\"@type\":\"ImageObject\",\"inLanguage\":\"en-GB\",\"@id\":\"https:\/\/vinilozona.lt\/parduotuve\/rock-pop\/jimi-hendrix-%e2%80%8e-jimi-hendrix\/#primaryimage\",\"url\":\"https:\/\/vinilozona.lt\/wp-content\/uploads\/2020\/01\/R-1631587-1455402460-8675.jpg\",\"contentUrl\":\"https:\/\/vinilozona.lt\/wp-content\/uploads\/2020\/01\/R-1631587-1455402460-8675.jpg\",\"width\":599,\"height\":588},{\"@type\":\"BreadcrumbList\",\"@id\":\"https:\/\/vinilozona.lt\/parduotuve\/rock-pop\/jimi-hendrix-%e2%80%8e-jimi-hendrix\/#breadcrumb\",\"itemListElement\":[{\"@type\":\"ListItem\",\"position\":1,\"name\":\"Home\",\"item\":\"https:\/\/vinilozona.lt\/\"},{\"@type\":\"ListItem\",\"position\":2,\"name\":\"Parduotuv\u0117\",\"item\":\"https:\/\/vinilozona.lt\/parduotuve\/\"},{\"@type\":\"ListItem\",\"position\":3,\"name\":\"Rolling Stones \u2013 Big Hits (High Tide And Green Grass)\"}]},{\"@type\":\"WebSite\",\"@id\":\"https:\/\/vinilozona.lt\/#website\",\"url\":\"https:\/\/vinilozona.lt\/\",\"name\":\"Vinilo Zona\",\"description\":\"Nup\u016bsk dulkes ir klausyk LP\",\"potentialAction\":[{\"@type\":\"SearchAction\",\"target\":{\"@type\":\"EntryPoint\",\"urlTemplate\":\"https:\/\/vinilozona.lt\/?s={search_term_string}\"},\"query-input\":{\"@type\":\"PropertyValueSpecification\",\"valueRequired\":true,\"valueName\":\"search_term_string\"}}],\"inLanguage\":\"en-GB\"}]}<\/script>\n<!-- \/ Yoast SEO plugin. -->","yoast_head_json":{"title":"Rolling Stones \u2013 Big Hits (High Tide And Green Grass) Vinilin\u0117 Plok\u0161tel\u0117 | Vinilozona.lt","robots":{"index":"index","follow":"follow","max-snippet":"max-snippet:-1","max-image-preview":"max-image-preview:large","max-video-preview":"max-video-preview:-1"},"canonical":"https:\/\/vinilozona.lt\/en\/parduotuve\/rock-pop\/jimi-hendrix-\u200e-jimi-hendrix\/","og_locale":"en_GB","og_type":"article","og_title":"Rolling Stones \u2013 Big Hits (High Tide And Green Grass) Vinilin\u0117 Plok\u0161tel\u0117 | Vinilozona.lt","og_description":"Decca \u2013 62 502, Decca \u2013 SAD 258-A Format: Vinyl, LP, Compilation, Club Edition, Stereo Country: Germany Released: 1973","og_url":"https:\/\/vinilozona.lt\/en\/parduotuve\/rock-pop\/jimi-hendrix-\u200e-jimi-hendrix\/","og_site_name":"Vinilo Zona","article_modified_time":"2025-12-08T05:01:42+00:00","og_image":[{"width":599,"height":588,"url":"https:\/\/vinilozona.lt\/wp-content\/uploads\/2020\/01\/R-1631587-1455402460-8675.jpg","type":"image\/jpeg"}],"twitter_card":"summary_large_image","twitter_misc":{"Estimated reading time":"1 minute"},"schema":{"@context":"https:\/\/schema.org","@graph":[{"@type":"WebPage","@id":"https:\/\/vinilozona.lt\/parduotuve\/rock-pop\/jimi-hendrix-%e2%80%8e-jimi-hendrix\/","url":"https:\/\/vinilozona.lt\/parduotuve\/rock-pop\/jimi-hendrix-%e2%80%8e-jimi-hendrix\/","name":"Rolling Stones \u2013 Big Hits (High Tide And Green Grass) Vinilin\u0117 Plok\u0161tel\u0117 | Vinilozona.lt","isPartOf":{"@id":"https:\/\/vinilozona.lt\/#website"},"primaryImageOfPage":{"@id":"https:\/\/vinilozona.lt\/parduotuve\/rock-pop\/jimi-hendrix-%e2%80%8e-jimi-hendrix\/#primaryimage"},"image":{"@id":"https:\/\/vinilozona.lt\/parduotuve\/rock-pop\/jimi-hendrix-%e2%80%8e-jimi-hendrix\/#primaryimage"},"thumbnailUrl":"https:\/\/vinilozona.lt\/wp-content\/uploads\/2020\/01\/R-1631587-1455402460-8675.jpg","datePublished":"2025-12-08T03:01:49+00:00","dateModified":"2025-12-08T05:01:42+00:00","breadcrumb":{"@id":"https:\/\/vinilozona.lt\/parduotuve\/rock-pop\/jimi-hendrix-%e2%80%8e-jimi-hendrix\/#breadcrumb"},"inLanguage":"en-GB","potentialAction":[{"@type":"ReadAction","target":["https:\/\/vinilozona.lt\/parduotuve\/rock-pop\/jimi-hendrix-%e2%80%8e-jimi-hendrix\/"]}]},{"@type":"ImageObject","inLanguage":"en-GB","@id":"https:\/\/vinilozona.lt\/parduotuve\/rock-pop\/jimi-hendrix-%e2%80%8e-jimi-hendrix\/#primaryimage","url":"https:\/\/vinilozona.lt\/wp-content\/uploads\/2020\/01\/R-1631587-1455402460-8675.jpg","contentUrl":"https:\/\/vinilozona.lt\/wp-content\/uploads\/2020\/01\/R-1631587-1455402460-8675.jpg","width":599,"height":588},{"@type":"BreadcrumbList","@id":"https:\/\/vinilozona.lt\/parduotuve\/rock-pop\/jimi-hendrix-%e2%80%8e-jimi-hendrix\/#breadcrumb","itemListElement":[{"@type":"ListItem","position":1,"name":"Home","item":"https:\/\/vinilozona.lt\/"},{"@type":"ListItem","position":2,"name":"Parduotuv\u0117","item":"https:\/\/vinilozona.lt\/parduotuve\/"},{"@type":"ListItem","position":3,"name":"Rolling Stones \u2013 Big Hits (High Tide And Green Grass)"}]},{"@type":"WebSite","@id":"https:\/\/vinilozona.lt\/#website","url":"https:\/\/vinilozona.lt\/","name":"Vinilo Zona","description":"Nup\u016bsk dulkes ir klausyk LP","potentialAction":[{"@type":"SearchAction","target":{"@type":"EntryPoint","urlTemplate":"https:\/\/vinilozona.lt\/?s={search_term_string}"},"query-input":{"@type":"PropertyValueSpecification","valueRequired":true,"valueName":"search_term_string"}}],"inLanguage":"en-GB"}]}},"_links":{"self":[{"href":"https:\/\/vinilozona.lt\/en\/wp-json\/wp\/v2\/product\/2638"}],"collection":[{"href":"https:\/\/vinilozona.lt\/en\/wp-json\/wp\/v2\/product"}],"about":[{"href":"https:\/\/vinilozona.lt\/en\/wp-json\/wp\/v2\/types\/product"}],"wp:featuredmedia":[{"embeddable":true,"href":"https:\/\/vinilozona.lt\/en\/wp-json\/wp\/v2\/media\/29960"}],"wp:attachment":[{"href":"https:\/\/vinilozona.lt\/en\/wp-json\/wp\/v2\/media?parent=2638"}],"wp:term":[{"taxonomy":"product_cat","embeddable":true,"href":"https:\/\/vinilozona.lt\/en\/wp-json\/wp\/v2\/product_cat?post=2638"},{"taxonomy":"product_tag","embeddable":true,"href":"https:\/\/vinilozona.lt\/en\/wp-json\/wp\/v2\/product_tag?post=2638"}],"curies":[{"name":"wp","href":"https:\/\/api.w.org\/{rel}","templated":true}]}}