{"id":26371,"date":"2025-12-04T05:01:38","date_gmt":"2025-12-04T03:01:38","guid":{"rendered":"https:\/\/vinilozona.lt\/?post_type=product&#038;p=26371"},"modified":"2025-12-03T18:17:04","modified_gmt":"2025-12-03T16:17:04","slug":"bonnie-tyler-with-the-city-of-prague-philarmonic-orchestra-heart-soul-13-rock-classics-cd","status":"publish","type":"product","link":"https:\/\/vinilozona.lt\/en\/parduotuve\/cd\/naudoti-cd\/bonnie-tyler-with-the-city-of-prague-philarmonic-orchestra-heart-soul-13-rock-classics-cd\/","title":{"rendered":"Bonnie Tyler With The City Of Prague Philarmonic Orchestra \u2013 Heart &#038; Soul &#8211; 13 Rock Classics  CD"},"content":{"rendered":"<p>1\t\tHuman Touch  4:30<br \/>\n2\t\tAmazed  4:06<br \/>\n3\t\tEverybody Hurts  5:52<br \/>\n4\t\tLearning To Fly  3:55<br \/>\n5\t\tAnd I&#8217;m Telling You I&#8217;m Not Going  4:08<br \/>\n6\t\tAgainst All Odds (Take A Look At Me Now)  4:07<br \/>\n7\t\tI Still Haven&#8217;t Found What I&#8217;m Looking For 4:12<br \/>\n8\t\tIn My Life  2:58<br \/>\n9\t\tLean On Me  4:35<br \/>\n10\t\tI Can&#8217;t Make You Love Me  4:34<br \/>\n11\t\tNeed Your Love So Bad  5:14<br \/>\n12\t\tRight Here Waiting  4:12<br \/>\n13\t\tIt&#8217;s Over  4:15<\/p>","protected":false},"excerpt":{"rendered":"<p>CMC \u2013 5350092<br \/>\nFormat:<br \/>\nCD, Album<br \/>\nCountry: Europe<br \/>\nReleased: 2002<\/p>","protected":false},"featured_media":26372,"template":"","meta":[],"product_cat":[24,946],"product_tag":[44],"yoast_head":"<!-- This site is optimized with the Yoast SEO plugin v23.5 - https:\/\/yoast.com\/wordpress\/plugins\/seo\/ -->\n<title>Bonnie Tyler With The City Of Prague Philarmonic Orchestra \u2013 Heart &amp; Soul - 13 Rock Classics CD Vinilin\u0117 Plok\u0161tel\u0117 | Vinilozona.lt<\/title>\n<meta name=\"robots\" content=\"index, follow, max-snippet:-1, max-image-preview:large, max-video-preview:-1\" \/>\n<link rel=\"canonical\" href=\"https:\/\/vinilozona.lt\/en\/parduotuve\/cd\/naudoti-cd\/bonnie-tyler-with-the-city-of-prague-philarmonic-orchestra-heart-soul-13-rock-classics-cd\/\" \/>\n<meta property=\"og:locale\" content=\"en_GB\" \/>\n<meta property=\"og:type\" content=\"article\" \/>\n<meta property=\"og:title\" content=\"Bonnie Tyler With The City Of Prague Philarmonic Orchestra \u2013 Heart &amp; Soul - 13 Rock Classics CD Vinilin\u0117 Plok\u0161tel\u0117 | Vinilozona.lt\" \/>\n<meta property=\"og:description\" content=\"CMC \u2013 5350092 Format: CD, Album Country: Europe Released: 2002\" \/>\n<meta property=\"og:url\" content=\"https:\/\/vinilozona.lt\/en\/parduotuve\/cd\/naudoti-cd\/bonnie-tyler-with-the-city-of-prague-philarmonic-orchestra-heart-soul-13-rock-classics-cd\/\" \/>\n<meta property=\"og:site_name\" content=\"Vinilo Zona\" \/>\n<meta property=\"article:modified_time\" content=\"2025-12-03T16:17:04+00:00\" \/>\n<meta property=\"og:image\" content=\"https:\/\/vinilozona.lt\/wp-content\/uploads\/2024\/11\/R-3055345-1362936502-1335.jpg\" \/>\n\t<meta property=\"og:image:width\" content=\"600\" \/>\n\t<meta property=\"og:image:height\" content=\"590\" \/>\n\t<meta property=\"og:image:type\" content=\"image\/jpeg\" \/>\n<meta name=\"twitter:card\" content=\"summary_large_image\" \/>\n<meta name=\"twitter:label1\" content=\"Estimated reading time\" \/>\n\t<meta name=\"twitter:data1\" content=\"1 minute\" \/>\n<script type=\"application\/ld+json\" class=\"yoast-schema-graph\">{\"@context\":\"https:\/\/schema.org\",\"@graph\":[{\"@type\":\"WebPage\",\"@id\":\"https:\/\/vinilozona.lt\/parduotuve\/cd\/naudoti-cd\/bonnie-tyler-with-the-city-of-prague-philarmonic-orchestra-heart-soul-13-rock-classics-cd\/\",\"url\":\"https:\/\/vinilozona.lt\/parduotuve\/cd\/naudoti-cd\/bonnie-tyler-with-the-city-of-prague-philarmonic-orchestra-heart-soul-13-rock-classics-cd\/\",\"name\":\"Bonnie Tyler With The City Of Prague Philarmonic Orchestra \u2013 Heart & Soul - 13 Rock Classics CD Vinilin\u0117 Plok\u0161tel\u0117 | Vinilozona.lt\",\"isPartOf\":{\"@id\":\"https:\/\/vinilozona.lt\/#website\"},\"primaryImageOfPage\":{\"@id\":\"https:\/\/vinilozona.lt\/parduotuve\/cd\/naudoti-cd\/bonnie-tyler-with-the-city-of-prague-philarmonic-orchestra-heart-soul-13-rock-classics-cd\/#primaryimage\"},\"image\":{\"@id\":\"https:\/\/vinilozona.lt\/parduotuve\/cd\/naudoti-cd\/bonnie-tyler-with-the-city-of-prague-philarmonic-orchestra-heart-soul-13-rock-classics-cd\/#primaryimage\"},\"thumbnailUrl\":\"https:\/\/vinilozona.lt\/wp-content\/uploads\/2024\/11\/R-3055345-1362936502-1335.jpg\",\"datePublished\":\"2025-12-04T03:01:38+00:00\",\"dateModified\":\"2025-12-03T16:17:04+00:00\",\"breadcrumb\":{\"@id\":\"https:\/\/vinilozona.lt\/parduotuve\/cd\/naudoti-cd\/bonnie-tyler-with-the-city-of-prague-philarmonic-orchestra-heart-soul-13-rock-classics-cd\/#breadcrumb\"},\"inLanguage\":\"en-GB\",\"potentialAction\":[{\"@type\":\"ReadAction\",\"target\":[\"https:\/\/vinilozona.lt\/parduotuve\/cd\/naudoti-cd\/bonnie-tyler-with-the-city-of-prague-philarmonic-orchestra-heart-soul-13-rock-classics-cd\/\"]}]},{\"@type\":\"ImageObject\",\"inLanguage\":\"en-GB\",\"@id\":\"https:\/\/vinilozona.lt\/parduotuve\/cd\/naudoti-cd\/bonnie-tyler-with-the-city-of-prague-philarmonic-orchestra-heart-soul-13-rock-classics-cd\/#primaryimage\",\"url\":\"https:\/\/vinilozona.lt\/wp-content\/uploads\/2024\/11\/R-3055345-1362936502-1335.jpg\",\"contentUrl\":\"https:\/\/vinilozona.lt\/wp-content\/uploads\/2024\/11\/R-3055345-1362936502-1335.jpg\",\"width\":600,\"height\":590},{\"@type\":\"BreadcrumbList\",\"@id\":\"https:\/\/vinilozona.lt\/parduotuve\/cd\/naudoti-cd\/bonnie-tyler-with-the-city-of-prague-philarmonic-orchestra-heart-soul-13-rock-classics-cd\/#breadcrumb\",\"itemListElement\":[{\"@type\":\"ListItem\",\"position\":1,\"name\":\"Home\",\"item\":\"https:\/\/vinilozona.lt\/\"},{\"@type\":\"ListItem\",\"position\":2,\"name\":\"Parduotuv\u0117\",\"item\":\"https:\/\/vinilozona.lt\/parduotuve\/\"},{\"@type\":\"ListItem\",\"position\":3,\"name\":\"Bonnie Tyler With The City Of Prague Philarmonic Orchestra \u2013 Heart &#038; Soul &#8211; 13 Rock Classics CD\"}]},{\"@type\":\"WebSite\",\"@id\":\"https:\/\/vinilozona.lt\/#website\",\"url\":\"https:\/\/vinilozona.lt\/\",\"name\":\"Vinilo Zona\",\"description\":\"Nup\u016bsk dulkes ir klausyk LP\",\"potentialAction\":[{\"@type\":\"SearchAction\",\"target\":{\"@type\":\"EntryPoint\",\"urlTemplate\":\"https:\/\/vinilozona.lt\/?s={search_term_string}\"},\"query-input\":{\"@type\":\"PropertyValueSpecification\",\"valueRequired\":true,\"valueName\":\"search_term_string\"}}],\"inLanguage\":\"en-GB\"}]}<\/script>\n<!-- \/ Yoast SEO plugin. -->","yoast_head_json":{"title":"Bonnie Tyler With The City Of Prague Philarmonic Orchestra \u2013 Heart & Soul - 13 Rock Classics CD Vinilin\u0117 Plok\u0161tel\u0117 | Vinilozona.lt","robots":{"index":"index","follow":"follow","max-snippet":"max-snippet:-1","max-image-preview":"max-image-preview:large","max-video-preview":"max-video-preview:-1"},"canonical":"https:\/\/vinilozona.lt\/en\/parduotuve\/cd\/naudoti-cd\/bonnie-tyler-with-the-city-of-prague-philarmonic-orchestra-heart-soul-13-rock-classics-cd\/","og_locale":"en_GB","og_type":"article","og_title":"Bonnie Tyler With The City Of Prague Philarmonic Orchestra \u2013 Heart & Soul - 13 Rock Classics CD Vinilin\u0117 Plok\u0161tel\u0117 | Vinilozona.lt","og_description":"CMC \u2013 5350092 Format: CD, Album Country: Europe Released: 2002","og_url":"https:\/\/vinilozona.lt\/en\/parduotuve\/cd\/naudoti-cd\/bonnie-tyler-with-the-city-of-prague-philarmonic-orchestra-heart-soul-13-rock-classics-cd\/","og_site_name":"Vinilo Zona","article_modified_time":"2025-12-03T16:17:04+00:00","og_image":[{"width":600,"height":590,"url":"https:\/\/vinilozona.lt\/wp-content\/uploads\/2024\/11\/R-3055345-1362936502-1335.jpg","type":"image\/jpeg"}],"twitter_card":"summary_large_image","twitter_misc":{"Estimated reading time":"1 minute"},"schema":{"@context":"https:\/\/schema.org","@graph":[{"@type":"WebPage","@id":"https:\/\/vinilozona.lt\/parduotuve\/cd\/naudoti-cd\/bonnie-tyler-with-the-city-of-prague-philarmonic-orchestra-heart-soul-13-rock-classics-cd\/","url":"https:\/\/vinilozona.lt\/parduotuve\/cd\/naudoti-cd\/bonnie-tyler-with-the-city-of-prague-philarmonic-orchestra-heart-soul-13-rock-classics-cd\/","name":"Bonnie Tyler With The City Of Prague Philarmonic Orchestra \u2013 Heart & Soul - 13 Rock Classics CD Vinilin\u0117 Plok\u0161tel\u0117 | Vinilozona.lt","isPartOf":{"@id":"https:\/\/vinilozona.lt\/#website"},"primaryImageOfPage":{"@id":"https:\/\/vinilozona.lt\/parduotuve\/cd\/naudoti-cd\/bonnie-tyler-with-the-city-of-prague-philarmonic-orchestra-heart-soul-13-rock-classics-cd\/#primaryimage"},"image":{"@id":"https:\/\/vinilozona.lt\/parduotuve\/cd\/naudoti-cd\/bonnie-tyler-with-the-city-of-prague-philarmonic-orchestra-heart-soul-13-rock-classics-cd\/#primaryimage"},"thumbnailUrl":"https:\/\/vinilozona.lt\/wp-content\/uploads\/2024\/11\/R-3055345-1362936502-1335.jpg","datePublished":"2025-12-04T03:01:38+00:00","dateModified":"2025-12-03T16:17:04+00:00","breadcrumb":{"@id":"https:\/\/vinilozona.lt\/parduotuve\/cd\/naudoti-cd\/bonnie-tyler-with-the-city-of-prague-philarmonic-orchestra-heart-soul-13-rock-classics-cd\/#breadcrumb"},"inLanguage":"en-GB","potentialAction":[{"@type":"ReadAction","target":["https:\/\/vinilozona.lt\/parduotuve\/cd\/naudoti-cd\/bonnie-tyler-with-the-city-of-prague-philarmonic-orchestra-heart-soul-13-rock-classics-cd\/"]}]},{"@type":"ImageObject","inLanguage":"en-GB","@id":"https:\/\/vinilozona.lt\/parduotuve\/cd\/naudoti-cd\/bonnie-tyler-with-the-city-of-prague-philarmonic-orchestra-heart-soul-13-rock-classics-cd\/#primaryimage","url":"https:\/\/vinilozona.lt\/wp-content\/uploads\/2024\/11\/R-3055345-1362936502-1335.jpg","contentUrl":"https:\/\/vinilozona.lt\/wp-content\/uploads\/2024\/11\/R-3055345-1362936502-1335.jpg","width":600,"height":590},{"@type":"BreadcrumbList","@id":"https:\/\/vinilozona.lt\/parduotuve\/cd\/naudoti-cd\/bonnie-tyler-with-the-city-of-prague-philarmonic-orchestra-heart-soul-13-rock-classics-cd\/#breadcrumb","itemListElement":[{"@type":"ListItem","position":1,"name":"Home","item":"https:\/\/vinilozona.lt\/"},{"@type":"ListItem","position":2,"name":"Parduotuv\u0117","item":"https:\/\/vinilozona.lt\/parduotuve\/"},{"@type":"ListItem","position":3,"name":"Bonnie Tyler With The City Of Prague Philarmonic Orchestra \u2013 Heart &#038; Soul &#8211; 13 Rock Classics CD"}]},{"@type":"WebSite","@id":"https:\/\/vinilozona.lt\/#website","url":"https:\/\/vinilozona.lt\/","name":"Vinilo Zona","description":"Nup\u016bsk dulkes ir klausyk LP","potentialAction":[{"@type":"SearchAction","target":{"@type":"EntryPoint","urlTemplate":"https:\/\/vinilozona.lt\/?s={search_term_string}"},"query-input":{"@type":"PropertyValueSpecification","valueRequired":true,"valueName":"search_term_string"}}],"inLanguage":"en-GB"}]}},"_links":{"self":[{"href":"https:\/\/vinilozona.lt\/en\/wp-json\/wp\/v2\/product\/26371"}],"collection":[{"href":"https:\/\/vinilozona.lt\/en\/wp-json\/wp\/v2\/product"}],"about":[{"href":"https:\/\/vinilozona.lt\/en\/wp-json\/wp\/v2\/types\/product"}],"wp:featuredmedia":[{"embeddable":true,"href":"https:\/\/vinilozona.lt\/en\/wp-json\/wp\/v2\/media\/26372"}],"wp:attachment":[{"href":"https:\/\/vinilozona.lt\/en\/wp-json\/wp\/v2\/media?parent=26371"}],"wp:term":[{"taxonomy":"product_cat","embeddable":true,"href":"https:\/\/vinilozona.lt\/en\/wp-json\/wp\/v2\/product_cat?post=26371"},{"taxonomy":"product_tag","embeddable":true,"href":"https:\/\/vinilozona.lt\/en\/wp-json\/wp\/v2\/product_tag?post=26371"}],"curies":[{"name":"wp","href":"https:\/\/api.w.org\/{rel}","templated":true}]}}