{"id":26358,"date":"2024-05-13T09:10:59","date_gmt":"2024-05-13T06:10:59","guid":{"rendered":"https:\/\/vinilozona.lt\/?post_type=product&#038;p=26358"},"modified":"2024-11-13T09:18:01","modified_gmt":"2024-11-13T07:18:01","slug":"%d0%b2%d0%bb%d0%b0%d0%b4%d0%b8%d0%bc%d0%b8%d1%80-%d0%b2%d1%8b%d1%81%d0%be%d1%86%d0%ba%d0%b8%d0%b9-%d1%81%d1%8b%d0%bd%d0%be%d0%b2%d1%8c%d1%8f-%d1%83%d1%85%d0%be%d0%b4%d1%8f%d1%82-%d0%b2","status":"publish","type":"product","link":"https:\/\/vinilozona.lt\/en\/parduotuve\/kita\/%d0%b2%d0%bb%d0%b0%d0%b4%d0%b8%d0%bc%d0%b8%d1%80-%d0%b2%d1%8b%d1%81%d0%be%d1%86%d0%ba%d0%b8%d0%b9-%d1%81%d1%8b%d0%bd%d0%be%d0%b2%d1%8c%d1%8f-%d1%83%d1%85%d0%be%d0%b4%d1%8f%d1%82-%d0%b2\/","title":{"rendered":"\u0412\u043b\u0430\u0434\u0438\u043c\u0438\u0440 \u0412\u044b\u0441\u043e\u0446\u043a\u0438\u0439 \u2013 \u0421\u044b\u043d\u043e\u0432\u044c\u044f \u0423\u0445\u043e\u0434\u044f\u0442 \u0412 \u0411\u043e\u0439 &#8211; 1"},"content":{"rendered":"<p>\u04101\t\t\u0412\u043b\u0430\u0434\u0438\u043c\u0438\u0440 \u0412\u044b\u0441\u043e\u0446\u043a\u0438\u0439 \u041e \u0421\u0432\u043e\u0438\u0445 \u041f\u0435\u0441\u043d\u044f\u0445\t2:08<br \/>\n\u04102\t\t\u0421\u044b\u043d\u043e\u0432\u044c\u044f \u0423\u0445\u043e\u0434\u044f\u0442 \u0412 \u0411\u043e\u0439\t2:26<br \/>\n\u04103\t\t\u0410\u0438\u0441\u0442\u044b\t4:10<br \/>\n\u04104\t\t\u041f\u043e\u0436\u0430\u0440\u044b\t3:05<br \/>\n\u04105\t\t\u0413\u043e\u0440\u043d\u043e\u0435 \u042d\u0445\u043e\t2:36<br \/>\n\u04106\t\t\u0410 \u041d\u0430 \u0412\u043e\u0439\u043d\u0435, \u041a\u0430\u043a \u041d\u0430 \u0412\u043e\u0439\u043d\u0435\t1:06<br \/>\n\u04107\t\t\u0412 \u0422\u0435\u043c\u043d\u043e\u0442\u0435\t2:07<br \/>\n\u04108\t\t\u041c\u044b \u0412\u0440\u0430\u0449\u0430\u0435\u043c \u0417\u0435\u043c\u043b\u044e\t3:26<br \/>\n\u04121\t\t\u0420\u0430\u0437\u0432\u0435\u0434\u043a\u0430 \u0411\u043e\u0435\u043c\t2:35<br \/>\n\u04122\t\t\u0418\u0445 \u0412\u043e\u0441\u0435\u043c\u044c, \u041d\u0430\u0441 \u2013 \u0414\u0432\u043e\u0435\t2:37<br \/>\n\u04123\t\t\u041b\u0435\u0442\u0447\u0438\u043a-\u0418\u0441\u043f\u044b\u0442\u0430\u0442\u0435\u043b\u044c\t2:47<br \/>\n\u04124\t\t\u041c\u044b \u0412\u0437\u043b\u0435\u0442\u0430\u043b\u0438, \u041a\u0430\u043a \u0423\u0442\u043a\u0438\t2:35<br \/>\n\u04125\t\t\u0417\u0432\u0435\u0437\u0434\u044b\t2:05<br \/>\n\u04126\t\t\u041e\u043d \u041d\u0435 \u0412\u0435\u0440\u043d\u0443\u043b\u0441\u044f \u0418\u0437 \u0411\u043e\u044f\t3:15<br \/>\n\u04127\t\t\u00ab\u042f\u043a\u00bb-\u0418\u0441\u0442\u0440\u0435\u0431\u0438\u0442\u0435\u043b\u044c\t3:28<\/p>","protected":false},"excerpt":{"rendered":"<p>\u041c\u0435\u043b\u043e\u0434\u0438\u044f \u2013 \u041c60 47429 008<br \/>\nFormat:<br \/>\nVinyl, LP, Album, Mono<br \/>\nCountry:<br \/>\nUSSR<br \/>\nReleased:<br \/>\n1986<\/p>","protected":false},"featured_media":26360,"template":"","meta":[],"product_cat":[21],"product_tag":[44],"yoast_head":"<!-- This site is optimized with the Yoast SEO plugin v23.5 - https:\/\/yoast.com\/wordpress\/plugins\/seo\/ -->\n<title>\u0412\u043b\u0430\u0434\u0438\u043c\u0438\u0440 \u0412\u044b\u0441\u043e\u0446\u043a\u0438\u0439 \u2013 \u0421\u044b\u043d\u043e\u0432\u044c\u044f \u0423\u0445\u043e\u0434\u044f\u0442 \u0412 \u0411\u043e\u0439 - 1 Vinilin\u0117 Plok\u0161tel\u0117 | Vinilozona.lt<\/title>\n<meta name=\"robots\" content=\"index, follow, max-snippet:-1, max-image-preview:large, max-video-preview:-1\" \/>\n<link rel=\"canonical\" href=\"https:\/\/vinilozona.lt\/en\/parduotuve\/kita\/\u0432\u043b\u0430\u0434\u0438\u043c\u0438\u0440-\u0432\u044b\u0441\u043e\u0446\u043a\u0438\u0439-\u0441\u044b\u043d\u043e\u0432\u044c\u044f-\u0443\u0445\u043e\u0434\u044f\u0442-\u0432\/\" \/>\n<meta property=\"og:locale\" content=\"en_GB\" \/>\n<meta property=\"og:type\" content=\"article\" \/>\n<meta property=\"og:title\" content=\"\u0412\u043b\u0430\u0434\u0438\u043c\u0438\u0440 \u0412\u044b\u0441\u043e\u0446\u043a\u0438\u0439 \u2013 \u0421\u044b\u043d\u043e\u0432\u044c\u044f \u0423\u0445\u043e\u0434\u044f\u0442 \u0412 \u0411\u043e\u0439 - 1 Vinilin\u0117 Plok\u0161tel\u0117 | Vinilozona.lt\" \/>\n<meta property=\"og:description\" content=\"\u041c\u0435\u043b\u043e\u0434\u0438\u044f \u2013 \u041c60 47429 008 Format: Vinyl, LP, Album, Mono Country: USSR Released: 1986\" \/>\n<meta property=\"og:url\" content=\"https:\/\/vinilozona.lt\/en\/parduotuve\/kita\/\u0432\u043b\u0430\u0434\u0438\u043c\u0438\u0440-\u0432\u044b\u0441\u043e\u0446\u043a\u0438\u0439-\u0441\u044b\u043d\u043e\u0432\u044c\u044f-\u0443\u0445\u043e\u0434\u044f\u0442-\u0432\/\" \/>\n<meta property=\"og:site_name\" content=\"Vinilo Zona\" \/>\n<meta property=\"article:modified_time\" content=\"2024-11-13T07:18:01+00:00\" \/>\n<meta property=\"og:image\" content=\"https:\/\/vinilozona.lt\/wp-content\/uploads\/2024\/03\/R-2386060-1281254833.jpg\" \/>\n\t<meta property=\"og:image:width\" content=\"600\" \/>\n\t<meta property=\"og:image:height\" content=\"600\" \/>\n\t<meta property=\"og:image:type\" content=\"image\/jpeg\" \/>\n<meta name=\"twitter:card\" content=\"summary_large_image\" \/>\n<meta name=\"twitter:label1\" content=\"Estimated reading time\" \/>\n\t<meta name=\"twitter:data1\" content=\"1 minute\" \/>\n<script type=\"application\/ld+json\" class=\"yoast-schema-graph\">{\"@context\":\"https:\/\/schema.org\",\"@graph\":[{\"@type\":\"WebPage\",\"@id\":\"https:\/\/vinilozona.lt\/parduotuve\/kita\/%d0%b2%d0%bb%d0%b0%d0%b4%d0%b8%d0%bc%d0%b8%d1%80-%d0%b2%d1%8b%d1%81%d0%be%d1%86%d0%ba%d0%b8%d0%b9-%d1%81%d1%8b%d0%bd%d0%be%d0%b2%d1%8c%d1%8f-%d1%83%d1%85%d0%be%d0%b4%d1%8f%d1%82-%d0%b2\/\",\"url\":\"https:\/\/vinilozona.lt\/parduotuve\/kita\/%d0%b2%d0%bb%d0%b0%d0%b4%d0%b8%d0%bc%d0%b8%d1%80-%d0%b2%d1%8b%d1%81%d0%be%d1%86%d0%ba%d0%b8%d0%b9-%d1%81%d1%8b%d0%bd%d0%be%d0%b2%d1%8c%d1%8f-%d1%83%d1%85%d0%be%d0%b4%d1%8f%d1%82-%d0%b2\/\",\"name\":\"\u0412\u043b\u0430\u0434\u0438\u043c\u0438\u0440 \u0412\u044b\u0441\u043e\u0446\u043a\u0438\u0439 \u2013 \u0421\u044b\u043d\u043e\u0432\u044c\u044f \u0423\u0445\u043e\u0434\u044f\u0442 \u0412 \u0411\u043e\u0439 - 1 Vinilin\u0117 Plok\u0161tel\u0117 | Vinilozona.lt\",\"isPartOf\":{\"@id\":\"https:\/\/vinilozona.lt\/#website\"},\"primaryImageOfPage\":{\"@id\":\"https:\/\/vinilozona.lt\/parduotuve\/kita\/%d0%b2%d0%bb%d0%b0%d0%b4%d0%b8%d0%bc%d0%b8%d1%80-%d0%b2%d1%8b%d1%81%d0%be%d1%86%d0%ba%d0%b8%d0%b9-%d1%81%d1%8b%d0%bd%d0%be%d0%b2%d1%8c%d1%8f-%d1%83%d1%85%d0%be%d0%b4%d1%8f%d1%82-%d0%b2\/#primaryimage\"},\"image\":{\"@id\":\"https:\/\/vinilozona.lt\/parduotuve\/kita\/%d0%b2%d0%bb%d0%b0%d0%b4%d0%b8%d0%bc%d0%b8%d1%80-%d0%b2%d1%8b%d1%81%d0%be%d1%86%d0%ba%d0%b8%d0%b9-%d1%81%d1%8b%d0%bd%d0%be%d0%b2%d1%8c%d1%8f-%d1%83%d1%85%d0%be%d0%b4%d1%8f%d1%82-%d0%b2\/#primaryimage\"},\"thumbnailUrl\":\"https:\/\/vinilozona.lt\/wp-content\/uploads\/2024\/03\/R-2386060-1281254833.jpg\",\"datePublished\":\"2024-05-13T06:10:59+00:00\",\"dateModified\":\"2024-11-13T07:18:01+00:00\",\"breadcrumb\":{\"@id\":\"https:\/\/vinilozona.lt\/parduotuve\/kita\/%d0%b2%d0%bb%d0%b0%d0%b4%d0%b8%d0%bc%d0%b8%d1%80-%d0%b2%d1%8b%d1%81%d0%be%d1%86%d0%ba%d0%b8%d0%b9-%d1%81%d1%8b%d0%bd%d0%be%d0%b2%d1%8c%d1%8f-%d1%83%d1%85%d0%be%d0%b4%d1%8f%d1%82-%d0%b2\/#breadcrumb\"},\"inLanguage\":\"en-GB\",\"potentialAction\":[{\"@type\":\"ReadAction\",\"target\":[\"https:\/\/vinilozona.lt\/parduotuve\/kita\/%d0%b2%d0%bb%d0%b0%d0%b4%d0%b8%d0%bc%d0%b8%d1%80-%d0%b2%d1%8b%d1%81%d0%be%d1%86%d0%ba%d0%b8%d0%b9-%d1%81%d1%8b%d0%bd%d0%be%d0%b2%d1%8c%d1%8f-%d1%83%d1%85%d0%be%d0%b4%d1%8f%d1%82-%d0%b2\/\"]}]},{\"@type\":\"ImageObject\",\"inLanguage\":\"en-GB\",\"@id\":\"https:\/\/vinilozona.lt\/parduotuve\/kita\/%d0%b2%d0%bb%d0%b0%d0%b4%d0%b8%d0%bc%d0%b8%d1%80-%d0%b2%d1%8b%d1%81%d0%be%d1%86%d0%ba%d0%b8%d0%b9-%d1%81%d1%8b%d0%bd%d0%be%d0%b2%d1%8c%d1%8f-%d1%83%d1%85%d0%be%d0%b4%d1%8f%d1%82-%d0%b2\/#primaryimage\",\"url\":\"https:\/\/vinilozona.lt\/wp-content\/uploads\/2024\/03\/R-2386060-1281254833.jpg\",\"contentUrl\":\"https:\/\/vinilozona.lt\/wp-content\/uploads\/2024\/03\/R-2386060-1281254833.jpg\",\"width\":600,\"height\":600},{\"@type\":\"BreadcrumbList\",\"@id\":\"https:\/\/vinilozona.lt\/parduotuve\/kita\/%d0%b2%d0%bb%d0%b0%d0%b4%d0%b8%d0%bc%d0%b8%d1%80-%d0%b2%d1%8b%d1%81%d0%be%d1%86%d0%ba%d0%b8%d0%b9-%d1%81%d1%8b%d0%bd%d0%be%d0%b2%d1%8c%d1%8f-%d1%83%d1%85%d0%be%d0%b4%d1%8f%d1%82-%d0%b2\/#breadcrumb\",\"itemListElement\":[{\"@type\":\"ListItem\",\"position\":1,\"name\":\"Home\",\"item\":\"https:\/\/vinilozona.lt\/\"},{\"@type\":\"ListItem\",\"position\":2,\"name\":\"Parduotuv\u0117\",\"item\":\"https:\/\/vinilozona.lt\/parduotuve\/\"},{\"@type\":\"ListItem\",\"position\":3,\"name\":\"\u0412\u043b\u0430\u0434\u0438\u043c\u0438\u0440 \u0412\u044b\u0441\u043e\u0446\u043a\u0438\u0439 \u2013 \u0421\u044b\u043d\u043e\u0432\u044c\u044f \u0423\u0445\u043e\u0434\u044f\u0442 \u0412 \u0411\u043e\u0439 &#8211; 1\"}]},{\"@type\":\"WebSite\",\"@id\":\"https:\/\/vinilozona.lt\/#website\",\"url\":\"https:\/\/vinilozona.lt\/\",\"name\":\"Vinilo Zona\",\"description\":\"Nup\u016bsk dulkes ir klausyk LP\",\"potentialAction\":[{\"@type\":\"SearchAction\",\"target\":{\"@type\":\"EntryPoint\",\"urlTemplate\":\"https:\/\/vinilozona.lt\/?s={search_term_string}\"},\"query-input\":{\"@type\":\"PropertyValueSpecification\",\"valueRequired\":true,\"valueName\":\"search_term_string\"}}],\"inLanguage\":\"en-GB\"}]}<\/script>\n<!-- \/ Yoast SEO plugin. -->","yoast_head_json":{"title":"\u0412\u043b\u0430\u0434\u0438\u043c\u0438\u0440 \u0412\u044b\u0441\u043e\u0446\u043a\u0438\u0439 \u2013 \u0421\u044b\u043d\u043e\u0432\u044c\u044f \u0423\u0445\u043e\u0434\u044f\u0442 \u0412 \u0411\u043e\u0439 - 1 Vinilin\u0117 Plok\u0161tel\u0117 | Vinilozona.lt","robots":{"index":"index","follow":"follow","max-snippet":"max-snippet:-1","max-image-preview":"max-image-preview:large","max-video-preview":"max-video-preview:-1"},"canonical":"https:\/\/vinilozona.lt\/en\/parduotuve\/kita\/\u0432\u043b\u0430\u0434\u0438\u043c\u0438\u0440-\u0432\u044b\u0441\u043e\u0446\u043a\u0438\u0439-\u0441\u044b\u043d\u043e\u0432\u044c\u044f-\u0443\u0445\u043e\u0434\u044f\u0442-\u0432\/","og_locale":"en_GB","og_type":"article","og_title":"\u0412\u043b\u0430\u0434\u0438\u043c\u0438\u0440 \u0412\u044b\u0441\u043e\u0446\u043a\u0438\u0439 \u2013 \u0421\u044b\u043d\u043e\u0432\u044c\u044f \u0423\u0445\u043e\u0434\u044f\u0442 \u0412 \u0411\u043e\u0439 - 1 Vinilin\u0117 Plok\u0161tel\u0117 | Vinilozona.lt","og_description":"\u041c\u0435\u043b\u043e\u0434\u0438\u044f \u2013 \u041c60 47429 008 Format: Vinyl, LP, Album, Mono Country: USSR Released: 1986","og_url":"https:\/\/vinilozona.lt\/en\/parduotuve\/kita\/\u0432\u043b\u0430\u0434\u0438\u043c\u0438\u0440-\u0432\u044b\u0441\u043e\u0446\u043a\u0438\u0439-\u0441\u044b\u043d\u043e\u0432\u044c\u044f-\u0443\u0445\u043e\u0434\u044f\u0442-\u0432\/","og_site_name":"Vinilo Zona","article_modified_time":"2024-11-13T07:18:01+00:00","og_image":[{"width":600,"height":600,"url":"https:\/\/vinilozona.lt\/wp-content\/uploads\/2024\/03\/R-2386060-1281254833.jpg","type":"image\/jpeg"}],"twitter_card":"summary_large_image","twitter_misc":{"Estimated reading time":"1 minute"},"schema":{"@context":"https:\/\/schema.org","@graph":[{"@type":"WebPage","@id":"https:\/\/vinilozona.lt\/parduotuve\/kita\/%d0%b2%d0%bb%d0%b0%d0%b4%d0%b8%d0%bc%d0%b8%d1%80-%d0%b2%d1%8b%d1%81%d0%be%d1%86%d0%ba%d0%b8%d0%b9-%d1%81%d1%8b%d0%bd%d0%be%d0%b2%d1%8c%d1%8f-%d1%83%d1%85%d0%be%d0%b4%d1%8f%d1%82-%d0%b2\/","url":"https:\/\/vinilozona.lt\/parduotuve\/kita\/%d0%b2%d0%bb%d0%b0%d0%b4%d0%b8%d0%bc%d0%b8%d1%80-%d0%b2%d1%8b%d1%81%d0%be%d1%86%d0%ba%d0%b8%d0%b9-%d1%81%d1%8b%d0%bd%d0%be%d0%b2%d1%8c%d1%8f-%d1%83%d1%85%d0%be%d0%b4%d1%8f%d1%82-%d0%b2\/","name":"\u0412\u043b\u0430\u0434\u0438\u043c\u0438\u0440 \u0412\u044b\u0441\u043e\u0446\u043a\u0438\u0439 \u2013 \u0421\u044b\u043d\u043e\u0432\u044c\u044f \u0423\u0445\u043e\u0434\u044f\u0442 \u0412 \u0411\u043e\u0439 - 1 Vinilin\u0117 Plok\u0161tel\u0117 | Vinilozona.lt","isPartOf":{"@id":"https:\/\/vinilozona.lt\/#website"},"primaryImageOfPage":{"@id":"https:\/\/vinilozona.lt\/parduotuve\/kita\/%d0%b2%d0%bb%d0%b0%d0%b4%d0%b8%d0%bc%d0%b8%d1%80-%d0%b2%d1%8b%d1%81%d0%be%d1%86%d0%ba%d0%b8%d0%b9-%d1%81%d1%8b%d0%bd%d0%be%d0%b2%d1%8c%d1%8f-%d1%83%d1%85%d0%be%d0%b4%d1%8f%d1%82-%d0%b2\/#primaryimage"},"image":{"@id":"https:\/\/vinilozona.lt\/parduotuve\/kita\/%d0%b2%d0%bb%d0%b0%d0%b4%d0%b8%d0%bc%d0%b8%d1%80-%d0%b2%d1%8b%d1%81%d0%be%d1%86%d0%ba%d0%b8%d0%b9-%d1%81%d1%8b%d0%bd%d0%be%d0%b2%d1%8c%d1%8f-%d1%83%d1%85%d0%be%d0%b4%d1%8f%d1%82-%d0%b2\/#primaryimage"},"thumbnailUrl":"https:\/\/vinilozona.lt\/wp-content\/uploads\/2024\/03\/R-2386060-1281254833.jpg","datePublished":"2024-05-13T06:10:59+00:00","dateModified":"2024-11-13T07:18:01+00:00","breadcrumb":{"@id":"https:\/\/vinilozona.lt\/parduotuve\/kita\/%d0%b2%d0%bb%d0%b0%d0%b4%d0%b8%d0%bc%d0%b8%d1%80-%d0%b2%d1%8b%d1%81%d0%be%d1%86%d0%ba%d0%b8%d0%b9-%d1%81%d1%8b%d0%bd%d0%be%d0%b2%d1%8c%d1%8f-%d1%83%d1%85%d0%be%d0%b4%d1%8f%d1%82-%d0%b2\/#breadcrumb"},"inLanguage":"en-GB","potentialAction":[{"@type":"ReadAction","target":["https:\/\/vinilozona.lt\/parduotuve\/kita\/%d0%b2%d0%bb%d0%b0%d0%b4%d0%b8%d0%bc%d0%b8%d1%80-%d0%b2%d1%8b%d1%81%d0%be%d1%86%d0%ba%d0%b8%d0%b9-%d1%81%d1%8b%d0%bd%d0%be%d0%b2%d1%8c%d1%8f-%d1%83%d1%85%d0%be%d0%b4%d1%8f%d1%82-%d0%b2\/"]}]},{"@type":"ImageObject","inLanguage":"en-GB","@id":"https:\/\/vinilozona.lt\/parduotuve\/kita\/%d0%b2%d0%bb%d0%b0%d0%b4%d0%b8%d0%bc%d0%b8%d1%80-%d0%b2%d1%8b%d1%81%d0%be%d1%86%d0%ba%d0%b8%d0%b9-%d1%81%d1%8b%d0%bd%d0%be%d0%b2%d1%8c%d1%8f-%d1%83%d1%85%d0%be%d0%b4%d1%8f%d1%82-%d0%b2\/#primaryimage","url":"https:\/\/vinilozona.lt\/wp-content\/uploads\/2024\/03\/R-2386060-1281254833.jpg","contentUrl":"https:\/\/vinilozona.lt\/wp-content\/uploads\/2024\/03\/R-2386060-1281254833.jpg","width":600,"height":600},{"@type":"BreadcrumbList","@id":"https:\/\/vinilozona.lt\/parduotuve\/kita\/%d0%b2%d0%bb%d0%b0%d0%b4%d0%b8%d0%bc%d0%b8%d1%80-%d0%b2%d1%8b%d1%81%d0%be%d1%86%d0%ba%d0%b8%d0%b9-%d1%81%d1%8b%d0%bd%d0%be%d0%b2%d1%8c%d1%8f-%d1%83%d1%85%d0%be%d0%b4%d1%8f%d1%82-%d0%b2\/#breadcrumb","itemListElement":[{"@type":"ListItem","position":1,"name":"Home","item":"https:\/\/vinilozona.lt\/"},{"@type":"ListItem","position":2,"name":"Parduotuv\u0117","item":"https:\/\/vinilozona.lt\/parduotuve\/"},{"@type":"ListItem","position":3,"name":"\u0412\u043b\u0430\u0434\u0438\u043c\u0438\u0440 \u0412\u044b\u0441\u043e\u0446\u043a\u0438\u0439 \u2013 \u0421\u044b\u043d\u043e\u0432\u044c\u044f \u0423\u0445\u043e\u0434\u044f\u0442 \u0412 \u0411\u043e\u0439 &#8211; 1"}]},{"@type":"WebSite","@id":"https:\/\/vinilozona.lt\/#website","url":"https:\/\/vinilozona.lt\/","name":"Vinilo Zona","description":"Nup\u016bsk dulkes ir klausyk LP","potentialAction":[{"@type":"SearchAction","target":{"@type":"EntryPoint","urlTemplate":"https:\/\/vinilozona.lt\/?s={search_term_string}"},"query-input":{"@type":"PropertyValueSpecification","valueRequired":true,"valueName":"search_term_string"}}],"inLanguage":"en-GB"}]}},"_links":{"self":[{"href":"https:\/\/vinilozona.lt\/en\/wp-json\/wp\/v2\/product\/26358"}],"collection":[{"href":"https:\/\/vinilozona.lt\/en\/wp-json\/wp\/v2\/product"}],"about":[{"href":"https:\/\/vinilozona.lt\/en\/wp-json\/wp\/v2\/types\/product"}],"wp:featuredmedia":[{"embeddable":true,"href":"https:\/\/vinilozona.lt\/en\/wp-json\/wp\/v2\/media\/26360"}],"wp:attachment":[{"href":"https:\/\/vinilozona.lt\/en\/wp-json\/wp\/v2\/media?parent=26358"}],"wp:term":[{"taxonomy":"product_cat","embeddable":true,"href":"https:\/\/vinilozona.lt\/en\/wp-json\/wp\/v2\/product_cat?post=26358"},{"taxonomy":"product_tag","embeddable":true,"href":"https:\/\/vinilozona.lt\/en\/wp-json\/wp\/v2\/product_tag?post=26358"}],"curies":[{"name":"wp","href":"https:\/\/api.w.org\/{rel}","templated":true}]}}