{"id":26352,"date":"2026-03-05T05:25:27","date_gmt":"2026-03-05T03:25:27","guid":{"rendered":"https:\/\/vinilozona.lt\/?post_type=product&#038;p=26352"},"modified":"2026-03-05T12:02:22","modified_gmt":"2026-03-05T10:02:22","slug":"%d0%b1%d1%83%d0%bb%d0%b0%d1%82-%d0%be%d0%ba%d1%83%d0%b4%d0%b6%d0%b0%d0%b2%d0%b0-%d0%bf%d0%b5%d1%81%d0%bd%d0%b8-%d1%81%d1%82%d0%b8%d1%85%d0%b8-%d0%b8-%d0%bc%d1%83%d0%b7%d1%8b%d0%ba%d0%b0-2","status":"publish","type":"product","link":"https:\/\/vinilozona.lt\/en\/parduotuve\/jazz\/%d0%b1%d1%83%d0%bb%d0%b0%d1%82-%d0%be%d0%ba%d1%83%d0%b4%d0%b6%d0%b0%d0%b2%d0%b0-%d0%bf%d0%b5%d1%81%d0%bd%d0%b8-%d1%81%d1%82%d0%b8%d1%85%d0%b8-%d0%b8-%d0%bc%d1%83%d0%b7%d1%8b%d0%ba%d0%b0-2\/","title":{"rendered":"Ji\u0159\u00ed Stiv\u00edn &#038; Rudolf Da\u0161ek Tandem \u2013 Tandem"},"content":{"rendered":"<p>A1\t\tShepherd Song  10:45<br \/>\nA2\t\tWhat&#8217;s Your Theme?  7:50<br \/>\nA3\t\tPuzzle Game  3:40<br \/>\nB1\t\tFiddle-flowers  10:30<br \/>\nB2\t\tHey Man  12:00<\/p>","protected":false},"excerpt":{"rendered":"<p>Supraphon \u2013 1 15 1799<br \/>\nFormat:<br \/>\nVinyl, LP, Repress<br \/>\nCountry: Czechoslovakia<br \/>\nReleased: 1979<br \/>\nGenre: Jazz<br \/>\nStyle:<br \/>\nFree Jazz<\/p>","protected":false},"featured_media":30608,"template":"","meta":[],"product_cat":[20,21],"product_tag":[44],"yoast_head":"<!-- This site is optimized with the Yoast SEO plugin v23.5 - https:\/\/yoast.com\/wordpress\/plugins\/seo\/ -->\n<title>Ji\u0159\u00ed Stiv\u00edn &amp; Rudolf Da\u0161ek Tandem \u2013 Tandem Vinilin\u0117 Plok\u0161tel\u0117 | Vinilozona.lt<\/title>\n<meta name=\"robots\" content=\"index, follow, max-snippet:-1, max-image-preview:large, max-video-preview:-1\" \/>\n<link rel=\"canonical\" href=\"https:\/\/vinilozona.lt\/en\/parduotuve\/jazz\/\u0431\u0443\u043b\u0430\u0442-\u043e\u043a\u0443\u0434\u0436\u0430\u0432\u0430-\u043f\u0435\u0441\u043d\u0438-\u0441\u0442\u0438\u0445\u0438-\u0438-\u043c\u0443\u0437\u044b\u043a\u0430-2\/\" \/>\n<meta property=\"og:locale\" content=\"en_GB\" \/>\n<meta property=\"og:type\" content=\"article\" \/>\n<meta property=\"og:title\" content=\"Ji\u0159\u00ed Stiv\u00edn &amp; Rudolf Da\u0161ek Tandem \u2013 Tandem Vinilin\u0117 Plok\u0161tel\u0117 | Vinilozona.lt\" \/>\n<meta property=\"og:description\" content=\"Supraphon \u2013 1 15 1799 Format: Vinyl, LP, Repress Country: Czechoslovakia Released: 1979 Genre: Jazz Style: Free Jazz\" \/>\n<meta property=\"og:url\" content=\"https:\/\/vinilozona.lt\/en\/parduotuve\/jazz\/\u0431\u0443\u043b\u0430\u0442-\u043e\u043a\u0443\u0434\u0436\u0430\u0432\u0430-\u043f\u0435\u0441\u043d\u0438-\u0441\u0442\u0438\u0445\u0438-\u0438-\u043c\u0443\u0437\u044b\u043a\u0430-2\/\" \/>\n<meta property=\"og:site_name\" content=\"Vinilo Zona\" \/>\n<meta property=\"article:modified_time\" content=\"2026-03-05T10:02:22+00:00\" \/>\n<meta property=\"og:image\" content=\"https:\/\/vinilozona.lt\/wp-content\/uploads\/2024\/05\/R-2260946-1303147759.jpg\" \/>\n\t<meta property=\"og:image:width\" content=\"200\" \/>\n\t<meta property=\"og:image:height\" content=\"200\" \/>\n\t<meta property=\"og:image:type\" content=\"image\/jpeg\" \/>\n<meta name=\"twitter:card\" content=\"summary_large_image\" \/>\n<meta name=\"twitter:label1\" content=\"Estimated reading time\" \/>\n\t<meta name=\"twitter:data1\" content=\"1 minute\" \/>\n<script type=\"application\/ld+json\" class=\"yoast-schema-graph\">{\"@context\":\"https:\/\/schema.org\",\"@graph\":[{\"@type\":\"WebPage\",\"@id\":\"https:\/\/vinilozona.lt\/parduotuve\/jazz\/%d0%b1%d1%83%d0%bb%d0%b0%d1%82-%d0%be%d0%ba%d1%83%d0%b4%d0%b6%d0%b0%d0%b2%d0%b0-%d0%bf%d0%b5%d1%81%d0%bd%d0%b8-%d1%81%d1%82%d0%b8%d1%85%d0%b8-%d0%b8-%d0%bc%d1%83%d0%b7%d1%8b%d0%ba%d0%b0-2\/\",\"url\":\"https:\/\/vinilozona.lt\/parduotuve\/jazz\/%d0%b1%d1%83%d0%bb%d0%b0%d1%82-%d0%be%d0%ba%d1%83%d0%b4%d0%b6%d0%b0%d0%b2%d0%b0-%d0%bf%d0%b5%d1%81%d0%bd%d0%b8-%d1%81%d1%82%d0%b8%d1%85%d0%b8-%d0%b8-%d0%bc%d1%83%d0%b7%d1%8b%d0%ba%d0%b0-2\/\",\"name\":\"Ji\u0159\u00ed Stiv\u00edn & Rudolf Da\u0161ek Tandem \u2013 Tandem Vinilin\u0117 Plok\u0161tel\u0117 | Vinilozona.lt\",\"isPartOf\":{\"@id\":\"https:\/\/vinilozona.lt\/#website\"},\"primaryImageOfPage\":{\"@id\":\"https:\/\/vinilozona.lt\/parduotuve\/jazz\/%d0%b1%d1%83%d0%bb%d0%b0%d1%82-%d0%be%d0%ba%d1%83%d0%b4%d0%b6%d0%b0%d0%b2%d0%b0-%d0%bf%d0%b5%d1%81%d0%bd%d0%b8-%d1%81%d1%82%d0%b8%d1%85%d0%b8-%d0%b8-%d0%bc%d1%83%d0%b7%d1%8b%d0%ba%d0%b0-2\/#primaryimage\"},\"image\":{\"@id\":\"https:\/\/vinilozona.lt\/parduotuve\/jazz\/%d0%b1%d1%83%d0%bb%d0%b0%d1%82-%d0%be%d0%ba%d1%83%d0%b4%d0%b6%d0%b0%d0%b2%d0%b0-%d0%bf%d0%b5%d1%81%d0%bd%d0%b8-%d1%81%d1%82%d0%b8%d1%85%d0%b8-%d0%b8-%d0%bc%d1%83%d0%b7%d1%8b%d0%ba%d0%b0-2\/#primaryimage\"},\"thumbnailUrl\":\"https:\/\/vinilozona.lt\/wp-content\/uploads\/2024\/05\/R-2260946-1303147759.jpg\",\"datePublished\":\"2026-03-05T03:25:27+00:00\",\"dateModified\":\"2026-03-05T10:02:22+00:00\",\"breadcrumb\":{\"@id\":\"https:\/\/vinilozona.lt\/parduotuve\/jazz\/%d0%b1%d1%83%d0%bb%d0%b0%d1%82-%d0%be%d0%ba%d1%83%d0%b4%d0%b6%d0%b0%d0%b2%d0%b0-%d0%bf%d0%b5%d1%81%d0%bd%d0%b8-%d1%81%d1%82%d0%b8%d1%85%d0%b8-%d0%b8-%d0%bc%d1%83%d0%b7%d1%8b%d0%ba%d0%b0-2\/#breadcrumb\"},\"inLanguage\":\"en-GB\",\"potentialAction\":[{\"@type\":\"ReadAction\",\"target\":[\"https:\/\/vinilozona.lt\/parduotuve\/jazz\/%d0%b1%d1%83%d0%bb%d0%b0%d1%82-%d0%be%d0%ba%d1%83%d0%b4%d0%b6%d0%b0%d0%b2%d0%b0-%d0%bf%d0%b5%d1%81%d0%bd%d0%b8-%d1%81%d1%82%d0%b8%d1%85%d0%b8-%d0%b8-%d0%bc%d1%83%d0%b7%d1%8b%d0%ba%d0%b0-2\/\"]}]},{\"@type\":\"ImageObject\",\"inLanguage\":\"en-GB\",\"@id\":\"https:\/\/vinilozona.lt\/parduotuve\/jazz\/%d0%b1%d1%83%d0%bb%d0%b0%d1%82-%d0%be%d0%ba%d1%83%d0%b4%d0%b6%d0%b0%d0%b2%d0%b0-%d0%bf%d0%b5%d1%81%d0%bd%d0%b8-%d1%81%d1%82%d0%b8%d1%85%d0%b8-%d0%b8-%d0%bc%d1%83%d0%b7%d1%8b%d0%ba%d0%b0-2\/#primaryimage\",\"url\":\"https:\/\/vinilozona.lt\/wp-content\/uploads\/2024\/05\/R-2260946-1303147759.jpg\",\"contentUrl\":\"https:\/\/vinilozona.lt\/wp-content\/uploads\/2024\/05\/R-2260946-1303147759.jpg\",\"width\":200,\"height\":200},{\"@type\":\"BreadcrumbList\",\"@id\":\"https:\/\/vinilozona.lt\/parduotuve\/jazz\/%d0%b1%d1%83%d0%bb%d0%b0%d1%82-%d0%be%d0%ba%d1%83%d0%b4%d0%b6%d0%b0%d0%b2%d0%b0-%d0%bf%d0%b5%d1%81%d0%bd%d0%b8-%d1%81%d1%82%d0%b8%d1%85%d0%b8-%d0%b8-%d0%bc%d1%83%d0%b7%d1%8b%d0%ba%d0%b0-2\/#breadcrumb\",\"itemListElement\":[{\"@type\":\"ListItem\",\"position\":1,\"name\":\"Home\",\"item\":\"https:\/\/vinilozona.lt\/\"},{\"@type\":\"ListItem\",\"position\":2,\"name\":\"Parduotuv\u0117\",\"item\":\"https:\/\/vinilozona.lt\/parduotuve\/\"},{\"@type\":\"ListItem\",\"position\":3,\"name\":\"Ji\u0159\u00ed Stiv\u00edn &#038; Rudolf Da\u0161ek Tandem \u2013 Tandem\"}]},{\"@type\":\"WebSite\",\"@id\":\"https:\/\/vinilozona.lt\/#website\",\"url\":\"https:\/\/vinilozona.lt\/\",\"name\":\"Vinilo Zona\",\"description\":\"Nup\u016bsk dulkes ir klausyk LP\",\"potentialAction\":[{\"@type\":\"SearchAction\",\"target\":{\"@type\":\"EntryPoint\",\"urlTemplate\":\"https:\/\/vinilozona.lt\/?s={search_term_string}\"},\"query-input\":{\"@type\":\"PropertyValueSpecification\",\"valueRequired\":true,\"valueName\":\"search_term_string\"}}],\"inLanguage\":\"en-GB\"}]}<\/script>\n<!-- \/ Yoast SEO plugin. -->","yoast_head_json":{"title":"Ji\u0159\u00ed Stiv\u00edn & Rudolf Da\u0161ek Tandem \u2013 Tandem Vinilin\u0117 Plok\u0161tel\u0117 | Vinilozona.lt","robots":{"index":"index","follow":"follow","max-snippet":"max-snippet:-1","max-image-preview":"max-image-preview:large","max-video-preview":"max-video-preview:-1"},"canonical":"https:\/\/vinilozona.lt\/en\/parduotuve\/jazz\/\u0431\u0443\u043b\u0430\u0442-\u043e\u043a\u0443\u0434\u0436\u0430\u0432\u0430-\u043f\u0435\u0441\u043d\u0438-\u0441\u0442\u0438\u0445\u0438-\u0438-\u043c\u0443\u0437\u044b\u043a\u0430-2\/","og_locale":"en_GB","og_type":"article","og_title":"Ji\u0159\u00ed Stiv\u00edn & Rudolf Da\u0161ek Tandem \u2013 Tandem Vinilin\u0117 Plok\u0161tel\u0117 | Vinilozona.lt","og_description":"Supraphon \u2013 1 15 1799 Format: Vinyl, LP, Repress Country: Czechoslovakia Released: 1979 Genre: Jazz Style: Free Jazz","og_url":"https:\/\/vinilozona.lt\/en\/parduotuve\/jazz\/\u0431\u0443\u043b\u0430\u0442-\u043e\u043a\u0443\u0434\u0436\u0430\u0432\u0430-\u043f\u0435\u0441\u043d\u0438-\u0441\u0442\u0438\u0445\u0438-\u0438-\u043c\u0443\u0437\u044b\u043a\u0430-2\/","og_site_name":"Vinilo Zona","article_modified_time":"2026-03-05T10:02:22+00:00","og_image":[{"width":200,"height":200,"url":"https:\/\/vinilozona.lt\/wp-content\/uploads\/2024\/05\/R-2260946-1303147759.jpg","type":"image\/jpeg"}],"twitter_card":"summary_large_image","twitter_misc":{"Estimated reading time":"1 minute"},"schema":{"@context":"https:\/\/schema.org","@graph":[{"@type":"WebPage","@id":"https:\/\/vinilozona.lt\/parduotuve\/jazz\/%d0%b1%d1%83%d0%bb%d0%b0%d1%82-%d0%be%d0%ba%d1%83%d0%b4%d0%b6%d0%b0%d0%b2%d0%b0-%d0%bf%d0%b5%d1%81%d0%bd%d0%b8-%d1%81%d1%82%d0%b8%d1%85%d0%b8-%d0%b8-%d0%bc%d1%83%d0%b7%d1%8b%d0%ba%d0%b0-2\/","url":"https:\/\/vinilozona.lt\/parduotuve\/jazz\/%d0%b1%d1%83%d0%bb%d0%b0%d1%82-%d0%be%d0%ba%d1%83%d0%b4%d0%b6%d0%b0%d0%b2%d0%b0-%d0%bf%d0%b5%d1%81%d0%bd%d0%b8-%d1%81%d1%82%d0%b8%d1%85%d0%b8-%d0%b8-%d0%bc%d1%83%d0%b7%d1%8b%d0%ba%d0%b0-2\/","name":"Ji\u0159\u00ed Stiv\u00edn & Rudolf Da\u0161ek Tandem \u2013 Tandem Vinilin\u0117 Plok\u0161tel\u0117 | Vinilozona.lt","isPartOf":{"@id":"https:\/\/vinilozona.lt\/#website"},"primaryImageOfPage":{"@id":"https:\/\/vinilozona.lt\/parduotuve\/jazz\/%d0%b1%d1%83%d0%bb%d0%b0%d1%82-%d0%be%d0%ba%d1%83%d0%b4%d0%b6%d0%b0%d0%b2%d0%b0-%d0%bf%d0%b5%d1%81%d0%bd%d0%b8-%d1%81%d1%82%d0%b8%d1%85%d0%b8-%d0%b8-%d0%bc%d1%83%d0%b7%d1%8b%d0%ba%d0%b0-2\/#primaryimage"},"image":{"@id":"https:\/\/vinilozona.lt\/parduotuve\/jazz\/%d0%b1%d1%83%d0%bb%d0%b0%d1%82-%d0%be%d0%ba%d1%83%d0%b4%d0%b6%d0%b0%d0%b2%d0%b0-%d0%bf%d0%b5%d1%81%d0%bd%d0%b8-%d1%81%d1%82%d0%b8%d1%85%d0%b8-%d0%b8-%d0%bc%d1%83%d0%b7%d1%8b%d0%ba%d0%b0-2\/#primaryimage"},"thumbnailUrl":"https:\/\/vinilozona.lt\/wp-content\/uploads\/2024\/05\/R-2260946-1303147759.jpg","datePublished":"2026-03-05T03:25:27+00:00","dateModified":"2026-03-05T10:02:22+00:00","breadcrumb":{"@id":"https:\/\/vinilozona.lt\/parduotuve\/jazz\/%d0%b1%d1%83%d0%bb%d0%b0%d1%82-%d0%be%d0%ba%d1%83%d0%b4%d0%b6%d0%b0%d0%b2%d0%b0-%d0%bf%d0%b5%d1%81%d0%bd%d0%b8-%d1%81%d1%82%d0%b8%d1%85%d0%b8-%d0%b8-%d0%bc%d1%83%d0%b7%d1%8b%d0%ba%d0%b0-2\/#breadcrumb"},"inLanguage":"en-GB","potentialAction":[{"@type":"ReadAction","target":["https:\/\/vinilozona.lt\/parduotuve\/jazz\/%d0%b1%d1%83%d0%bb%d0%b0%d1%82-%d0%be%d0%ba%d1%83%d0%b4%d0%b6%d0%b0%d0%b2%d0%b0-%d0%bf%d0%b5%d1%81%d0%bd%d0%b8-%d1%81%d1%82%d0%b8%d1%85%d0%b8-%d0%b8-%d0%bc%d1%83%d0%b7%d1%8b%d0%ba%d0%b0-2\/"]}]},{"@type":"ImageObject","inLanguage":"en-GB","@id":"https:\/\/vinilozona.lt\/parduotuve\/jazz\/%d0%b1%d1%83%d0%bb%d0%b0%d1%82-%d0%be%d0%ba%d1%83%d0%b4%d0%b6%d0%b0%d0%b2%d0%b0-%d0%bf%d0%b5%d1%81%d0%bd%d0%b8-%d1%81%d1%82%d0%b8%d1%85%d0%b8-%d0%b8-%d0%bc%d1%83%d0%b7%d1%8b%d0%ba%d0%b0-2\/#primaryimage","url":"https:\/\/vinilozona.lt\/wp-content\/uploads\/2024\/05\/R-2260946-1303147759.jpg","contentUrl":"https:\/\/vinilozona.lt\/wp-content\/uploads\/2024\/05\/R-2260946-1303147759.jpg","width":200,"height":200},{"@type":"BreadcrumbList","@id":"https:\/\/vinilozona.lt\/parduotuve\/jazz\/%d0%b1%d1%83%d0%bb%d0%b0%d1%82-%d0%be%d0%ba%d1%83%d0%b4%d0%b6%d0%b0%d0%b2%d0%b0-%d0%bf%d0%b5%d1%81%d0%bd%d0%b8-%d1%81%d1%82%d0%b8%d1%85%d0%b8-%d0%b8-%d0%bc%d1%83%d0%b7%d1%8b%d0%ba%d0%b0-2\/#breadcrumb","itemListElement":[{"@type":"ListItem","position":1,"name":"Home","item":"https:\/\/vinilozona.lt\/"},{"@type":"ListItem","position":2,"name":"Parduotuv\u0117","item":"https:\/\/vinilozona.lt\/parduotuve\/"},{"@type":"ListItem","position":3,"name":"Ji\u0159\u00ed Stiv\u00edn &#038; Rudolf Da\u0161ek Tandem \u2013 Tandem"}]},{"@type":"WebSite","@id":"https:\/\/vinilozona.lt\/#website","url":"https:\/\/vinilozona.lt\/","name":"Vinilo Zona","description":"Nup\u016bsk dulkes ir klausyk LP","potentialAction":[{"@type":"SearchAction","target":{"@type":"EntryPoint","urlTemplate":"https:\/\/vinilozona.lt\/?s={search_term_string}"},"query-input":{"@type":"PropertyValueSpecification","valueRequired":true,"valueName":"search_term_string"}}],"inLanguage":"en-GB"}]}},"_links":{"self":[{"href":"https:\/\/vinilozona.lt\/en\/wp-json\/wp\/v2\/product\/26352"}],"collection":[{"href":"https:\/\/vinilozona.lt\/en\/wp-json\/wp\/v2\/product"}],"about":[{"href":"https:\/\/vinilozona.lt\/en\/wp-json\/wp\/v2\/types\/product"}],"wp:featuredmedia":[{"embeddable":true,"href":"https:\/\/vinilozona.lt\/en\/wp-json\/wp\/v2\/media\/30608"}],"wp:attachment":[{"href":"https:\/\/vinilozona.lt\/en\/wp-json\/wp\/v2\/media?parent=26352"}],"wp:term":[{"taxonomy":"product_cat","embeddable":true,"href":"https:\/\/vinilozona.lt\/en\/wp-json\/wp\/v2\/product_cat?post=26352"},{"taxonomy":"product_tag","embeddable":true,"href":"https:\/\/vinilozona.lt\/en\/wp-json\/wp\/v2\/product_tag?post=26352"}],"curies":[{"name":"wp","href":"https:\/\/api.w.org\/{rel}","templated":true}]}}