{"id":26350,"date":"2026-02-24T05:01:53","date_gmt":"2026-02-24T03:01:53","guid":{"rendered":"https:\/\/vinilozona.lt\/?post_type=product&#038;p=26350"},"modified":"2026-02-24T06:56:36","modified_gmt":"2026-02-24T04:56:36","slug":"%d0%b1%d1%83%d0%bb%d0%b0%d1%82-%d0%be%d0%ba%d1%83%d0%b4%d0%b6%d0%b0%d0%b2%d0%b0-%d0%bf%d0%b5%d1%81%d0%bd%d0%b8-%d0%bd%d0%b0-%d1%81%d1%82%d0%b8%d1%85%d0%b8-%d0%b1%d1%83%d0%bb%d0%b0%d1%82","status":"publish","type":"product","link":"https:\/\/vinilozona.lt\/en\/parduotuve\/kita\/%d0%b1%d1%83%d0%bb%d0%b0%d1%82-%d0%be%d0%ba%d1%83%d0%b4%d0%b6%d0%b0%d0%b2%d0%b0-%d0%bf%d0%b5%d1%81%d0%bd%d0%b8-%d0%bd%d0%b0-%d1%81%d1%82%d0%b8%d1%85%d0%b8-%d0%b1%d1%83%d0%bb%d0%b0%d1%82\/","title":{"rendered":"\u041c\u0438\u0440\u0435\u0439 \u041c\u0430\u0442\u044c\u0435 \u2013 \u041b\u044e\u0431\u043e\u0432\u044c \u0418 \u0416\u0438\u0437\u043d\u044c"},"content":{"rendered":"<p>A1\t\t\u0422\u0435\u0431\u0435 \u042f \u041e\u0431\u044f\u0437\u0430\u043d\u0430 \u041b\u044e\u0431\u043e\u0432\u044c\u044e \u0418 \u0416\u0438\u0437\u043d\u044c\u044e = C&#8217;Est L&#8217;Amour Et La Vie Que Je Te Dois\t2:46<br \/>\nA2\t\t\u0417\u0435\u043c\u043b\u044f \u041e\u0431\u0435\u0442\u043e\u0432\u0430\u043d\u043d\u0430\u044f = La Terre Promise\t2:55<br \/>\nA3\t\t\u0421\u043b\u043e\u0432\u0430 \u0418 \u0416\u0435\u0441\u0442\u044b = Des Mots Et Des Gestes\t2:56<br \/>\nA4\t\t\u0421\u0430\u0445\u0430\u0440\u0430 = Sahara\t3:18<br \/>\nA5\t\t\u0412\u043e\u0437\u043c\u0438 \u041c\u0435\u043d\u044f \u0421 \u0421\u043e\u0431\u043e\u0439 = Emm\u00e8ne-Moi Demain Avec Toi\t4:08<br \/>\nB1\t\t\u041f\u0440\u043e\u0449\u0430\u0439, \u0413\u043e\u043b\u0443\u0431\u043a\u0430 = La Paloma, Adieu\t3:49<br \/>\nB2\t\t\u042f \u041b\u044e\u0431\u043b\u044e, \u0422\u044b \u041b\u044e\u0431\u0438\u0448\u044c, \u041c\u044b \u041b\u044e\u0431\u0438\u043c = Je T&#8217;Aime, Tu M&#8217;Aimes, On S&#8217;Aime\t2:36<br \/>\nB3\t\t\u041b\u044e\u0431\u043e\u0432\u044c \u0418 \u0426\u0432\u0435\u0442 = L&#8217;Amour En Couleurs\t2:21<br \/>\nB4\t\t\u041d\u0435\u043c\u043d\u043e\u0433\u043e \u0416\u0438\u0437\u043d\u0438 \u0418 \u041c\u043d\u043e\u0433\u043e \u041d\u0430\u0434\u0435\u0436\u0434\u044b = Un Peu De Vie Et Beaucoup D&#8217;Espoir\t2:49<br \/>\nB5\t\t\u041c\u043d\u0435 \u041d\u0430\u0434\u043e \u0416\u0438\u0442\u044c = Il Me Faut Vivre\t3:02<br \/>\nB6\t\t\u0411\u0443\u0434\u044c \u0421\u0447\u0430\u0441\u0442\u043b\u0438\u0432 = Sois Heureux\t2:58<\/p>","protected":false},"excerpt":{"rendered":"<p>\u041c\u0435\u043b\u043e\u0434\u0438\u044f \u2013 C60-08613-4, \u041c\u0435\u043b\u043e\u0434\u0438\u044f \u2013 C60\u201408613-14<br \/>\nFormat:<br \/>\nVinyl, LP, Album<br \/>\nCountry:<br \/>\nUSSR<br \/>\nReleased:<br \/>\n1977<\/p>","protected":false},"featured_media":30518,"template":"","meta":[],"product_cat":[21],"product_tag":[44],"yoast_head":"<!-- This site is optimized with the Yoast SEO plugin v23.5 - https:\/\/yoast.com\/wordpress\/plugins\/seo\/ -->\n<title>\u041c\u0438\u0440\u0435\u0439 \u041c\u0430\u0442\u044c\u0435 \u2013 \u041b\u044e\u0431\u043e\u0432\u044c \u0418 \u0416\u0438\u0437\u043d\u044c Vinilin\u0117 Plok\u0161tel\u0117 | Vinilozona.lt<\/title>\n<meta name=\"robots\" content=\"index, follow, max-snippet:-1, max-image-preview:large, max-video-preview:-1\" \/>\n<link rel=\"canonical\" href=\"https:\/\/vinilozona.lt\/en\/parduotuve\/kita\/\u0431\u0443\u043b\u0430\u0442-\u043e\u043a\u0443\u0434\u0436\u0430\u0432\u0430-\u043f\u0435\u0441\u043d\u0438-\u043d\u0430-\u0441\u0442\u0438\u0445\u0438-\u0431\u0443\u043b\u0430\u0442\/\" \/>\n<meta property=\"og:locale\" content=\"en_GB\" \/>\n<meta property=\"og:type\" content=\"article\" \/>\n<meta property=\"og:title\" content=\"\u041c\u0438\u0440\u0435\u0439 \u041c\u0430\u0442\u044c\u0435 \u2013 \u041b\u044e\u0431\u043e\u0432\u044c \u0418 \u0416\u0438\u0437\u043d\u044c Vinilin\u0117 Plok\u0161tel\u0117 | Vinilozona.lt\" \/>\n<meta property=\"og:description\" content=\"\u041c\u0435\u043b\u043e\u0434\u0438\u044f \u2013 C60-08613-4, \u041c\u0435\u043b\u043e\u0434\u0438\u044f \u2013 C60\u201408613-14 Format: Vinyl, LP, Album Country: USSR Released: 1977\" \/>\n<meta property=\"og:url\" content=\"https:\/\/vinilozona.lt\/en\/parduotuve\/kita\/\u0431\u0443\u043b\u0430\u0442-\u043e\u043a\u0443\u0434\u0436\u0430\u0432\u0430-\u043f\u0435\u0441\u043d\u0438-\u043d\u0430-\u0441\u0442\u0438\u0445\u0438-\u0431\u0443\u043b\u0430\u0442\/\" \/>\n<meta property=\"og:site_name\" content=\"Vinilo Zona\" \/>\n<meta property=\"article:modified_time\" content=\"2026-02-24T04:56:36+00:00\" \/>\n<meta property=\"og:image\" content=\"https:\/\/vinilozona.lt\/wp-content\/uploads\/2024\/05\/R-9226734-1477001985-4551.jpg\" \/>\n\t<meta property=\"og:image:width\" content=\"599\" \/>\n\t<meta property=\"og:image:height\" content=\"600\" \/>\n\t<meta property=\"og:image:type\" content=\"image\/jpeg\" \/>\n<meta name=\"twitter:card\" content=\"summary_large_image\" \/>\n<meta name=\"twitter:label1\" content=\"Estimated reading time\" \/>\n\t<meta name=\"twitter:data1\" content=\"1 minute\" \/>\n<script type=\"application\/ld+json\" class=\"yoast-schema-graph\">{\"@context\":\"https:\/\/schema.org\",\"@graph\":[{\"@type\":\"WebPage\",\"@id\":\"https:\/\/vinilozona.lt\/parduotuve\/kita\/%d0%b1%d1%83%d0%bb%d0%b0%d1%82-%d0%be%d0%ba%d1%83%d0%b4%d0%b6%d0%b0%d0%b2%d0%b0-%d0%bf%d0%b5%d1%81%d0%bd%d0%b8-%d0%bd%d0%b0-%d1%81%d1%82%d0%b8%d1%85%d0%b8-%d0%b1%d1%83%d0%bb%d0%b0%d1%82\/\",\"url\":\"https:\/\/vinilozona.lt\/parduotuve\/kita\/%d0%b1%d1%83%d0%bb%d0%b0%d1%82-%d0%be%d0%ba%d1%83%d0%b4%d0%b6%d0%b0%d0%b2%d0%b0-%d0%bf%d0%b5%d1%81%d0%bd%d0%b8-%d0%bd%d0%b0-%d1%81%d1%82%d0%b8%d1%85%d0%b8-%d0%b1%d1%83%d0%bb%d0%b0%d1%82\/\",\"name\":\"\u041c\u0438\u0440\u0435\u0439 \u041c\u0430\u0442\u044c\u0435 \u2013 \u041b\u044e\u0431\u043e\u0432\u044c \u0418 \u0416\u0438\u0437\u043d\u044c Vinilin\u0117 Plok\u0161tel\u0117 | Vinilozona.lt\",\"isPartOf\":{\"@id\":\"https:\/\/vinilozona.lt\/#website\"},\"primaryImageOfPage\":{\"@id\":\"https:\/\/vinilozona.lt\/parduotuve\/kita\/%d0%b1%d1%83%d0%bb%d0%b0%d1%82-%d0%be%d0%ba%d1%83%d0%b4%d0%b6%d0%b0%d0%b2%d0%b0-%d0%bf%d0%b5%d1%81%d0%bd%d0%b8-%d0%bd%d0%b0-%d1%81%d1%82%d0%b8%d1%85%d0%b8-%d0%b1%d1%83%d0%bb%d0%b0%d1%82\/#primaryimage\"},\"image\":{\"@id\":\"https:\/\/vinilozona.lt\/parduotuve\/kita\/%d0%b1%d1%83%d0%bb%d0%b0%d1%82-%d0%be%d0%ba%d1%83%d0%b4%d0%b6%d0%b0%d0%b2%d0%b0-%d0%bf%d0%b5%d1%81%d0%bd%d0%b8-%d0%bd%d0%b0-%d1%81%d1%82%d0%b8%d1%85%d0%b8-%d0%b1%d1%83%d0%bb%d0%b0%d1%82\/#primaryimage\"},\"thumbnailUrl\":\"https:\/\/vinilozona.lt\/wp-content\/uploads\/2024\/05\/R-9226734-1477001985-4551.jpg\",\"datePublished\":\"2026-02-24T03:01:53+00:00\",\"dateModified\":\"2026-02-24T04:56:36+00:00\",\"breadcrumb\":{\"@id\":\"https:\/\/vinilozona.lt\/parduotuve\/kita\/%d0%b1%d1%83%d0%bb%d0%b0%d1%82-%d0%be%d0%ba%d1%83%d0%b4%d0%b6%d0%b0%d0%b2%d0%b0-%d0%bf%d0%b5%d1%81%d0%bd%d0%b8-%d0%bd%d0%b0-%d1%81%d1%82%d0%b8%d1%85%d0%b8-%d0%b1%d1%83%d0%bb%d0%b0%d1%82\/#breadcrumb\"},\"inLanguage\":\"en-GB\",\"potentialAction\":[{\"@type\":\"ReadAction\",\"target\":[\"https:\/\/vinilozona.lt\/parduotuve\/kita\/%d0%b1%d1%83%d0%bb%d0%b0%d1%82-%d0%be%d0%ba%d1%83%d0%b4%d0%b6%d0%b0%d0%b2%d0%b0-%d0%bf%d0%b5%d1%81%d0%bd%d0%b8-%d0%bd%d0%b0-%d1%81%d1%82%d0%b8%d1%85%d0%b8-%d0%b1%d1%83%d0%bb%d0%b0%d1%82\/\"]}]},{\"@type\":\"ImageObject\",\"inLanguage\":\"en-GB\",\"@id\":\"https:\/\/vinilozona.lt\/parduotuve\/kita\/%d0%b1%d1%83%d0%bb%d0%b0%d1%82-%d0%be%d0%ba%d1%83%d0%b4%d0%b6%d0%b0%d0%b2%d0%b0-%d0%bf%d0%b5%d1%81%d0%bd%d0%b8-%d0%bd%d0%b0-%d1%81%d1%82%d0%b8%d1%85%d0%b8-%d0%b1%d1%83%d0%bb%d0%b0%d1%82\/#primaryimage\",\"url\":\"https:\/\/vinilozona.lt\/wp-content\/uploads\/2024\/05\/R-9226734-1477001985-4551.jpg\",\"contentUrl\":\"https:\/\/vinilozona.lt\/wp-content\/uploads\/2024\/05\/R-9226734-1477001985-4551.jpg\",\"width\":599,\"height\":600},{\"@type\":\"BreadcrumbList\",\"@id\":\"https:\/\/vinilozona.lt\/parduotuve\/kita\/%d0%b1%d1%83%d0%bb%d0%b0%d1%82-%d0%be%d0%ba%d1%83%d0%b4%d0%b6%d0%b0%d0%b2%d0%b0-%d0%bf%d0%b5%d1%81%d0%bd%d0%b8-%d0%bd%d0%b0-%d1%81%d1%82%d0%b8%d1%85%d0%b8-%d0%b1%d1%83%d0%bb%d0%b0%d1%82\/#breadcrumb\",\"itemListElement\":[{\"@type\":\"ListItem\",\"position\":1,\"name\":\"Home\",\"item\":\"https:\/\/vinilozona.lt\/\"},{\"@type\":\"ListItem\",\"position\":2,\"name\":\"Parduotuv\u0117\",\"item\":\"https:\/\/vinilozona.lt\/parduotuve\/\"},{\"@type\":\"ListItem\",\"position\":3,\"name\":\"\u041c\u0438\u0440\u0435\u0439 \u041c\u0430\u0442\u044c\u0435 \u2013 \u041b\u044e\u0431\u043e\u0432\u044c \u0418 \u0416\u0438\u0437\u043d\u044c\"}]},{\"@type\":\"WebSite\",\"@id\":\"https:\/\/vinilozona.lt\/#website\",\"url\":\"https:\/\/vinilozona.lt\/\",\"name\":\"Vinilo Zona\",\"description\":\"Nup\u016bsk dulkes ir klausyk LP\",\"potentialAction\":[{\"@type\":\"SearchAction\",\"target\":{\"@type\":\"EntryPoint\",\"urlTemplate\":\"https:\/\/vinilozona.lt\/?s={search_term_string}\"},\"query-input\":{\"@type\":\"PropertyValueSpecification\",\"valueRequired\":true,\"valueName\":\"search_term_string\"}}],\"inLanguage\":\"en-GB\"}]}<\/script>\n<!-- \/ Yoast SEO plugin. -->","yoast_head_json":{"title":"\u041c\u0438\u0440\u0435\u0439 \u041c\u0430\u0442\u044c\u0435 \u2013 \u041b\u044e\u0431\u043e\u0432\u044c \u0418 \u0416\u0438\u0437\u043d\u044c Vinilin\u0117 Plok\u0161tel\u0117 | Vinilozona.lt","robots":{"index":"index","follow":"follow","max-snippet":"max-snippet:-1","max-image-preview":"max-image-preview:large","max-video-preview":"max-video-preview:-1"},"canonical":"https:\/\/vinilozona.lt\/en\/parduotuve\/kita\/\u0431\u0443\u043b\u0430\u0442-\u043e\u043a\u0443\u0434\u0436\u0430\u0432\u0430-\u043f\u0435\u0441\u043d\u0438-\u043d\u0430-\u0441\u0442\u0438\u0445\u0438-\u0431\u0443\u043b\u0430\u0442\/","og_locale":"en_GB","og_type":"article","og_title":"\u041c\u0438\u0440\u0435\u0439 \u041c\u0430\u0442\u044c\u0435 \u2013 \u041b\u044e\u0431\u043e\u0432\u044c \u0418 \u0416\u0438\u0437\u043d\u044c Vinilin\u0117 Plok\u0161tel\u0117 | Vinilozona.lt","og_description":"\u041c\u0435\u043b\u043e\u0434\u0438\u044f \u2013 C60-08613-4, \u041c\u0435\u043b\u043e\u0434\u0438\u044f \u2013 C60\u201408613-14 Format: Vinyl, LP, Album Country: USSR Released: 1977","og_url":"https:\/\/vinilozona.lt\/en\/parduotuve\/kita\/\u0431\u0443\u043b\u0430\u0442-\u043e\u043a\u0443\u0434\u0436\u0430\u0432\u0430-\u043f\u0435\u0441\u043d\u0438-\u043d\u0430-\u0441\u0442\u0438\u0445\u0438-\u0431\u0443\u043b\u0430\u0442\/","og_site_name":"Vinilo Zona","article_modified_time":"2026-02-24T04:56:36+00:00","og_image":[{"width":599,"height":600,"url":"https:\/\/vinilozona.lt\/wp-content\/uploads\/2024\/05\/R-9226734-1477001985-4551.jpg","type":"image\/jpeg"}],"twitter_card":"summary_large_image","twitter_misc":{"Estimated reading time":"1 minute"},"schema":{"@context":"https:\/\/schema.org","@graph":[{"@type":"WebPage","@id":"https:\/\/vinilozona.lt\/parduotuve\/kita\/%d0%b1%d1%83%d0%bb%d0%b0%d1%82-%d0%be%d0%ba%d1%83%d0%b4%d0%b6%d0%b0%d0%b2%d0%b0-%d0%bf%d0%b5%d1%81%d0%bd%d0%b8-%d0%bd%d0%b0-%d1%81%d1%82%d0%b8%d1%85%d0%b8-%d0%b1%d1%83%d0%bb%d0%b0%d1%82\/","url":"https:\/\/vinilozona.lt\/parduotuve\/kita\/%d0%b1%d1%83%d0%bb%d0%b0%d1%82-%d0%be%d0%ba%d1%83%d0%b4%d0%b6%d0%b0%d0%b2%d0%b0-%d0%bf%d0%b5%d1%81%d0%bd%d0%b8-%d0%bd%d0%b0-%d1%81%d1%82%d0%b8%d1%85%d0%b8-%d0%b1%d1%83%d0%bb%d0%b0%d1%82\/","name":"\u041c\u0438\u0440\u0435\u0439 \u041c\u0430\u0442\u044c\u0435 \u2013 \u041b\u044e\u0431\u043e\u0432\u044c \u0418 \u0416\u0438\u0437\u043d\u044c Vinilin\u0117 Plok\u0161tel\u0117 | Vinilozona.lt","isPartOf":{"@id":"https:\/\/vinilozona.lt\/#website"},"primaryImageOfPage":{"@id":"https:\/\/vinilozona.lt\/parduotuve\/kita\/%d0%b1%d1%83%d0%bb%d0%b0%d1%82-%d0%be%d0%ba%d1%83%d0%b4%d0%b6%d0%b0%d0%b2%d0%b0-%d0%bf%d0%b5%d1%81%d0%bd%d0%b8-%d0%bd%d0%b0-%d1%81%d1%82%d0%b8%d1%85%d0%b8-%d0%b1%d1%83%d0%bb%d0%b0%d1%82\/#primaryimage"},"image":{"@id":"https:\/\/vinilozona.lt\/parduotuve\/kita\/%d0%b1%d1%83%d0%bb%d0%b0%d1%82-%d0%be%d0%ba%d1%83%d0%b4%d0%b6%d0%b0%d0%b2%d0%b0-%d0%bf%d0%b5%d1%81%d0%bd%d0%b8-%d0%bd%d0%b0-%d1%81%d1%82%d0%b8%d1%85%d0%b8-%d0%b1%d1%83%d0%bb%d0%b0%d1%82\/#primaryimage"},"thumbnailUrl":"https:\/\/vinilozona.lt\/wp-content\/uploads\/2024\/05\/R-9226734-1477001985-4551.jpg","datePublished":"2026-02-24T03:01:53+00:00","dateModified":"2026-02-24T04:56:36+00:00","breadcrumb":{"@id":"https:\/\/vinilozona.lt\/parduotuve\/kita\/%d0%b1%d1%83%d0%bb%d0%b0%d1%82-%d0%be%d0%ba%d1%83%d0%b4%d0%b6%d0%b0%d0%b2%d0%b0-%d0%bf%d0%b5%d1%81%d0%bd%d0%b8-%d0%bd%d0%b0-%d1%81%d1%82%d0%b8%d1%85%d0%b8-%d0%b1%d1%83%d0%bb%d0%b0%d1%82\/#breadcrumb"},"inLanguage":"en-GB","potentialAction":[{"@type":"ReadAction","target":["https:\/\/vinilozona.lt\/parduotuve\/kita\/%d0%b1%d1%83%d0%bb%d0%b0%d1%82-%d0%be%d0%ba%d1%83%d0%b4%d0%b6%d0%b0%d0%b2%d0%b0-%d0%bf%d0%b5%d1%81%d0%bd%d0%b8-%d0%bd%d0%b0-%d1%81%d1%82%d0%b8%d1%85%d0%b8-%d0%b1%d1%83%d0%bb%d0%b0%d1%82\/"]}]},{"@type":"ImageObject","inLanguage":"en-GB","@id":"https:\/\/vinilozona.lt\/parduotuve\/kita\/%d0%b1%d1%83%d0%bb%d0%b0%d1%82-%d0%be%d0%ba%d1%83%d0%b4%d0%b6%d0%b0%d0%b2%d0%b0-%d0%bf%d0%b5%d1%81%d0%bd%d0%b8-%d0%bd%d0%b0-%d1%81%d1%82%d0%b8%d1%85%d0%b8-%d0%b1%d1%83%d0%bb%d0%b0%d1%82\/#primaryimage","url":"https:\/\/vinilozona.lt\/wp-content\/uploads\/2024\/05\/R-9226734-1477001985-4551.jpg","contentUrl":"https:\/\/vinilozona.lt\/wp-content\/uploads\/2024\/05\/R-9226734-1477001985-4551.jpg","width":599,"height":600},{"@type":"BreadcrumbList","@id":"https:\/\/vinilozona.lt\/parduotuve\/kita\/%d0%b1%d1%83%d0%bb%d0%b0%d1%82-%d0%be%d0%ba%d1%83%d0%b4%d0%b6%d0%b0%d0%b2%d0%b0-%d0%bf%d0%b5%d1%81%d0%bd%d0%b8-%d0%bd%d0%b0-%d1%81%d1%82%d0%b8%d1%85%d0%b8-%d0%b1%d1%83%d0%bb%d0%b0%d1%82\/#breadcrumb","itemListElement":[{"@type":"ListItem","position":1,"name":"Home","item":"https:\/\/vinilozona.lt\/"},{"@type":"ListItem","position":2,"name":"Parduotuv\u0117","item":"https:\/\/vinilozona.lt\/parduotuve\/"},{"@type":"ListItem","position":3,"name":"\u041c\u0438\u0440\u0435\u0439 \u041c\u0430\u0442\u044c\u0435 \u2013 \u041b\u044e\u0431\u043e\u0432\u044c \u0418 \u0416\u0438\u0437\u043d\u044c"}]},{"@type":"WebSite","@id":"https:\/\/vinilozona.lt\/#website","url":"https:\/\/vinilozona.lt\/","name":"Vinilo Zona","description":"Nup\u016bsk dulkes ir klausyk LP","potentialAction":[{"@type":"SearchAction","target":{"@type":"EntryPoint","urlTemplate":"https:\/\/vinilozona.lt\/?s={search_term_string}"},"query-input":{"@type":"PropertyValueSpecification","valueRequired":true,"valueName":"search_term_string"}}],"inLanguage":"en-GB"}]}},"_links":{"self":[{"href":"https:\/\/vinilozona.lt\/en\/wp-json\/wp\/v2\/product\/26350"}],"collection":[{"href":"https:\/\/vinilozona.lt\/en\/wp-json\/wp\/v2\/product"}],"about":[{"href":"https:\/\/vinilozona.lt\/en\/wp-json\/wp\/v2\/types\/product"}],"wp:featuredmedia":[{"embeddable":true,"href":"https:\/\/vinilozona.lt\/en\/wp-json\/wp\/v2\/media\/30518"}],"wp:attachment":[{"href":"https:\/\/vinilozona.lt\/en\/wp-json\/wp\/v2\/media?parent=26350"}],"wp:term":[{"taxonomy":"product_cat","embeddable":true,"href":"https:\/\/vinilozona.lt\/en\/wp-json\/wp\/v2\/product_cat?post=26350"},{"taxonomy":"product_tag","embeddable":true,"href":"https:\/\/vinilozona.lt\/en\/wp-json\/wp\/v2\/product_tag?post=26350"}],"curies":[{"name":"wp","href":"https:\/\/api.w.org\/{rel}","templated":true}]}}