{"id":26341,"date":"2025-12-28T05:12:01","date_gmt":"2025-12-28T03:12:01","guid":{"rendered":"https:\/\/vinilozona.lt\/?post_type=product&#038;p=26341"},"modified":"2026-01-06T11:13:42","modified_gmt":"2026-01-06T09:13:42","slug":"queen-greatest-hits-ii-2lp","status":"publish","type":"product","link":"https:\/\/vinilozona.lt\/en\/parduotuve\/naujos-lp\/queen-greatest-hits-ii-2lp\/","title":{"rendered":"Queen \u2013 Greatest Hits II  2LP"},"content":{"rendered":"<p>Queen\u2013\tA Kind Of Magic\t4:22<br \/>\nQueen &#038; David Bowie\u2013\tUnder Pressure\t3:56<br \/>\nQueen\u2013\tRadio Ga Ga\t5:43<br \/>\nQueen\u2013\tI Want It All\t4:01<br \/>\nQueen\u2013\tI Want To Break Free\t4:18<br \/>\nQueen\u2013\tInnuendo\t6:27<br \/>\nQueen\u2013\tIt&#8217;s A Hard Life\t4:09<br \/>\nQueen\u2013\tBreakthru\t4:09<br \/>\nQueen\u2013\tWho Wants To Live Forever\t4:57<br \/>\nQueen\u2013\tHeadlong\t4:33<br \/>\nQueen\u2013\tThe Miracle\t4:54<br \/>\nQueen\u2013\tI&#8217;m Going Slightly Mad\t4:07<br \/>\nQueen\u2013\tThe Invisible Man\t3:58<br \/>\nQueen\u2013\tHammer To Fall\t3:40<br \/>\nQueen\u2013\tFriends Will Be Friends\t4:08<br \/>\nQueen\u2013\tThe Show Must Go On\t4:23<br \/>\nQueen\u2013\tOne Vision\t4:02<\/p>","protected":false},"excerpt":{"rendered":"<p>Virgin EMI Records \u2013 0602557048445<br \/>\nFormat:<br \/>\n2 x Vinyl, LP, Compilation, Reissue, Remastered, Stereo, Gatefold, 180g<br \/>\nCountry: Europe<br \/>\nReleased:  2016<\/p>","protected":false},"featured_media":26342,"template":"","meta":[],"product_cat":[23],"product_tag":[55],"yoast_head":"<!-- This site is optimized with the Yoast SEO plugin v23.5 - https:\/\/yoast.com\/wordpress\/plugins\/seo\/ -->\n<title>Queen \u2013 Greatest Hits II 2LP Vinilin\u0117 Plok\u0161tel\u0117 | Vinilozona.lt<\/title>\n<meta name=\"robots\" content=\"index, follow, max-snippet:-1, max-image-preview:large, max-video-preview:-1\" \/>\n<link rel=\"canonical\" href=\"https:\/\/vinilozona.lt\/en\/parduotuve\/naujos-lp\/queen-greatest-hits-ii-2lp\/\" \/>\n<meta property=\"og:locale\" content=\"en_GB\" \/>\n<meta property=\"og:type\" content=\"article\" \/>\n<meta property=\"og:title\" content=\"Queen \u2013 Greatest Hits II 2LP Vinilin\u0117 Plok\u0161tel\u0117 | Vinilozona.lt\" \/>\n<meta property=\"og:description\" content=\"Virgin EMI Records \u2013 0602557048445 Format: 2 x Vinyl, LP, Compilation, Reissue, Remastered, Stereo, Gatefold, 180g Country: Europe Released: 2016\" \/>\n<meta property=\"og:url\" content=\"https:\/\/vinilozona.lt\/en\/parduotuve\/naujos-lp\/queen-greatest-hits-ii-2lp\/\" \/>\n<meta property=\"og:site_name\" content=\"Vinilo Zona\" \/>\n<meta property=\"article:modified_time\" content=\"2026-01-06T09:13:42+00:00\" \/>\n<meta property=\"og:image\" content=\"https:\/\/vinilozona.lt\/wp-content\/uploads\/2024\/11\/R-9370710-1483181446-4581.jpg\" \/>\n\t<meta property=\"og:image:width\" content=\"600\" \/>\n\t<meta property=\"og:image:height\" content=\"594\" \/>\n\t<meta property=\"og:image:type\" content=\"image\/jpeg\" \/>\n<meta name=\"twitter:card\" content=\"summary_large_image\" \/>\n<meta name=\"twitter:label1\" content=\"Estimated reading time\" \/>\n\t<meta name=\"twitter:data1\" content=\"1 minute\" \/>\n<script type=\"application\/ld+json\" class=\"yoast-schema-graph\">{\"@context\":\"https:\/\/schema.org\",\"@graph\":[{\"@type\":\"WebPage\",\"@id\":\"https:\/\/vinilozona.lt\/parduotuve\/naujos-lp\/queen-greatest-hits-ii-2lp\/\",\"url\":\"https:\/\/vinilozona.lt\/parduotuve\/naujos-lp\/queen-greatest-hits-ii-2lp\/\",\"name\":\"Queen \u2013 Greatest Hits II 2LP Vinilin\u0117 Plok\u0161tel\u0117 | Vinilozona.lt\",\"isPartOf\":{\"@id\":\"https:\/\/vinilozona.lt\/#website\"},\"primaryImageOfPage\":{\"@id\":\"https:\/\/vinilozona.lt\/parduotuve\/naujos-lp\/queen-greatest-hits-ii-2lp\/#primaryimage\"},\"image\":{\"@id\":\"https:\/\/vinilozona.lt\/parduotuve\/naujos-lp\/queen-greatest-hits-ii-2lp\/#primaryimage\"},\"thumbnailUrl\":\"https:\/\/vinilozona.lt\/wp-content\/uploads\/2024\/11\/R-9370710-1483181446-4581.jpg\",\"datePublished\":\"2025-12-28T03:12:01+00:00\",\"dateModified\":\"2026-01-06T09:13:42+00:00\",\"breadcrumb\":{\"@id\":\"https:\/\/vinilozona.lt\/parduotuve\/naujos-lp\/queen-greatest-hits-ii-2lp\/#breadcrumb\"},\"inLanguage\":\"en-GB\",\"potentialAction\":[{\"@type\":\"ReadAction\",\"target\":[\"https:\/\/vinilozona.lt\/parduotuve\/naujos-lp\/queen-greatest-hits-ii-2lp\/\"]}]},{\"@type\":\"ImageObject\",\"inLanguage\":\"en-GB\",\"@id\":\"https:\/\/vinilozona.lt\/parduotuve\/naujos-lp\/queen-greatest-hits-ii-2lp\/#primaryimage\",\"url\":\"https:\/\/vinilozona.lt\/wp-content\/uploads\/2024\/11\/R-9370710-1483181446-4581.jpg\",\"contentUrl\":\"https:\/\/vinilozona.lt\/wp-content\/uploads\/2024\/11\/R-9370710-1483181446-4581.jpg\",\"width\":600,\"height\":594},{\"@type\":\"BreadcrumbList\",\"@id\":\"https:\/\/vinilozona.lt\/parduotuve\/naujos-lp\/queen-greatest-hits-ii-2lp\/#breadcrumb\",\"itemListElement\":[{\"@type\":\"ListItem\",\"position\":1,\"name\":\"Home\",\"item\":\"https:\/\/vinilozona.lt\/\"},{\"@type\":\"ListItem\",\"position\":2,\"name\":\"Parduotuv\u0117\",\"item\":\"https:\/\/vinilozona.lt\/parduotuve\/\"},{\"@type\":\"ListItem\",\"position\":3,\"name\":\"Queen \u2013 Greatest Hits II 2LP\"}]},{\"@type\":\"WebSite\",\"@id\":\"https:\/\/vinilozona.lt\/#website\",\"url\":\"https:\/\/vinilozona.lt\/\",\"name\":\"Vinilo Zona\",\"description\":\"Nup\u016bsk dulkes ir klausyk LP\",\"potentialAction\":[{\"@type\":\"SearchAction\",\"target\":{\"@type\":\"EntryPoint\",\"urlTemplate\":\"https:\/\/vinilozona.lt\/?s={search_term_string}\"},\"query-input\":{\"@type\":\"PropertyValueSpecification\",\"valueRequired\":true,\"valueName\":\"search_term_string\"}}],\"inLanguage\":\"en-GB\"}]}<\/script>\n<!-- \/ Yoast SEO plugin. -->","yoast_head_json":{"title":"Queen \u2013 Greatest Hits II 2LP Vinilin\u0117 Plok\u0161tel\u0117 | Vinilozona.lt","robots":{"index":"index","follow":"follow","max-snippet":"max-snippet:-1","max-image-preview":"max-image-preview:large","max-video-preview":"max-video-preview:-1"},"canonical":"https:\/\/vinilozona.lt\/en\/parduotuve\/naujos-lp\/queen-greatest-hits-ii-2lp\/","og_locale":"en_GB","og_type":"article","og_title":"Queen \u2013 Greatest Hits II 2LP Vinilin\u0117 Plok\u0161tel\u0117 | Vinilozona.lt","og_description":"Virgin EMI Records \u2013 0602557048445 Format: 2 x Vinyl, LP, Compilation, Reissue, Remastered, Stereo, Gatefold, 180g Country: Europe Released: 2016","og_url":"https:\/\/vinilozona.lt\/en\/parduotuve\/naujos-lp\/queen-greatest-hits-ii-2lp\/","og_site_name":"Vinilo Zona","article_modified_time":"2026-01-06T09:13:42+00:00","og_image":[{"width":600,"height":594,"url":"https:\/\/vinilozona.lt\/wp-content\/uploads\/2024\/11\/R-9370710-1483181446-4581.jpg","type":"image\/jpeg"}],"twitter_card":"summary_large_image","twitter_misc":{"Estimated reading time":"1 minute"},"schema":{"@context":"https:\/\/schema.org","@graph":[{"@type":"WebPage","@id":"https:\/\/vinilozona.lt\/parduotuve\/naujos-lp\/queen-greatest-hits-ii-2lp\/","url":"https:\/\/vinilozona.lt\/parduotuve\/naujos-lp\/queen-greatest-hits-ii-2lp\/","name":"Queen \u2013 Greatest Hits II 2LP Vinilin\u0117 Plok\u0161tel\u0117 | Vinilozona.lt","isPartOf":{"@id":"https:\/\/vinilozona.lt\/#website"},"primaryImageOfPage":{"@id":"https:\/\/vinilozona.lt\/parduotuve\/naujos-lp\/queen-greatest-hits-ii-2lp\/#primaryimage"},"image":{"@id":"https:\/\/vinilozona.lt\/parduotuve\/naujos-lp\/queen-greatest-hits-ii-2lp\/#primaryimage"},"thumbnailUrl":"https:\/\/vinilozona.lt\/wp-content\/uploads\/2024\/11\/R-9370710-1483181446-4581.jpg","datePublished":"2025-12-28T03:12:01+00:00","dateModified":"2026-01-06T09:13:42+00:00","breadcrumb":{"@id":"https:\/\/vinilozona.lt\/parduotuve\/naujos-lp\/queen-greatest-hits-ii-2lp\/#breadcrumb"},"inLanguage":"en-GB","potentialAction":[{"@type":"ReadAction","target":["https:\/\/vinilozona.lt\/parduotuve\/naujos-lp\/queen-greatest-hits-ii-2lp\/"]}]},{"@type":"ImageObject","inLanguage":"en-GB","@id":"https:\/\/vinilozona.lt\/parduotuve\/naujos-lp\/queen-greatest-hits-ii-2lp\/#primaryimage","url":"https:\/\/vinilozona.lt\/wp-content\/uploads\/2024\/11\/R-9370710-1483181446-4581.jpg","contentUrl":"https:\/\/vinilozona.lt\/wp-content\/uploads\/2024\/11\/R-9370710-1483181446-4581.jpg","width":600,"height":594},{"@type":"BreadcrumbList","@id":"https:\/\/vinilozona.lt\/parduotuve\/naujos-lp\/queen-greatest-hits-ii-2lp\/#breadcrumb","itemListElement":[{"@type":"ListItem","position":1,"name":"Home","item":"https:\/\/vinilozona.lt\/"},{"@type":"ListItem","position":2,"name":"Parduotuv\u0117","item":"https:\/\/vinilozona.lt\/parduotuve\/"},{"@type":"ListItem","position":3,"name":"Queen \u2013 Greatest Hits II 2LP"}]},{"@type":"WebSite","@id":"https:\/\/vinilozona.lt\/#website","url":"https:\/\/vinilozona.lt\/","name":"Vinilo Zona","description":"Nup\u016bsk dulkes ir klausyk LP","potentialAction":[{"@type":"SearchAction","target":{"@type":"EntryPoint","urlTemplate":"https:\/\/vinilozona.lt\/?s={search_term_string}"},"query-input":{"@type":"PropertyValueSpecification","valueRequired":true,"valueName":"search_term_string"}}],"inLanguage":"en-GB"}]}},"_links":{"self":[{"href":"https:\/\/vinilozona.lt\/en\/wp-json\/wp\/v2\/product\/26341"}],"collection":[{"href":"https:\/\/vinilozona.lt\/en\/wp-json\/wp\/v2\/product"}],"about":[{"href":"https:\/\/vinilozona.lt\/en\/wp-json\/wp\/v2\/types\/product"}],"wp:featuredmedia":[{"embeddable":true,"href":"https:\/\/vinilozona.lt\/en\/wp-json\/wp\/v2\/media\/26342"}],"wp:attachment":[{"href":"https:\/\/vinilozona.lt\/en\/wp-json\/wp\/v2\/media?parent=26341"}],"wp:term":[{"taxonomy":"product_cat","embeddable":true,"href":"https:\/\/vinilozona.lt\/en\/wp-json\/wp\/v2\/product_cat?post=26341"},{"taxonomy":"product_tag","embeddable":true,"href":"https:\/\/vinilozona.lt\/en\/wp-json\/wp\/v2\/product_tag?post=26341"}],"curies":[{"name":"wp","href":"https:\/\/api.w.org\/{rel}","templated":true}]}}