{"id":26300,"date":"2024-11-07T05:17:50","date_gmt":"2024-11-07T03:17:50","guid":{"rendered":"https:\/\/vinilozona.lt\/?post_type=product&#038;p=26300"},"modified":"2024-11-06T07:55:27","modified_gmt":"2024-11-06T05:55:27","slug":"chubby-checker-lets-twist-again-the-best-of-chubby-checker-2","status":"publish","type":"product","link":"https:\/\/vinilozona.lt\/en\/parduotuve\/rock-pop\/chubby-checker-lets-twist-again-the-best-of-chubby-checker-2\/","title":{"rendered":"Chubby Checker \u2013 Let&#8217;s Twist Again The Best Of Chubby Checker"},"content":{"rendered":"<p>A1\t\tLet&#8217;s Twist Again<br \/>\nA2\t\tThe Twist<br \/>\nA3\t\tThe Hucklebuck<br \/>\nA4\t\tPony Time<br \/>\nA5\t\tThe Fly<br \/>\nA6\t\tLimbo Rock<br \/>\nA7\t\tBirdland<br \/>\nA8\t\tDance The Mess Around<br \/>\nA9\t\tLet&#8217;s Do The Freddie<br \/>\nA10\t\tMary Ann Limbo<br \/>\nB1\t\tHooka Tooka<br \/>\nB2\t\tHey, Bobba Needle<br \/>\nB3\t\tLoddy Lo<br \/>\nB4\t\tLet&#8217;s Limbo Some More<br \/>\nB5\t\tTwist It Up<br \/>\nB6\t\tPopeye The Hitchhiker<br \/>\nB7\t\tSlow Twistin&#8217;<br \/>\nB8\t\tDancin&#8217; Party<br \/>\nB9\t\tTwenty Miles<br \/>\nB10\t\tRosie<\/p>","protected":false},"excerpt":{"rendered":"<p>Arrival Records \u2013 AN 8041<br \/>\nFormat:<br \/>\nVinyl, LP, Compilation, Stereo<br \/>\nCountry:<br \/>\nNetherlands<br \/>\nReleased:<br \/>\n1981<\/p>","protected":false},"featured_media":26301,"template":"","meta":[],"product_cat":[15],"product_tag":[44],"yoast_head":"<!-- This site is optimized with the Yoast SEO plugin v23.5 - https:\/\/yoast.com\/wordpress\/plugins\/seo\/ -->\n<title>Chubby Checker \u2013 Let&#039;s Twist Again The Best Of Chubby Checker Vinilin\u0117 Plok\u0161tel\u0117 | Vinilozona.lt<\/title>\n<meta name=\"robots\" content=\"index, follow, max-snippet:-1, max-image-preview:large, max-video-preview:-1\" \/>\n<link rel=\"canonical\" href=\"https:\/\/vinilozona.lt\/en\/parduotuve\/rock-pop\/chubby-checker-lets-twist-again-the-best-of-chubby-checker-2\/\" \/>\n<meta property=\"og:locale\" content=\"en_GB\" \/>\n<meta property=\"og:type\" content=\"article\" \/>\n<meta property=\"og:title\" content=\"Chubby Checker \u2013 Let&#039;s Twist Again The Best Of Chubby Checker Vinilin\u0117 Plok\u0161tel\u0117 | Vinilozona.lt\" \/>\n<meta property=\"og:description\" content=\"Arrival Records \u2013 AN 8041 Format: Vinyl, LP, Compilation, Stereo Country: Netherlands Released: 1981\" \/>\n<meta property=\"og:url\" content=\"https:\/\/vinilozona.lt\/en\/parduotuve\/rock-pop\/chubby-checker-lets-twist-again-the-best-of-chubby-checker-2\/\" \/>\n<meta property=\"og:site_name\" content=\"Vinilo Zona\" \/>\n<meta property=\"article:modified_time\" content=\"2024-11-06T05:55:27+00:00\" \/>\n<meta property=\"og:image\" content=\"https:\/\/vinilozona.lt\/wp-content\/uploads\/2024\/11\/R-2971809-1309804178.jpg\" \/>\n\t<meta property=\"og:image:width\" content=\"600\" \/>\n\t<meta property=\"og:image:height\" content=\"600\" \/>\n\t<meta property=\"og:image:type\" content=\"image\/jpeg\" \/>\n<meta name=\"twitter:card\" content=\"summary_large_image\" \/>\n<meta name=\"twitter:label1\" content=\"Estimated reading time\" \/>\n\t<meta name=\"twitter:data1\" content=\"1 minute\" \/>\n<script type=\"application\/ld+json\" class=\"yoast-schema-graph\">{\"@context\":\"https:\/\/schema.org\",\"@graph\":[{\"@type\":\"WebPage\",\"@id\":\"https:\/\/vinilozona.lt\/parduotuve\/rock-pop\/chubby-checker-lets-twist-again-the-best-of-chubby-checker-2\/\",\"url\":\"https:\/\/vinilozona.lt\/parduotuve\/rock-pop\/chubby-checker-lets-twist-again-the-best-of-chubby-checker-2\/\",\"name\":\"Chubby Checker \u2013 Let's Twist Again The Best Of Chubby Checker Vinilin\u0117 Plok\u0161tel\u0117 | Vinilozona.lt\",\"isPartOf\":{\"@id\":\"https:\/\/vinilozona.lt\/#website\"},\"primaryImageOfPage\":{\"@id\":\"https:\/\/vinilozona.lt\/parduotuve\/rock-pop\/chubby-checker-lets-twist-again-the-best-of-chubby-checker-2\/#primaryimage\"},\"image\":{\"@id\":\"https:\/\/vinilozona.lt\/parduotuve\/rock-pop\/chubby-checker-lets-twist-again-the-best-of-chubby-checker-2\/#primaryimage\"},\"thumbnailUrl\":\"https:\/\/vinilozona.lt\/wp-content\/uploads\/2024\/11\/R-2971809-1309804178.jpg\",\"datePublished\":\"2024-11-07T03:17:50+00:00\",\"dateModified\":\"2024-11-06T05:55:27+00:00\",\"breadcrumb\":{\"@id\":\"https:\/\/vinilozona.lt\/parduotuve\/rock-pop\/chubby-checker-lets-twist-again-the-best-of-chubby-checker-2\/#breadcrumb\"},\"inLanguage\":\"en-GB\",\"potentialAction\":[{\"@type\":\"ReadAction\",\"target\":[\"https:\/\/vinilozona.lt\/parduotuve\/rock-pop\/chubby-checker-lets-twist-again-the-best-of-chubby-checker-2\/\"]}]},{\"@type\":\"ImageObject\",\"inLanguage\":\"en-GB\",\"@id\":\"https:\/\/vinilozona.lt\/parduotuve\/rock-pop\/chubby-checker-lets-twist-again-the-best-of-chubby-checker-2\/#primaryimage\",\"url\":\"https:\/\/vinilozona.lt\/wp-content\/uploads\/2024\/11\/R-2971809-1309804178.jpg\",\"contentUrl\":\"https:\/\/vinilozona.lt\/wp-content\/uploads\/2024\/11\/R-2971809-1309804178.jpg\",\"width\":600,\"height\":600},{\"@type\":\"BreadcrumbList\",\"@id\":\"https:\/\/vinilozona.lt\/parduotuve\/rock-pop\/chubby-checker-lets-twist-again-the-best-of-chubby-checker-2\/#breadcrumb\",\"itemListElement\":[{\"@type\":\"ListItem\",\"position\":1,\"name\":\"Home\",\"item\":\"https:\/\/vinilozona.lt\/\"},{\"@type\":\"ListItem\",\"position\":2,\"name\":\"Parduotuv\u0117\",\"item\":\"https:\/\/vinilozona.lt\/parduotuve\/\"},{\"@type\":\"ListItem\",\"position\":3,\"name\":\"Chubby Checker \u2013 Let&#8217;s Twist Again The Best Of Chubby Checker\"}]},{\"@type\":\"WebSite\",\"@id\":\"https:\/\/vinilozona.lt\/#website\",\"url\":\"https:\/\/vinilozona.lt\/\",\"name\":\"Vinilo Zona\",\"description\":\"Nup\u016bsk dulkes ir klausyk LP\",\"potentialAction\":[{\"@type\":\"SearchAction\",\"target\":{\"@type\":\"EntryPoint\",\"urlTemplate\":\"https:\/\/vinilozona.lt\/?s={search_term_string}\"},\"query-input\":{\"@type\":\"PropertyValueSpecification\",\"valueRequired\":true,\"valueName\":\"search_term_string\"}}],\"inLanguage\":\"en-GB\"}]}<\/script>\n<!-- \/ Yoast SEO plugin. -->","yoast_head_json":{"title":"Chubby Checker \u2013 Let's Twist Again The Best Of Chubby Checker Vinilin\u0117 Plok\u0161tel\u0117 | Vinilozona.lt","robots":{"index":"index","follow":"follow","max-snippet":"max-snippet:-1","max-image-preview":"max-image-preview:large","max-video-preview":"max-video-preview:-1"},"canonical":"https:\/\/vinilozona.lt\/en\/parduotuve\/rock-pop\/chubby-checker-lets-twist-again-the-best-of-chubby-checker-2\/","og_locale":"en_GB","og_type":"article","og_title":"Chubby Checker \u2013 Let's Twist Again The Best Of Chubby Checker Vinilin\u0117 Plok\u0161tel\u0117 | Vinilozona.lt","og_description":"Arrival Records \u2013 AN 8041 Format: Vinyl, LP, Compilation, Stereo Country: Netherlands Released: 1981","og_url":"https:\/\/vinilozona.lt\/en\/parduotuve\/rock-pop\/chubby-checker-lets-twist-again-the-best-of-chubby-checker-2\/","og_site_name":"Vinilo Zona","article_modified_time":"2024-11-06T05:55:27+00:00","og_image":[{"width":600,"height":600,"url":"https:\/\/vinilozona.lt\/wp-content\/uploads\/2024\/11\/R-2971809-1309804178.jpg","type":"image\/jpeg"}],"twitter_card":"summary_large_image","twitter_misc":{"Estimated reading time":"1 minute"},"schema":{"@context":"https:\/\/schema.org","@graph":[{"@type":"WebPage","@id":"https:\/\/vinilozona.lt\/parduotuve\/rock-pop\/chubby-checker-lets-twist-again-the-best-of-chubby-checker-2\/","url":"https:\/\/vinilozona.lt\/parduotuve\/rock-pop\/chubby-checker-lets-twist-again-the-best-of-chubby-checker-2\/","name":"Chubby Checker \u2013 Let's Twist Again The Best Of Chubby Checker Vinilin\u0117 Plok\u0161tel\u0117 | Vinilozona.lt","isPartOf":{"@id":"https:\/\/vinilozona.lt\/#website"},"primaryImageOfPage":{"@id":"https:\/\/vinilozona.lt\/parduotuve\/rock-pop\/chubby-checker-lets-twist-again-the-best-of-chubby-checker-2\/#primaryimage"},"image":{"@id":"https:\/\/vinilozona.lt\/parduotuve\/rock-pop\/chubby-checker-lets-twist-again-the-best-of-chubby-checker-2\/#primaryimage"},"thumbnailUrl":"https:\/\/vinilozona.lt\/wp-content\/uploads\/2024\/11\/R-2971809-1309804178.jpg","datePublished":"2024-11-07T03:17:50+00:00","dateModified":"2024-11-06T05:55:27+00:00","breadcrumb":{"@id":"https:\/\/vinilozona.lt\/parduotuve\/rock-pop\/chubby-checker-lets-twist-again-the-best-of-chubby-checker-2\/#breadcrumb"},"inLanguage":"en-GB","potentialAction":[{"@type":"ReadAction","target":["https:\/\/vinilozona.lt\/parduotuve\/rock-pop\/chubby-checker-lets-twist-again-the-best-of-chubby-checker-2\/"]}]},{"@type":"ImageObject","inLanguage":"en-GB","@id":"https:\/\/vinilozona.lt\/parduotuve\/rock-pop\/chubby-checker-lets-twist-again-the-best-of-chubby-checker-2\/#primaryimage","url":"https:\/\/vinilozona.lt\/wp-content\/uploads\/2024\/11\/R-2971809-1309804178.jpg","contentUrl":"https:\/\/vinilozona.lt\/wp-content\/uploads\/2024\/11\/R-2971809-1309804178.jpg","width":600,"height":600},{"@type":"BreadcrumbList","@id":"https:\/\/vinilozona.lt\/parduotuve\/rock-pop\/chubby-checker-lets-twist-again-the-best-of-chubby-checker-2\/#breadcrumb","itemListElement":[{"@type":"ListItem","position":1,"name":"Home","item":"https:\/\/vinilozona.lt\/"},{"@type":"ListItem","position":2,"name":"Parduotuv\u0117","item":"https:\/\/vinilozona.lt\/parduotuve\/"},{"@type":"ListItem","position":3,"name":"Chubby Checker \u2013 Let&#8217;s Twist Again The Best Of Chubby Checker"}]},{"@type":"WebSite","@id":"https:\/\/vinilozona.lt\/#website","url":"https:\/\/vinilozona.lt\/","name":"Vinilo Zona","description":"Nup\u016bsk dulkes ir klausyk LP","potentialAction":[{"@type":"SearchAction","target":{"@type":"EntryPoint","urlTemplate":"https:\/\/vinilozona.lt\/?s={search_term_string}"},"query-input":{"@type":"PropertyValueSpecification","valueRequired":true,"valueName":"search_term_string"}}],"inLanguage":"en-GB"}]}},"_links":{"self":[{"href":"https:\/\/vinilozona.lt\/en\/wp-json\/wp\/v2\/product\/26300"}],"collection":[{"href":"https:\/\/vinilozona.lt\/en\/wp-json\/wp\/v2\/product"}],"about":[{"href":"https:\/\/vinilozona.lt\/en\/wp-json\/wp\/v2\/types\/product"}],"wp:featuredmedia":[{"embeddable":true,"href":"https:\/\/vinilozona.lt\/en\/wp-json\/wp\/v2\/media\/26301"}],"wp:attachment":[{"href":"https:\/\/vinilozona.lt\/en\/wp-json\/wp\/v2\/media?parent=26300"}],"wp:term":[{"taxonomy":"product_cat","embeddable":true,"href":"https:\/\/vinilozona.lt\/en\/wp-json\/wp\/v2\/product_cat?post=26300"},{"taxonomy":"product_tag","embeddable":true,"href":"https:\/\/vinilozona.lt\/en\/wp-json\/wp\/v2\/product_tag?post=26300"}],"curies":[{"name":"wp","href":"https:\/\/api.w.org\/{rel}","templated":true}]}}