{"id":26294,"date":"2024-11-07T05:12:54","date_gmt":"2024-11-07T03:12:54","guid":{"rendered":"https:\/\/vinilozona.lt\/?post_type=product&#038;p=26294"},"modified":"2025-01-28T18:06:24","modified_gmt":"2025-01-28T16:06:24","slug":"various-underground-psychedelic","status":"publish","type":"product","link":"https:\/\/vinilozona.lt\/en\/parduotuve\/rock-pop\/various-underground-psychedelic\/","title":{"rendered":"Various \u2013 Underground &#038; Psychedelic"},"content":{"rendered":"<p>A1\tArs Nova \u2013\tZarathustra  3:30<br \/>\nA2\tDoors\u2013\tTouch Me\t3:09<br \/>\nA3\tClear Light \u2013\tThe Ballad Of Freddie And Larry 2:00<br \/>\nA4\tRhinoceros \u2013\tWhen You Say You&#8217;re Sorry 3:53<br \/>\nA5\tLove\u2013\tMy Little Red Book 2:30<br \/>\nA6\tThe Holy Modal Rounders\u2013\tThe Pledge\t1:50<br \/>\nB1\tDoors\u2013\tHello, I Love You, Won&#8217;t You Tell Me Your Name\t2:13<br \/>\nB2\tEarth Opera\u2013\tThe Red Sox Are Winning  3:30<br \/>\nB3\tThe Incredible String Band\u2013\tNo Sleep Blues  3:50<br \/>\nB4\tClear Light \u2013\tThe Street Singer 3:15<br \/>\nB5\tDoors\u2013\tLight My Fire\t2:52<br \/>\nB6\tThe Zodiac Cosmic Sounds\u2013\tScorpio &#8211; The Passionate Hero  2:51<\/p>","protected":false},"excerpt":{"rendered":"<p>Elektra \u2013 H 876\/5, Deutscher Schallplattenclub \u2013 H 876\/5<br \/>\nFormat:<br \/>\nVinyl, LP, Compilation, Club Edition, Stereo<br \/>\nCountry:<br \/>\nGermany<br \/>\nReleased:<br \/>\n1969<\/p>","protected":false},"featured_media":26295,"template":"","meta":[],"product_cat":[15,906],"product_tag":[44],"yoast_head":"<!-- This site is optimized with the Yoast SEO plugin v23.5 - https:\/\/yoast.com\/wordpress\/plugins\/seo\/ -->\n<title>Various \u2013 Underground &amp; Psychedelic Vinilin\u0117 Plok\u0161tel\u0117 | Vinilozona.lt<\/title>\n<meta name=\"robots\" content=\"index, follow, max-snippet:-1, max-image-preview:large, max-video-preview:-1\" \/>\n<link rel=\"canonical\" href=\"https:\/\/vinilozona.lt\/en\/parduotuve\/rock-pop\/various-underground-psychedelic\/\" \/>\n<meta property=\"og:locale\" content=\"en_GB\" \/>\n<meta property=\"og:type\" content=\"article\" \/>\n<meta property=\"og:title\" content=\"Various \u2013 Underground &amp; Psychedelic Vinilin\u0117 Plok\u0161tel\u0117 | Vinilozona.lt\" \/>\n<meta property=\"og:description\" content=\"Elektra \u2013 H 876\/5, Deutscher Schallplattenclub \u2013 H 876\/5 Format: Vinyl, LP, Compilation, Club Edition, Stereo Country: Germany Released: 1969\" \/>\n<meta property=\"og:url\" content=\"https:\/\/vinilozona.lt\/en\/parduotuve\/rock-pop\/various-underground-psychedelic\/\" \/>\n<meta property=\"og:site_name\" content=\"Vinilo Zona\" \/>\n<meta property=\"article:modified_time\" content=\"2025-01-28T16:06:24+00:00\" \/>\n<meta property=\"og:image\" content=\"https:\/\/vinilozona.lt\/wp-content\/uploads\/2024\/11\/R-2716935-1537470637-4980.jpg\" \/>\n\t<meta property=\"og:image:width\" content=\"599\" \/>\n\t<meta property=\"og:image:height\" content=\"588\" \/>\n\t<meta property=\"og:image:type\" content=\"image\/jpeg\" \/>\n<meta name=\"twitter:card\" content=\"summary_large_image\" \/>\n<meta name=\"twitter:label1\" content=\"Estimated reading time\" \/>\n\t<meta name=\"twitter:data1\" content=\"1 minute\" \/>\n<script type=\"application\/ld+json\" class=\"yoast-schema-graph\">{\"@context\":\"https:\/\/schema.org\",\"@graph\":[{\"@type\":\"WebPage\",\"@id\":\"https:\/\/vinilozona.lt\/parduotuve\/rock-pop\/various-underground-psychedelic\/\",\"url\":\"https:\/\/vinilozona.lt\/parduotuve\/rock-pop\/various-underground-psychedelic\/\",\"name\":\"Various \u2013 Underground & Psychedelic Vinilin\u0117 Plok\u0161tel\u0117 | Vinilozona.lt\",\"isPartOf\":{\"@id\":\"https:\/\/vinilozona.lt\/#website\"},\"primaryImageOfPage\":{\"@id\":\"https:\/\/vinilozona.lt\/parduotuve\/rock-pop\/various-underground-psychedelic\/#primaryimage\"},\"image\":{\"@id\":\"https:\/\/vinilozona.lt\/parduotuve\/rock-pop\/various-underground-psychedelic\/#primaryimage\"},\"thumbnailUrl\":\"https:\/\/vinilozona.lt\/wp-content\/uploads\/2024\/11\/R-2716935-1537470637-4980.jpg\",\"datePublished\":\"2024-11-07T03:12:54+00:00\",\"dateModified\":\"2025-01-28T16:06:24+00:00\",\"breadcrumb\":{\"@id\":\"https:\/\/vinilozona.lt\/parduotuve\/rock-pop\/various-underground-psychedelic\/#breadcrumb\"},\"inLanguage\":\"en-GB\",\"potentialAction\":[{\"@type\":\"ReadAction\",\"target\":[\"https:\/\/vinilozona.lt\/parduotuve\/rock-pop\/various-underground-psychedelic\/\"]}]},{\"@type\":\"ImageObject\",\"inLanguage\":\"en-GB\",\"@id\":\"https:\/\/vinilozona.lt\/parduotuve\/rock-pop\/various-underground-psychedelic\/#primaryimage\",\"url\":\"https:\/\/vinilozona.lt\/wp-content\/uploads\/2024\/11\/R-2716935-1537470637-4980.jpg\",\"contentUrl\":\"https:\/\/vinilozona.lt\/wp-content\/uploads\/2024\/11\/R-2716935-1537470637-4980.jpg\",\"width\":599,\"height\":588},{\"@type\":\"BreadcrumbList\",\"@id\":\"https:\/\/vinilozona.lt\/parduotuve\/rock-pop\/various-underground-psychedelic\/#breadcrumb\",\"itemListElement\":[{\"@type\":\"ListItem\",\"position\":1,\"name\":\"Home\",\"item\":\"https:\/\/vinilozona.lt\/\"},{\"@type\":\"ListItem\",\"position\":2,\"name\":\"Parduotuv\u0117\",\"item\":\"https:\/\/vinilozona.lt\/parduotuve\/\"},{\"@type\":\"ListItem\",\"position\":3,\"name\":\"Various \u2013 Underground &#038; Psychedelic\"}]},{\"@type\":\"WebSite\",\"@id\":\"https:\/\/vinilozona.lt\/#website\",\"url\":\"https:\/\/vinilozona.lt\/\",\"name\":\"Vinilo Zona\",\"description\":\"Nup\u016bsk dulkes ir klausyk LP\",\"potentialAction\":[{\"@type\":\"SearchAction\",\"target\":{\"@type\":\"EntryPoint\",\"urlTemplate\":\"https:\/\/vinilozona.lt\/?s={search_term_string}\"},\"query-input\":{\"@type\":\"PropertyValueSpecification\",\"valueRequired\":true,\"valueName\":\"search_term_string\"}}],\"inLanguage\":\"en-GB\"}]}<\/script>\n<!-- \/ Yoast SEO plugin. -->","yoast_head_json":{"title":"Various \u2013 Underground & Psychedelic Vinilin\u0117 Plok\u0161tel\u0117 | Vinilozona.lt","robots":{"index":"index","follow":"follow","max-snippet":"max-snippet:-1","max-image-preview":"max-image-preview:large","max-video-preview":"max-video-preview:-1"},"canonical":"https:\/\/vinilozona.lt\/en\/parduotuve\/rock-pop\/various-underground-psychedelic\/","og_locale":"en_GB","og_type":"article","og_title":"Various \u2013 Underground & Psychedelic Vinilin\u0117 Plok\u0161tel\u0117 | Vinilozona.lt","og_description":"Elektra \u2013 H 876\/5, Deutscher Schallplattenclub \u2013 H 876\/5 Format: Vinyl, LP, Compilation, Club Edition, Stereo Country: Germany Released: 1969","og_url":"https:\/\/vinilozona.lt\/en\/parduotuve\/rock-pop\/various-underground-psychedelic\/","og_site_name":"Vinilo Zona","article_modified_time":"2025-01-28T16:06:24+00:00","og_image":[{"width":599,"height":588,"url":"https:\/\/vinilozona.lt\/wp-content\/uploads\/2024\/11\/R-2716935-1537470637-4980.jpg","type":"image\/jpeg"}],"twitter_card":"summary_large_image","twitter_misc":{"Estimated reading time":"1 minute"},"schema":{"@context":"https:\/\/schema.org","@graph":[{"@type":"WebPage","@id":"https:\/\/vinilozona.lt\/parduotuve\/rock-pop\/various-underground-psychedelic\/","url":"https:\/\/vinilozona.lt\/parduotuve\/rock-pop\/various-underground-psychedelic\/","name":"Various \u2013 Underground & Psychedelic Vinilin\u0117 Plok\u0161tel\u0117 | Vinilozona.lt","isPartOf":{"@id":"https:\/\/vinilozona.lt\/#website"},"primaryImageOfPage":{"@id":"https:\/\/vinilozona.lt\/parduotuve\/rock-pop\/various-underground-psychedelic\/#primaryimage"},"image":{"@id":"https:\/\/vinilozona.lt\/parduotuve\/rock-pop\/various-underground-psychedelic\/#primaryimage"},"thumbnailUrl":"https:\/\/vinilozona.lt\/wp-content\/uploads\/2024\/11\/R-2716935-1537470637-4980.jpg","datePublished":"2024-11-07T03:12:54+00:00","dateModified":"2025-01-28T16:06:24+00:00","breadcrumb":{"@id":"https:\/\/vinilozona.lt\/parduotuve\/rock-pop\/various-underground-psychedelic\/#breadcrumb"},"inLanguage":"en-GB","potentialAction":[{"@type":"ReadAction","target":["https:\/\/vinilozona.lt\/parduotuve\/rock-pop\/various-underground-psychedelic\/"]}]},{"@type":"ImageObject","inLanguage":"en-GB","@id":"https:\/\/vinilozona.lt\/parduotuve\/rock-pop\/various-underground-psychedelic\/#primaryimage","url":"https:\/\/vinilozona.lt\/wp-content\/uploads\/2024\/11\/R-2716935-1537470637-4980.jpg","contentUrl":"https:\/\/vinilozona.lt\/wp-content\/uploads\/2024\/11\/R-2716935-1537470637-4980.jpg","width":599,"height":588},{"@type":"BreadcrumbList","@id":"https:\/\/vinilozona.lt\/parduotuve\/rock-pop\/various-underground-psychedelic\/#breadcrumb","itemListElement":[{"@type":"ListItem","position":1,"name":"Home","item":"https:\/\/vinilozona.lt\/"},{"@type":"ListItem","position":2,"name":"Parduotuv\u0117","item":"https:\/\/vinilozona.lt\/parduotuve\/"},{"@type":"ListItem","position":3,"name":"Various \u2013 Underground &#038; Psychedelic"}]},{"@type":"WebSite","@id":"https:\/\/vinilozona.lt\/#website","url":"https:\/\/vinilozona.lt\/","name":"Vinilo Zona","description":"Nup\u016bsk dulkes ir klausyk LP","potentialAction":[{"@type":"SearchAction","target":{"@type":"EntryPoint","urlTemplate":"https:\/\/vinilozona.lt\/?s={search_term_string}"},"query-input":{"@type":"PropertyValueSpecification","valueRequired":true,"valueName":"search_term_string"}}],"inLanguage":"en-GB"}]}},"_links":{"self":[{"href":"https:\/\/vinilozona.lt\/en\/wp-json\/wp\/v2\/product\/26294"}],"collection":[{"href":"https:\/\/vinilozona.lt\/en\/wp-json\/wp\/v2\/product"}],"about":[{"href":"https:\/\/vinilozona.lt\/en\/wp-json\/wp\/v2\/types\/product"}],"wp:featuredmedia":[{"embeddable":true,"href":"https:\/\/vinilozona.lt\/en\/wp-json\/wp\/v2\/media\/26295"}],"wp:attachment":[{"href":"https:\/\/vinilozona.lt\/en\/wp-json\/wp\/v2\/media?parent=26294"}],"wp:term":[{"taxonomy":"product_cat","embeddable":true,"href":"https:\/\/vinilozona.lt\/en\/wp-json\/wp\/v2\/product_cat?post=26294"},{"taxonomy":"product_tag","embeddable":true,"href":"https:\/\/vinilozona.lt\/en\/wp-json\/wp\/v2\/product_tag?post=26294"}],"curies":[{"name":"wp","href":"https:\/\/api.w.org\/{rel}","templated":true}]}}