{"id":26262,"date":"2024-10-29T05:44:10","date_gmt":"2024-10-29T03:44:10","guid":{"rendered":"https:\/\/vinilozona.lt\/?post_type=product&#038;p=26262"},"modified":"2024-12-07T16:06:31","modified_gmt":"2024-12-07T14:06:31","slug":"blue-system-seeds-of-heaven","status":"publish","type":"product","link":"https:\/\/vinilozona.lt\/en\/parduotuve\/rock-pop\/blue-system-seeds-of-heaven\/","title":{"rendered":"Blue System \u2013 Seeds Of Heaven"},"content":{"rendered":"<p>A1\t\tLa Serenata (Overture)\t1:36<br \/>\nA2\t\tLucifer\t3:46<br \/>\nA3\t\tTestamente D&#8217;Amelia\t5:35<br \/>\nA4\t\tIs She Really Going Out With Him?\t3:28<br \/>\nA5\t\tRead My Lips\t4:05<br \/>\nB1\t\tIs It A Shame\t3:38<br \/>\nB2\t\tSad Girl In The Sunset\t4:35<br \/>\nB3\t\tLisa Said&#8230;\t5:05<br \/>\nB4\t\tThe Wind Cries (Who Killed Norma Jean)\t3:58<br \/>\nB5\t\tDon&#8217;t Tell Me\t3:55<\/p>","protected":false},"excerpt":{"rendered":"<p>Hansa \u2013 211 411<br \/>\nFormat:<br \/>\nVinyl, LP, Album<br \/>\nCountry:  Europe<br \/>\nReleased:<br \/>\n1991<\/p>","protected":false},"featured_media":26263,"template":"","meta":[],"product_cat":[15],"product_tag":[44],"yoast_head":"<!-- This site is optimized with the Yoast SEO plugin v23.5 - https:\/\/yoast.com\/wordpress\/plugins\/seo\/ -->\n<title>Blue System \u2013 Seeds Of Heaven Vinilin\u0117 Plok\u0161tel\u0117 | Vinilozona.lt<\/title>\n<meta name=\"robots\" content=\"index, follow, max-snippet:-1, max-image-preview:large, max-video-preview:-1\" \/>\n<link rel=\"canonical\" href=\"https:\/\/vinilozona.lt\/en\/parduotuve\/rock-pop\/blue-system-seeds-of-heaven\/\" \/>\n<meta property=\"og:locale\" content=\"en_GB\" \/>\n<meta property=\"og:type\" content=\"article\" \/>\n<meta property=\"og:title\" content=\"Blue System \u2013 Seeds Of Heaven Vinilin\u0117 Plok\u0161tel\u0117 | Vinilozona.lt\" \/>\n<meta property=\"og:description\" content=\"Hansa \u2013 211 411 Format: Vinyl, LP, Album Country: Europe Released: 1991\" \/>\n<meta property=\"og:url\" content=\"https:\/\/vinilozona.lt\/en\/parduotuve\/rock-pop\/blue-system-seeds-of-heaven\/\" \/>\n<meta property=\"og:site_name\" content=\"Vinilo Zona\" \/>\n<meta property=\"article:modified_time\" content=\"2024-12-07T14:06:31+00:00\" \/>\n<meta property=\"og:image\" content=\"https:\/\/vinilozona.lt\/wp-content\/uploads\/2024\/10\/R-762544-1697376785-1411.jpg\" \/>\n\t<meta property=\"og:image:width\" content=\"599\" \/>\n\t<meta property=\"og:image:height\" content=\"591\" \/>\n\t<meta property=\"og:image:type\" content=\"image\/jpeg\" \/>\n<meta name=\"twitter:card\" content=\"summary_large_image\" \/>\n<meta name=\"twitter:label1\" content=\"Estimated reading time\" \/>\n\t<meta name=\"twitter:data1\" content=\"1 minute\" \/>\n<script type=\"application\/ld+json\" class=\"yoast-schema-graph\">{\"@context\":\"https:\/\/schema.org\",\"@graph\":[{\"@type\":\"WebPage\",\"@id\":\"https:\/\/vinilozona.lt\/parduotuve\/rock-pop\/blue-system-seeds-of-heaven\/\",\"url\":\"https:\/\/vinilozona.lt\/parduotuve\/rock-pop\/blue-system-seeds-of-heaven\/\",\"name\":\"Blue System \u2013 Seeds Of Heaven Vinilin\u0117 Plok\u0161tel\u0117 | Vinilozona.lt\",\"isPartOf\":{\"@id\":\"https:\/\/vinilozona.lt\/#website\"},\"primaryImageOfPage\":{\"@id\":\"https:\/\/vinilozona.lt\/parduotuve\/rock-pop\/blue-system-seeds-of-heaven\/#primaryimage\"},\"image\":{\"@id\":\"https:\/\/vinilozona.lt\/parduotuve\/rock-pop\/blue-system-seeds-of-heaven\/#primaryimage\"},\"thumbnailUrl\":\"https:\/\/vinilozona.lt\/wp-content\/uploads\/2024\/10\/R-762544-1697376785-1411.jpg\",\"datePublished\":\"2024-10-29T03:44:10+00:00\",\"dateModified\":\"2024-12-07T14:06:31+00:00\",\"breadcrumb\":{\"@id\":\"https:\/\/vinilozona.lt\/parduotuve\/rock-pop\/blue-system-seeds-of-heaven\/#breadcrumb\"},\"inLanguage\":\"en-GB\",\"potentialAction\":[{\"@type\":\"ReadAction\",\"target\":[\"https:\/\/vinilozona.lt\/parduotuve\/rock-pop\/blue-system-seeds-of-heaven\/\"]}]},{\"@type\":\"ImageObject\",\"inLanguage\":\"en-GB\",\"@id\":\"https:\/\/vinilozona.lt\/parduotuve\/rock-pop\/blue-system-seeds-of-heaven\/#primaryimage\",\"url\":\"https:\/\/vinilozona.lt\/wp-content\/uploads\/2024\/10\/R-762544-1697376785-1411.jpg\",\"contentUrl\":\"https:\/\/vinilozona.lt\/wp-content\/uploads\/2024\/10\/R-762544-1697376785-1411.jpg\",\"width\":599,\"height\":591},{\"@type\":\"BreadcrumbList\",\"@id\":\"https:\/\/vinilozona.lt\/parduotuve\/rock-pop\/blue-system-seeds-of-heaven\/#breadcrumb\",\"itemListElement\":[{\"@type\":\"ListItem\",\"position\":1,\"name\":\"Home\",\"item\":\"https:\/\/vinilozona.lt\/\"},{\"@type\":\"ListItem\",\"position\":2,\"name\":\"Parduotuv\u0117\",\"item\":\"https:\/\/vinilozona.lt\/parduotuve\/\"},{\"@type\":\"ListItem\",\"position\":3,\"name\":\"Blue System \u2013 Seeds Of Heaven\"}]},{\"@type\":\"WebSite\",\"@id\":\"https:\/\/vinilozona.lt\/#website\",\"url\":\"https:\/\/vinilozona.lt\/\",\"name\":\"Vinilo Zona\",\"description\":\"Nup\u016bsk dulkes ir klausyk LP\",\"potentialAction\":[{\"@type\":\"SearchAction\",\"target\":{\"@type\":\"EntryPoint\",\"urlTemplate\":\"https:\/\/vinilozona.lt\/?s={search_term_string}\"},\"query-input\":{\"@type\":\"PropertyValueSpecification\",\"valueRequired\":true,\"valueName\":\"search_term_string\"}}],\"inLanguage\":\"en-GB\"}]}<\/script>\n<!-- \/ Yoast SEO plugin. -->","yoast_head_json":{"title":"Blue System \u2013 Seeds Of Heaven Vinilin\u0117 Plok\u0161tel\u0117 | Vinilozona.lt","robots":{"index":"index","follow":"follow","max-snippet":"max-snippet:-1","max-image-preview":"max-image-preview:large","max-video-preview":"max-video-preview:-1"},"canonical":"https:\/\/vinilozona.lt\/en\/parduotuve\/rock-pop\/blue-system-seeds-of-heaven\/","og_locale":"en_GB","og_type":"article","og_title":"Blue System \u2013 Seeds Of Heaven Vinilin\u0117 Plok\u0161tel\u0117 | Vinilozona.lt","og_description":"Hansa \u2013 211 411 Format: Vinyl, LP, Album Country: Europe Released: 1991","og_url":"https:\/\/vinilozona.lt\/en\/parduotuve\/rock-pop\/blue-system-seeds-of-heaven\/","og_site_name":"Vinilo Zona","article_modified_time":"2024-12-07T14:06:31+00:00","og_image":[{"width":599,"height":591,"url":"https:\/\/vinilozona.lt\/wp-content\/uploads\/2024\/10\/R-762544-1697376785-1411.jpg","type":"image\/jpeg"}],"twitter_card":"summary_large_image","twitter_misc":{"Estimated reading time":"1 minute"},"schema":{"@context":"https:\/\/schema.org","@graph":[{"@type":"WebPage","@id":"https:\/\/vinilozona.lt\/parduotuve\/rock-pop\/blue-system-seeds-of-heaven\/","url":"https:\/\/vinilozona.lt\/parduotuve\/rock-pop\/blue-system-seeds-of-heaven\/","name":"Blue System \u2013 Seeds Of Heaven Vinilin\u0117 Plok\u0161tel\u0117 | Vinilozona.lt","isPartOf":{"@id":"https:\/\/vinilozona.lt\/#website"},"primaryImageOfPage":{"@id":"https:\/\/vinilozona.lt\/parduotuve\/rock-pop\/blue-system-seeds-of-heaven\/#primaryimage"},"image":{"@id":"https:\/\/vinilozona.lt\/parduotuve\/rock-pop\/blue-system-seeds-of-heaven\/#primaryimage"},"thumbnailUrl":"https:\/\/vinilozona.lt\/wp-content\/uploads\/2024\/10\/R-762544-1697376785-1411.jpg","datePublished":"2024-10-29T03:44:10+00:00","dateModified":"2024-12-07T14:06:31+00:00","breadcrumb":{"@id":"https:\/\/vinilozona.lt\/parduotuve\/rock-pop\/blue-system-seeds-of-heaven\/#breadcrumb"},"inLanguage":"en-GB","potentialAction":[{"@type":"ReadAction","target":["https:\/\/vinilozona.lt\/parduotuve\/rock-pop\/blue-system-seeds-of-heaven\/"]}]},{"@type":"ImageObject","inLanguage":"en-GB","@id":"https:\/\/vinilozona.lt\/parduotuve\/rock-pop\/blue-system-seeds-of-heaven\/#primaryimage","url":"https:\/\/vinilozona.lt\/wp-content\/uploads\/2024\/10\/R-762544-1697376785-1411.jpg","contentUrl":"https:\/\/vinilozona.lt\/wp-content\/uploads\/2024\/10\/R-762544-1697376785-1411.jpg","width":599,"height":591},{"@type":"BreadcrumbList","@id":"https:\/\/vinilozona.lt\/parduotuve\/rock-pop\/blue-system-seeds-of-heaven\/#breadcrumb","itemListElement":[{"@type":"ListItem","position":1,"name":"Home","item":"https:\/\/vinilozona.lt\/"},{"@type":"ListItem","position":2,"name":"Parduotuv\u0117","item":"https:\/\/vinilozona.lt\/parduotuve\/"},{"@type":"ListItem","position":3,"name":"Blue System \u2013 Seeds Of Heaven"}]},{"@type":"WebSite","@id":"https:\/\/vinilozona.lt\/#website","url":"https:\/\/vinilozona.lt\/","name":"Vinilo Zona","description":"Nup\u016bsk dulkes ir klausyk LP","potentialAction":[{"@type":"SearchAction","target":{"@type":"EntryPoint","urlTemplate":"https:\/\/vinilozona.lt\/?s={search_term_string}"},"query-input":{"@type":"PropertyValueSpecification","valueRequired":true,"valueName":"search_term_string"}}],"inLanguage":"en-GB"}]}},"_links":{"self":[{"href":"https:\/\/vinilozona.lt\/en\/wp-json\/wp\/v2\/product\/26262"}],"collection":[{"href":"https:\/\/vinilozona.lt\/en\/wp-json\/wp\/v2\/product"}],"about":[{"href":"https:\/\/vinilozona.lt\/en\/wp-json\/wp\/v2\/types\/product"}],"wp:featuredmedia":[{"embeddable":true,"href":"https:\/\/vinilozona.lt\/en\/wp-json\/wp\/v2\/media\/26263"}],"wp:attachment":[{"href":"https:\/\/vinilozona.lt\/en\/wp-json\/wp\/v2\/media?parent=26262"}],"wp:term":[{"taxonomy":"product_cat","embeddable":true,"href":"https:\/\/vinilozona.lt\/en\/wp-json\/wp\/v2\/product_cat?post=26262"},{"taxonomy":"product_tag","embeddable":true,"href":"https:\/\/vinilozona.lt\/en\/wp-json\/wp\/v2\/product_tag?post=26262"}],"curies":[{"name":"wp","href":"https:\/\/api.w.org\/{rel}","templated":true}]}}