{"id":26210,"date":"2024-10-27T05:04:25","date_gmt":"2024-10-27T03:04:25","guid":{"rendered":"https:\/\/vinilozona.lt\/?post_type=product&#038;p=26210"},"modified":"2024-10-27T06:35:13","modified_gmt":"2024-10-27T04:35:13","slug":"bruce-springsteen-devils-and-dust-cddvd","status":"publish","type":"product","link":"https:\/\/vinilozona.lt\/en\/parduotuve\/cd\/naudoti-cd\/bruce-springsteen-devils-and-dust-cddvd\/","title":{"rendered":"Bruce Springsteen \u2013 Devils and dust &#8211;  CD+DVD"},"content":{"rendered":"<p>Devils &#038; Dust<br \/>\nAll The Way Home<br \/>\nReno<br \/>\nLong Time Comin&#8217;<br \/>\nBlack Cowboys<br \/>\nMaria&#8217;s Bed<br \/>\nSilver Palomino<br \/>\nJesus Was An Only Son<br \/>\nLeah<br \/>\nThe Hitter<br \/>\nAll I&#8217;m Thinking About<br \/>\nMatamoros Banks<\/p>","protected":false},"excerpt":{"rendered":"<p>Columbia \u2013 520000 2, Columbia, Columbia Music Video \u2013 COL 520000 2 &#8211; 5200002007<br \/>\nFormat: CD, Album<br \/>\nDVD, DVD-Video, Multichannel, PAL<br \/>\nCountry: Europe<br \/>\nReleased:<br \/>\nApr 25, 2005<\/p>","protected":false},"featured_media":26211,"template":"","meta":[],"product_cat":[24,946],"product_tag":[44],"yoast_head":"<!-- This site is optimized with the Yoast SEO plugin v23.5 - https:\/\/yoast.com\/wordpress\/plugins\/seo\/ -->\n<title>Bruce Springsteen \u2013 Devils and dust - CD+DVD Vinilin\u0117 Plok\u0161tel\u0117 | Vinilozona.lt<\/title>\n<meta name=\"robots\" content=\"index, follow, max-snippet:-1, max-image-preview:large, max-video-preview:-1\" \/>\n<link rel=\"canonical\" href=\"https:\/\/vinilozona.lt\/en\/parduotuve\/cd\/naudoti-cd\/bruce-springsteen-devils-and-dust-cddvd\/\" \/>\n<meta property=\"og:locale\" content=\"en_GB\" \/>\n<meta property=\"og:type\" content=\"article\" \/>\n<meta property=\"og:title\" content=\"Bruce Springsteen \u2013 Devils and dust - CD+DVD Vinilin\u0117 Plok\u0161tel\u0117 | Vinilozona.lt\" \/>\n<meta property=\"og:description\" content=\"Columbia \u2013 520000 2, Columbia, Columbia Music Video \u2013 COL 520000 2 - 5200002007 Format: CD, Album DVD, DVD-Video, Multichannel, PAL Country: Europe Released: Apr 25, 2005\" \/>\n<meta property=\"og:url\" content=\"https:\/\/vinilozona.lt\/en\/parduotuve\/cd\/naudoti-cd\/bruce-springsteen-devils-and-dust-cddvd\/\" \/>\n<meta property=\"og:site_name\" content=\"Vinilo Zona\" \/>\n<meta property=\"article:modified_time\" content=\"2024-10-27T04:35:13+00:00\" \/>\n<meta property=\"og:image\" content=\"https:\/\/vinilozona.lt\/wp-content\/uploads\/2024\/10\/R-8592299-1549036435-6683.jpg\" \/>\n\t<meta property=\"og:image:width\" content=\"599\" \/>\n\t<meta property=\"og:image:height\" content=\"590\" \/>\n\t<meta property=\"og:image:type\" content=\"image\/jpeg\" \/>\n<meta name=\"twitter:card\" content=\"summary_large_image\" \/>\n<meta name=\"twitter:label1\" content=\"Estimated reading time\" \/>\n\t<meta name=\"twitter:data1\" content=\"1 minute\" \/>\n<script type=\"application\/ld+json\" class=\"yoast-schema-graph\">{\"@context\":\"https:\/\/schema.org\",\"@graph\":[{\"@type\":\"WebPage\",\"@id\":\"https:\/\/vinilozona.lt\/parduotuve\/cd\/naudoti-cd\/bruce-springsteen-devils-and-dust-cddvd\/\",\"url\":\"https:\/\/vinilozona.lt\/parduotuve\/cd\/naudoti-cd\/bruce-springsteen-devils-and-dust-cddvd\/\",\"name\":\"Bruce Springsteen \u2013 Devils and dust - CD+DVD Vinilin\u0117 Plok\u0161tel\u0117 | Vinilozona.lt\",\"isPartOf\":{\"@id\":\"https:\/\/vinilozona.lt\/#website\"},\"primaryImageOfPage\":{\"@id\":\"https:\/\/vinilozona.lt\/parduotuve\/cd\/naudoti-cd\/bruce-springsteen-devils-and-dust-cddvd\/#primaryimage\"},\"image\":{\"@id\":\"https:\/\/vinilozona.lt\/parduotuve\/cd\/naudoti-cd\/bruce-springsteen-devils-and-dust-cddvd\/#primaryimage\"},\"thumbnailUrl\":\"https:\/\/vinilozona.lt\/wp-content\/uploads\/2024\/10\/R-8592299-1549036435-6683.jpg\",\"datePublished\":\"2024-10-27T03:04:25+00:00\",\"dateModified\":\"2024-10-27T04:35:13+00:00\",\"breadcrumb\":{\"@id\":\"https:\/\/vinilozona.lt\/parduotuve\/cd\/naudoti-cd\/bruce-springsteen-devils-and-dust-cddvd\/#breadcrumb\"},\"inLanguage\":\"en-GB\",\"potentialAction\":[{\"@type\":\"ReadAction\",\"target\":[\"https:\/\/vinilozona.lt\/parduotuve\/cd\/naudoti-cd\/bruce-springsteen-devils-and-dust-cddvd\/\"]}]},{\"@type\":\"ImageObject\",\"inLanguage\":\"en-GB\",\"@id\":\"https:\/\/vinilozona.lt\/parduotuve\/cd\/naudoti-cd\/bruce-springsteen-devils-and-dust-cddvd\/#primaryimage\",\"url\":\"https:\/\/vinilozona.lt\/wp-content\/uploads\/2024\/10\/R-8592299-1549036435-6683.jpg\",\"contentUrl\":\"https:\/\/vinilozona.lt\/wp-content\/uploads\/2024\/10\/R-8592299-1549036435-6683.jpg\",\"width\":599,\"height\":590},{\"@type\":\"BreadcrumbList\",\"@id\":\"https:\/\/vinilozona.lt\/parduotuve\/cd\/naudoti-cd\/bruce-springsteen-devils-and-dust-cddvd\/#breadcrumb\",\"itemListElement\":[{\"@type\":\"ListItem\",\"position\":1,\"name\":\"Home\",\"item\":\"https:\/\/vinilozona.lt\/\"},{\"@type\":\"ListItem\",\"position\":2,\"name\":\"Parduotuv\u0117\",\"item\":\"https:\/\/vinilozona.lt\/parduotuve\/\"},{\"@type\":\"ListItem\",\"position\":3,\"name\":\"Bruce Springsteen \u2013 Devils and dust &#8211; CD+DVD\"}]},{\"@type\":\"WebSite\",\"@id\":\"https:\/\/vinilozona.lt\/#website\",\"url\":\"https:\/\/vinilozona.lt\/\",\"name\":\"Vinilo Zona\",\"description\":\"Nup\u016bsk dulkes ir klausyk LP\",\"potentialAction\":[{\"@type\":\"SearchAction\",\"target\":{\"@type\":\"EntryPoint\",\"urlTemplate\":\"https:\/\/vinilozona.lt\/?s={search_term_string}\"},\"query-input\":{\"@type\":\"PropertyValueSpecification\",\"valueRequired\":true,\"valueName\":\"search_term_string\"}}],\"inLanguage\":\"en-GB\"}]}<\/script>\n<!-- \/ Yoast SEO plugin. -->","yoast_head_json":{"title":"Bruce Springsteen \u2013 Devils and dust - CD+DVD Vinilin\u0117 Plok\u0161tel\u0117 | Vinilozona.lt","robots":{"index":"index","follow":"follow","max-snippet":"max-snippet:-1","max-image-preview":"max-image-preview:large","max-video-preview":"max-video-preview:-1"},"canonical":"https:\/\/vinilozona.lt\/en\/parduotuve\/cd\/naudoti-cd\/bruce-springsteen-devils-and-dust-cddvd\/","og_locale":"en_GB","og_type":"article","og_title":"Bruce Springsteen \u2013 Devils and dust - CD+DVD Vinilin\u0117 Plok\u0161tel\u0117 | Vinilozona.lt","og_description":"Columbia \u2013 520000 2, Columbia, Columbia Music Video \u2013 COL 520000 2 - 5200002007 Format: CD, Album DVD, DVD-Video, Multichannel, PAL Country: Europe Released: Apr 25, 2005","og_url":"https:\/\/vinilozona.lt\/en\/parduotuve\/cd\/naudoti-cd\/bruce-springsteen-devils-and-dust-cddvd\/","og_site_name":"Vinilo Zona","article_modified_time":"2024-10-27T04:35:13+00:00","og_image":[{"width":599,"height":590,"url":"https:\/\/vinilozona.lt\/wp-content\/uploads\/2024\/10\/R-8592299-1549036435-6683.jpg","type":"image\/jpeg"}],"twitter_card":"summary_large_image","twitter_misc":{"Estimated reading time":"1 minute"},"schema":{"@context":"https:\/\/schema.org","@graph":[{"@type":"WebPage","@id":"https:\/\/vinilozona.lt\/parduotuve\/cd\/naudoti-cd\/bruce-springsteen-devils-and-dust-cddvd\/","url":"https:\/\/vinilozona.lt\/parduotuve\/cd\/naudoti-cd\/bruce-springsteen-devils-and-dust-cddvd\/","name":"Bruce Springsteen \u2013 Devils and dust - CD+DVD Vinilin\u0117 Plok\u0161tel\u0117 | Vinilozona.lt","isPartOf":{"@id":"https:\/\/vinilozona.lt\/#website"},"primaryImageOfPage":{"@id":"https:\/\/vinilozona.lt\/parduotuve\/cd\/naudoti-cd\/bruce-springsteen-devils-and-dust-cddvd\/#primaryimage"},"image":{"@id":"https:\/\/vinilozona.lt\/parduotuve\/cd\/naudoti-cd\/bruce-springsteen-devils-and-dust-cddvd\/#primaryimage"},"thumbnailUrl":"https:\/\/vinilozona.lt\/wp-content\/uploads\/2024\/10\/R-8592299-1549036435-6683.jpg","datePublished":"2024-10-27T03:04:25+00:00","dateModified":"2024-10-27T04:35:13+00:00","breadcrumb":{"@id":"https:\/\/vinilozona.lt\/parduotuve\/cd\/naudoti-cd\/bruce-springsteen-devils-and-dust-cddvd\/#breadcrumb"},"inLanguage":"en-GB","potentialAction":[{"@type":"ReadAction","target":["https:\/\/vinilozona.lt\/parduotuve\/cd\/naudoti-cd\/bruce-springsteen-devils-and-dust-cddvd\/"]}]},{"@type":"ImageObject","inLanguage":"en-GB","@id":"https:\/\/vinilozona.lt\/parduotuve\/cd\/naudoti-cd\/bruce-springsteen-devils-and-dust-cddvd\/#primaryimage","url":"https:\/\/vinilozona.lt\/wp-content\/uploads\/2024\/10\/R-8592299-1549036435-6683.jpg","contentUrl":"https:\/\/vinilozona.lt\/wp-content\/uploads\/2024\/10\/R-8592299-1549036435-6683.jpg","width":599,"height":590},{"@type":"BreadcrumbList","@id":"https:\/\/vinilozona.lt\/parduotuve\/cd\/naudoti-cd\/bruce-springsteen-devils-and-dust-cddvd\/#breadcrumb","itemListElement":[{"@type":"ListItem","position":1,"name":"Home","item":"https:\/\/vinilozona.lt\/"},{"@type":"ListItem","position":2,"name":"Parduotuv\u0117","item":"https:\/\/vinilozona.lt\/parduotuve\/"},{"@type":"ListItem","position":3,"name":"Bruce Springsteen \u2013 Devils and dust &#8211; CD+DVD"}]},{"@type":"WebSite","@id":"https:\/\/vinilozona.lt\/#website","url":"https:\/\/vinilozona.lt\/","name":"Vinilo Zona","description":"Nup\u016bsk dulkes ir klausyk LP","potentialAction":[{"@type":"SearchAction","target":{"@type":"EntryPoint","urlTemplate":"https:\/\/vinilozona.lt\/?s={search_term_string}"},"query-input":{"@type":"PropertyValueSpecification","valueRequired":true,"valueName":"search_term_string"}}],"inLanguage":"en-GB"}]}},"_links":{"self":[{"href":"https:\/\/vinilozona.lt\/en\/wp-json\/wp\/v2\/product\/26210"}],"collection":[{"href":"https:\/\/vinilozona.lt\/en\/wp-json\/wp\/v2\/product"}],"about":[{"href":"https:\/\/vinilozona.lt\/en\/wp-json\/wp\/v2\/types\/product"}],"wp:featuredmedia":[{"embeddable":true,"href":"https:\/\/vinilozona.lt\/en\/wp-json\/wp\/v2\/media\/26211"}],"wp:attachment":[{"href":"https:\/\/vinilozona.lt\/en\/wp-json\/wp\/v2\/media?parent=26210"}],"wp:term":[{"taxonomy":"product_cat","embeddable":true,"href":"https:\/\/vinilozona.lt\/en\/wp-json\/wp\/v2\/product_cat?post=26210"},{"taxonomy":"product_tag","embeddable":true,"href":"https:\/\/vinilozona.lt\/en\/wp-json\/wp\/v2\/product_tag?post=26210"}],"curies":[{"name":"wp","href":"https:\/\/api.w.org\/{rel}","templated":true}]}}