{"id":26204,"date":"2024-10-27T05:00:09","date_gmt":"2024-10-27T03:00:09","guid":{"rendered":"https:\/\/vinilozona.lt\/?post_type=product&#038;p=26204"},"modified":"2024-10-27T06:11:22","modified_gmt":"2024-10-27T04:11:22","slug":"the-artist-formerly-known-as-prince-the-gold-experience-cd","status":"publish","type":"product","link":"https:\/\/vinilozona.lt\/en\/parduotuve\/cd\/naudoti-cd\/the-artist-formerly-known-as-prince-the-gold-experience-cd\/","title":{"rendered":"The Artist (Formerly Known As Prince) \u2013 The Gold Experience  CD"},"content":{"rendered":"<p>1\t\tP Control\t5:59<br \/>\n2\t\tNPG Operator\t0:12<br \/>\n3\t\tEndorphinmachine\t4:07<br \/>\n4\t\tShhh\t7:18<br \/>\n5\t\tWe March\t4:49<br \/>\n6\t\tNPG Operator\t0:18<br \/>\n7\t\tThe Most Beautiful Girl In The World\t4:25<br \/>\n8\t\tDolphin\t4:59<br \/>\n9\t\tNPG Operator\t0:20<br \/>\n10\t\tNow\t4:30<br \/>\n11\t\tNPG Operator\t0:31<br \/>\n12\t\t319\t3:05<br \/>\n13\t\tNPG Operator\t0:10<br \/>\n14\t\tShy\t5:04<br \/>\n15\t\tBilly Jack Bitch\t5:32<br \/>\n16\t\tI Hate U\t5:54<br \/>\n17\t\tNPG Operator\t0:45<br \/>\n18\t\tGold\t7:23<\/p>","protected":false},"excerpt":{"rendered":"<p>Warner Bros. Records \u2013 9362-45999-2, NPG Records \u2013 9362-45999-2<br \/>\nFormat:<br \/>\nCD, Album<br \/>\nCountry: Europe<br \/>\nReleased: 1995<\/p>","protected":false},"featured_media":26205,"template":"","meta":[],"product_cat":[24,946],"product_tag":[44],"yoast_head":"<!-- This site is optimized with the Yoast SEO plugin v23.5 - https:\/\/yoast.com\/wordpress\/plugins\/seo\/ -->\n<title>The Artist (Formerly Known As Prince) \u2013 The Gold Experience CD Vinilin\u0117 Plok\u0161tel\u0117 | Vinilozona.lt<\/title>\n<meta name=\"robots\" content=\"index, follow, max-snippet:-1, max-image-preview:large, max-video-preview:-1\" \/>\n<link rel=\"canonical\" href=\"https:\/\/vinilozona.lt\/en\/parduotuve\/cd\/naudoti-cd\/the-artist-formerly-known-as-prince-the-gold-experience-cd\/\" \/>\n<meta property=\"og:locale\" content=\"en_GB\" \/>\n<meta property=\"og:type\" content=\"article\" \/>\n<meta property=\"og:title\" content=\"The Artist (Formerly Known As Prince) \u2013 The Gold Experience CD Vinilin\u0117 Plok\u0161tel\u0117 | Vinilozona.lt\" \/>\n<meta property=\"og:description\" content=\"Warner Bros. Records \u2013 9362-45999-2, NPG Records \u2013 9362-45999-2 Format: CD, Album Country: Europe Released: 1995\" \/>\n<meta property=\"og:url\" content=\"https:\/\/vinilozona.lt\/en\/parduotuve\/cd\/naudoti-cd\/the-artist-formerly-known-as-prince-the-gold-experience-cd\/\" \/>\n<meta property=\"og:site_name\" content=\"Vinilo Zona\" \/>\n<meta property=\"article:modified_time\" content=\"2024-10-27T04:11:22+00:00\" \/>\n<meta property=\"og:image\" content=\"https:\/\/vinilozona.lt\/wp-content\/uploads\/2024\/10\/R-20028220-1630167726-3496.jpg\" \/>\n\t<meta property=\"og:image:width\" content=\"450\" \/>\n\t<meta property=\"og:image:height\" content=\"449\" \/>\n\t<meta property=\"og:image:type\" content=\"image\/jpeg\" \/>\n<meta name=\"twitter:card\" content=\"summary_large_image\" \/>\n<meta name=\"twitter:label1\" content=\"Estimated reading time\" \/>\n\t<meta name=\"twitter:data1\" content=\"1 minute\" \/>\n<script type=\"application\/ld+json\" class=\"yoast-schema-graph\">{\"@context\":\"https:\/\/schema.org\",\"@graph\":[{\"@type\":\"WebPage\",\"@id\":\"https:\/\/vinilozona.lt\/parduotuve\/cd\/naudoti-cd\/the-artist-formerly-known-as-prince-the-gold-experience-cd\/\",\"url\":\"https:\/\/vinilozona.lt\/parduotuve\/cd\/naudoti-cd\/the-artist-formerly-known-as-prince-the-gold-experience-cd\/\",\"name\":\"The Artist (Formerly Known As Prince) \u2013 The Gold Experience CD Vinilin\u0117 Plok\u0161tel\u0117 | Vinilozona.lt\",\"isPartOf\":{\"@id\":\"https:\/\/vinilozona.lt\/#website\"},\"primaryImageOfPage\":{\"@id\":\"https:\/\/vinilozona.lt\/parduotuve\/cd\/naudoti-cd\/the-artist-formerly-known-as-prince-the-gold-experience-cd\/#primaryimage\"},\"image\":{\"@id\":\"https:\/\/vinilozona.lt\/parduotuve\/cd\/naudoti-cd\/the-artist-formerly-known-as-prince-the-gold-experience-cd\/#primaryimage\"},\"thumbnailUrl\":\"https:\/\/vinilozona.lt\/wp-content\/uploads\/2024\/10\/R-20028220-1630167726-3496.jpg\",\"datePublished\":\"2024-10-27T03:00:09+00:00\",\"dateModified\":\"2024-10-27T04:11:22+00:00\",\"breadcrumb\":{\"@id\":\"https:\/\/vinilozona.lt\/parduotuve\/cd\/naudoti-cd\/the-artist-formerly-known-as-prince-the-gold-experience-cd\/#breadcrumb\"},\"inLanguage\":\"en-GB\",\"potentialAction\":[{\"@type\":\"ReadAction\",\"target\":[\"https:\/\/vinilozona.lt\/parduotuve\/cd\/naudoti-cd\/the-artist-formerly-known-as-prince-the-gold-experience-cd\/\"]}]},{\"@type\":\"ImageObject\",\"inLanguage\":\"en-GB\",\"@id\":\"https:\/\/vinilozona.lt\/parduotuve\/cd\/naudoti-cd\/the-artist-formerly-known-as-prince-the-gold-experience-cd\/#primaryimage\",\"url\":\"https:\/\/vinilozona.lt\/wp-content\/uploads\/2024\/10\/R-20028220-1630167726-3496.jpg\",\"contentUrl\":\"https:\/\/vinilozona.lt\/wp-content\/uploads\/2024\/10\/R-20028220-1630167726-3496.jpg\",\"width\":450,\"height\":449},{\"@type\":\"BreadcrumbList\",\"@id\":\"https:\/\/vinilozona.lt\/parduotuve\/cd\/naudoti-cd\/the-artist-formerly-known-as-prince-the-gold-experience-cd\/#breadcrumb\",\"itemListElement\":[{\"@type\":\"ListItem\",\"position\":1,\"name\":\"Home\",\"item\":\"https:\/\/vinilozona.lt\/\"},{\"@type\":\"ListItem\",\"position\":2,\"name\":\"Parduotuv\u0117\",\"item\":\"https:\/\/vinilozona.lt\/parduotuve\/\"},{\"@type\":\"ListItem\",\"position\":3,\"name\":\"The Artist (Formerly Known As Prince) \u2013 The Gold Experience CD\"}]},{\"@type\":\"WebSite\",\"@id\":\"https:\/\/vinilozona.lt\/#website\",\"url\":\"https:\/\/vinilozona.lt\/\",\"name\":\"Vinilo Zona\",\"description\":\"Nup\u016bsk dulkes ir klausyk LP\",\"potentialAction\":[{\"@type\":\"SearchAction\",\"target\":{\"@type\":\"EntryPoint\",\"urlTemplate\":\"https:\/\/vinilozona.lt\/?s={search_term_string}\"},\"query-input\":{\"@type\":\"PropertyValueSpecification\",\"valueRequired\":true,\"valueName\":\"search_term_string\"}}],\"inLanguage\":\"en-GB\"}]}<\/script>\n<!-- \/ Yoast SEO plugin. -->","yoast_head_json":{"title":"The Artist (Formerly Known As Prince) \u2013 The Gold Experience CD Vinilin\u0117 Plok\u0161tel\u0117 | Vinilozona.lt","robots":{"index":"index","follow":"follow","max-snippet":"max-snippet:-1","max-image-preview":"max-image-preview:large","max-video-preview":"max-video-preview:-1"},"canonical":"https:\/\/vinilozona.lt\/en\/parduotuve\/cd\/naudoti-cd\/the-artist-formerly-known-as-prince-the-gold-experience-cd\/","og_locale":"en_GB","og_type":"article","og_title":"The Artist (Formerly Known As Prince) \u2013 The Gold Experience CD Vinilin\u0117 Plok\u0161tel\u0117 | Vinilozona.lt","og_description":"Warner Bros. Records \u2013 9362-45999-2, NPG Records \u2013 9362-45999-2 Format: CD, Album Country: Europe Released: 1995","og_url":"https:\/\/vinilozona.lt\/en\/parduotuve\/cd\/naudoti-cd\/the-artist-formerly-known-as-prince-the-gold-experience-cd\/","og_site_name":"Vinilo Zona","article_modified_time":"2024-10-27T04:11:22+00:00","og_image":[{"width":450,"height":449,"url":"https:\/\/vinilozona.lt\/wp-content\/uploads\/2024\/10\/R-20028220-1630167726-3496.jpg","type":"image\/jpeg"}],"twitter_card":"summary_large_image","twitter_misc":{"Estimated reading time":"1 minute"},"schema":{"@context":"https:\/\/schema.org","@graph":[{"@type":"WebPage","@id":"https:\/\/vinilozona.lt\/parduotuve\/cd\/naudoti-cd\/the-artist-formerly-known-as-prince-the-gold-experience-cd\/","url":"https:\/\/vinilozona.lt\/parduotuve\/cd\/naudoti-cd\/the-artist-formerly-known-as-prince-the-gold-experience-cd\/","name":"The Artist (Formerly Known As Prince) \u2013 The Gold Experience CD Vinilin\u0117 Plok\u0161tel\u0117 | Vinilozona.lt","isPartOf":{"@id":"https:\/\/vinilozona.lt\/#website"},"primaryImageOfPage":{"@id":"https:\/\/vinilozona.lt\/parduotuve\/cd\/naudoti-cd\/the-artist-formerly-known-as-prince-the-gold-experience-cd\/#primaryimage"},"image":{"@id":"https:\/\/vinilozona.lt\/parduotuve\/cd\/naudoti-cd\/the-artist-formerly-known-as-prince-the-gold-experience-cd\/#primaryimage"},"thumbnailUrl":"https:\/\/vinilozona.lt\/wp-content\/uploads\/2024\/10\/R-20028220-1630167726-3496.jpg","datePublished":"2024-10-27T03:00:09+00:00","dateModified":"2024-10-27T04:11:22+00:00","breadcrumb":{"@id":"https:\/\/vinilozona.lt\/parduotuve\/cd\/naudoti-cd\/the-artist-formerly-known-as-prince-the-gold-experience-cd\/#breadcrumb"},"inLanguage":"en-GB","potentialAction":[{"@type":"ReadAction","target":["https:\/\/vinilozona.lt\/parduotuve\/cd\/naudoti-cd\/the-artist-formerly-known-as-prince-the-gold-experience-cd\/"]}]},{"@type":"ImageObject","inLanguage":"en-GB","@id":"https:\/\/vinilozona.lt\/parduotuve\/cd\/naudoti-cd\/the-artist-formerly-known-as-prince-the-gold-experience-cd\/#primaryimage","url":"https:\/\/vinilozona.lt\/wp-content\/uploads\/2024\/10\/R-20028220-1630167726-3496.jpg","contentUrl":"https:\/\/vinilozona.lt\/wp-content\/uploads\/2024\/10\/R-20028220-1630167726-3496.jpg","width":450,"height":449},{"@type":"BreadcrumbList","@id":"https:\/\/vinilozona.lt\/parduotuve\/cd\/naudoti-cd\/the-artist-formerly-known-as-prince-the-gold-experience-cd\/#breadcrumb","itemListElement":[{"@type":"ListItem","position":1,"name":"Home","item":"https:\/\/vinilozona.lt\/"},{"@type":"ListItem","position":2,"name":"Parduotuv\u0117","item":"https:\/\/vinilozona.lt\/parduotuve\/"},{"@type":"ListItem","position":3,"name":"The Artist (Formerly Known As Prince) \u2013 The Gold Experience CD"}]},{"@type":"WebSite","@id":"https:\/\/vinilozona.lt\/#website","url":"https:\/\/vinilozona.lt\/","name":"Vinilo Zona","description":"Nup\u016bsk dulkes ir klausyk LP","potentialAction":[{"@type":"SearchAction","target":{"@type":"EntryPoint","urlTemplate":"https:\/\/vinilozona.lt\/?s={search_term_string}"},"query-input":{"@type":"PropertyValueSpecification","valueRequired":true,"valueName":"search_term_string"}}],"inLanguage":"en-GB"}]}},"_links":{"self":[{"href":"https:\/\/vinilozona.lt\/en\/wp-json\/wp\/v2\/product\/26204"}],"collection":[{"href":"https:\/\/vinilozona.lt\/en\/wp-json\/wp\/v2\/product"}],"about":[{"href":"https:\/\/vinilozona.lt\/en\/wp-json\/wp\/v2\/types\/product"}],"wp:featuredmedia":[{"embeddable":true,"href":"https:\/\/vinilozona.lt\/en\/wp-json\/wp\/v2\/media\/26205"}],"wp:attachment":[{"href":"https:\/\/vinilozona.lt\/en\/wp-json\/wp\/v2\/media?parent=26204"}],"wp:term":[{"taxonomy":"product_cat","embeddable":true,"href":"https:\/\/vinilozona.lt\/en\/wp-json\/wp\/v2\/product_cat?post=26204"},{"taxonomy":"product_tag","embeddable":true,"href":"https:\/\/vinilozona.lt\/en\/wp-json\/wp\/v2\/product_tag?post=26204"}],"curies":[{"name":"wp","href":"https:\/\/api.w.org\/{rel}","templated":true}]}}