{"id":26193,"date":"2024-10-26T05:07:34","date_gmt":"2024-10-26T02:07:34","guid":{"rendered":"https:\/\/vinilozona.lt\/?post_type=product&#038;p=26193"},"modified":"2024-10-26T06:54:51","modified_gmt":"2024-10-26T03:54:51","slug":"emerson-lake-palmer-black-moon","status":"publish","type":"product","link":"https:\/\/vinilozona.lt\/en\/parduotuve\/naujos-lp\/emerson-lake-palmer-black-moon\/","title":{"rendered":"Emerson, Lake &#038; Palmer \u2013 Black Moon"},"content":{"rendered":"<p>A1\t\tBlack Moon  6:58<br \/>\nA2\t\tPaper Blood  4:28<br \/>\nA3\t\tAffairs Of The Heart  3:47<br \/>\nA4\t\tRomeo And Juliet  3:40<br \/>\nA5\t\tFarewell To Arms  5:09<br \/>\nB1\t\tChanging States  6:02<br \/>\nB2\t\tBurning Bridges  4:44<br \/>\nB3\t\tClose To Home  4:28<br \/>\nB4\t\tBetter Days  5:35<br \/>\nB5\t\tFootprints In The Snow  3:52<\/p>","protected":false},"excerpt":{"rendered":"<p>BMG \u2013 BMGCAT701LP, Manticore \u2013 BMGCAT701LP<br \/>\nFormat:<br \/>\nVinyl, LP, Album, Limited Edition, Picture Disc, Reissue, Remastered, Stereo, 180 gram, 30th Anniversary<br \/>\nCountry: Europe<br \/>\nReleased: Nov 28, 2022<\/p>","protected":false},"featured_media":26195,"template":"","meta":[],"product_cat":[23],"product_tag":[74],"yoast_head":"<!-- This site is optimized with the Yoast SEO plugin v23.5 - https:\/\/yoast.com\/wordpress\/plugins\/seo\/ -->\n<title>Emerson, Lake &amp; Palmer \u2013 Black Moon Vinilin\u0117 Plok\u0161tel\u0117 | Vinilozona.lt<\/title>\n<meta name=\"robots\" content=\"index, follow, max-snippet:-1, max-image-preview:large, max-video-preview:-1\" \/>\n<link rel=\"canonical\" href=\"https:\/\/vinilozona.lt\/en\/parduotuve\/naujos-lp\/emerson-lake-palmer-black-moon\/\" \/>\n<meta property=\"og:locale\" content=\"en_GB\" \/>\n<meta property=\"og:type\" content=\"article\" \/>\n<meta property=\"og:title\" content=\"Emerson, Lake &amp; Palmer \u2013 Black Moon Vinilin\u0117 Plok\u0161tel\u0117 | Vinilozona.lt\" \/>\n<meta property=\"og:description\" content=\"BMG \u2013 BMGCAT701LP, Manticore \u2013 BMGCAT701LP Format: Vinyl, LP, Album, Limited Edition, Picture Disc, Reissue, Remastered, Stereo, 180 gram, 30th Anniversary Country: Europe Released: Nov 28, 2022\" \/>\n<meta property=\"og:url\" content=\"https:\/\/vinilozona.lt\/en\/parduotuve\/naujos-lp\/emerson-lake-palmer-black-moon\/\" \/>\n<meta property=\"og:site_name\" content=\"Vinilo Zona\" \/>\n<meta property=\"article:modified_time\" content=\"2024-10-26T03:54:51+00:00\" \/>\n<meta property=\"og:image\" content=\"https:\/\/vinilozona.lt\/wp-content\/uploads\/2024\/10\/R-25308631-1669643014-7970.jpg\" \/>\n\t<meta property=\"og:image:width\" content=\"598\" \/>\n\t<meta property=\"og:image:height\" content=\"599\" \/>\n\t<meta property=\"og:image:type\" content=\"image\/jpeg\" \/>\n<meta name=\"twitter:card\" content=\"summary_large_image\" \/>\n<meta name=\"twitter:label1\" content=\"Estimated reading time\" \/>\n\t<meta name=\"twitter:data1\" content=\"1 minute\" \/>\n<script type=\"application\/ld+json\" class=\"yoast-schema-graph\">{\"@context\":\"https:\/\/schema.org\",\"@graph\":[{\"@type\":\"WebPage\",\"@id\":\"https:\/\/vinilozona.lt\/parduotuve\/naujos-lp\/emerson-lake-palmer-black-moon\/\",\"url\":\"https:\/\/vinilozona.lt\/parduotuve\/naujos-lp\/emerson-lake-palmer-black-moon\/\",\"name\":\"Emerson, Lake & Palmer \u2013 Black Moon Vinilin\u0117 Plok\u0161tel\u0117 | Vinilozona.lt\",\"isPartOf\":{\"@id\":\"https:\/\/vinilozona.lt\/#website\"},\"primaryImageOfPage\":{\"@id\":\"https:\/\/vinilozona.lt\/parduotuve\/naujos-lp\/emerson-lake-palmer-black-moon\/#primaryimage\"},\"image\":{\"@id\":\"https:\/\/vinilozona.lt\/parduotuve\/naujos-lp\/emerson-lake-palmer-black-moon\/#primaryimage\"},\"thumbnailUrl\":\"https:\/\/vinilozona.lt\/wp-content\/uploads\/2024\/10\/R-25308631-1669643014-7970.jpg\",\"datePublished\":\"2024-10-26T02:07:34+00:00\",\"dateModified\":\"2024-10-26T03:54:51+00:00\",\"breadcrumb\":{\"@id\":\"https:\/\/vinilozona.lt\/parduotuve\/naujos-lp\/emerson-lake-palmer-black-moon\/#breadcrumb\"},\"inLanguage\":\"en-GB\",\"potentialAction\":[{\"@type\":\"ReadAction\",\"target\":[\"https:\/\/vinilozona.lt\/parduotuve\/naujos-lp\/emerson-lake-palmer-black-moon\/\"]}]},{\"@type\":\"ImageObject\",\"inLanguage\":\"en-GB\",\"@id\":\"https:\/\/vinilozona.lt\/parduotuve\/naujos-lp\/emerson-lake-palmer-black-moon\/#primaryimage\",\"url\":\"https:\/\/vinilozona.lt\/wp-content\/uploads\/2024\/10\/R-25308631-1669643014-7970.jpg\",\"contentUrl\":\"https:\/\/vinilozona.lt\/wp-content\/uploads\/2024\/10\/R-25308631-1669643014-7970.jpg\",\"width\":598,\"height\":599},{\"@type\":\"BreadcrumbList\",\"@id\":\"https:\/\/vinilozona.lt\/parduotuve\/naujos-lp\/emerson-lake-palmer-black-moon\/#breadcrumb\",\"itemListElement\":[{\"@type\":\"ListItem\",\"position\":1,\"name\":\"Home\",\"item\":\"https:\/\/vinilozona.lt\/\"},{\"@type\":\"ListItem\",\"position\":2,\"name\":\"Parduotuv\u0117\",\"item\":\"https:\/\/vinilozona.lt\/parduotuve\/\"},{\"@type\":\"ListItem\",\"position\":3,\"name\":\"Emerson, Lake &#038; Palmer \u2013 Black Moon\"}]},{\"@type\":\"WebSite\",\"@id\":\"https:\/\/vinilozona.lt\/#website\",\"url\":\"https:\/\/vinilozona.lt\/\",\"name\":\"Vinilo Zona\",\"description\":\"Nup\u016bsk dulkes ir klausyk LP\",\"potentialAction\":[{\"@type\":\"SearchAction\",\"target\":{\"@type\":\"EntryPoint\",\"urlTemplate\":\"https:\/\/vinilozona.lt\/?s={search_term_string}\"},\"query-input\":{\"@type\":\"PropertyValueSpecification\",\"valueRequired\":true,\"valueName\":\"search_term_string\"}}],\"inLanguage\":\"en-GB\"}]}<\/script>\n<!-- \/ Yoast SEO plugin. -->","yoast_head_json":{"title":"Emerson, Lake & Palmer \u2013 Black Moon Vinilin\u0117 Plok\u0161tel\u0117 | Vinilozona.lt","robots":{"index":"index","follow":"follow","max-snippet":"max-snippet:-1","max-image-preview":"max-image-preview:large","max-video-preview":"max-video-preview:-1"},"canonical":"https:\/\/vinilozona.lt\/en\/parduotuve\/naujos-lp\/emerson-lake-palmer-black-moon\/","og_locale":"en_GB","og_type":"article","og_title":"Emerson, Lake & Palmer \u2013 Black Moon Vinilin\u0117 Plok\u0161tel\u0117 | Vinilozona.lt","og_description":"BMG \u2013 BMGCAT701LP, Manticore \u2013 BMGCAT701LP Format: Vinyl, LP, Album, Limited Edition, Picture Disc, Reissue, Remastered, Stereo, 180 gram, 30th Anniversary Country: Europe Released: Nov 28, 2022","og_url":"https:\/\/vinilozona.lt\/en\/parduotuve\/naujos-lp\/emerson-lake-palmer-black-moon\/","og_site_name":"Vinilo Zona","article_modified_time":"2024-10-26T03:54:51+00:00","og_image":[{"width":598,"height":599,"url":"https:\/\/vinilozona.lt\/wp-content\/uploads\/2024\/10\/R-25308631-1669643014-7970.jpg","type":"image\/jpeg"}],"twitter_card":"summary_large_image","twitter_misc":{"Estimated reading time":"1 minute"},"schema":{"@context":"https:\/\/schema.org","@graph":[{"@type":"WebPage","@id":"https:\/\/vinilozona.lt\/parduotuve\/naujos-lp\/emerson-lake-palmer-black-moon\/","url":"https:\/\/vinilozona.lt\/parduotuve\/naujos-lp\/emerson-lake-palmer-black-moon\/","name":"Emerson, Lake & Palmer \u2013 Black Moon Vinilin\u0117 Plok\u0161tel\u0117 | Vinilozona.lt","isPartOf":{"@id":"https:\/\/vinilozona.lt\/#website"},"primaryImageOfPage":{"@id":"https:\/\/vinilozona.lt\/parduotuve\/naujos-lp\/emerson-lake-palmer-black-moon\/#primaryimage"},"image":{"@id":"https:\/\/vinilozona.lt\/parduotuve\/naujos-lp\/emerson-lake-palmer-black-moon\/#primaryimage"},"thumbnailUrl":"https:\/\/vinilozona.lt\/wp-content\/uploads\/2024\/10\/R-25308631-1669643014-7970.jpg","datePublished":"2024-10-26T02:07:34+00:00","dateModified":"2024-10-26T03:54:51+00:00","breadcrumb":{"@id":"https:\/\/vinilozona.lt\/parduotuve\/naujos-lp\/emerson-lake-palmer-black-moon\/#breadcrumb"},"inLanguage":"en-GB","potentialAction":[{"@type":"ReadAction","target":["https:\/\/vinilozona.lt\/parduotuve\/naujos-lp\/emerson-lake-palmer-black-moon\/"]}]},{"@type":"ImageObject","inLanguage":"en-GB","@id":"https:\/\/vinilozona.lt\/parduotuve\/naujos-lp\/emerson-lake-palmer-black-moon\/#primaryimage","url":"https:\/\/vinilozona.lt\/wp-content\/uploads\/2024\/10\/R-25308631-1669643014-7970.jpg","contentUrl":"https:\/\/vinilozona.lt\/wp-content\/uploads\/2024\/10\/R-25308631-1669643014-7970.jpg","width":598,"height":599},{"@type":"BreadcrumbList","@id":"https:\/\/vinilozona.lt\/parduotuve\/naujos-lp\/emerson-lake-palmer-black-moon\/#breadcrumb","itemListElement":[{"@type":"ListItem","position":1,"name":"Home","item":"https:\/\/vinilozona.lt\/"},{"@type":"ListItem","position":2,"name":"Parduotuv\u0117","item":"https:\/\/vinilozona.lt\/parduotuve\/"},{"@type":"ListItem","position":3,"name":"Emerson, Lake &#038; Palmer \u2013 Black Moon"}]},{"@type":"WebSite","@id":"https:\/\/vinilozona.lt\/#website","url":"https:\/\/vinilozona.lt\/","name":"Vinilo Zona","description":"Nup\u016bsk dulkes ir klausyk LP","potentialAction":[{"@type":"SearchAction","target":{"@type":"EntryPoint","urlTemplate":"https:\/\/vinilozona.lt\/?s={search_term_string}"},"query-input":{"@type":"PropertyValueSpecification","valueRequired":true,"valueName":"search_term_string"}}],"inLanguage":"en-GB"}]}},"_links":{"self":[{"href":"https:\/\/vinilozona.lt\/en\/wp-json\/wp\/v2\/product\/26193"}],"collection":[{"href":"https:\/\/vinilozona.lt\/en\/wp-json\/wp\/v2\/product"}],"about":[{"href":"https:\/\/vinilozona.lt\/en\/wp-json\/wp\/v2\/types\/product"}],"wp:featuredmedia":[{"embeddable":true,"href":"https:\/\/vinilozona.lt\/en\/wp-json\/wp\/v2\/media\/26195"}],"wp:attachment":[{"href":"https:\/\/vinilozona.lt\/en\/wp-json\/wp\/v2\/media?parent=26193"}],"wp:term":[{"taxonomy":"product_cat","embeddable":true,"href":"https:\/\/vinilozona.lt\/en\/wp-json\/wp\/v2\/product_cat?post=26193"},{"taxonomy":"product_tag","embeddable":true,"href":"https:\/\/vinilozona.lt\/en\/wp-json\/wp\/v2\/product_tag?post=26193"}],"curies":[{"name":"wp","href":"https:\/\/api.w.org\/{rel}","templated":true}]}}