{"id":26185,"date":"2024-10-26T05:01:36","date_gmt":"2024-10-26T02:01:36","guid":{"rendered":"https:\/\/vinilozona.lt\/?post_type=product&#038;p=26185"},"modified":"2025-12-05T10:21:17","modified_gmt":"2025-12-05T08:21:17","slug":"motorhead-ace-of-spades","status":"publish","type":"product","link":"https:\/\/vinilozona.lt\/en\/parduotuve\/naujos-lp\/motorhead-ace-of-spades\/","title":{"rendered":"Mot\u00f6rhead \u2013 Ace Of Spades"},"content":{"rendered":"<p>A1\t\tAce Of Spades<br \/>\nA2\t\tLove Me Like A Reptile<br \/>\nA3\t\tShoot You In The Back<br \/>\nA4\t\tLive To Win<br \/>\nA5\t\tFast And Loose<br \/>\nA6\t\t(We Are) The Road Crew<br \/>\nB1\t\tFire, Fire<br \/>\nB2\t\tJailbait<br \/>\nB3\t\tDance<br \/>\nB4\t\tBite The Bullet<br \/>\nB5\t\tThe Chase Is Better Than The Catch<br \/>\nB6\t\tThe Hammer<\/p>","protected":false},"excerpt":{"rendered":"<p>Sanctuary \u2013 BMGRM029LP, Bronze \u2013 BMGRM029LP<br \/>\nFormat:<br \/>\nVinyl, LP, Album, Reissue, 180 Gram<br \/>\nCountry:  EU<br \/>\nReleased: 2015<\/p>","protected":false},"featured_media":26186,"template":"","meta":[],"product_cat":[23],"product_tag":[74],"yoast_head":"<!-- This site is optimized with the Yoast SEO plugin v23.5 - https:\/\/yoast.com\/wordpress\/plugins\/seo\/ -->\n<title>Mot\u00f6rhead \u2013 Ace Of Spades Vinilin\u0117 Plok\u0161tel\u0117 | Vinilozona.lt<\/title>\n<meta name=\"robots\" content=\"index, follow, max-snippet:-1, max-image-preview:large, max-video-preview:-1\" \/>\n<link rel=\"canonical\" href=\"https:\/\/vinilozona.lt\/en\/parduotuve\/naujos-lp\/motorhead-ace-of-spades\/\" \/>\n<meta property=\"og:locale\" content=\"en_GB\" \/>\n<meta property=\"og:type\" content=\"article\" \/>\n<meta property=\"og:title\" content=\"Mot\u00f6rhead \u2013 Ace Of Spades Vinilin\u0117 Plok\u0161tel\u0117 | Vinilozona.lt\" \/>\n<meta property=\"og:description\" content=\"Sanctuary \u2013 BMGRM029LP, Bronze \u2013 BMGRM029LP Format: Vinyl, LP, Album, Reissue, 180 Gram Country: EU Released: 2015\" \/>\n<meta property=\"og:url\" content=\"https:\/\/vinilozona.lt\/en\/parduotuve\/naujos-lp\/motorhead-ace-of-spades\/\" \/>\n<meta property=\"og:site_name\" content=\"Vinilo Zona\" \/>\n<meta property=\"article:modified_time\" content=\"2025-12-05T08:21:17+00:00\" \/>\n<meta property=\"og:image\" content=\"https:\/\/vinilozona.lt\/wp-content\/uploads\/2024\/10\/R-12224134-1570533163-2961.jpg\" \/>\n\t<meta property=\"og:image:width\" content=\"599\" \/>\n\t<meta property=\"og:image:height\" content=\"594\" \/>\n\t<meta property=\"og:image:type\" content=\"image\/jpeg\" \/>\n<meta name=\"twitter:card\" content=\"summary_large_image\" \/>\n<meta name=\"twitter:label1\" content=\"Estimated reading time\" \/>\n\t<meta name=\"twitter:data1\" content=\"1 minute\" \/>\n<script type=\"application\/ld+json\" class=\"yoast-schema-graph\">{\"@context\":\"https:\/\/schema.org\",\"@graph\":[{\"@type\":\"WebPage\",\"@id\":\"https:\/\/vinilozona.lt\/parduotuve\/naujos-lp\/motorhead-ace-of-spades\/\",\"url\":\"https:\/\/vinilozona.lt\/parduotuve\/naujos-lp\/motorhead-ace-of-spades\/\",\"name\":\"Mot\u00f6rhead \u2013 Ace Of Spades Vinilin\u0117 Plok\u0161tel\u0117 | Vinilozona.lt\",\"isPartOf\":{\"@id\":\"https:\/\/vinilozona.lt\/#website\"},\"primaryImageOfPage\":{\"@id\":\"https:\/\/vinilozona.lt\/parduotuve\/naujos-lp\/motorhead-ace-of-spades\/#primaryimage\"},\"image\":{\"@id\":\"https:\/\/vinilozona.lt\/parduotuve\/naujos-lp\/motorhead-ace-of-spades\/#primaryimage\"},\"thumbnailUrl\":\"https:\/\/vinilozona.lt\/wp-content\/uploads\/2024\/10\/R-12224134-1570533163-2961.jpg\",\"datePublished\":\"2024-10-26T02:01:36+00:00\",\"dateModified\":\"2025-12-05T08:21:17+00:00\",\"breadcrumb\":{\"@id\":\"https:\/\/vinilozona.lt\/parduotuve\/naujos-lp\/motorhead-ace-of-spades\/#breadcrumb\"},\"inLanguage\":\"en-GB\",\"potentialAction\":[{\"@type\":\"ReadAction\",\"target\":[\"https:\/\/vinilozona.lt\/parduotuve\/naujos-lp\/motorhead-ace-of-spades\/\"]}]},{\"@type\":\"ImageObject\",\"inLanguage\":\"en-GB\",\"@id\":\"https:\/\/vinilozona.lt\/parduotuve\/naujos-lp\/motorhead-ace-of-spades\/#primaryimage\",\"url\":\"https:\/\/vinilozona.lt\/wp-content\/uploads\/2024\/10\/R-12224134-1570533163-2961.jpg\",\"contentUrl\":\"https:\/\/vinilozona.lt\/wp-content\/uploads\/2024\/10\/R-12224134-1570533163-2961.jpg\",\"width\":599,\"height\":594},{\"@type\":\"BreadcrumbList\",\"@id\":\"https:\/\/vinilozona.lt\/parduotuve\/naujos-lp\/motorhead-ace-of-spades\/#breadcrumb\",\"itemListElement\":[{\"@type\":\"ListItem\",\"position\":1,\"name\":\"Home\",\"item\":\"https:\/\/vinilozona.lt\/\"},{\"@type\":\"ListItem\",\"position\":2,\"name\":\"Parduotuv\u0117\",\"item\":\"https:\/\/vinilozona.lt\/parduotuve\/\"},{\"@type\":\"ListItem\",\"position\":3,\"name\":\"Mot\u00f6rhead \u2013 Ace Of Spades\"}]},{\"@type\":\"WebSite\",\"@id\":\"https:\/\/vinilozona.lt\/#website\",\"url\":\"https:\/\/vinilozona.lt\/\",\"name\":\"Vinilo Zona\",\"description\":\"Nup\u016bsk dulkes ir klausyk LP\",\"potentialAction\":[{\"@type\":\"SearchAction\",\"target\":{\"@type\":\"EntryPoint\",\"urlTemplate\":\"https:\/\/vinilozona.lt\/?s={search_term_string}\"},\"query-input\":{\"@type\":\"PropertyValueSpecification\",\"valueRequired\":true,\"valueName\":\"search_term_string\"}}],\"inLanguage\":\"en-GB\"}]}<\/script>\n<!-- \/ Yoast SEO plugin. -->","yoast_head_json":{"title":"Mot\u00f6rhead \u2013 Ace Of Spades Vinilin\u0117 Plok\u0161tel\u0117 | Vinilozona.lt","robots":{"index":"index","follow":"follow","max-snippet":"max-snippet:-1","max-image-preview":"max-image-preview:large","max-video-preview":"max-video-preview:-1"},"canonical":"https:\/\/vinilozona.lt\/en\/parduotuve\/naujos-lp\/motorhead-ace-of-spades\/","og_locale":"en_GB","og_type":"article","og_title":"Mot\u00f6rhead \u2013 Ace Of Spades Vinilin\u0117 Plok\u0161tel\u0117 | Vinilozona.lt","og_description":"Sanctuary \u2013 BMGRM029LP, Bronze \u2013 BMGRM029LP Format: Vinyl, LP, Album, Reissue, 180 Gram Country: EU Released: 2015","og_url":"https:\/\/vinilozona.lt\/en\/parduotuve\/naujos-lp\/motorhead-ace-of-spades\/","og_site_name":"Vinilo Zona","article_modified_time":"2025-12-05T08:21:17+00:00","og_image":[{"width":599,"height":594,"url":"https:\/\/vinilozona.lt\/wp-content\/uploads\/2024\/10\/R-12224134-1570533163-2961.jpg","type":"image\/jpeg"}],"twitter_card":"summary_large_image","twitter_misc":{"Estimated reading time":"1 minute"},"schema":{"@context":"https:\/\/schema.org","@graph":[{"@type":"WebPage","@id":"https:\/\/vinilozona.lt\/parduotuve\/naujos-lp\/motorhead-ace-of-spades\/","url":"https:\/\/vinilozona.lt\/parduotuve\/naujos-lp\/motorhead-ace-of-spades\/","name":"Mot\u00f6rhead \u2013 Ace Of Spades Vinilin\u0117 Plok\u0161tel\u0117 | Vinilozona.lt","isPartOf":{"@id":"https:\/\/vinilozona.lt\/#website"},"primaryImageOfPage":{"@id":"https:\/\/vinilozona.lt\/parduotuve\/naujos-lp\/motorhead-ace-of-spades\/#primaryimage"},"image":{"@id":"https:\/\/vinilozona.lt\/parduotuve\/naujos-lp\/motorhead-ace-of-spades\/#primaryimage"},"thumbnailUrl":"https:\/\/vinilozona.lt\/wp-content\/uploads\/2024\/10\/R-12224134-1570533163-2961.jpg","datePublished":"2024-10-26T02:01:36+00:00","dateModified":"2025-12-05T08:21:17+00:00","breadcrumb":{"@id":"https:\/\/vinilozona.lt\/parduotuve\/naujos-lp\/motorhead-ace-of-spades\/#breadcrumb"},"inLanguage":"en-GB","potentialAction":[{"@type":"ReadAction","target":["https:\/\/vinilozona.lt\/parduotuve\/naujos-lp\/motorhead-ace-of-spades\/"]}]},{"@type":"ImageObject","inLanguage":"en-GB","@id":"https:\/\/vinilozona.lt\/parduotuve\/naujos-lp\/motorhead-ace-of-spades\/#primaryimage","url":"https:\/\/vinilozona.lt\/wp-content\/uploads\/2024\/10\/R-12224134-1570533163-2961.jpg","contentUrl":"https:\/\/vinilozona.lt\/wp-content\/uploads\/2024\/10\/R-12224134-1570533163-2961.jpg","width":599,"height":594},{"@type":"BreadcrumbList","@id":"https:\/\/vinilozona.lt\/parduotuve\/naujos-lp\/motorhead-ace-of-spades\/#breadcrumb","itemListElement":[{"@type":"ListItem","position":1,"name":"Home","item":"https:\/\/vinilozona.lt\/"},{"@type":"ListItem","position":2,"name":"Parduotuv\u0117","item":"https:\/\/vinilozona.lt\/parduotuve\/"},{"@type":"ListItem","position":3,"name":"Mot\u00f6rhead \u2013 Ace Of Spades"}]},{"@type":"WebSite","@id":"https:\/\/vinilozona.lt\/#website","url":"https:\/\/vinilozona.lt\/","name":"Vinilo Zona","description":"Nup\u016bsk dulkes ir klausyk LP","potentialAction":[{"@type":"SearchAction","target":{"@type":"EntryPoint","urlTemplate":"https:\/\/vinilozona.lt\/?s={search_term_string}"},"query-input":{"@type":"PropertyValueSpecification","valueRequired":true,"valueName":"search_term_string"}}],"inLanguage":"en-GB"}]}},"_links":{"self":[{"href":"https:\/\/vinilozona.lt\/en\/wp-json\/wp\/v2\/product\/26185"}],"collection":[{"href":"https:\/\/vinilozona.lt\/en\/wp-json\/wp\/v2\/product"}],"about":[{"href":"https:\/\/vinilozona.lt\/en\/wp-json\/wp\/v2\/types\/product"}],"wp:featuredmedia":[{"embeddable":true,"href":"https:\/\/vinilozona.lt\/en\/wp-json\/wp\/v2\/media\/26186"}],"wp:attachment":[{"href":"https:\/\/vinilozona.lt\/en\/wp-json\/wp\/v2\/media?parent=26185"}],"wp:term":[{"taxonomy":"product_cat","embeddable":true,"href":"https:\/\/vinilozona.lt\/en\/wp-json\/wp\/v2\/product_cat?post=26185"},{"taxonomy":"product_tag","embeddable":true,"href":"https:\/\/vinilozona.lt\/en\/wp-json\/wp\/v2\/product_tag?post=26185"}],"curies":[{"name":"wp","href":"https:\/\/api.w.org\/{rel}","templated":true}]}}