{"id":26178,"date":"2024-10-01T06:58:52","date_gmt":"2024-10-01T03:58:52","guid":{"rendered":"https:\/\/vinilozona.lt\/?post_type=product&#038;p=26178"},"modified":"2025-02-03T13:56:59","modified_gmt":"2025-02-03T11:56:59","slug":"%d1%82%d0%be%d1%82%d0%be-%d0%ba%d1%83%d1%82%d1%83%d0%bd%d1%8c%d0%be-%d1%82%d0%be%d1%82%d0%be-%d0%ba%d1%83%d1%82%d1%83%d0%bd%d1%8c%d0%be","status":"publish","type":"product","link":"https:\/\/vinilozona.lt\/en\/parduotuve\/kita\/%d1%82%d0%be%d1%82%d0%be-%d0%ba%d1%83%d1%82%d1%83%d0%bd%d1%8c%d0%be-%d1%82%d0%be%d1%82%d0%be-%d0%ba%d1%83%d1%82%d1%83%d0%bd%d1%8c%d0%be\/","title":{"rendered":"\u0422\u043e\u0442\u043e \u041a\u0443\u0442\u0443\u043d\u044c\u043e \u2013 \u0422\u043e\u0442\u043e \u041a\u0443\u0442\u0443\u043d\u044c\u043e"},"content":{"rendered":"<p>A1\t\t\u0418\u0442\u0430\u043b\u044c\u044f\u043d\u0435\u0446 \u00b7 L&#8217;Italiano\t3:56<br \/>\nA2\t\t\u0422\u043e\u043b\u044c\u043a\u043e \u041c\u044b \u00b7 Solo Noi\t4:04<br \/>\nA3\t\t\u041e\u0434\u043d\u0438 \u00b7 Soli\t4:03<br \/>\nA4\t\t\u041c\u043e\u044f \u0416\u0435\u043d\u0449\u0438\u043d\u0430 \u00b7 Donna, Donna Mia\t3:00<br \/>\nA5\t\t\u041c\u043d\u0435 \u041d\u0443\u0436\u043d\u0430 \u0422\u0432\u043e\u044f \u0414\u0443\u0448\u0430 \u00b7 Voglio L&#8217;Anima\t3:37<br \/>\nB1\t\t\u0411\u0443\u0434\u044c \u0427\u0442\u043e \u0411\u0443\u0434\u0435\u0442 \u00b7 Sar\u00e0\t3:40<br \/>\nB2\t\t\u0412\u043b\u044e\u0431\u043b\u0435\u043d\u043d\u044b\u0435 \u00b7 Innamorati\t3:53<br \/>\nB3\t\t\u041c\u043e\u044f \u041c\u0443\u0437\u044b\u043a\u0430 \u00b7 La Mia Musica\t4:15<br \/>\nB4\t\t\u0412\u0441\u043f\u044b\u0448\u043a\u0430 \u00b7 Flash\t3:18<br \/>\nB5\t\t\u0416\u0435\u043d\u0449\u0438\u043d\u0430 \u00b7 Donna\t3:36<\/p>","protected":false},"excerpt":{"rendered":"<p>\u041c\u0435\u043b\u043e\u0434\u0438\u044f \u2013 \u042160 22699 003<br \/>\nFormat:<br \/>\nVinyl, LP, Album,<br \/>\nCountry: USSR<br \/>\nReleased: 1985<\/p>","protected":false},"featured_media":26179,"template":"","meta":[],"product_cat":[21],"product_tag":[44],"yoast_head":"<!-- This site is optimized with the Yoast SEO plugin v23.5 - https:\/\/yoast.com\/wordpress\/plugins\/seo\/ -->\n<title>\u0422\u043e\u0442\u043e \u041a\u0443\u0442\u0443\u043d\u044c\u043e \u2013 \u0422\u043e\u0442\u043e \u041a\u0443\u0442\u0443\u043d\u044c\u043e Vinilin\u0117 Plok\u0161tel\u0117 | Vinilozona.lt<\/title>\n<meta name=\"robots\" content=\"index, follow, max-snippet:-1, max-image-preview:large, max-video-preview:-1\" \/>\n<link rel=\"canonical\" href=\"https:\/\/vinilozona.lt\/en\/parduotuve\/kita\/\u0442\u043e\u0442\u043e-\u043a\u0443\u0442\u0443\u043d\u044c\u043e-\u0442\u043e\u0442\u043e-\u043a\u0443\u0442\u0443\u043d\u044c\u043e\/\" \/>\n<meta property=\"og:locale\" content=\"en_GB\" \/>\n<meta property=\"og:type\" content=\"article\" \/>\n<meta property=\"og:title\" content=\"\u0422\u043e\u0442\u043e \u041a\u0443\u0442\u0443\u043d\u044c\u043e \u2013 \u0422\u043e\u0442\u043e \u041a\u0443\u0442\u0443\u043d\u044c\u043e Vinilin\u0117 Plok\u0161tel\u0117 | Vinilozona.lt\" \/>\n<meta property=\"og:description\" content=\"\u041c\u0435\u043b\u043e\u0434\u0438\u044f \u2013 \u042160 22699 003 Format: Vinyl, LP, Album,  Country: USSR Released: 1985\" \/>\n<meta property=\"og:url\" content=\"https:\/\/vinilozona.lt\/en\/parduotuve\/kita\/\u0442\u043e\u0442\u043e-\u043a\u0443\u0442\u0443\u043d\u044c\u043e-\u0442\u043e\u0442\u043e-\u043a\u0443\u0442\u0443\u043d\u044c\u043e\/\" \/>\n<meta property=\"og:site_name\" content=\"Vinilo Zona\" \/>\n<meta property=\"article:modified_time\" content=\"2025-02-03T11:56:59+00:00\" \/>\n<meta property=\"og:image\" content=\"https:\/\/vinilozona.lt\/wp-content\/uploads\/2024\/10\/R-1642514-1245751317.jpg\" \/>\n\t<meta property=\"og:image:width\" content=\"592\" \/>\n\t<meta property=\"og:image:height\" content=\"600\" \/>\n\t<meta property=\"og:image:type\" content=\"image\/jpeg\" \/>\n<meta name=\"twitter:card\" content=\"summary_large_image\" \/>\n<meta name=\"twitter:label1\" content=\"Estimated reading time\" \/>\n\t<meta name=\"twitter:data1\" content=\"1 minute\" \/>\n<script type=\"application\/ld+json\" class=\"yoast-schema-graph\">{\"@context\":\"https:\/\/schema.org\",\"@graph\":[{\"@type\":\"WebPage\",\"@id\":\"https:\/\/vinilozona.lt\/parduotuve\/kita\/%d1%82%d0%be%d1%82%d0%be-%d0%ba%d1%83%d1%82%d1%83%d0%bd%d1%8c%d0%be-%d1%82%d0%be%d1%82%d0%be-%d0%ba%d1%83%d1%82%d1%83%d0%bd%d1%8c%d0%be\/\",\"url\":\"https:\/\/vinilozona.lt\/parduotuve\/kita\/%d1%82%d0%be%d1%82%d0%be-%d0%ba%d1%83%d1%82%d1%83%d0%bd%d1%8c%d0%be-%d1%82%d0%be%d1%82%d0%be-%d0%ba%d1%83%d1%82%d1%83%d0%bd%d1%8c%d0%be\/\",\"name\":\"\u0422\u043e\u0442\u043e \u041a\u0443\u0442\u0443\u043d\u044c\u043e \u2013 \u0422\u043e\u0442\u043e \u041a\u0443\u0442\u0443\u043d\u044c\u043e Vinilin\u0117 Plok\u0161tel\u0117 | Vinilozona.lt\",\"isPartOf\":{\"@id\":\"https:\/\/vinilozona.lt\/#website\"},\"primaryImageOfPage\":{\"@id\":\"https:\/\/vinilozona.lt\/parduotuve\/kita\/%d1%82%d0%be%d1%82%d0%be-%d0%ba%d1%83%d1%82%d1%83%d0%bd%d1%8c%d0%be-%d1%82%d0%be%d1%82%d0%be-%d0%ba%d1%83%d1%82%d1%83%d0%bd%d1%8c%d0%be\/#primaryimage\"},\"image\":{\"@id\":\"https:\/\/vinilozona.lt\/parduotuve\/kita\/%d1%82%d0%be%d1%82%d0%be-%d0%ba%d1%83%d1%82%d1%83%d0%bd%d1%8c%d0%be-%d1%82%d0%be%d1%82%d0%be-%d0%ba%d1%83%d1%82%d1%83%d0%bd%d1%8c%d0%be\/#primaryimage\"},\"thumbnailUrl\":\"https:\/\/vinilozona.lt\/wp-content\/uploads\/2024\/10\/R-1642514-1245751317.jpg\",\"datePublished\":\"2024-10-01T03:58:52+00:00\",\"dateModified\":\"2025-02-03T11:56:59+00:00\",\"breadcrumb\":{\"@id\":\"https:\/\/vinilozona.lt\/parduotuve\/kita\/%d1%82%d0%be%d1%82%d0%be-%d0%ba%d1%83%d1%82%d1%83%d0%bd%d1%8c%d0%be-%d1%82%d0%be%d1%82%d0%be-%d0%ba%d1%83%d1%82%d1%83%d0%bd%d1%8c%d0%be\/#breadcrumb\"},\"inLanguage\":\"en-GB\",\"potentialAction\":[{\"@type\":\"ReadAction\",\"target\":[\"https:\/\/vinilozona.lt\/parduotuve\/kita\/%d1%82%d0%be%d1%82%d0%be-%d0%ba%d1%83%d1%82%d1%83%d0%bd%d1%8c%d0%be-%d1%82%d0%be%d1%82%d0%be-%d0%ba%d1%83%d1%82%d1%83%d0%bd%d1%8c%d0%be\/\"]}]},{\"@type\":\"ImageObject\",\"inLanguage\":\"en-GB\",\"@id\":\"https:\/\/vinilozona.lt\/parduotuve\/kita\/%d1%82%d0%be%d1%82%d0%be-%d0%ba%d1%83%d1%82%d1%83%d0%bd%d1%8c%d0%be-%d1%82%d0%be%d1%82%d0%be-%d0%ba%d1%83%d1%82%d1%83%d0%bd%d1%8c%d0%be\/#primaryimage\",\"url\":\"https:\/\/vinilozona.lt\/wp-content\/uploads\/2024\/10\/R-1642514-1245751317.jpg\",\"contentUrl\":\"https:\/\/vinilozona.lt\/wp-content\/uploads\/2024\/10\/R-1642514-1245751317.jpg\",\"width\":592,\"height\":600},{\"@type\":\"BreadcrumbList\",\"@id\":\"https:\/\/vinilozona.lt\/parduotuve\/kita\/%d1%82%d0%be%d1%82%d0%be-%d0%ba%d1%83%d1%82%d1%83%d0%bd%d1%8c%d0%be-%d1%82%d0%be%d1%82%d0%be-%d0%ba%d1%83%d1%82%d1%83%d0%bd%d1%8c%d0%be\/#breadcrumb\",\"itemListElement\":[{\"@type\":\"ListItem\",\"position\":1,\"name\":\"Home\",\"item\":\"https:\/\/vinilozona.lt\/\"},{\"@type\":\"ListItem\",\"position\":2,\"name\":\"Parduotuv\u0117\",\"item\":\"https:\/\/vinilozona.lt\/parduotuve\/\"},{\"@type\":\"ListItem\",\"position\":3,\"name\":\"\u0422\u043e\u0442\u043e \u041a\u0443\u0442\u0443\u043d\u044c\u043e \u2013 \u0422\u043e\u0442\u043e \u041a\u0443\u0442\u0443\u043d\u044c\u043e\"}]},{\"@type\":\"WebSite\",\"@id\":\"https:\/\/vinilozona.lt\/#website\",\"url\":\"https:\/\/vinilozona.lt\/\",\"name\":\"Vinilo Zona\",\"description\":\"Nup\u016bsk dulkes ir klausyk LP\",\"potentialAction\":[{\"@type\":\"SearchAction\",\"target\":{\"@type\":\"EntryPoint\",\"urlTemplate\":\"https:\/\/vinilozona.lt\/?s={search_term_string}\"},\"query-input\":{\"@type\":\"PropertyValueSpecification\",\"valueRequired\":true,\"valueName\":\"search_term_string\"}}],\"inLanguage\":\"en-GB\"}]}<\/script>\n<!-- \/ Yoast SEO plugin. -->","yoast_head_json":{"title":"\u0422\u043e\u0442\u043e \u041a\u0443\u0442\u0443\u043d\u044c\u043e \u2013 \u0422\u043e\u0442\u043e \u041a\u0443\u0442\u0443\u043d\u044c\u043e Vinilin\u0117 Plok\u0161tel\u0117 | Vinilozona.lt","robots":{"index":"index","follow":"follow","max-snippet":"max-snippet:-1","max-image-preview":"max-image-preview:large","max-video-preview":"max-video-preview:-1"},"canonical":"https:\/\/vinilozona.lt\/en\/parduotuve\/kita\/\u0442\u043e\u0442\u043e-\u043a\u0443\u0442\u0443\u043d\u044c\u043e-\u0442\u043e\u0442\u043e-\u043a\u0443\u0442\u0443\u043d\u044c\u043e\/","og_locale":"en_GB","og_type":"article","og_title":"\u0422\u043e\u0442\u043e \u041a\u0443\u0442\u0443\u043d\u044c\u043e \u2013 \u0422\u043e\u0442\u043e \u041a\u0443\u0442\u0443\u043d\u044c\u043e Vinilin\u0117 Plok\u0161tel\u0117 | Vinilozona.lt","og_description":"\u041c\u0435\u043b\u043e\u0434\u0438\u044f \u2013 \u042160 22699 003 Format: Vinyl, LP, Album,  Country: USSR Released: 1985","og_url":"https:\/\/vinilozona.lt\/en\/parduotuve\/kita\/\u0442\u043e\u0442\u043e-\u043a\u0443\u0442\u0443\u043d\u044c\u043e-\u0442\u043e\u0442\u043e-\u043a\u0443\u0442\u0443\u043d\u044c\u043e\/","og_site_name":"Vinilo Zona","article_modified_time":"2025-02-03T11:56:59+00:00","og_image":[{"width":592,"height":600,"url":"https:\/\/vinilozona.lt\/wp-content\/uploads\/2024\/10\/R-1642514-1245751317.jpg","type":"image\/jpeg"}],"twitter_card":"summary_large_image","twitter_misc":{"Estimated reading time":"1 minute"},"schema":{"@context":"https:\/\/schema.org","@graph":[{"@type":"WebPage","@id":"https:\/\/vinilozona.lt\/parduotuve\/kita\/%d1%82%d0%be%d1%82%d0%be-%d0%ba%d1%83%d1%82%d1%83%d0%bd%d1%8c%d0%be-%d1%82%d0%be%d1%82%d0%be-%d0%ba%d1%83%d1%82%d1%83%d0%bd%d1%8c%d0%be\/","url":"https:\/\/vinilozona.lt\/parduotuve\/kita\/%d1%82%d0%be%d1%82%d0%be-%d0%ba%d1%83%d1%82%d1%83%d0%bd%d1%8c%d0%be-%d1%82%d0%be%d1%82%d0%be-%d0%ba%d1%83%d1%82%d1%83%d0%bd%d1%8c%d0%be\/","name":"\u0422\u043e\u0442\u043e \u041a\u0443\u0442\u0443\u043d\u044c\u043e \u2013 \u0422\u043e\u0442\u043e \u041a\u0443\u0442\u0443\u043d\u044c\u043e Vinilin\u0117 Plok\u0161tel\u0117 | Vinilozona.lt","isPartOf":{"@id":"https:\/\/vinilozona.lt\/#website"},"primaryImageOfPage":{"@id":"https:\/\/vinilozona.lt\/parduotuve\/kita\/%d1%82%d0%be%d1%82%d0%be-%d0%ba%d1%83%d1%82%d1%83%d0%bd%d1%8c%d0%be-%d1%82%d0%be%d1%82%d0%be-%d0%ba%d1%83%d1%82%d1%83%d0%bd%d1%8c%d0%be\/#primaryimage"},"image":{"@id":"https:\/\/vinilozona.lt\/parduotuve\/kita\/%d1%82%d0%be%d1%82%d0%be-%d0%ba%d1%83%d1%82%d1%83%d0%bd%d1%8c%d0%be-%d1%82%d0%be%d1%82%d0%be-%d0%ba%d1%83%d1%82%d1%83%d0%bd%d1%8c%d0%be\/#primaryimage"},"thumbnailUrl":"https:\/\/vinilozona.lt\/wp-content\/uploads\/2024\/10\/R-1642514-1245751317.jpg","datePublished":"2024-10-01T03:58:52+00:00","dateModified":"2025-02-03T11:56:59+00:00","breadcrumb":{"@id":"https:\/\/vinilozona.lt\/parduotuve\/kita\/%d1%82%d0%be%d1%82%d0%be-%d0%ba%d1%83%d1%82%d1%83%d0%bd%d1%8c%d0%be-%d1%82%d0%be%d1%82%d0%be-%d0%ba%d1%83%d1%82%d1%83%d0%bd%d1%8c%d0%be\/#breadcrumb"},"inLanguage":"en-GB","potentialAction":[{"@type":"ReadAction","target":["https:\/\/vinilozona.lt\/parduotuve\/kita\/%d1%82%d0%be%d1%82%d0%be-%d0%ba%d1%83%d1%82%d1%83%d0%bd%d1%8c%d0%be-%d1%82%d0%be%d1%82%d0%be-%d0%ba%d1%83%d1%82%d1%83%d0%bd%d1%8c%d0%be\/"]}]},{"@type":"ImageObject","inLanguage":"en-GB","@id":"https:\/\/vinilozona.lt\/parduotuve\/kita\/%d1%82%d0%be%d1%82%d0%be-%d0%ba%d1%83%d1%82%d1%83%d0%bd%d1%8c%d0%be-%d1%82%d0%be%d1%82%d0%be-%d0%ba%d1%83%d1%82%d1%83%d0%bd%d1%8c%d0%be\/#primaryimage","url":"https:\/\/vinilozona.lt\/wp-content\/uploads\/2024\/10\/R-1642514-1245751317.jpg","contentUrl":"https:\/\/vinilozona.lt\/wp-content\/uploads\/2024\/10\/R-1642514-1245751317.jpg","width":592,"height":600},{"@type":"BreadcrumbList","@id":"https:\/\/vinilozona.lt\/parduotuve\/kita\/%d1%82%d0%be%d1%82%d0%be-%d0%ba%d1%83%d1%82%d1%83%d0%bd%d1%8c%d0%be-%d1%82%d0%be%d1%82%d0%be-%d0%ba%d1%83%d1%82%d1%83%d0%bd%d1%8c%d0%be\/#breadcrumb","itemListElement":[{"@type":"ListItem","position":1,"name":"Home","item":"https:\/\/vinilozona.lt\/"},{"@type":"ListItem","position":2,"name":"Parduotuv\u0117","item":"https:\/\/vinilozona.lt\/parduotuve\/"},{"@type":"ListItem","position":3,"name":"\u0422\u043e\u0442\u043e \u041a\u0443\u0442\u0443\u043d\u044c\u043e \u2013 \u0422\u043e\u0442\u043e \u041a\u0443\u0442\u0443\u043d\u044c\u043e"}]},{"@type":"WebSite","@id":"https:\/\/vinilozona.lt\/#website","url":"https:\/\/vinilozona.lt\/","name":"Vinilo Zona","description":"Nup\u016bsk dulkes ir klausyk LP","potentialAction":[{"@type":"SearchAction","target":{"@type":"EntryPoint","urlTemplate":"https:\/\/vinilozona.lt\/?s={search_term_string}"},"query-input":{"@type":"PropertyValueSpecification","valueRequired":true,"valueName":"search_term_string"}}],"inLanguage":"en-GB"}]}},"_links":{"self":[{"href":"https:\/\/vinilozona.lt\/en\/wp-json\/wp\/v2\/product\/26178"}],"collection":[{"href":"https:\/\/vinilozona.lt\/en\/wp-json\/wp\/v2\/product"}],"about":[{"href":"https:\/\/vinilozona.lt\/en\/wp-json\/wp\/v2\/types\/product"}],"wp:featuredmedia":[{"embeddable":true,"href":"https:\/\/vinilozona.lt\/en\/wp-json\/wp\/v2\/media\/26179"}],"wp:attachment":[{"href":"https:\/\/vinilozona.lt\/en\/wp-json\/wp\/v2\/media?parent=26178"}],"wp:term":[{"taxonomy":"product_cat","embeddable":true,"href":"https:\/\/vinilozona.lt\/en\/wp-json\/wp\/v2\/product_cat?post=26178"},{"taxonomy":"product_tag","embeddable":true,"href":"https:\/\/vinilozona.lt\/en\/wp-json\/wp\/v2\/product_tag?post=26178"}],"curies":[{"name":"wp","href":"https:\/\/api.w.org\/{rel}","templated":true}]}}