{"id":2617,"date":"2024-10-21T05:00:58","date_gmt":"2024-10-21T02:00:58","guid":{"rendered":"https:\/\/vinylhome.lt\/?post_type=product&#038;p=2617"},"modified":"2025-10-12T18:49:16","modified_gmt":"2025-10-12T15:49:16","slug":"jennifer-rush-%e2%80%8e-wings-of-desire","status":"publish","type":"product","link":"https:\/\/vinilozona.lt\/en\/parduotuve\/rock-pop\/jennifer-rush-%e2%80%8e-wings-of-desire\/","title":{"rendered":"Jennifer Rush \u200e\u2013 Heart Over Mind  (feat. Elton John)"},"content":{"rendered":"<p>A1\t\tI Come Undone  4:05<br \/>\nA2\t\tDown To You  4:27<br \/>\nA3\t\tHeart Over Mind  4:07<br \/>\nA4\t\tSearch The Sky  4:35<br \/>\nA5\t\tFlames Of Paradise  4:37<br \/>\nB1\t\tLove Of A Stranger  4:01<br \/>\nB2\t\tHeart Wars  3:14<br \/>\nB3\t\tStronghold  4:23<br \/>\nB4\t\tSidekick  4:06<br \/>\nB5\t\tCall My Name  4:11<\/p>","protected":false},"excerpt":{"rendered":"<p>CBS \u2013 CBS 450470 1<br \/>\nFormat:<br \/>\nVinyl, LP, Album<br \/>\nCountry:  Europe<br \/>\nReleased:  1987<\/p>","protected":false},"featured_media":26078,"template":"","meta":[],"product_cat":[15],"product_tag":[44],"yoast_head":"<!-- This site is optimized with the Yoast SEO plugin v23.5 - https:\/\/yoast.com\/wordpress\/plugins\/seo\/ -->\n<title>Jennifer Rush \u200e\u2013 Heart Over Mind (feat. Elton John) Vinilin\u0117 Plok\u0161tel\u0117 | Vinilozona.lt<\/title>\n<meta name=\"robots\" content=\"index, follow, max-snippet:-1, max-image-preview:large, max-video-preview:-1\" \/>\n<link rel=\"canonical\" href=\"https:\/\/vinilozona.lt\/en\/parduotuve\/rock-pop\/jennifer-rush-\u200e-wings-of-desire\/\" \/>\n<meta property=\"og:locale\" content=\"en_GB\" \/>\n<meta property=\"og:type\" content=\"article\" \/>\n<meta property=\"og:title\" content=\"Jennifer Rush \u200e\u2013 Heart Over Mind (feat. Elton John) Vinilin\u0117 Plok\u0161tel\u0117 | Vinilozona.lt\" \/>\n<meta property=\"og:description\" content=\"CBS \u2013 CBS 450470 1 Format: Vinyl, LP, Album Country: Europe Released: 1987\" \/>\n<meta property=\"og:url\" content=\"https:\/\/vinilozona.lt\/en\/parduotuve\/rock-pop\/jennifer-rush-\u200e-wings-of-desire\/\" \/>\n<meta property=\"og:site_name\" content=\"Vinilo Zona\" \/>\n<meta property=\"article:modified_time\" content=\"2025-10-12T15:49:16+00:00\" \/>\n<meta property=\"og:image\" content=\"https:\/\/vinilozona.lt\/wp-content\/uploads\/2020\/01\/R-718377-1347482460-5953.jpg\" \/>\n\t<meta property=\"og:image:width\" content=\"600\" \/>\n\t<meta property=\"og:image:height\" content=\"596\" \/>\n\t<meta property=\"og:image:type\" content=\"image\/jpeg\" \/>\n<meta name=\"twitter:card\" content=\"summary_large_image\" \/>\n<meta name=\"twitter:label1\" content=\"Estimated reading time\" \/>\n\t<meta name=\"twitter:data1\" content=\"1 minute\" \/>\n<script type=\"application\/ld+json\" class=\"yoast-schema-graph\">{\"@context\":\"https:\/\/schema.org\",\"@graph\":[{\"@type\":\"WebPage\",\"@id\":\"https:\/\/vinilozona.lt\/parduotuve\/rock-pop\/jennifer-rush-%e2%80%8e-wings-of-desire\/\",\"url\":\"https:\/\/vinilozona.lt\/parduotuve\/rock-pop\/jennifer-rush-%e2%80%8e-wings-of-desire\/\",\"name\":\"Jennifer Rush \u200e\u2013 Heart Over Mind (feat. Elton John) Vinilin\u0117 Plok\u0161tel\u0117 | Vinilozona.lt\",\"isPartOf\":{\"@id\":\"https:\/\/vinilozona.lt\/#website\"},\"primaryImageOfPage\":{\"@id\":\"https:\/\/vinilozona.lt\/parduotuve\/rock-pop\/jennifer-rush-%e2%80%8e-wings-of-desire\/#primaryimage\"},\"image\":{\"@id\":\"https:\/\/vinilozona.lt\/parduotuve\/rock-pop\/jennifer-rush-%e2%80%8e-wings-of-desire\/#primaryimage\"},\"thumbnailUrl\":\"https:\/\/vinilozona.lt\/wp-content\/uploads\/2020\/01\/R-718377-1347482460-5953.jpg\",\"datePublished\":\"2024-10-21T02:00:58+00:00\",\"dateModified\":\"2025-10-12T15:49:16+00:00\",\"breadcrumb\":{\"@id\":\"https:\/\/vinilozona.lt\/parduotuve\/rock-pop\/jennifer-rush-%e2%80%8e-wings-of-desire\/#breadcrumb\"},\"inLanguage\":\"en-GB\",\"potentialAction\":[{\"@type\":\"ReadAction\",\"target\":[\"https:\/\/vinilozona.lt\/parduotuve\/rock-pop\/jennifer-rush-%e2%80%8e-wings-of-desire\/\"]}]},{\"@type\":\"ImageObject\",\"inLanguage\":\"en-GB\",\"@id\":\"https:\/\/vinilozona.lt\/parduotuve\/rock-pop\/jennifer-rush-%e2%80%8e-wings-of-desire\/#primaryimage\",\"url\":\"https:\/\/vinilozona.lt\/wp-content\/uploads\/2020\/01\/R-718377-1347482460-5953.jpg\",\"contentUrl\":\"https:\/\/vinilozona.lt\/wp-content\/uploads\/2020\/01\/R-718377-1347482460-5953.jpg\",\"width\":600,\"height\":596},{\"@type\":\"BreadcrumbList\",\"@id\":\"https:\/\/vinilozona.lt\/parduotuve\/rock-pop\/jennifer-rush-%e2%80%8e-wings-of-desire\/#breadcrumb\",\"itemListElement\":[{\"@type\":\"ListItem\",\"position\":1,\"name\":\"Home\",\"item\":\"https:\/\/vinilozona.lt\/\"},{\"@type\":\"ListItem\",\"position\":2,\"name\":\"Parduotuv\u0117\",\"item\":\"https:\/\/vinilozona.lt\/parduotuve\/\"},{\"@type\":\"ListItem\",\"position\":3,\"name\":\"Jennifer Rush \u200e\u2013 Heart Over Mind (feat. Elton John)\"}]},{\"@type\":\"WebSite\",\"@id\":\"https:\/\/vinilozona.lt\/#website\",\"url\":\"https:\/\/vinilozona.lt\/\",\"name\":\"Vinilo Zona\",\"description\":\"Nup\u016bsk dulkes ir klausyk LP\",\"potentialAction\":[{\"@type\":\"SearchAction\",\"target\":{\"@type\":\"EntryPoint\",\"urlTemplate\":\"https:\/\/vinilozona.lt\/?s={search_term_string}\"},\"query-input\":{\"@type\":\"PropertyValueSpecification\",\"valueRequired\":true,\"valueName\":\"search_term_string\"}}],\"inLanguage\":\"en-GB\"}]}<\/script>\n<!-- \/ Yoast SEO plugin. -->","yoast_head_json":{"title":"Jennifer Rush \u200e\u2013 Heart Over Mind (feat. Elton John) Vinilin\u0117 Plok\u0161tel\u0117 | Vinilozona.lt","robots":{"index":"index","follow":"follow","max-snippet":"max-snippet:-1","max-image-preview":"max-image-preview:large","max-video-preview":"max-video-preview:-1"},"canonical":"https:\/\/vinilozona.lt\/en\/parduotuve\/rock-pop\/jennifer-rush-\u200e-wings-of-desire\/","og_locale":"en_GB","og_type":"article","og_title":"Jennifer Rush \u200e\u2013 Heart Over Mind (feat. Elton John) Vinilin\u0117 Plok\u0161tel\u0117 | Vinilozona.lt","og_description":"CBS \u2013 CBS 450470 1 Format: Vinyl, LP, Album Country: Europe Released: 1987","og_url":"https:\/\/vinilozona.lt\/en\/parduotuve\/rock-pop\/jennifer-rush-\u200e-wings-of-desire\/","og_site_name":"Vinilo Zona","article_modified_time":"2025-10-12T15:49:16+00:00","og_image":[{"width":600,"height":596,"url":"https:\/\/vinilozona.lt\/wp-content\/uploads\/2020\/01\/R-718377-1347482460-5953.jpg","type":"image\/jpeg"}],"twitter_card":"summary_large_image","twitter_misc":{"Estimated reading time":"1 minute"},"schema":{"@context":"https:\/\/schema.org","@graph":[{"@type":"WebPage","@id":"https:\/\/vinilozona.lt\/parduotuve\/rock-pop\/jennifer-rush-%e2%80%8e-wings-of-desire\/","url":"https:\/\/vinilozona.lt\/parduotuve\/rock-pop\/jennifer-rush-%e2%80%8e-wings-of-desire\/","name":"Jennifer Rush \u200e\u2013 Heart Over Mind (feat. Elton John) Vinilin\u0117 Plok\u0161tel\u0117 | Vinilozona.lt","isPartOf":{"@id":"https:\/\/vinilozona.lt\/#website"},"primaryImageOfPage":{"@id":"https:\/\/vinilozona.lt\/parduotuve\/rock-pop\/jennifer-rush-%e2%80%8e-wings-of-desire\/#primaryimage"},"image":{"@id":"https:\/\/vinilozona.lt\/parduotuve\/rock-pop\/jennifer-rush-%e2%80%8e-wings-of-desire\/#primaryimage"},"thumbnailUrl":"https:\/\/vinilozona.lt\/wp-content\/uploads\/2020\/01\/R-718377-1347482460-5953.jpg","datePublished":"2024-10-21T02:00:58+00:00","dateModified":"2025-10-12T15:49:16+00:00","breadcrumb":{"@id":"https:\/\/vinilozona.lt\/parduotuve\/rock-pop\/jennifer-rush-%e2%80%8e-wings-of-desire\/#breadcrumb"},"inLanguage":"en-GB","potentialAction":[{"@type":"ReadAction","target":["https:\/\/vinilozona.lt\/parduotuve\/rock-pop\/jennifer-rush-%e2%80%8e-wings-of-desire\/"]}]},{"@type":"ImageObject","inLanguage":"en-GB","@id":"https:\/\/vinilozona.lt\/parduotuve\/rock-pop\/jennifer-rush-%e2%80%8e-wings-of-desire\/#primaryimage","url":"https:\/\/vinilozona.lt\/wp-content\/uploads\/2020\/01\/R-718377-1347482460-5953.jpg","contentUrl":"https:\/\/vinilozona.lt\/wp-content\/uploads\/2020\/01\/R-718377-1347482460-5953.jpg","width":600,"height":596},{"@type":"BreadcrumbList","@id":"https:\/\/vinilozona.lt\/parduotuve\/rock-pop\/jennifer-rush-%e2%80%8e-wings-of-desire\/#breadcrumb","itemListElement":[{"@type":"ListItem","position":1,"name":"Home","item":"https:\/\/vinilozona.lt\/"},{"@type":"ListItem","position":2,"name":"Parduotuv\u0117","item":"https:\/\/vinilozona.lt\/parduotuve\/"},{"@type":"ListItem","position":3,"name":"Jennifer Rush \u200e\u2013 Heart Over Mind (feat. Elton John)"}]},{"@type":"WebSite","@id":"https:\/\/vinilozona.lt\/#website","url":"https:\/\/vinilozona.lt\/","name":"Vinilo Zona","description":"Nup\u016bsk dulkes ir klausyk LP","potentialAction":[{"@type":"SearchAction","target":{"@type":"EntryPoint","urlTemplate":"https:\/\/vinilozona.lt\/?s={search_term_string}"},"query-input":{"@type":"PropertyValueSpecification","valueRequired":true,"valueName":"search_term_string"}}],"inLanguage":"en-GB"}]}},"_links":{"self":[{"href":"https:\/\/vinilozona.lt\/en\/wp-json\/wp\/v2\/product\/2617"}],"collection":[{"href":"https:\/\/vinilozona.lt\/en\/wp-json\/wp\/v2\/product"}],"about":[{"href":"https:\/\/vinilozona.lt\/en\/wp-json\/wp\/v2\/types\/product"}],"wp:featuredmedia":[{"embeddable":true,"href":"https:\/\/vinilozona.lt\/en\/wp-json\/wp\/v2\/media\/26078"}],"wp:attachment":[{"href":"https:\/\/vinilozona.lt\/en\/wp-json\/wp\/v2\/media?parent=2617"}],"wp:term":[{"taxonomy":"product_cat","embeddable":true,"href":"https:\/\/vinilozona.lt\/en\/wp-json\/wp\/v2\/product_cat?post=2617"},{"taxonomy":"product_tag","embeddable":true,"href":"https:\/\/vinilozona.lt\/en\/wp-json\/wp\/v2\/product_tag?post=2617"}],"curies":[{"name":"wp","href":"https:\/\/api.w.org\/{rel}","templated":true}]}}