{"id":26148,"date":"2024-06-23T12:44:15","date_gmt":"2024-06-23T09:44:15","guid":{"rendered":"https:\/\/vinilozona.lt\/?post_type=product&#038;p=26148"},"modified":"2025-08-20T14:04:14","modified_gmt":"2025-08-20T11:04:14","slug":"algirdas-latenas-antanas-strazdas-paulius-sirvys-antanas-strazdas-paulius-sirvys","status":"publish","type":"product","link":"https:\/\/vinilozona.lt\/en\/parduotuve\/lietuviska\/algirdas-latenas-antanas-strazdas-paulius-sirvys-antanas-strazdas-paulius-sirvys\/","title":{"rendered":"Algirdas Lat\u0117nas &#8211; Antanas Strazdas \/ Paulius \u0160irvys \u2013 Antanas Strazdas \/ Paulius \u0160irvys"},"content":{"rendered":"<p>A.1\t\tStrazdas<br \/>\nA.2\t\tVarnas<br \/>\nA.3\t\tPone Dieve Visagalis<br \/>\nA.4\t\tKi\u0161kis<br \/>\nA.5\t\tPus\u0119 Avel\u0117s Su\u0117d\u0119s<br \/>\nA.6\t\tM\u016bs\u0173 \u017dem\u0117j Daugel Viet\u0173<br \/>\nA.7\t\tSenelis Gan\u0117 Aveles<br \/>\nA.8\t\tEi, Dieve Dievulaitis<br \/>\nA.9\t\tGegu\u017e\u0117l\u0117<br \/>\nA.10\t\tPrie\u010dastis Mergos<br \/>\nA.11\t\tSelianka Au\u0161ra<br \/>\nA.12\t\tStrazdas<br \/>\nB.1\t\tPil\u0117n\u0173 Lop\u0161in\u0117<br \/>\nB.2\t\tLinguok, Motule, Vyg\u0119<br \/>\nB.3\t\tLanguos Paskend\u0119 Akys<br \/>\nB.4\t\tBalti Keliai<br \/>\nB.5\t\tNeverkit, Ses\u0117s<br \/>\nB.6\t\tR\u016bdyk, T\u0117v\u0173 Dalgeli<br \/>\nB.7\t\tGyvuoki Nemirtinga<br \/>\nB.8\t\tBer\u017eeliai \u2013 Bo\u010di\u0173 Vyg\u0117<br \/>\nB.9\t\tRagan\u0173 Kalnas<br \/>\nB.10\t\tA\u0161 \u2013 Ber\u017eas<\/p>","protected":false},"excerpt":{"rendered":"<p>\u041c\u0435\u043b\u043e\u0434\u0438\u044f \u2013 \u041c40 47213 003<br \/>\nFormat:<br \/>\nVinyl, LP, Repress, Mono, White Label<br \/>\nCountry: USSR<br \/>\nReleased: 1987<\/p>","protected":false},"featured_media":26149,"template":"","meta":[],"product_cat":[19],"product_tag":[44],"yoast_head":"<!-- This site is optimized with the Yoast SEO plugin v23.5 - https:\/\/yoast.com\/wordpress\/plugins\/seo\/ -->\n<title>Algirdas Lat\u0117nas - Antanas Strazdas \/ Paulius \u0160irvys \u2013 Antanas Strazdas \/ Paulius \u0160irvys Vinilin\u0117 Plok\u0161tel\u0117 | Vinilozona.lt<\/title>\n<meta name=\"robots\" content=\"index, follow, max-snippet:-1, max-image-preview:large, max-video-preview:-1\" \/>\n<link rel=\"canonical\" href=\"https:\/\/vinilozona.lt\/en\/parduotuve\/lietuviska\/algirdas-latenas-antanas-strazdas-paulius-sirvys-antanas-strazdas-paulius-sirvys\/\" \/>\n<meta property=\"og:locale\" content=\"en_GB\" \/>\n<meta property=\"og:type\" content=\"article\" \/>\n<meta property=\"og:title\" content=\"Algirdas Lat\u0117nas - Antanas Strazdas \/ Paulius \u0160irvys \u2013 Antanas Strazdas \/ Paulius \u0160irvys Vinilin\u0117 Plok\u0161tel\u0117 | Vinilozona.lt\" \/>\n<meta property=\"og:description\" content=\"\u041c\u0435\u043b\u043e\u0434\u0438\u044f \u2013 \u041c40 47213 003 Format: Vinyl, LP, Repress, Mono, White Label Country: USSR Released: 1987\" \/>\n<meta property=\"og:url\" content=\"https:\/\/vinilozona.lt\/en\/parduotuve\/lietuviska\/algirdas-latenas-antanas-strazdas-paulius-sirvys-antanas-strazdas-paulius-sirvys\/\" \/>\n<meta property=\"og:site_name\" content=\"Vinilo Zona\" \/>\n<meta property=\"article:modified_time\" content=\"2025-08-20T11:04:14+00:00\" \/>\n<meta property=\"og:image\" content=\"https:\/\/vinilozona.lt\/wp-content\/uploads\/2024\/10\/R-13864103-1562844241-6359.jpg\" \/>\n\t<meta property=\"og:image:width\" content=\"500\" \/>\n\t<meta property=\"og:image:height\" content=\"500\" \/>\n\t<meta property=\"og:image:type\" content=\"image\/jpeg\" \/>\n<meta name=\"twitter:card\" content=\"summary_large_image\" \/>\n<meta name=\"twitter:label1\" content=\"Estimated reading time\" \/>\n\t<meta name=\"twitter:data1\" content=\"1 minute\" \/>\n<script type=\"application\/ld+json\" class=\"yoast-schema-graph\">{\"@context\":\"https:\/\/schema.org\",\"@graph\":[{\"@type\":\"WebPage\",\"@id\":\"https:\/\/vinilozona.lt\/parduotuve\/lietuviska\/algirdas-latenas-antanas-strazdas-paulius-sirvys-antanas-strazdas-paulius-sirvys\/\",\"url\":\"https:\/\/vinilozona.lt\/parduotuve\/lietuviska\/algirdas-latenas-antanas-strazdas-paulius-sirvys-antanas-strazdas-paulius-sirvys\/\",\"name\":\"Algirdas Lat\u0117nas - Antanas Strazdas \/ Paulius \u0160irvys \u2013 Antanas Strazdas \/ Paulius \u0160irvys Vinilin\u0117 Plok\u0161tel\u0117 | Vinilozona.lt\",\"isPartOf\":{\"@id\":\"https:\/\/vinilozona.lt\/#website\"},\"primaryImageOfPage\":{\"@id\":\"https:\/\/vinilozona.lt\/parduotuve\/lietuviska\/algirdas-latenas-antanas-strazdas-paulius-sirvys-antanas-strazdas-paulius-sirvys\/#primaryimage\"},\"image\":{\"@id\":\"https:\/\/vinilozona.lt\/parduotuve\/lietuviska\/algirdas-latenas-antanas-strazdas-paulius-sirvys-antanas-strazdas-paulius-sirvys\/#primaryimage\"},\"thumbnailUrl\":\"https:\/\/vinilozona.lt\/wp-content\/uploads\/2024\/10\/R-13864103-1562844241-6359.jpg\",\"datePublished\":\"2024-06-23T09:44:15+00:00\",\"dateModified\":\"2025-08-20T11:04:14+00:00\",\"breadcrumb\":{\"@id\":\"https:\/\/vinilozona.lt\/parduotuve\/lietuviska\/algirdas-latenas-antanas-strazdas-paulius-sirvys-antanas-strazdas-paulius-sirvys\/#breadcrumb\"},\"inLanguage\":\"en-GB\",\"potentialAction\":[{\"@type\":\"ReadAction\",\"target\":[\"https:\/\/vinilozona.lt\/parduotuve\/lietuviska\/algirdas-latenas-antanas-strazdas-paulius-sirvys-antanas-strazdas-paulius-sirvys\/\"]}]},{\"@type\":\"ImageObject\",\"inLanguage\":\"en-GB\",\"@id\":\"https:\/\/vinilozona.lt\/parduotuve\/lietuviska\/algirdas-latenas-antanas-strazdas-paulius-sirvys-antanas-strazdas-paulius-sirvys\/#primaryimage\",\"url\":\"https:\/\/vinilozona.lt\/wp-content\/uploads\/2024\/10\/R-13864103-1562844241-6359.jpg\",\"contentUrl\":\"https:\/\/vinilozona.lt\/wp-content\/uploads\/2024\/10\/R-13864103-1562844241-6359.jpg\",\"width\":500,\"height\":500},{\"@type\":\"BreadcrumbList\",\"@id\":\"https:\/\/vinilozona.lt\/parduotuve\/lietuviska\/algirdas-latenas-antanas-strazdas-paulius-sirvys-antanas-strazdas-paulius-sirvys\/#breadcrumb\",\"itemListElement\":[{\"@type\":\"ListItem\",\"position\":1,\"name\":\"Home\",\"item\":\"https:\/\/vinilozona.lt\/\"},{\"@type\":\"ListItem\",\"position\":2,\"name\":\"Parduotuv\u0117\",\"item\":\"https:\/\/vinilozona.lt\/parduotuve\/\"},{\"@type\":\"ListItem\",\"position\":3,\"name\":\"Algirdas Lat\u0117nas &#8211; Antanas Strazdas \/ Paulius \u0160irvys \u2013 Antanas Strazdas \/ Paulius \u0160irvys\"}]},{\"@type\":\"WebSite\",\"@id\":\"https:\/\/vinilozona.lt\/#website\",\"url\":\"https:\/\/vinilozona.lt\/\",\"name\":\"Vinilo Zona\",\"description\":\"Nup\u016bsk dulkes ir klausyk LP\",\"potentialAction\":[{\"@type\":\"SearchAction\",\"target\":{\"@type\":\"EntryPoint\",\"urlTemplate\":\"https:\/\/vinilozona.lt\/?s={search_term_string}\"},\"query-input\":{\"@type\":\"PropertyValueSpecification\",\"valueRequired\":true,\"valueName\":\"search_term_string\"}}],\"inLanguage\":\"en-GB\"}]}<\/script>\n<!-- \/ Yoast SEO plugin. -->","yoast_head_json":{"title":"Algirdas Lat\u0117nas - Antanas Strazdas \/ Paulius \u0160irvys \u2013 Antanas Strazdas \/ Paulius \u0160irvys Vinilin\u0117 Plok\u0161tel\u0117 | Vinilozona.lt","robots":{"index":"index","follow":"follow","max-snippet":"max-snippet:-1","max-image-preview":"max-image-preview:large","max-video-preview":"max-video-preview:-1"},"canonical":"https:\/\/vinilozona.lt\/en\/parduotuve\/lietuviska\/algirdas-latenas-antanas-strazdas-paulius-sirvys-antanas-strazdas-paulius-sirvys\/","og_locale":"en_GB","og_type":"article","og_title":"Algirdas Lat\u0117nas - Antanas Strazdas \/ Paulius \u0160irvys \u2013 Antanas Strazdas \/ Paulius \u0160irvys Vinilin\u0117 Plok\u0161tel\u0117 | Vinilozona.lt","og_description":"\u041c\u0435\u043b\u043e\u0434\u0438\u044f \u2013 \u041c40 47213 003 Format: Vinyl, LP, Repress, Mono, White Label Country: USSR Released: 1987","og_url":"https:\/\/vinilozona.lt\/en\/parduotuve\/lietuviska\/algirdas-latenas-antanas-strazdas-paulius-sirvys-antanas-strazdas-paulius-sirvys\/","og_site_name":"Vinilo Zona","article_modified_time":"2025-08-20T11:04:14+00:00","og_image":[{"width":500,"height":500,"url":"https:\/\/vinilozona.lt\/wp-content\/uploads\/2024\/10\/R-13864103-1562844241-6359.jpg","type":"image\/jpeg"}],"twitter_card":"summary_large_image","twitter_misc":{"Estimated reading time":"1 minute"},"schema":{"@context":"https:\/\/schema.org","@graph":[{"@type":"WebPage","@id":"https:\/\/vinilozona.lt\/parduotuve\/lietuviska\/algirdas-latenas-antanas-strazdas-paulius-sirvys-antanas-strazdas-paulius-sirvys\/","url":"https:\/\/vinilozona.lt\/parduotuve\/lietuviska\/algirdas-latenas-antanas-strazdas-paulius-sirvys-antanas-strazdas-paulius-sirvys\/","name":"Algirdas Lat\u0117nas - Antanas Strazdas \/ Paulius \u0160irvys \u2013 Antanas Strazdas \/ Paulius \u0160irvys Vinilin\u0117 Plok\u0161tel\u0117 | Vinilozona.lt","isPartOf":{"@id":"https:\/\/vinilozona.lt\/#website"},"primaryImageOfPage":{"@id":"https:\/\/vinilozona.lt\/parduotuve\/lietuviska\/algirdas-latenas-antanas-strazdas-paulius-sirvys-antanas-strazdas-paulius-sirvys\/#primaryimage"},"image":{"@id":"https:\/\/vinilozona.lt\/parduotuve\/lietuviska\/algirdas-latenas-antanas-strazdas-paulius-sirvys-antanas-strazdas-paulius-sirvys\/#primaryimage"},"thumbnailUrl":"https:\/\/vinilozona.lt\/wp-content\/uploads\/2024\/10\/R-13864103-1562844241-6359.jpg","datePublished":"2024-06-23T09:44:15+00:00","dateModified":"2025-08-20T11:04:14+00:00","breadcrumb":{"@id":"https:\/\/vinilozona.lt\/parduotuve\/lietuviska\/algirdas-latenas-antanas-strazdas-paulius-sirvys-antanas-strazdas-paulius-sirvys\/#breadcrumb"},"inLanguage":"en-GB","potentialAction":[{"@type":"ReadAction","target":["https:\/\/vinilozona.lt\/parduotuve\/lietuviska\/algirdas-latenas-antanas-strazdas-paulius-sirvys-antanas-strazdas-paulius-sirvys\/"]}]},{"@type":"ImageObject","inLanguage":"en-GB","@id":"https:\/\/vinilozona.lt\/parduotuve\/lietuviska\/algirdas-latenas-antanas-strazdas-paulius-sirvys-antanas-strazdas-paulius-sirvys\/#primaryimage","url":"https:\/\/vinilozona.lt\/wp-content\/uploads\/2024\/10\/R-13864103-1562844241-6359.jpg","contentUrl":"https:\/\/vinilozona.lt\/wp-content\/uploads\/2024\/10\/R-13864103-1562844241-6359.jpg","width":500,"height":500},{"@type":"BreadcrumbList","@id":"https:\/\/vinilozona.lt\/parduotuve\/lietuviska\/algirdas-latenas-antanas-strazdas-paulius-sirvys-antanas-strazdas-paulius-sirvys\/#breadcrumb","itemListElement":[{"@type":"ListItem","position":1,"name":"Home","item":"https:\/\/vinilozona.lt\/"},{"@type":"ListItem","position":2,"name":"Parduotuv\u0117","item":"https:\/\/vinilozona.lt\/parduotuve\/"},{"@type":"ListItem","position":3,"name":"Algirdas Lat\u0117nas &#8211; Antanas Strazdas \/ Paulius \u0160irvys \u2013 Antanas Strazdas \/ Paulius \u0160irvys"}]},{"@type":"WebSite","@id":"https:\/\/vinilozona.lt\/#website","url":"https:\/\/vinilozona.lt\/","name":"Vinilo Zona","description":"Nup\u016bsk dulkes ir klausyk LP","potentialAction":[{"@type":"SearchAction","target":{"@type":"EntryPoint","urlTemplate":"https:\/\/vinilozona.lt\/?s={search_term_string}"},"query-input":{"@type":"PropertyValueSpecification","valueRequired":true,"valueName":"search_term_string"}}],"inLanguage":"en-GB"}]}},"_links":{"self":[{"href":"https:\/\/vinilozona.lt\/en\/wp-json\/wp\/v2\/product\/26148"}],"collection":[{"href":"https:\/\/vinilozona.lt\/en\/wp-json\/wp\/v2\/product"}],"about":[{"href":"https:\/\/vinilozona.lt\/en\/wp-json\/wp\/v2\/types\/product"}],"wp:featuredmedia":[{"embeddable":true,"href":"https:\/\/vinilozona.lt\/en\/wp-json\/wp\/v2\/media\/26149"}],"wp:attachment":[{"href":"https:\/\/vinilozona.lt\/en\/wp-json\/wp\/v2\/media?parent=26148"}],"wp:term":[{"taxonomy":"product_cat","embeddable":true,"href":"https:\/\/vinilozona.lt\/en\/wp-json\/wp\/v2\/product_cat?post=26148"},{"taxonomy":"product_tag","embeddable":true,"href":"https:\/\/vinilozona.lt\/en\/wp-json\/wp\/v2\/product_tag?post=26148"}],"curies":[{"name":"wp","href":"https:\/\/api.w.org\/{rel}","templated":true}]}}