{"id":26145,"date":"2026-03-04T05:26:45","date_gmt":"2026-03-04T03:26:45","guid":{"rendered":"https:\/\/vinilozona.lt\/?post_type=product&#038;p=26145"},"modified":"2026-03-06T11:55:19","modified_gmt":"2026-03-06T09:55:19","slug":"%d0%b4%d0%b6%d0%b0%d0%b7-%d0%be%d1%80%d0%ba%d0%b5%d1%81%d1%82%d1%80-%d1%88%d0%b0%d1%80%d0%bf%d1%81-%d1%8d%d0%bd%d0%b4-%d1%84%d0%bb%d1%8d%d1%82%d1%81-%d1%88%d0%b0%d1%80%d0%bf%d1%81-%d1%8d","status":"publish","type":"product","link":"https:\/\/vinilozona.lt\/en\/parduotuve\/kita\/%d0%b4%d0%b6%d0%b0%d0%b7-%d0%be%d1%80%d0%ba%d0%b5%d1%81%d1%82%d1%80-%d1%88%d0%b0%d1%80%d0%bf%d1%81-%d1%8d%d0%bd%d0%b4-%d1%84%d0%bb%d1%8d%d1%82%d1%81-%d1%88%d0%b0%d1%80%d0%bf%d1%81-%d1%8d\/","title":{"rendered":"\u0413\u0440\u0435\u0433 \u0411\u043e\u043d\u0430\u043c \u0438 \u0432\u043e\u043a\u0430\u043b\u044c\u043d\u044b\u0439 \u0434\u0443\u044d\u0442 &#8222;\u041b\u0438\u043f\u0441&#8221; \u2013 \u0413\u0440\u0435\u0433 \u0411\u043e\u043d\u0430\u043c \u0438 \u0432\u043e\u043a\u0430\u043b\u044c\u043d\u044b\u0439 \u0434\u0443\u044d\u0442 &#8222;\u041b\u0438\u043f\u0441&#8221; (\u0412\u0435\u043b\u0438\u043a\u043e\u0431\u0440\u0438\u0442\u0430\u043d\u0438\u044f) \u0432 \u041c\u043e\u0441\u043a\u0432\u0435"},"content":{"rendered":"<p>\u041a\u0443\u0434\u0430 \u041c\u0435\u043d\u044f \u0423\u0432\u043e\u0434\u0438\u0442 \u041c\u0443\u0437\u044b\u043a\u0430\t3:04<br \/>\n\u041f\u0430\u043c\u044f\u0442\u0438 \u042d\u043b\u0432\u0438\u0441\u0430 \u041f\u0440\u0435\u0441\u043b\u0438\t3:13<br \/>\n\u0424\u0438\u0433\u0430\u0440\u043e\t2:50<br \/>\n\u0410\u043d\u0434\u0436\u0435\u043b\u043e\t2:43<br \/>\n\u0413\u043b\u0443\u043f\u044b\u0435 \u041f\u0435\u0441\u0435\u043d\u043a\u0438 \u041e \u041b\u044e\u0431\u0432\u0438\t2:43<br \/>\n\u0422\u044b \u0423\u0448\u043b\u0430\t2:35<br \/>\n\u0425\u0430\u0431\u0431\u043b-\u0411\u0430\u0431\u0431\u043b\t3:35<br \/>\n\u042f \u041f\u043e\u0439\u0434\u0443 \u0417\u0430 \u0422\u0432\u043e\u0435\u0439 \u041c\u0443\u0437\u044b\u043a\u043e\u0439\t3:46<br \/>\n\u041a\u043e\u0433\u0434\u0430 \u0422\u044b \u041d\u0443\u0436\u0435\u043d \u041c\u043d\u0435\t4:40<br \/>\n\u042f \u0427\u0443\u0432\u0441\u0442\u0432\u0443\u044e \u041f\u0435\u0441\u043d\u044e\t3:00<br \/>\n\u0414\u043e \u0421\u0432\u0438\u0434\u0430\u043d\u0438\u044f\t2:08<\/p>","protected":false},"excerpt":{"rendered":"<p>\u041c\u0435\u043b\u043e\u0434\u0438\u044f \u2013 \u042160-11121-2<br \/>\nFormat:<br \/>\nVinyl, LP, Stereo<br \/>\nCountry:<br \/>\nUSSR<br \/>\nReleased:<br \/>\n1978<\/p>","protected":false},"featured_media":30614,"template":"","meta":[],"product_cat":[21],"product_tag":[44],"yoast_head":"<!-- This site is optimized with the Yoast SEO plugin v23.5 - https:\/\/yoast.com\/wordpress\/plugins\/seo\/ -->\n<title>\u0413\u0440\u0435\u0433 \u0411\u043e\u043d\u0430\u043c \u0438 \u0432\u043e\u043a\u0430\u043b\u044c\u043d\u044b\u0439 \u0434\u0443\u044d\u0442 &quot;\u041b\u0438\u043f\u0441&quot; \u2013 \u0413\u0440\u0435\u0433 \u0411\u043e\u043d\u0430\u043c \u0438 \u0432\u043e\u043a\u0430\u043b\u044c\u043d\u044b\u0439 \u0434\u0443\u044d\u0442 &quot;\u041b\u0438\u043f\u0441&quot; (\u0412\u0435\u043b\u0438\u043a\u043e\u0431\u0440\u0438\u0442\u0430\u043d\u0438\u044f) \u0432 \u041c\u043e\u0441\u043a\u0432\u0435 Vinilin\u0117 Plok\u0161tel\u0117 | Vinilozona.lt<\/title>\n<meta name=\"robots\" content=\"index, follow, max-snippet:-1, max-image-preview:large, max-video-preview:-1\" \/>\n<link rel=\"canonical\" href=\"https:\/\/vinilozona.lt\/en\/parduotuve\/kita\/\u0434\u0436\u0430\u0437-\u043e\u0440\u043a\u0435\u0441\u0442\u0440-\u0448\u0430\u0440\u043f\u0441-\u044d\u043d\u0434-\u0444\u043b\u044d\u0442\u0441-\u0448\u0430\u0440\u043f\u0441-\u044d\/\" \/>\n<meta property=\"og:locale\" content=\"en_GB\" \/>\n<meta property=\"og:type\" content=\"article\" \/>\n<meta property=\"og:title\" content=\"\u0413\u0440\u0435\u0433 \u0411\u043e\u043d\u0430\u043c \u0438 \u0432\u043e\u043a\u0430\u043b\u044c\u043d\u044b\u0439 \u0434\u0443\u044d\u0442 &quot;\u041b\u0438\u043f\u0441&quot; \u2013 \u0413\u0440\u0435\u0433 \u0411\u043e\u043d\u0430\u043c \u0438 \u0432\u043e\u043a\u0430\u043b\u044c\u043d\u044b\u0439 \u0434\u0443\u044d\u0442 &quot;\u041b\u0438\u043f\u0441&quot; (\u0412\u0435\u043b\u0438\u043a\u043e\u0431\u0440\u0438\u0442\u0430\u043d\u0438\u044f) \u0432 \u041c\u043e\u0441\u043a\u0432\u0435 Vinilin\u0117 Plok\u0161tel\u0117 | Vinilozona.lt\" \/>\n<meta property=\"og:description\" content=\"\u041c\u0435\u043b\u043e\u0434\u0438\u044f \u2013 \u042160-11121-2 Format: Vinyl, LP, Stereo Country: USSR Released: 1978\" \/>\n<meta property=\"og:url\" content=\"https:\/\/vinilozona.lt\/en\/parduotuve\/kita\/\u0434\u0436\u0430\u0437-\u043e\u0440\u043a\u0435\u0441\u0442\u0440-\u0448\u0430\u0440\u043f\u0441-\u044d\u043d\u0434-\u0444\u043b\u044d\u0442\u0441-\u0448\u0430\u0440\u043f\u0441-\u044d\/\" \/>\n<meta property=\"og:site_name\" content=\"Vinilo Zona\" \/>\n<meta property=\"article:modified_time\" content=\"2026-03-06T09:55:19+00:00\" \/>\n<meta property=\"og:image\" content=\"https:\/\/vinilozona.lt\/wp-content\/uploads\/2024\/05\/R-34255885-1749812732-4171.jpg\" \/>\n\t<meta property=\"og:image:width\" content=\"595\" \/>\n\t<meta property=\"og:image:height\" content=\"599\" \/>\n\t<meta property=\"og:image:type\" content=\"image\/jpeg\" \/>\n<meta name=\"twitter:card\" content=\"summary_large_image\" \/>\n<meta name=\"twitter:label1\" content=\"Estimated reading time\" \/>\n\t<meta name=\"twitter:data1\" content=\"1 minute\" \/>\n<script type=\"application\/ld+json\" class=\"yoast-schema-graph\">{\"@context\":\"https:\/\/schema.org\",\"@graph\":[{\"@type\":\"WebPage\",\"@id\":\"https:\/\/vinilozona.lt\/parduotuve\/kita\/%d0%b4%d0%b6%d0%b0%d0%b7-%d0%be%d1%80%d0%ba%d0%b5%d1%81%d1%82%d1%80-%d1%88%d0%b0%d1%80%d0%bf%d1%81-%d1%8d%d0%bd%d0%b4-%d1%84%d0%bb%d1%8d%d1%82%d1%81-%d1%88%d0%b0%d1%80%d0%bf%d1%81-%d1%8d\/\",\"url\":\"https:\/\/vinilozona.lt\/parduotuve\/kita\/%d0%b4%d0%b6%d0%b0%d0%b7-%d0%be%d1%80%d0%ba%d0%b5%d1%81%d1%82%d1%80-%d1%88%d0%b0%d1%80%d0%bf%d1%81-%d1%8d%d0%bd%d0%b4-%d1%84%d0%bb%d1%8d%d1%82%d1%81-%d1%88%d0%b0%d1%80%d0%bf%d1%81-%d1%8d\/\",\"name\":\"\u0413\u0440\u0435\u0433 \u0411\u043e\u043d\u0430\u043c \u0438 \u0432\u043e\u043a\u0430\u043b\u044c\u043d\u044b\u0439 \u0434\u0443\u044d\u0442 \\\"\u041b\u0438\u043f\u0441\\\" \u2013 \u0413\u0440\u0435\u0433 \u0411\u043e\u043d\u0430\u043c \u0438 \u0432\u043e\u043a\u0430\u043b\u044c\u043d\u044b\u0439 \u0434\u0443\u044d\u0442 \\\"\u041b\u0438\u043f\u0441\\\" (\u0412\u0435\u043b\u0438\u043a\u043e\u0431\u0440\u0438\u0442\u0430\u043d\u0438\u044f) \u0432 \u041c\u043e\u0441\u043a\u0432\u0435 Vinilin\u0117 Plok\u0161tel\u0117 | Vinilozona.lt\",\"isPartOf\":{\"@id\":\"https:\/\/vinilozona.lt\/#website\"},\"primaryImageOfPage\":{\"@id\":\"https:\/\/vinilozona.lt\/parduotuve\/kita\/%d0%b4%d0%b6%d0%b0%d0%b7-%d0%be%d1%80%d0%ba%d0%b5%d1%81%d1%82%d1%80-%d1%88%d0%b0%d1%80%d0%bf%d1%81-%d1%8d%d0%bd%d0%b4-%d1%84%d0%bb%d1%8d%d1%82%d1%81-%d1%88%d0%b0%d1%80%d0%bf%d1%81-%d1%8d\/#primaryimage\"},\"image\":{\"@id\":\"https:\/\/vinilozona.lt\/parduotuve\/kita\/%d0%b4%d0%b6%d0%b0%d0%b7-%d0%be%d1%80%d0%ba%d0%b5%d1%81%d1%82%d1%80-%d1%88%d0%b0%d1%80%d0%bf%d1%81-%d1%8d%d0%bd%d0%b4-%d1%84%d0%bb%d1%8d%d1%82%d1%81-%d1%88%d0%b0%d1%80%d0%bf%d1%81-%d1%8d\/#primaryimage\"},\"thumbnailUrl\":\"https:\/\/vinilozona.lt\/wp-content\/uploads\/2024\/05\/R-34255885-1749812732-4171.jpg\",\"datePublished\":\"2026-03-04T03:26:45+00:00\",\"dateModified\":\"2026-03-06T09:55:19+00:00\",\"breadcrumb\":{\"@id\":\"https:\/\/vinilozona.lt\/parduotuve\/kita\/%d0%b4%d0%b6%d0%b0%d0%b7-%d0%be%d1%80%d0%ba%d0%b5%d1%81%d1%82%d1%80-%d1%88%d0%b0%d1%80%d0%bf%d1%81-%d1%8d%d0%bd%d0%b4-%d1%84%d0%bb%d1%8d%d1%82%d1%81-%d1%88%d0%b0%d1%80%d0%bf%d1%81-%d1%8d\/#breadcrumb\"},\"inLanguage\":\"en-GB\",\"potentialAction\":[{\"@type\":\"ReadAction\",\"target\":[\"https:\/\/vinilozona.lt\/parduotuve\/kita\/%d0%b4%d0%b6%d0%b0%d0%b7-%d0%be%d1%80%d0%ba%d0%b5%d1%81%d1%82%d1%80-%d1%88%d0%b0%d1%80%d0%bf%d1%81-%d1%8d%d0%bd%d0%b4-%d1%84%d0%bb%d1%8d%d1%82%d1%81-%d1%88%d0%b0%d1%80%d0%bf%d1%81-%d1%8d\/\"]}]},{\"@type\":\"ImageObject\",\"inLanguage\":\"en-GB\",\"@id\":\"https:\/\/vinilozona.lt\/parduotuve\/kita\/%d0%b4%d0%b6%d0%b0%d0%b7-%d0%be%d1%80%d0%ba%d0%b5%d1%81%d1%82%d1%80-%d1%88%d0%b0%d1%80%d0%bf%d1%81-%d1%8d%d0%bd%d0%b4-%d1%84%d0%bb%d1%8d%d1%82%d1%81-%d1%88%d0%b0%d1%80%d0%bf%d1%81-%d1%8d\/#primaryimage\",\"url\":\"https:\/\/vinilozona.lt\/wp-content\/uploads\/2024\/05\/R-34255885-1749812732-4171.jpg\",\"contentUrl\":\"https:\/\/vinilozona.lt\/wp-content\/uploads\/2024\/05\/R-34255885-1749812732-4171.jpg\",\"width\":595,\"height\":599},{\"@type\":\"BreadcrumbList\",\"@id\":\"https:\/\/vinilozona.lt\/parduotuve\/kita\/%d0%b4%d0%b6%d0%b0%d0%b7-%d0%be%d1%80%d0%ba%d0%b5%d1%81%d1%82%d1%80-%d1%88%d0%b0%d1%80%d0%bf%d1%81-%d1%8d%d0%bd%d0%b4-%d1%84%d0%bb%d1%8d%d1%82%d1%81-%d1%88%d0%b0%d1%80%d0%bf%d1%81-%d1%8d\/#breadcrumb\",\"itemListElement\":[{\"@type\":\"ListItem\",\"position\":1,\"name\":\"Home\",\"item\":\"https:\/\/vinilozona.lt\/\"},{\"@type\":\"ListItem\",\"position\":2,\"name\":\"Parduotuv\u0117\",\"item\":\"https:\/\/vinilozona.lt\/parduotuve\/\"},{\"@type\":\"ListItem\",\"position\":3,\"name\":\"\u0413\u0440\u0435\u0433 \u0411\u043e\u043d\u0430\u043c \u0438 \u0432\u043e\u043a\u0430\u043b\u044c\u043d\u044b\u0439 \u0434\u0443\u044d\u0442 &#8220;\u041b\u0438\u043f\u0441&#8221; \u2013 \u0413\u0440\u0435\u0433 \u0411\u043e\u043d\u0430\u043c \u0438 \u0432\u043e\u043a\u0430\u043b\u044c\u043d\u044b\u0439 \u0434\u0443\u044d\u0442 &#8220;\u041b\u0438\u043f\u0441&#8221; (\u0412\u0435\u043b\u0438\u043a\u043e\u0431\u0440\u0438\u0442\u0430\u043d\u0438\u044f) \u0432 \u041c\u043e\u0441\u043a\u0432\u0435\"}]},{\"@type\":\"WebSite\",\"@id\":\"https:\/\/vinilozona.lt\/#website\",\"url\":\"https:\/\/vinilozona.lt\/\",\"name\":\"Vinilo Zona\",\"description\":\"Nup\u016bsk dulkes ir klausyk LP\",\"potentialAction\":[{\"@type\":\"SearchAction\",\"target\":{\"@type\":\"EntryPoint\",\"urlTemplate\":\"https:\/\/vinilozona.lt\/?s={search_term_string}\"},\"query-input\":{\"@type\":\"PropertyValueSpecification\",\"valueRequired\":true,\"valueName\":\"search_term_string\"}}],\"inLanguage\":\"en-GB\"}]}<\/script>\n<!-- \/ Yoast SEO plugin. -->","yoast_head_json":{"title":"\u0413\u0440\u0435\u0433 \u0411\u043e\u043d\u0430\u043c \u0438 \u0432\u043e\u043a\u0430\u043b\u044c\u043d\u044b\u0439 \u0434\u0443\u044d\u0442 \"\u041b\u0438\u043f\u0441\" \u2013 \u0413\u0440\u0435\u0433 \u0411\u043e\u043d\u0430\u043c \u0438 \u0432\u043e\u043a\u0430\u043b\u044c\u043d\u044b\u0439 \u0434\u0443\u044d\u0442 \"\u041b\u0438\u043f\u0441\" (\u0412\u0435\u043b\u0438\u043a\u043e\u0431\u0440\u0438\u0442\u0430\u043d\u0438\u044f) \u0432 \u041c\u043e\u0441\u043a\u0432\u0435 Vinilin\u0117 Plok\u0161tel\u0117 | Vinilozona.lt","robots":{"index":"index","follow":"follow","max-snippet":"max-snippet:-1","max-image-preview":"max-image-preview:large","max-video-preview":"max-video-preview:-1"},"canonical":"https:\/\/vinilozona.lt\/en\/parduotuve\/kita\/\u0434\u0436\u0430\u0437-\u043e\u0440\u043a\u0435\u0441\u0442\u0440-\u0448\u0430\u0440\u043f\u0441-\u044d\u043d\u0434-\u0444\u043b\u044d\u0442\u0441-\u0448\u0430\u0440\u043f\u0441-\u044d\/","og_locale":"en_GB","og_type":"article","og_title":"\u0413\u0440\u0435\u0433 \u0411\u043e\u043d\u0430\u043c \u0438 \u0432\u043e\u043a\u0430\u043b\u044c\u043d\u044b\u0439 \u0434\u0443\u044d\u0442 \"\u041b\u0438\u043f\u0441\" \u2013 \u0413\u0440\u0435\u0433 \u0411\u043e\u043d\u0430\u043c \u0438 \u0432\u043e\u043a\u0430\u043b\u044c\u043d\u044b\u0439 \u0434\u0443\u044d\u0442 \"\u041b\u0438\u043f\u0441\" (\u0412\u0435\u043b\u0438\u043a\u043e\u0431\u0440\u0438\u0442\u0430\u043d\u0438\u044f) \u0432 \u041c\u043e\u0441\u043a\u0432\u0435 Vinilin\u0117 Plok\u0161tel\u0117 | Vinilozona.lt","og_description":"\u041c\u0435\u043b\u043e\u0434\u0438\u044f \u2013 \u042160-11121-2 Format: Vinyl, LP, Stereo Country: USSR Released: 1978","og_url":"https:\/\/vinilozona.lt\/en\/parduotuve\/kita\/\u0434\u0436\u0430\u0437-\u043e\u0440\u043a\u0435\u0441\u0442\u0440-\u0448\u0430\u0440\u043f\u0441-\u044d\u043d\u0434-\u0444\u043b\u044d\u0442\u0441-\u0448\u0430\u0440\u043f\u0441-\u044d\/","og_site_name":"Vinilo Zona","article_modified_time":"2026-03-06T09:55:19+00:00","og_image":[{"width":595,"height":599,"url":"https:\/\/vinilozona.lt\/wp-content\/uploads\/2024\/05\/R-34255885-1749812732-4171.jpg","type":"image\/jpeg"}],"twitter_card":"summary_large_image","twitter_misc":{"Estimated reading time":"1 minute"},"schema":{"@context":"https:\/\/schema.org","@graph":[{"@type":"WebPage","@id":"https:\/\/vinilozona.lt\/parduotuve\/kita\/%d0%b4%d0%b6%d0%b0%d0%b7-%d0%be%d1%80%d0%ba%d0%b5%d1%81%d1%82%d1%80-%d1%88%d0%b0%d1%80%d0%bf%d1%81-%d1%8d%d0%bd%d0%b4-%d1%84%d0%bb%d1%8d%d1%82%d1%81-%d1%88%d0%b0%d1%80%d0%bf%d1%81-%d1%8d\/","url":"https:\/\/vinilozona.lt\/parduotuve\/kita\/%d0%b4%d0%b6%d0%b0%d0%b7-%d0%be%d1%80%d0%ba%d0%b5%d1%81%d1%82%d1%80-%d1%88%d0%b0%d1%80%d0%bf%d1%81-%d1%8d%d0%bd%d0%b4-%d1%84%d0%bb%d1%8d%d1%82%d1%81-%d1%88%d0%b0%d1%80%d0%bf%d1%81-%d1%8d\/","name":"\u0413\u0440\u0435\u0433 \u0411\u043e\u043d\u0430\u043c \u0438 \u0432\u043e\u043a\u0430\u043b\u044c\u043d\u044b\u0439 \u0434\u0443\u044d\u0442 \"\u041b\u0438\u043f\u0441\" \u2013 \u0413\u0440\u0435\u0433 \u0411\u043e\u043d\u0430\u043c \u0438 \u0432\u043e\u043a\u0430\u043b\u044c\u043d\u044b\u0439 \u0434\u0443\u044d\u0442 \"\u041b\u0438\u043f\u0441\" (\u0412\u0435\u043b\u0438\u043a\u043e\u0431\u0440\u0438\u0442\u0430\u043d\u0438\u044f) \u0432 \u041c\u043e\u0441\u043a\u0432\u0435 Vinilin\u0117 Plok\u0161tel\u0117 | Vinilozona.lt","isPartOf":{"@id":"https:\/\/vinilozona.lt\/#website"},"primaryImageOfPage":{"@id":"https:\/\/vinilozona.lt\/parduotuve\/kita\/%d0%b4%d0%b6%d0%b0%d0%b7-%d0%be%d1%80%d0%ba%d0%b5%d1%81%d1%82%d1%80-%d1%88%d0%b0%d1%80%d0%bf%d1%81-%d1%8d%d0%bd%d0%b4-%d1%84%d0%bb%d1%8d%d1%82%d1%81-%d1%88%d0%b0%d1%80%d0%bf%d1%81-%d1%8d\/#primaryimage"},"image":{"@id":"https:\/\/vinilozona.lt\/parduotuve\/kita\/%d0%b4%d0%b6%d0%b0%d0%b7-%d0%be%d1%80%d0%ba%d0%b5%d1%81%d1%82%d1%80-%d1%88%d0%b0%d1%80%d0%bf%d1%81-%d1%8d%d0%bd%d0%b4-%d1%84%d0%bb%d1%8d%d1%82%d1%81-%d1%88%d0%b0%d1%80%d0%bf%d1%81-%d1%8d\/#primaryimage"},"thumbnailUrl":"https:\/\/vinilozona.lt\/wp-content\/uploads\/2024\/05\/R-34255885-1749812732-4171.jpg","datePublished":"2026-03-04T03:26:45+00:00","dateModified":"2026-03-06T09:55:19+00:00","breadcrumb":{"@id":"https:\/\/vinilozona.lt\/parduotuve\/kita\/%d0%b4%d0%b6%d0%b0%d0%b7-%d0%be%d1%80%d0%ba%d0%b5%d1%81%d1%82%d1%80-%d1%88%d0%b0%d1%80%d0%bf%d1%81-%d1%8d%d0%bd%d0%b4-%d1%84%d0%bb%d1%8d%d1%82%d1%81-%d1%88%d0%b0%d1%80%d0%bf%d1%81-%d1%8d\/#breadcrumb"},"inLanguage":"en-GB","potentialAction":[{"@type":"ReadAction","target":["https:\/\/vinilozona.lt\/parduotuve\/kita\/%d0%b4%d0%b6%d0%b0%d0%b7-%d0%be%d1%80%d0%ba%d0%b5%d1%81%d1%82%d1%80-%d1%88%d0%b0%d1%80%d0%bf%d1%81-%d1%8d%d0%bd%d0%b4-%d1%84%d0%bb%d1%8d%d1%82%d1%81-%d1%88%d0%b0%d1%80%d0%bf%d1%81-%d1%8d\/"]}]},{"@type":"ImageObject","inLanguage":"en-GB","@id":"https:\/\/vinilozona.lt\/parduotuve\/kita\/%d0%b4%d0%b6%d0%b0%d0%b7-%d0%be%d1%80%d0%ba%d0%b5%d1%81%d1%82%d1%80-%d1%88%d0%b0%d1%80%d0%bf%d1%81-%d1%8d%d0%bd%d0%b4-%d1%84%d0%bb%d1%8d%d1%82%d1%81-%d1%88%d0%b0%d1%80%d0%bf%d1%81-%d1%8d\/#primaryimage","url":"https:\/\/vinilozona.lt\/wp-content\/uploads\/2024\/05\/R-34255885-1749812732-4171.jpg","contentUrl":"https:\/\/vinilozona.lt\/wp-content\/uploads\/2024\/05\/R-34255885-1749812732-4171.jpg","width":595,"height":599},{"@type":"BreadcrumbList","@id":"https:\/\/vinilozona.lt\/parduotuve\/kita\/%d0%b4%d0%b6%d0%b0%d0%b7-%d0%be%d1%80%d0%ba%d0%b5%d1%81%d1%82%d1%80-%d1%88%d0%b0%d1%80%d0%bf%d1%81-%d1%8d%d0%bd%d0%b4-%d1%84%d0%bb%d1%8d%d1%82%d1%81-%d1%88%d0%b0%d1%80%d0%bf%d1%81-%d1%8d\/#breadcrumb","itemListElement":[{"@type":"ListItem","position":1,"name":"Home","item":"https:\/\/vinilozona.lt\/"},{"@type":"ListItem","position":2,"name":"Parduotuv\u0117","item":"https:\/\/vinilozona.lt\/parduotuve\/"},{"@type":"ListItem","position":3,"name":"\u0413\u0440\u0435\u0433 \u0411\u043e\u043d\u0430\u043c \u0438 \u0432\u043e\u043a\u0430\u043b\u044c\u043d\u044b\u0439 \u0434\u0443\u044d\u0442 &#8220;\u041b\u0438\u043f\u0441&#8221; \u2013 \u0413\u0440\u0435\u0433 \u0411\u043e\u043d\u0430\u043c \u0438 \u0432\u043e\u043a\u0430\u043b\u044c\u043d\u044b\u0439 \u0434\u0443\u044d\u0442 &#8220;\u041b\u0438\u043f\u0441&#8221; (\u0412\u0435\u043b\u0438\u043a\u043e\u0431\u0440\u0438\u0442\u0430\u043d\u0438\u044f) \u0432 \u041c\u043e\u0441\u043a\u0432\u0435"}]},{"@type":"WebSite","@id":"https:\/\/vinilozona.lt\/#website","url":"https:\/\/vinilozona.lt\/","name":"Vinilo Zona","description":"Nup\u016bsk dulkes ir klausyk LP","potentialAction":[{"@type":"SearchAction","target":{"@type":"EntryPoint","urlTemplate":"https:\/\/vinilozona.lt\/?s={search_term_string}"},"query-input":{"@type":"PropertyValueSpecification","valueRequired":true,"valueName":"search_term_string"}}],"inLanguage":"en-GB"}]}},"_links":{"self":[{"href":"https:\/\/vinilozona.lt\/en\/wp-json\/wp\/v2\/product\/26145"}],"collection":[{"href":"https:\/\/vinilozona.lt\/en\/wp-json\/wp\/v2\/product"}],"about":[{"href":"https:\/\/vinilozona.lt\/en\/wp-json\/wp\/v2\/types\/product"}],"wp:featuredmedia":[{"embeddable":true,"href":"https:\/\/vinilozona.lt\/en\/wp-json\/wp\/v2\/media\/30614"}],"wp:attachment":[{"href":"https:\/\/vinilozona.lt\/en\/wp-json\/wp\/v2\/media?parent=26145"}],"wp:term":[{"taxonomy":"product_cat","embeddable":true,"href":"https:\/\/vinilozona.lt\/en\/wp-json\/wp\/v2\/product_cat?post=26145"},{"taxonomy":"product_tag","embeddable":true,"href":"https:\/\/vinilozona.lt\/en\/wp-json\/wp\/v2\/product_tag?post=26145"}],"curies":[{"name":"wp","href":"https:\/\/api.w.org\/{rel}","templated":true}]}}