{"id":26141,"date":"2024-04-23T12:16:43","date_gmt":"2024-04-23T09:16:43","guid":{"rendered":"https:\/\/vinilozona.lt\/?post_type=product&#038;p=26141"},"modified":"2024-10-23T12:20:09","modified_gmt":"2024-10-23T09:20:09","slug":"%d1%8d%d0%b4%d0%b4%d0%b8-%d0%ba%d1%8d%d0%bb%d0%b2%d0%b5%d1%80%d1%82-%d1%82%d1%8e%d0%bb%d1%8c%d0%bf%d0%b0%d0%bd%d1%8b-%d0%b8%d0%b7-%d0%b0%d0%bc%d1%81%d1%82%d0%b5%d1%80%d0%b4%d0%b0%d0%bc%d0%b0","status":"publish","type":"product","link":"https:\/\/vinilozona.lt\/en\/parduotuve\/kita\/%d1%8d%d0%b4%d0%b4%d0%b8-%d0%ba%d1%8d%d0%bb%d0%b2%d0%b5%d1%80%d1%82-%d1%82%d1%8e%d0%bb%d1%8c%d0%bf%d0%b0%d0%bd%d1%8b-%d0%b8%d0%b7-%d0%b0%d0%bc%d1%81%d1%82%d0%b5%d1%80%d0%b4%d0%b0%d0%bc%d0%b0\/","title":{"rendered":"\u042d\u0434\u0434\u0438 \u041a\u044d\u043b\u0432\u0435\u0440\u0442 \u2013 \u0422\u044e\u043b\u044c\u043f\u0430\u043d\u044b \u0418\u0437 \u0410\u043c\u0441\u0442\u0435\u0440\u0434\u0430\u043c\u0430"},"content":{"rendered":"<p>A1\t\t\u041c\u043e\u044f \u041b\u044e\u0431\u043e\u0432\u044c (My Love)  4:25<br \/>\nA2\t\t\u0417\u0430\u043c\u0431\u0435\u0437\u0438 (Zambesi)  2:15<br \/>\nA3\t\t\u041f\u043e\u043a\u0430\u0447\u0430\u0439 \u041c\u0435\u043d\u044f \u041d\u0430 \u0420\u0430\u0434\u0443\u0433\u0435 (Rock Me On A Rainbow)  3:25<br \/>\nA4\t\t\u041e\u0434\u0438\u043d\u043e\u0447\u0435\u0441\u0442\u0432\u043e (Loneliness)  3:30<br \/>\nA5\t\t\u041c\u0438\u0441\u0442\u0440\u0430\u043b\u044c (Mistral)  3:00<br \/>\nA6\t\t\u041e \u041c\u043e\u0439 \u041f\u0430\u043f\u0430 (Oh, Mein Papa)  2:53<br \/>\nB1\t\t\u0415\u0441\u043b\u0438 \u0425\u043e\u0447\u0435\u0448\u044c \u041f\u043e\u0432\u0438\u0434\u0430\u0442\u044c\u0441\u044f \u0421\u043d\u043e\u0432\u0430 (If You Wanna See Me Again)  3:25<br \/>\nB2\t\t\u0420\u043e\u0437\u043e\u0432\u0430\u044f \u0412\u0438\u0448\u043d\u044f \u0418 \u0411\u0435\u043b\u044b\u0439 \u0426\u0432\u0435\u0442\u043e\u043a \u042f\u0431\u043b\u043e\u043d\u0438 (Cherry Pink And Apple Blossom White)  2:10<br \/>\nB3\t\t\u041f\u0440\u043e\u0448\u0443, \u041b\u044e\u0431\u0438, \u041f\u043e\u043a\u043e\u0440\u0438\u0441\u044c (Please Love Surrender)  3:04<br \/>\nB4\t\t\u041d\u043e\u0441\u0442\u0430\u043b\u044c\u0433\u0438\u044f (Nostalgia)  2:37<br \/>\nB5\t\t\u0421\u0430\u0443\u0441\u0430\u043b\u0438\u0442\u043e (Sausalito)  4:37<br \/>\nB6\t\t\u0422\u044e\u043b\u044c\u043f\u0430\u043d\u044b \u0418\u0437 \u0410\u043c\u0441\u0442\u0435\u0440\u0434\u0430\u043c\u0430 (Tulips From Amsterdam)  3:16<\/p>","protected":false},"excerpt":{"rendered":"<p>\u041c\u0435\u043b\u043e\u0434\u0438\u044f \u2013 33\u042160\u201414897\u20148<br \/>\nFormat:<br \/>\nVinyl, LP, Album<br \/>\nCountry: USSR<br \/>\nReleased: 1982<br \/>\nGenre: Jazz, Pop<br \/>\nStyle: Easy Listening<\/p>","protected":false},"featured_media":26142,"template":"","meta":[],"product_cat":[21],"product_tag":[44],"yoast_head":"<!-- This site is optimized with the Yoast SEO plugin v23.5 - https:\/\/yoast.com\/wordpress\/plugins\/seo\/ -->\n<title>\u042d\u0434\u0434\u0438 \u041a\u044d\u043b\u0432\u0435\u0440\u0442 \u2013 \u0422\u044e\u043b\u044c\u043f\u0430\u043d\u044b \u0418\u0437 \u0410\u043c\u0441\u0442\u0435\u0440\u0434\u0430\u043c\u0430 Vinilin\u0117 Plok\u0161tel\u0117 | Vinilozona.lt<\/title>\n<meta name=\"robots\" content=\"index, follow, max-snippet:-1, max-image-preview:large, max-video-preview:-1\" \/>\n<link rel=\"canonical\" href=\"https:\/\/vinilozona.lt\/en\/parduotuve\/kita\/\u044d\u0434\u0434\u0438-\u043a\u044d\u043b\u0432\u0435\u0440\u0442-\u0442\u044e\u043b\u044c\u043f\u0430\u043d\u044b-\u0438\u0437-\u0430\u043c\u0441\u0442\u0435\u0440\u0434\u0430\u043c\u0430\/\" \/>\n<meta property=\"og:locale\" content=\"en_GB\" \/>\n<meta property=\"og:type\" content=\"article\" \/>\n<meta property=\"og:title\" content=\"\u042d\u0434\u0434\u0438 \u041a\u044d\u043b\u0432\u0435\u0440\u0442 \u2013 \u0422\u044e\u043b\u044c\u043f\u0430\u043d\u044b \u0418\u0437 \u0410\u043c\u0441\u0442\u0435\u0440\u0434\u0430\u043c\u0430 Vinilin\u0117 Plok\u0161tel\u0117 | Vinilozona.lt\" \/>\n<meta property=\"og:description\" content=\"\u041c\u0435\u043b\u043e\u0434\u0438\u044f \u2013 33\u042160\u201414897\u20148 Format: Vinyl, LP, Album Country: USSR Released: 1982 Genre: Jazz, Pop Style: Easy Listening\" \/>\n<meta property=\"og:url\" content=\"https:\/\/vinilozona.lt\/en\/parduotuve\/kita\/\u044d\u0434\u0434\u0438-\u043a\u044d\u043b\u0432\u0435\u0440\u0442-\u0442\u044e\u043b\u044c\u043f\u0430\u043d\u044b-\u0438\u0437-\u0430\u043c\u0441\u0442\u0435\u0440\u0434\u0430\u043c\u0430\/\" \/>\n<meta property=\"og:site_name\" content=\"Vinilo Zona\" \/>\n<meta property=\"article:modified_time\" content=\"2024-10-23T09:20:09+00:00\" \/>\n<meta property=\"og:image\" content=\"https:\/\/vinilozona.lt\/wp-content\/uploads\/2024\/10\/R-12979640-1567524727-8196.jpg\" \/>\n\t<meta property=\"og:image:width\" content=\"390\" \/>\n\t<meta property=\"og:image:height\" content=\"392\" \/>\n\t<meta property=\"og:image:type\" content=\"image\/jpeg\" \/>\n<meta name=\"twitter:card\" content=\"summary_large_image\" \/>\n<meta name=\"twitter:label1\" content=\"Estimated reading time\" \/>\n\t<meta name=\"twitter:data1\" content=\"1 minute\" \/>\n<script type=\"application\/ld+json\" class=\"yoast-schema-graph\">{\"@context\":\"https:\/\/schema.org\",\"@graph\":[{\"@type\":\"WebPage\",\"@id\":\"https:\/\/vinilozona.lt\/parduotuve\/kita\/%d1%8d%d0%b4%d0%b4%d0%b8-%d0%ba%d1%8d%d0%bb%d0%b2%d0%b5%d1%80%d1%82-%d1%82%d1%8e%d0%bb%d1%8c%d0%bf%d0%b0%d0%bd%d1%8b-%d0%b8%d0%b7-%d0%b0%d0%bc%d1%81%d1%82%d0%b5%d1%80%d0%b4%d0%b0%d0%bc%d0%b0\/\",\"url\":\"https:\/\/vinilozona.lt\/parduotuve\/kita\/%d1%8d%d0%b4%d0%b4%d0%b8-%d0%ba%d1%8d%d0%bb%d0%b2%d0%b5%d1%80%d1%82-%d1%82%d1%8e%d0%bb%d1%8c%d0%bf%d0%b0%d0%bd%d1%8b-%d0%b8%d0%b7-%d0%b0%d0%bc%d1%81%d1%82%d0%b5%d1%80%d0%b4%d0%b0%d0%bc%d0%b0\/\",\"name\":\"\u042d\u0434\u0434\u0438 \u041a\u044d\u043b\u0432\u0435\u0440\u0442 \u2013 \u0422\u044e\u043b\u044c\u043f\u0430\u043d\u044b \u0418\u0437 \u0410\u043c\u0441\u0442\u0435\u0440\u0434\u0430\u043c\u0430 Vinilin\u0117 Plok\u0161tel\u0117 | Vinilozona.lt\",\"isPartOf\":{\"@id\":\"https:\/\/vinilozona.lt\/#website\"},\"primaryImageOfPage\":{\"@id\":\"https:\/\/vinilozona.lt\/parduotuve\/kita\/%d1%8d%d0%b4%d0%b4%d0%b8-%d0%ba%d1%8d%d0%bb%d0%b2%d0%b5%d1%80%d1%82-%d1%82%d1%8e%d0%bb%d1%8c%d0%bf%d0%b0%d0%bd%d1%8b-%d0%b8%d0%b7-%d0%b0%d0%bc%d1%81%d1%82%d0%b5%d1%80%d0%b4%d0%b0%d0%bc%d0%b0\/#primaryimage\"},\"image\":{\"@id\":\"https:\/\/vinilozona.lt\/parduotuve\/kita\/%d1%8d%d0%b4%d0%b4%d0%b8-%d0%ba%d1%8d%d0%bb%d0%b2%d0%b5%d1%80%d1%82-%d1%82%d1%8e%d0%bb%d1%8c%d0%bf%d0%b0%d0%bd%d1%8b-%d0%b8%d0%b7-%d0%b0%d0%bc%d1%81%d1%82%d0%b5%d1%80%d0%b4%d0%b0%d0%bc%d0%b0\/#primaryimage\"},\"thumbnailUrl\":\"https:\/\/vinilozona.lt\/wp-content\/uploads\/2024\/10\/R-12979640-1567524727-8196.jpg\",\"datePublished\":\"2024-04-23T09:16:43+00:00\",\"dateModified\":\"2024-10-23T09:20:09+00:00\",\"breadcrumb\":{\"@id\":\"https:\/\/vinilozona.lt\/parduotuve\/kita\/%d1%8d%d0%b4%d0%b4%d0%b8-%d0%ba%d1%8d%d0%bb%d0%b2%d0%b5%d1%80%d1%82-%d1%82%d1%8e%d0%bb%d1%8c%d0%bf%d0%b0%d0%bd%d1%8b-%d0%b8%d0%b7-%d0%b0%d0%bc%d1%81%d1%82%d0%b5%d1%80%d0%b4%d0%b0%d0%bc%d0%b0\/#breadcrumb\"},\"inLanguage\":\"en-GB\",\"potentialAction\":[{\"@type\":\"ReadAction\",\"target\":[\"https:\/\/vinilozona.lt\/parduotuve\/kita\/%d1%8d%d0%b4%d0%b4%d0%b8-%d0%ba%d1%8d%d0%bb%d0%b2%d0%b5%d1%80%d1%82-%d1%82%d1%8e%d0%bb%d1%8c%d0%bf%d0%b0%d0%bd%d1%8b-%d0%b8%d0%b7-%d0%b0%d0%bc%d1%81%d1%82%d0%b5%d1%80%d0%b4%d0%b0%d0%bc%d0%b0\/\"]}]},{\"@type\":\"ImageObject\",\"inLanguage\":\"en-GB\",\"@id\":\"https:\/\/vinilozona.lt\/parduotuve\/kita\/%d1%8d%d0%b4%d0%b4%d0%b8-%d0%ba%d1%8d%d0%bb%d0%b2%d0%b5%d1%80%d1%82-%d1%82%d1%8e%d0%bb%d1%8c%d0%bf%d0%b0%d0%bd%d1%8b-%d0%b8%d0%b7-%d0%b0%d0%bc%d1%81%d1%82%d0%b5%d1%80%d0%b4%d0%b0%d0%bc%d0%b0\/#primaryimage\",\"url\":\"https:\/\/vinilozona.lt\/wp-content\/uploads\/2024\/10\/R-12979640-1567524727-8196.jpg\",\"contentUrl\":\"https:\/\/vinilozona.lt\/wp-content\/uploads\/2024\/10\/R-12979640-1567524727-8196.jpg\",\"width\":390,\"height\":392},{\"@type\":\"BreadcrumbList\",\"@id\":\"https:\/\/vinilozona.lt\/parduotuve\/kita\/%d1%8d%d0%b4%d0%b4%d0%b8-%d0%ba%d1%8d%d0%bb%d0%b2%d0%b5%d1%80%d1%82-%d1%82%d1%8e%d0%bb%d1%8c%d0%bf%d0%b0%d0%bd%d1%8b-%d0%b8%d0%b7-%d0%b0%d0%bc%d1%81%d1%82%d0%b5%d1%80%d0%b4%d0%b0%d0%bc%d0%b0\/#breadcrumb\",\"itemListElement\":[{\"@type\":\"ListItem\",\"position\":1,\"name\":\"Home\",\"item\":\"https:\/\/vinilozona.lt\/\"},{\"@type\":\"ListItem\",\"position\":2,\"name\":\"Parduotuv\u0117\",\"item\":\"https:\/\/vinilozona.lt\/parduotuve\/\"},{\"@type\":\"ListItem\",\"position\":3,\"name\":\"\u042d\u0434\u0434\u0438 \u041a\u044d\u043b\u0432\u0435\u0440\u0442 \u2013 \u0422\u044e\u043b\u044c\u043f\u0430\u043d\u044b \u0418\u0437 \u0410\u043c\u0441\u0442\u0435\u0440\u0434\u0430\u043c\u0430\"}]},{\"@type\":\"WebSite\",\"@id\":\"https:\/\/vinilozona.lt\/#website\",\"url\":\"https:\/\/vinilozona.lt\/\",\"name\":\"Vinilo Zona\",\"description\":\"Nup\u016bsk dulkes ir klausyk LP\",\"potentialAction\":[{\"@type\":\"SearchAction\",\"target\":{\"@type\":\"EntryPoint\",\"urlTemplate\":\"https:\/\/vinilozona.lt\/?s={search_term_string}\"},\"query-input\":{\"@type\":\"PropertyValueSpecification\",\"valueRequired\":true,\"valueName\":\"search_term_string\"}}],\"inLanguage\":\"en-GB\"}]}<\/script>\n<!-- \/ Yoast SEO plugin. -->","yoast_head_json":{"title":"\u042d\u0434\u0434\u0438 \u041a\u044d\u043b\u0432\u0435\u0440\u0442 \u2013 \u0422\u044e\u043b\u044c\u043f\u0430\u043d\u044b \u0418\u0437 \u0410\u043c\u0441\u0442\u0435\u0440\u0434\u0430\u043c\u0430 Vinilin\u0117 Plok\u0161tel\u0117 | Vinilozona.lt","robots":{"index":"index","follow":"follow","max-snippet":"max-snippet:-1","max-image-preview":"max-image-preview:large","max-video-preview":"max-video-preview:-1"},"canonical":"https:\/\/vinilozona.lt\/en\/parduotuve\/kita\/\u044d\u0434\u0434\u0438-\u043a\u044d\u043b\u0432\u0435\u0440\u0442-\u0442\u044e\u043b\u044c\u043f\u0430\u043d\u044b-\u0438\u0437-\u0430\u043c\u0441\u0442\u0435\u0440\u0434\u0430\u043c\u0430\/","og_locale":"en_GB","og_type":"article","og_title":"\u042d\u0434\u0434\u0438 \u041a\u044d\u043b\u0432\u0435\u0440\u0442 \u2013 \u0422\u044e\u043b\u044c\u043f\u0430\u043d\u044b \u0418\u0437 \u0410\u043c\u0441\u0442\u0435\u0440\u0434\u0430\u043c\u0430 Vinilin\u0117 Plok\u0161tel\u0117 | Vinilozona.lt","og_description":"\u041c\u0435\u043b\u043e\u0434\u0438\u044f \u2013 33\u042160\u201414897\u20148 Format: Vinyl, LP, Album Country: USSR Released: 1982 Genre: Jazz, Pop Style: Easy Listening","og_url":"https:\/\/vinilozona.lt\/en\/parduotuve\/kita\/\u044d\u0434\u0434\u0438-\u043a\u044d\u043b\u0432\u0435\u0440\u0442-\u0442\u044e\u043b\u044c\u043f\u0430\u043d\u044b-\u0438\u0437-\u0430\u043c\u0441\u0442\u0435\u0440\u0434\u0430\u043c\u0430\/","og_site_name":"Vinilo Zona","article_modified_time":"2024-10-23T09:20:09+00:00","og_image":[{"width":390,"height":392,"url":"https:\/\/vinilozona.lt\/wp-content\/uploads\/2024\/10\/R-12979640-1567524727-8196.jpg","type":"image\/jpeg"}],"twitter_card":"summary_large_image","twitter_misc":{"Estimated reading time":"1 minute"},"schema":{"@context":"https:\/\/schema.org","@graph":[{"@type":"WebPage","@id":"https:\/\/vinilozona.lt\/parduotuve\/kita\/%d1%8d%d0%b4%d0%b4%d0%b8-%d0%ba%d1%8d%d0%bb%d0%b2%d0%b5%d1%80%d1%82-%d1%82%d1%8e%d0%bb%d1%8c%d0%bf%d0%b0%d0%bd%d1%8b-%d0%b8%d0%b7-%d0%b0%d0%bc%d1%81%d1%82%d0%b5%d1%80%d0%b4%d0%b0%d0%bc%d0%b0\/","url":"https:\/\/vinilozona.lt\/parduotuve\/kita\/%d1%8d%d0%b4%d0%b4%d0%b8-%d0%ba%d1%8d%d0%bb%d0%b2%d0%b5%d1%80%d1%82-%d1%82%d1%8e%d0%bb%d1%8c%d0%bf%d0%b0%d0%bd%d1%8b-%d0%b8%d0%b7-%d0%b0%d0%bc%d1%81%d1%82%d0%b5%d1%80%d0%b4%d0%b0%d0%bc%d0%b0\/","name":"\u042d\u0434\u0434\u0438 \u041a\u044d\u043b\u0432\u0435\u0440\u0442 \u2013 \u0422\u044e\u043b\u044c\u043f\u0430\u043d\u044b \u0418\u0437 \u0410\u043c\u0441\u0442\u0435\u0440\u0434\u0430\u043c\u0430 Vinilin\u0117 Plok\u0161tel\u0117 | Vinilozona.lt","isPartOf":{"@id":"https:\/\/vinilozona.lt\/#website"},"primaryImageOfPage":{"@id":"https:\/\/vinilozona.lt\/parduotuve\/kita\/%d1%8d%d0%b4%d0%b4%d0%b8-%d0%ba%d1%8d%d0%bb%d0%b2%d0%b5%d1%80%d1%82-%d1%82%d1%8e%d0%bb%d1%8c%d0%bf%d0%b0%d0%bd%d1%8b-%d0%b8%d0%b7-%d0%b0%d0%bc%d1%81%d1%82%d0%b5%d1%80%d0%b4%d0%b0%d0%bc%d0%b0\/#primaryimage"},"image":{"@id":"https:\/\/vinilozona.lt\/parduotuve\/kita\/%d1%8d%d0%b4%d0%b4%d0%b8-%d0%ba%d1%8d%d0%bb%d0%b2%d0%b5%d1%80%d1%82-%d1%82%d1%8e%d0%bb%d1%8c%d0%bf%d0%b0%d0%bd%d1%8b-%d0%b8%d0%b7-%d0%b0%d0%bc%d1%81%d1%82%d0%b5%d1%80%d0%b4%d0%b0%d0%bc%d0%b0\/#primaryimage"},"thumbnailUrl":"https:\/\/vinilozona.lt\/wp-content\/uploads\/2024\/10\/R-12979640-1567524727-8196.jpg","datePublished":"2024-04-23T09:16:43+00:00","dateModified":"2024-10-23T09:20:09+00:00","breadcrumb":{"@id":"https:\/\/vinilozona.lt\/parduotuve\/kita\/%d1%8d%d0%b4%d0%b4%d0%b8-%d0%ba%d1%8d%d0%bb%d0%b2%d0%b5%d1%80%d1%82-%d1%82%d1%8e%d0%bb%d1%8c%d0%bf%d0%b0%d0%bd%d1%8b-%d0%b8%d0%b7-%d0%b0%d0%bc%d1%81%d1%82%d0%b5%d1%80%d0%b4%d0%b0%d0%bc%d0%b0\/#breadcrumb"},"inLanguage":"en-GB","potentialAction":[{"@type":"ReadAction","target":["https:\/\/vinilozona.lt\/parduotuve\/kita\/%d1%8d%d0%b4%d0%b4%d0%b8-%d0%ba%d1%8d%d0%bb%d0%b2%d0%b5%d1%80%d1%82-%d1%82%d1%8e%d0%bb%d1%8c%d0%bf%d0%b0%d0%bd%d1%8b-%d0%b8%d0%b7-%d0%b0%d0%bc%d1%81%d1%82%d0%b5%d1%80%d0%b4%d0%b0%d0%bc%d0%b0\/"]}]},{"@type":"ImageObject","inLanguage":"en-GB","@id":"https:\/\/vinilozona.lt\/parduotuve\/kita\/%d1%8d%d0%b4%d0%b4%d0%b8-%d0%ba%d1%8d%d0%bb%d0%b2%d0%b5%d1%80%d1%82-%d1%82%d1%8e%d0%bb%d1%8c%d0%bf%d0%b0%d0%bd%d1%8b-%d0%b8%d0%b7-%d0%b0%d0%bc%d1%81%d1%82%d0%b5%d1%80%d0%b4%d0%b0%d0%bc%d0%b0\/#primaryimage","url":"https:\/\/vinilozona.lt\/wp-content\/uploads\/2024\/10\/R-12979640-1567524727-8196.jpg","contentUrl":"https:\/\/vinilozona.lt\/wp-content\/uploads\/2024\/10\/R-12979640-1567524727-8196.jpg","width":390,"height":392},{"@type":"BreadcrumbList","@id":"https:\/\/vinilozona.lt\/parduotuve\/kita\/%d1%8d%d0%b4%d0%b4%d0%b8-%d0%ba%d1%8d%d0%bb%d0%b2%d0%b5%d1%80%d1%82-%d1%82%d1%8e%d0%bb%d1%8c%d0%bf%d0%b0%d0%bd%d1%8b-%d0%b8%d0%b7-%d0%b0%d0%bc%d1%81%d1%82%d0%b5%d1%80%d0%b4%d0%b0%d0%bc%d0%b0\/#breadcrumb","itemListElement":[{"@type":"ListItem","position":1,"name":"Home","item":"https:\/\/vinilozona.lt\/"},{"@type":"ListItem","position":2,"name":"Parduotuv\u0117","item":"https:\/\/vinilozona.lt\/parduotuve\/"},{"@type":"ListItem","position":3,"name":"\u042d\u0434\u0434\u0438 \u041a\u044d\u043b\u0432\u0435\u0440\u0442 \u2013 \u0422\u044e\u043b\u044c\u043f\u0430\u043d\u044b \u0418\u0437 \u0410\u043c\u0441\u0442\u0435\u0440\u0434\u0430\u043c\u0430"}]},{"@type":"WebSite","@id":"https:\/\/vinilozona.lt\/#website","url":"https:\/\/vinilozona.lt\/","name":"Vinilo Zona","description":"Nup\u016bsk dulkes ir klausyk LP","potentialAction":[{"@type":"SearchAction","target":{"@type":"EntryPoint","urlTemplate":"https:\/\/vinilozona.lt\/?s={search_term_string}"},"query-input":{"@type":"PropertyValueSpecification","valueRequired":true,"valueName":"search_term_string"}}],"inLanguage":"en-GB"}]}},"_links":{"self":[{"href":"https:\/\/vinilozona.lt\/en\/wp-json\/wp\/v2\/product\/26141"}],"collection":[{"href":"https:\/\/vinilozona.lt\/en\/wp-json\/wp\/v2\/product"}],"about":[{"href":"https:\/\/vinilozona.lt\/en\/wp-json\/wp\/v2\/types\/product"}],"wp:featuredmedia":[{"embeddable":true,"href":"https:\/\/vinilozona.lt\/en\/wp-json\/wp\/v2\/media\/26142"}],"wp:attachment":[{"href":"https:\/\/vinilozona.lt\/en\/wp-json\/wp\/v2\/media?parent=26141"}],"wp:term":[{"taxonomy":"product_cat","embeddable":true,"href":"https:\/\/vinilozona.lt\/en\/wp-json\/wp\/v2\/product_cat?post=26141"},{"taxonomy":"product_tag","embeddable":true,"href":"https:\/\/vinilozona.lt\/en\/wp-json\/wp\/v2\/product_tag?post=26141"}],"curies":[{"name":"wp","href":"https:\/\/api.w.org\/{rel}","templated":true}]}}