{"id":26139,"date":"2024-07-23T12:08:50","date_gmt":"2024-07-23T09:08:50","guid":{"rendered":"https:\/\/vinilozona.lt\/?post_type=product&#038;p=26139"},"modified":"2024-10-23T12:11:59","modified_gmt":"2024-10-23T09:11:59","slug":"prazske-smycce-prazske-smycce","status":"publish","type":"product","link":"https:\/\/vinilozona.lt\/en\/parduotuve\/jazz\/prazske-smycce-prazske-smycce\/","title":{"rendered":"Pra\u017esk\u00e9 Smy\u010dce \u2013 Pra\u017esk\u00e9 Smy\u010dce"},"content":{"rendered":"<p>A1\t\tTornero<br \/>\nA2\t\tRio De Janeiro<br \/>\nA3\t\tLoud\u00e1m Se, Loud\u00e1m<br \/>\nA4\t\tDej Mi Z Dlan\u00ed P\u00edt<br \/>\nA5\t\tTen Chl\u00e9b Je Tv\u016fj I M\u016fj<br \/>\nA6\t\tTam, Kde \u0160um\u00ed Proud<br \/>\nB1\t\tEl Condor Pasa<br \/>\nB2\t\tAsi, Asi (Honey, Honey)<br \/>\nB3\t\tZ\u00edtra Se Tv\u00e1 Lo\u010f Objev\u00ed<br \/>\nB4\t\tZvonky<br \/>\nB5\t\tJ\u00e1 M\u00e1m P\u00e1r T\u00f3n\u016f<br \/>\nB6\t\tV\u010dera (Slib Mi Dej) [Yesterday]","protected":false},"excerpt":{"rendered":"<p>Supraphon \u2013 1 13 2016<br \/>\nFormat:<br \/>\nVinyl, LP, Album<br \/>\nCountry: Czechoslovakia<br \/>\nReleased: 1976<br \/>\nGenre: Jazz, Pop<br \/>\nStyle: Jazz-Funk, Easy Listening<\/p>","protected":false},"featured_media":26140,"template":"","meta":[],"product_cat":[20,21],"product_tag":[44],"yoast_head":"<!-- This site is optimized with the Yoast SEO plugin v23.5 - https:\/\/yoast.com\/wordpress\/plugins\/seo\/ -->\n<title>Pra\u017esk\u00e9 Smy\u010dce \u2013 Pra\u017esk\u00e9 Smy\u010dce Vinilin\u0117 Plok\u0161tel\u0117 | Vinilozona.lt<\/title>\n<meta name=\"robots\" content=\"index, follow, max-snippet:-1, max-image-preview:large, max-video-preview:-1\" \/>\n<link rel=\"canonical\" href=\"https:\/\/vinilozona.lt\/en\/parduotuve\/jazz\/prazske-smycce-prazske-smycce\/\" \/>\n<meta property=\"og:locale\" content=\"en_GB\" \/>\n<meta property=\"og:type\" content=\"article\" \/>\n<meta property=\"og:title\" content=\"Pra\u017esk\u00e9 Smy\u010dce \u2013 Pra\u017esk\u00e9 Smy\u010dce Vinilin\u0117 Plok\u0161tel\u0117 | Vinilozona.lt\" \/>\n<meta property=\"og:description\" content=\"Supraphon \u2013 1 13 2016 Format: Vinyl, LP, Album Country: Czechoslovakia Released: 1976 Genre: Jazz, Pop Style: Jazz-Funk, Easy Listening\" \/>\n<meta property=\"og:url\" content=\"https:\/\/vinilozona.lt\/en\/parduotuve\/jazz\/prazske-smycce-prazske-smycce\/\" \/>\n<meta property=\"og:site_name\" content=\"Vinilo Zona\" \/>\n<meta property=\"article:modified_time\" content=\"2024-10-23T09:11:59+00:00\" \/>\n<meta property=\"og:image\" content=\"https:\/\/vinilozona.lt\/wp-content\/uploads\/2024\/10\/R-7480230-1464111301-3043.jpg\" \/>\n\t<meta property=\"og:image:width\" content=\"600\" \/>\n\t<meta property=\"og:image:height\" content=\"600\" \/>\n\t<meta property=\"og:image:type\" content=\"image\/jpeg\" \/>\n<meta name=\"twitter:card\" content=\"summary_large_image\" \/>\n<meta name=\"twitter:label1\" content=\"Estimated reading time\" \/>\n\t<meta name=\"twitter:data1\" content=\"1 minute\" \/>\n<script type=\"application\/ld+json\" class=\"yoast-schema-graph\">{\"@context\":\"https:\/\/schema.org\",\"@graph\":[{\"@type\":\"WebPage\",\"@id\":\"https:\/\/vinilozona.lt\/parduotuve\/jazz\/prazske-smycce-prazske-smycce\/\",\"url\":\"https:\/\/vinilozona.lt\/parduotuve\/jazz\/prazske-smycce-prazske-smycce\/\",\"name\":\"Pra\u017esk\u00e9 Smy\u010dce \u2013 Pra\u017esk\u00e9 Smy\u010dce Vinilin\u0117 Plok\u0161tel\u0117 | Vinilozona.lt\",\"isPartOf\":{\"@id\":\"https:\/\/vinilozona.lt\/#website\"},\"primaryImageOfPage\":{\"@id\":\"https:\/\/vinilozona.lt\/parduotuve\/jazz\/prazske-smycce-prazske-smycce\/#primaryimage\"},\"image\":{\"@id\":\"https:\/\/vinilozona.lt\/parduotuve\/jazz\/prazske-smycce-prazske-smycce\/#primaryimage\"},\"thumbnailUrl\":\"https:\/\/vinilozona.lt\/wp-content\/uploads\/2024\/10\/R-7480230-1464111301-3043.jpg\",\"datePublished\":\"2024-07-23T09:08:50+00:00\",\"dateModified\":\"2024-10-23T09:11:59+00:00\",\"breadcrumb\":{\"@id\":\"https:\/\/vinilozona.lt\/parduotuve\/jazz\/prazske-smycce-prazske-smycce\/#breadcrumb\"},\"inLanguage\":\"en-GB\",\"potentialAction\":[{\"@type\":\"ReadAction\",\"target\":[\"https:\/\/vinilozona.lt\/parduotuve\/jazz\/prazske-smycce-prazske-smycce\/\"]}]},{\"@type\":\"ImageObject\",\"inLanguage\":\"en-GB\",\"@id\":\"https:\/\/vinilozona.lt\/parduotuve\/jazz\/prazske-smycce-prazske-smycce\/#primaryimage\",\"url\":\"https:\/\/vinilozona.lt\/wp-content\/uploads\/2024\/10\/R-7480230-1464111301-3043.jpg\",\"contentUrl\":\"https:\/\/vinilozona.lt\/wp-content\/uploads\/2024\/10\/R-7480230-1464111301-3043.jpg\",\"width\":600,\"height\":600},{\"@type\":\"BreadcrumbList\",\"@id\":\"https:\/\/vinilozona.lt\/parduotuve\/jazz\/prazske-smycce-prazske-smycce\/#breadcrumb\",\"itemListElement\":[{\"@type\":\"ListItem\",\"position\":1,\"name\":\"Home\",\"item\":\"https:\/\/vinilozona.lt\/\"},{\"@type\":\"ListItem\",\"position\":2,\"name\":\"Parduotuv\u0117\",\"item\":\"https:\/\/vinilozona.lt\/parduotuve\/\"},{\"@type\":\"ListItem\",\"position\":3,\"name\":\"Pra\u017esk\u00e9 Smy\u010dce \u2013 Pra\u017esk\u00e9 Smy\u010dce\"}]},{\"@type\":\"WebSite\",\"@id\":\"https:\/\/vinilozona.lt\/#website\",\"url\":\"https:\/\/vinilozona.lt\/\",\"name\":\"Vinilo Zona\",\"description\":\"Nup\u016bsk dulkes ir klausyk LP\",\"potentialAction\":[{\"@type\":\"SearchAction\",\"target\":{\"@type\":\"EntryPoint\",\"urlTemplate\":\"https:\/\/vinilozona.lt\/?s={search_term_string}\"},\"query-input\":{\"@type\":\"PropertyValueSpecification\",\"valueRequired\":true,\"valueName\":\"search_term_string\"}}],\"inLanguage\":\"en-GB\"}]}<\/script>\n<!-- \/ Yoast SEO plugin. -->","yoast_head_json":{"title":"Pra\u017esk\u00e9 Smy\u010dce \u2013 Pra\u017esk\u00e9 Smy\u010dce Vinilin\u0117 Plok\u0161tel\u0117 | Vinilozona.lt","robots":{"index":"index","follow":"follow","max-snippet":"max-snippet:-1","max-image-preview":"max-image-preview:large","max-video-preview":"max-video-preview:-1"},"canonical":"https:\/\/vinilozona.lt\/en\/parduotuve\/jazz\/prazske-smycce-prazske-smycce\/","og_locale":"en_GB","og_type":"article","og_title":"Pra\u017esk\u00e9 Smy\u010dce \u2013 Pra\u017esk\u00e9 Smy\u010dce Vinilin\u0117 Plok\u0161tel\u0117 | Vinilozona.lt","og_description":"Supraphon \u2013 1 13 2016 Format: Vinyl, LP, Album Country: Czechoslovakia Released: 1976 Genre: Jazz, Pop Style: Jazz-Funk, Easy Listening","og_url":"https:\/\/vinilozona.lt\/en\/parduotuve\/jazz\/prazske-smycce-prazske-smycce\/","og_site_name":"Vinilo Zona","article_modified_time":"2024-10-23T09:11:59+00:00","og_image":[{"width":600,"height":600,"url":"https:\/\/vinilozona.lt\/wp-content\/uploads\/2024\/10\/R-7480230-1464111301-3043.jpg","type":"image\/jpeg"}],"twitter_card":"summary_large_image","twitter_misc":{"Estimated reading time":"1 minute"},"schema":{"@context":"https:\/\/schema.org","@graph":[{"@type":"WebPage","@id":"https:\/\/vinilozona.lt\/parduotuve\/jazz\/prazske-smycce-prazske-smycce\/","url":"https:\/\/vinilozona.lt\/parduotuve\/jazz\/prazske-smycce-prazske-smycce\/","name":"Pra\u017esk\u00e9 Smy\u010dce \u2013 Pra\u017esk\u00e9 Smy\u010dce Vinilin\u0117 Plok\u0161tel\u0117 | Vinilozona.lt","isPartOf":{"@id":"https:\/\/vinilozona.lt\/#website"},"primaryImageOfPage":{"@id":"https:\/\/vinilozona.lt\/parduotuve\/jazz\/prazske-smycce-prazske-smycce\/#primaryimage"},"image":{"@id":"https:\/\/vinilozona.lt\/parduotuve\/jazz\/prazske-smycce-prazske-smycce\/#primaryimage"},"thumbnailUrl":"https:\/\/vinilozona.lt\/wp-content\/uploads\/2024\/10\/R-7480230-1464111301-3043.jpg","datePublished":"2024-07-23T09:08:50+00:00","dateModified":"2024-10-23T09:11:59+00:00","breadcrumb":{"@id":"https:\/\/vinilozona.lt\/parduotuve\/jazz\/prazske-smycce-prazske-smycce\/#breadcrumb"},"inLanguage":"en-GB","potentialAction":[{"@type":"ReadAction","target":["https:\/\/vinilozona.lt\/parduotuve\/jazz\/prazske-smycce-prazske-smycce\/"]}]},{"@type":"ImageObject","inLanguage":"en-GB","@id":"https:\/\/vinilozona.lt\/parduotuve\/jazz\/prazske-smycce-prazske-smycce\/#primaryimage","url":"https:\/\/vinilozona.lt\/wp-content\/uploads\/2024\/10\/R-7480230-1464111301-3043.jpg","contentUrl":"https:\/\/vinilozona.lt\/wp-content\/uploads\/2024\/10\/R-7480230-1464111301-3043.jpg","width":600,"height":600},{"@type":"BreadcrumbList","@id":"https:\/\/vinilozona.lt\/parduotuve\/jazz\/prazske-smycce-prazske-smycce\/#breadcrumb","itemListElement":[{"@type":"ListItem","position":1,"name":"Home","item":"https:\/\/vinilozona.lt\/"},{"@type":"ListItem","position":2,"name":"Parduotuv\u0117","item":"https:\/\/vinilozona.lt\/parduotuve\/"},{"@type":"ListItem","position":3,"name":"Pra\u017esk\u00e9 Smy\u010dce \u2013 Pra\u017esk\u00e9 Smy\u010dce"}]},{"@type":"WebSite","@id":"https:\/\/vinilozona.lt\/#website","url":"https:\/\/vinilozona.lt\/","name":"Vinilo Zona","description":"Nup\u016bsk dulkes ir klausyk LP","potentialAction":[{"@type":"SearchAction","target":{"@type":"EntryPoint","urlTemplate":"https:\/\/vinilozona.lt\/?s={search_term_string}"},"query-input":{"@type":"PropertyValueSpecification","valueRequired":true,"valueName":"search_term_string"}}],"inLanguage":"en-GB"}]}},"_links":{"self":[{"href":"https:\/\/vinilozona.lt\/en\/wp-json\/wp\/v2\/product\/26139"}],"collection":[{"href":"https:\/\/vinilozona.lt\/en\/wp-json\/wp\/v2\/product"}],"about":[{"href":"https:\/\/vinilozona.lt\/en\/wp-json\/wp\/v2\/types\/product"}],"wp:featuredmedia":[{"embeddable":true,"href":"https:\/\/vinilozona.lt\/en\/wp-json\/wp\/v2\/media\/26140"}],"wp:attachment":[{"href":"https:\/\/vinilozona.lt\/en\/wp-json\/wp\/v2\/media?parent=26139"}],"wp:term":[{"taxonomy":"product_cat","embeddable":true,"href":"https:\/\/vinilozona.lt\/en\/wp-json\/wp\/v2\/product_cat?post=26139"},{"taxonomy":"product_tag","embeddable":true,"href":"https:\/\/vinilozona.lt\/en\/wp-json\/wp\/v2\/product_tag?post=26139"}],"curies":[{"name":"wp","href":"https:\/\/api.w.org\/{rel}","templated":true}]}}