{"id":26135,"date":"2026-03-03T05:22:30","date_gmt":"2026-03-03T03:22:30","guid":{"rendered":"https:\/\/vinilozona.lt\/?post_type=product&#038;p=26135"},"modified":"2026-03-03T10:05:09","modified_gmt":"2026-03-03T08:05:09","slug":"dzeims-daltons-rigas-doma-lielas-ergeles","status":"publish","type":"product","link":"https:\/\/vinilozona.lt\/en\/parduotuve\/classic\/dzeims-daltons-rigas-doma-lielas-ergeles\/","title":{"rendered":"D\u017eeims Daltons \u2013 R\u012bgas Doma Liel\u0101s \u0112r\u0123eles"},"content":{"rendered":"<p>A1\tV. Blaismens*\u2013\tEterne. Rerum. Conditor \u00b7 Eterne. Rerum. Conditor \u00b7 Eterne. Rerum. Conditor<br \/>\nA2\tD\u017e. Buls*\u2013\tPrel\u016bdija Un Kor\u0101ls Sol \u00b7 \u041f\u0440\u0435\u043b\u044e\u0434\u0438\u044f \u0418 \u0425\u043e\u0440\u0430\u043b \u0421\u043e\u043b\u044c \u041c\u0438\u043d\u043e\u0440 \u00b7 Prelude And Chorale In G Minor<br \/>\nA3\tH. Persels*\u2013\tSens Psalms La \u00b7 \u0421\u0442\u0430\u0440\u0438\u043d\u043d\u044b\u0439 \u041f\u0441\u0430\u043b\u043e\u043c \u041b\u044f \u041c\u0430\u0436\u043e\u0440 \u00b7 Old Psalm In A Major<br \/>\nA4\tP. Krenden-Vaits*\u2013\tT\u0113ma Un Vari\u0101cijas \u00b7 \u0422\u0435\u043c\u0430 \u0418 \u0412\u0430\u0440\u0438\u0430\u0446\u0438\u0438 \u041b\u044f \u041c\u0438\u043d\u043e\u0440 \u00b7 Theme And Variations<br \/>\nB1\tJ. S. Bahs*\u2013\tFant\u0101zija Un F\u016bga Do \u00b7 \u0424\u0430\u043d\u0442\u0430\u0437\u0438\u044f \u0418 \u0424\u0443\u0433\u0430 \u0414\u043e \u041c\u0438\u043d\u043e\u0440 \u00b7 Fantasia And Fugue In C Minor<br \/>\nB2\tJ. S. Bahs*\u2013\tKor\u0101\u013cu Prel\u016bdija Sol \u00b7 \u0425\u043e\u0440\u0430\u043b\u044c\u043d\u0430\u044f \u041f\u0440\u0435\u043b\u044e\u0434\u0438\u044f \u0421\u043e\u043b\u044c \u041c\u0438\u043d\u043e\u0440 \u00b7 Chorale Prelude In G Minor<br \/>\nB3\tJ. S. Bahs*\u2013\tFant\u0101zija Sol \u00b7 \u0424\u0430\u043d\u0442\u0430\u0437\u0438\u044f \u0421\u043e\u043b\u044c \u041c\u0430\u0436\u043e\u0440 \u00b7 Fantasia In G Major<\/p>","protected":false},"excerpt":{"rendered":"<p>\u041c\u0435\u043b\u043e\u0434\u0438\u044f \u2013 \u0421\u041c 03277-8, \u041c\u0435\u043b\u043e\u0434\u0438\u044f \u2013 \u0421\u041c-03277-8<br \/>\nSeries:<br \/>\nR\u012bgas Doma Liel\u0101s \u0112r\u0123eles<br \/>\nFormat:<br \/>\nVinyl, LP, Reissue<br \/>\nCountry:  USSR<br \/>\nReleased:  1981<\/p>","protected":false},"featured_media":26136,"template":"","meta":[],"product_cat":[22],"product_tag":[44],"yoast_head":"<!-- This site is optimized with the Yoast SEO plugin v23.5 - https:\/\/yoast.com\/wordpress\/plugins\/seo\/ -->\n<title>D\u017eeims Daltons \u2013 R\u012bgas Doma Liel\u0101s \u0112r\u0123eles Vinilin\u0117 Plok\u0161tel\u0117 | Vinilozona.lt<\/title>\n<meta name=\"robots\" content=\"index, follow, max-snippet:-1, max-image-preview:large, max-video-preview:-1\" \/>\n<link rel=\"canonical\" href=\"https:\/\/vinilozona.lt\/en\/parduotuve\/classic\/dzeims-daltons-rigas-doma-lielas-ergeles\/\" \/>\n<meta property=\"og:locale\" content=\"en_GB\" \/>\n<meta property=\"og:type\" content=\"article\" \/>\n<meta property=\"og:title\" content=\"D\u017eeims Daltons \u2013 R\u012bgas Doma Liel\u0101s \u0112r\u0123eles Vinilin\u0117 Plok\u0161tel\u0117 | Vinilozona.lt\" \/>\n<meta property=\"og:description\" content=\"\u041c\u0435\u043b\u043e\u0434\u0438\u044f \u2013 \u0421\u041c 03277-8, \u041c\u0435\u043b\u043e\u0434\u0438\u044f \u2013 \u0421\u041c-03277-8 Series: R\u012bgas Doma Liel\u0101s \u0112r\u0123eles Format: Vinyl, LP, Reissue Country: USSR Released: 1981\" \/>\n<meta property=\"og:url\" content=\"https:\/\/vinilozona.lt\/en\/parduotuve\/classic\/dzeims-daltons-rigas-doma-lielas-ergeles\/\" \/>\n<meta property=\"og:site_name\" content=\"Vinilo Zona\" \/>\n<meta property=\"article:modified_time\" content=\"2026-03-03T08:05:09+00:00\" \/>\n<meta property=\"og:image\" content=\"https:\/\/vinilozona.lt\/wp-content\/uploads\/2024\/10\/R-4997610-1381771479-9277.jpg\" \/>\n\t<meta property=\"og:image:width\" content=\"597\" \/>\n\t<meta property=\"og:image:height\" content=\"600\" \/>\n\t<meta property=\"og:image:type\" content=\"image\/jpeg\" \/>\n<meta name=\"twitter:card\" content=\"summary_large_image\" \/>\n<meta name=\"twitter:label1\" content=\"Estimated reading time\" \/>\n\t<meta name=\"twitter:data1\" content=\"1 minute\" \/>\n<script type=\"application\/ld+json\" class=\"yoast-schema-graph\">{\"@context\":\"https:\/\/schema.org\",\"@graph\":[{\"@type\":\"WebPage\",\"@id\":\"https:\/\/vinilozona.lt\/parduotuve\/classic\/dzeims-daltons-rigas-doma-lielas-ergeles\/\",\"url\":\"https:\/\/vinilozona.lt\/parduotuve\/classic\/dzeims-daltons-rigas-doma-lielas-ergeles\/\",\"name\":\"D\u017eeims Daltons \u2013 R\u012bgas Doma Liel\u0101s \u0112r\u0123eles Vinilin\u0117 Plok\u0161tel\u0117 | Vinilozona.lt\",\"isPartOf\":{\"@id\":\"https:\/\/vinilozona.lt\/#website\"},\"primaryImageOfPage\":{\"@id\":\"https:\/\/vinilozona.lt\/parduotuve\/classic\/dzeims-daltons-rigas-doma-lielas-ergeles\/#primaryimage\"},\"image\":{\"@id\":\"https:\/\/vinilozona.lt\/parduotuve\/classic\/dzeims-daltons-rigas-doma-lielas-ergeles\/#primaryimage\"},\"thumbnailUrl\":\"https:\/\/vinilozona.lt\/wp-content\/uploads\/2024\/10\/R-4997610-1381771479-9277.jpg\",\"datePublished\":\"2026-03-03T03:22:30+00:00\",\"dateModified\":\"2026-03-03T08:05:09+00:00\",\"breadcrumb\":{\"@id\":\"https:\/\/vinilozona.lt\/parduotuve\/classic\/dzeims-daltons-rigas-doma-lielas-ergeles\/#breadcrumb\"},\"inLanguage\":\"en-GB\",\"potentialAction\":[{\"@type\":\"ReadAction\",\"target\":[\"https:\/\/vinilozona.lt\/parduotuve\/classic\/dzeims-daltons-rigas-doma-lielas-ergeles\/\"]}]},{\"@type\":\"ImageObject\",\"inLanguage\":\"en-GB\",\"@id\":\"https:\/\/vinilozona.lt\/parduotuve\/classic\/dzeims-daltons-rigas-doma-lielas-ergeles\/#primaryimage\",\"url\":\"https:\/\/vinilozona.lt\/wp-content\/uploads\/2024\/10\/R-4997610-1381771479-9277.jpg\",\"contentUrl\":\"https:\/\/vinilozona.lt\/wp-content\/uploads\/2024\/10\/R-4997610-1381771479-9277.jpg\",\"width\":597,\"height\":600},{\"@type\":\"BreadcrumbList\",\"@id\":\"https:\/\/vinilozona.lt\/parduotuve\/classic\/dzeims-daltons-rigas-doma-lielas-ergeles\/#breadcrumb\",\"itemListElement\":[{\"@type\":\"ListItem\",\"position\":1,\"name\":\"Home\",\"item\":\"https:\/\/vinilozona.lt\/\"},{\"@type\":\"ListItem\",\"position\":2,\"name\":\"Parduotuv\u0117\",\"item\":\"https:\/\/vinilozona.lt\/parduotuve\/\"},{\"@type\":\"ListItem\",\"position\":3,\"name\":\"D\u017eeims Daltons \u2013 R\u012bgas Doma Liel\u0101s \u0112r\u0123eles\"}]},{\"@type\":\"WebSite\",\"@id\":\"https:\/\/vinilozona.lt\/#website\",\"url\":\"https:\/\/vinilozona.lt\/\",\"name\":\"Vinilo Zona\",\"description\":\"Nup\u016bsk dulkes ir klausyk LP\",\"potentialAction\":[{\"@type\":\"SearchAction\",\"target\":{\"@type\":\"EntryPoint\",\"urlTemplate\":\"https:\/\/vinilozona.lt\/?s={search_term_string}\"},\"query-input\":{\"@type\":\"PropertyValueSpecification\",\"valueRequired\":true,\"valueName\":\"search_term_string\"}}],\"inLanguage\":\"en-GB\"}]}<\/script>\n<!-- \/ Yoast SEO plugin. -->","yoast_head_json":{"title":"D\u017eeims Daltons \u2013 R\u012bgas Doma Liel\u0101s \u0112r\u0123eles Vinilin\u0117 Plok\u0161tel\u0117 | Vinilozona.lt","robots":{"index":"index","follow":"follow","max-snippet":"max-snippet:-1","max-image-preview":"max-image-preview:large","max-video-preview":"max-video-preview:-1"},"canonical":"https:\/\/vinilozona.lt\/en\/parduotuve\/classic\/dzeims-daltons-rigas-doma-lielas-ergeles\/","og_locale":"en_GB","og_type":"article","og_title":"D\u017eeims Daltons \u2013 R\u012bgas Doma Liel\u0101s \u0112r\u0123eles Vinilin\u0117 Plok\u0161tel\u0117 | Vinilozona.lt","og_description":"\u041c\u0435\u043b\u043e\u0434\u0438\u044f \u2013 \u0421\u041c 03277-8, \u041c\u0435\u043b\u043e\u0434\u0438\u044f \u2013 \u0421\u041c-03277-8 Series: R\u012bgas Doma Liel\u0101s \u0112r\u0123eles Format: Vinyl, LP, Reissue Country: USSR Released: 1981","og_url":"https:\/\/vinilozona.lt\/en\/parduotuve\/classic\/dzeims-daltons-rigas-doma-lielas-ergeles\/","og_site_name":"Vinilo Zona","article_modified_time":"2026-03-03T08:05:09+00:00","og_image":[{"width":597,"height":600,"url":"https:\/\/vinilozona.lt\/wp-content\/uploads\/2024\/10\/R-4997610-1381771479-9277.jpg","type":"image\/jpeg"}],"twitter_card":"summary_large_image","twitter_misc":{"Estimated reading time":"1 minute"},"schema":{"@context":"https:\/\/schema.org","@graph":[{"@type":"WebPage","@id":"https:\/\/vinilozona.lt\/parduotuve\/classic\/dzeims-daltons-rigas-doma-lielas-ergeles\/","url":"https:\/\/vinilozona.lt\/parduotuve\/classic\/dzeims-daltons-rigas-doma-lielas-ergeles\/","name":"D\u017eeims Daltons \u2013 R\u012bgas Doma Liel\u0101s \u0112r\u0123eles Vinilin\u0117 Plok\u0161tel\u0117 | Vinilozona.lt","isPartOf":{"@id":"https:\/\/vinilozona.lt\/#website"},"primaryImageOfPage":{"@id":"https:\/\/vinilozona.lt\/parduotuve\/classic\/dzeims-daltons-rigas-doma-lielas-ergeles\/#primaryimage"},"image":{"@id":"https:\/\/vinilozona.lt\/parduotuve\/classic\/dzeims-daltons-rigas-doma-lielas-ergeles\/#primaryimage"},"thumbnailUrl":"https:\/\/vinilozona.lt\/wp-content\/uploads\/2024\/10\/R-4997610-1381771479-9277.jpg","datePublished":"2026-03-03T03:22:30+00:00","dateModified":"2026-03-03T08:05:09+00:00","breadcrumb":{"@id":"https:\/\/vinilozona.lt\/parduotuve\/classic\/dzeims-daltons-rigas-doma-lielas-ergeles\/#breadcrumb"},"inLanguage":"en-GB","potentialAction":[{"@type":"ReadAction","target":["https:\/\/vinilozona.lt\/parduotuve\/classic\/dzeims-daltons-rigas-doma-lielas-ergeles\/"]}]},{"@type":"ImageObject","inLanguage":"en-GB","@id":"https:\/\/vinilozona.lt\/parduotuve\/classic\/dzeims-daltons-rigas-doma-lielas-ergeles\/#primaryimage","url":"https:\/\/vinilozona.lt\/wp-content\/uploads\/2024\/10\/R-4997610-1381771479-9277.jpg","contentUrl":"https:\/\/vinilozona.lt\/wp-content\/uploads\/2024\/10\/R-4997610-1381771479-9277.jpg","width":597,"height":600},{"@type":"BreadcrumbList","@id":"https:\/\/vinilozona.lt\/parduotuve\/classic\/dzeims-daltons-rigas-doma-lielas-ergeles\/#breadcrumb","itemListElement":[{"@type":"ListItem","position":1,"name":"Home","item":"https:\/\/vinilozona.lt\/"},{"@type":"ListItem","position":2,"name":"Parduotuv\u0117","item":"https:\/\/vinilozona.lt\/parduotuve\/"},{"@type":"ListItem","position":3,"name":"D\u017eeims Daltons \u2013 R\u012bgas Doma Liel\u0101s \u0112r\u0123eles"}]},{"@type":"WebSite","@id":"https:\/\/vinilozona.lt\/#website","url":"https:\/\/vinilozona.lt\/","name":"Vinilo Zona","description":"Nup\u016bsk dulkes ir klausyk LP","potentialAction":[{"@type":"SearchAction","target":{"@type":"EntryPoint","urlTemplate":"https:\/\/vinilozona.lt\/?s={search_term_string}"},"query-input":{"@type":"PropertyValueSpecification","valueRequired":true,"valueName":"search_term_string"}}],"inLanguage":"en-GB"}]}},"_links":{"self":[{"href":"https:\/\/vinilozona.lt\/en\/wp-json\/wp\/v2\/product\/26135"}],"collection":[{"href":"https:\/\/vinilozona.lt\/en\/wp-json\/wp\/v2\/product"}],"about":[{"href":"https:\/\/vinilozona.lt\/en\/wp-json\/wp\/v2\/types\/product"}],"wp:featuredmedia":[{"embeddable":true,"href":"https:\/\/vinilozona.lt\/en\/wp-json\/wp\/v2\/media\/26136"}],"wp:attachment":[{"href":"https:\/\/vinilozona.lt\/en\/wp-json\/wp\/v2\/media?parent=26135"}],"wp:term":[{"taxonomy":"product_cat","embeddable":true,"href":"https:\/\/vinilozona.lt\/en\/wp-json\/wp\/v2\/product_cat?post=26135"},{"taxonomy":"product_tag","embeddable":true,"href":"https:\/\/vinilozona.lt\/en\/wp-json\/wp\/v2\/product_tag?post=26135"}],"curies":[{"name":"wp","href":"https:\/\/api.w.org\/{rel}","templated":true}]}}