{"id":26129,"date":"2024-10-23T05:09:59","date_gmt":"2024-10-23T02:09:59","guid":{"rendered":"https:\/\/vinilozona.lt\/?post_type=product&#038;p=26129"},"modified":"2025-12-17T18:03:12","modified_gmt":"2025-12-17T16:03:12","slug":"george-michael-ladies-gentlemen-the-best-of-george-michael-cd","status":"publish","type":"product","link":"https:\/\/vinilozona.lt\/en\/parduotuve\/cd\/naudoti-cd\/george-michael-ladies-gentlemen-the-best-of-george-michael-cd\/","title":{"rendered":"George Michael \u2013 Ladies &#038; Gentlemen (The Best Of George Michael)  CD"},"content":{"rendered":"<p>For The Heart<br \/>\n1-1\tGeorge Michael\u2013\tJesus To A Child\t6:51<br \/>\n1-2\tGeorge Michael\u2013\tFather Figure\t5:41<br \/>\n1-3\tGeorge Michael\u2013\tCareless Whisper  5:00<br \/>\n1-4\tGeorge Michael With Elton John\u2013\tDon&#8217;t Let The Sun Go Down On Me  5:48<br \/>\n1-5\tGeorge Michael\u2013\tYou Have Been Loved  5:29<br \/>\n1-6\tGeorge Michael\u2013\tKissing A Fool\t4:35<br \/>\n1-7\tGeorge Michael\u2013\tI Can&#8217;t Make You Love Me  5:21<br \/>\n1-8\tGeorge Michael\u2013\tHeal The Pain\t4:47<br \/>\n1-9\tGeorge Michael\u2013\tA Moment With You\t5:42<br \/>\n1-10\tGeorge Michael With Astrud Gilberto\u2013\tDesafinado  3:20<br \/>\n1-11\tGeorge Michael\u2013\tCowboys And Angels\t7:14<br \/>\n1-12\tGeorge Michael\u2013\tPraying For Time\t4:44<br \/>\n1-13\tGeorge Michael\u2013\tOne More Try\t5:53<br \/>\n1-14\tGeorge Michael\u2013\tA Different Corner\t4:04<br \/>\nFor The Feet<br \/>\n2-1\tGeorge Michael\u2013\tOutside  4:45<br \/>\n2-2\tGeorge Michael With Mary J. Blige\u2013\tAs  4:46<br \/>\n2-3\tGeorge Michael\u2013\tFastlove  5:30<br \/>\n2-4\tGeorge Michael\u2013\tToo Funky\t3:44<br \/>\n2-5\tGeorge Michael\u2013\tFreedom 90\t6:28<br \/>\n2-6\tGeorge Michael\u2013\tStar People 97\t5:38<br \/>\n2-7\tGeorge Michael\u2013\tKiller \/ Papa Was A Rollin&#8217; Stone  4:16<br \/>\n2-8\tGeorge Michael\u2013\tI Want Your Sex (Part II)\t4:37<br \/>\n2-9\tGeorge Michael\u2013\tThe Strangest Thing 97\t4:41<br \/>\n2-10\tGeorge Michael\u2013\tFantasy\t5:01<br \/>\n2-11\tGeorge Michael\u2013\tSpinning The Wheel  6:09<br \/>\n2-12\tGeorge Michael\u2013\tWaiting For That Day  4:50<br \/>\n2-13\tGeorge Michael With Aretha Franklin\u2013\tI Knew You Were Waiting (For Me)  3:58<br \/>\n2-14\tGeorge Michael\u2013\tFaith\t3:15<br \/>\n2-15\tGeorge Michael With Queen\u2013\tSomebody To Love 5:25<\/p>","protected":false},"excerpt":{"rendered":"<p>Epic \u2013 491705 2<br \/>\nFormat:<br \/>\n2 x CD, Compilation, Stereo<br \/>\nCountry:  Europe<br \/>\nReleased:  Nov 9, 1998<\/p>","protected":false},"featured_media":26130,"template":"","meta":[],"product_cat":[24,946],"product_tag":[44],"yoast_head":"<!-- This site is optimized with the Yoast SEO plugin v23.5 - https:\/\/yoast.com\/wordpress\/plugins\/seo\/ -->\n<title>George Michael \u2013 Ladies &amp; Gentlemen (The Best Of George Michael) CD Vinilin\u0117 Plok\u0161tel\u0117 | Vinilozona.lt<\/title>\n<meta name=\"robots\" content=\"index, follow, max-snippet:-1, max-image-preview:large, max-video-preview:-1\" \/>\n<link rel=\"canonical\" href=\"https:\/\/vinilozona.lt\/en\/parduotuve\/cd\/naudoti-cd\/george-michael-ladies-gentlemen-the-best-of-george-michael-cd\/\" \/>\n<meta property=\"og:locale\" content=\"en_GB\" \/>\n<meta property=\"og:type\" content=\"article\" \/>\n<meta property=\"og:title\" content=\"George Michael \u2013 Ladies &amp; Gentlemen (The Best Of George Michael) CD Vinilin\u0117 Plok\u0161tel\u0117 | Vinilozona.lt\" \/>\n<meta property=\"og:description\" content=\"Epic \u2013 491705 2 Format: 2 x CD, Compilation, Stereo Country: Europe Released: Nov 9, 1998\" \/>\n<meta property=\"og:url\" content=\"https:\/\/vinilozona.lt\/en\/parduotuve\/cd\/naudoti-cd\/george-michael-ladies-gentlemen-the-best-of-george-michael-cd\/\" \/>\n<meta property=\"og:site_name\" content=\"Vinilo Zona\" \/>\n<meta property=\"article:modified_time\" content=\"2025-12-17T16:03:12+00:00\" \/>\n<meta property=\"og:image\" content=\"https:\/\/vinilozona.lt\/wp-content\/uploads\/2024\/10\/R-17536282-1614009195-8485.jpg\" \/>\n\t<meta property=\"og:image:width\" content=\"600\" \/>\n\t<meta property=\"og:image:height\" content=\"468\" \/>\n\t<meta property=\"og:image:type\" content=\"image\/jpeg\" \/>\n<meta name=\"twitter:card\" content=\"summary_large_image\" \/>\n<meta name=\"twitter:label1\" content=\"Estimated reading time\" \/>\n\t<meta name=\"twitter:data1\" content=\"2 minutes\" \/>\n<script type=\"application\/ld+json\" class=\"yoast-schema-graph\">{\"@context\":\"https:\/\/schema.org\",\"@graph\":[{\"@type\":\"WebPage\",\"@id\":\"https:\/\/vinilozona.lt\/parduotuve\/cd\/naudoti-cd\/george-michael-ladies-gentlemen-the-best-of-george-michael-cd\/\",\"url\":\"https:\/\/vinilozona.lt\/parduotuve\/cd\/naudoti-cd\/george-michael-ladies-gentlemen-the-best-of-george-michael-cd\/\",\"name\":\"George Michael \u2013 Ladies & Gentlemen (The Best Of George Michael) CD Vinilin\u0117 Plok\u0161tel\u0117 | Vinilozona.lt\",\"isPartOf\":{\"@id\":\"https:\/\/vinilozona.lt\/#website\"},\"primaryImageOfPage\":{\"@id\":\"https:\/\/vinilozona.lt\/parduotuve\/cd\/naudoti-cd\/george-michael-ladies-gentlemen-the-best-of-george-michael-cd\/#primaryimage\"},\"image\":{\"@id\":\"https:\/\/vinilozona.lt\/parduotuve\/cd\/naudoti-cd\/george-michael-ladies-gentlemen-the-best-of-george-michael-cd\/#primaryimage\"},\"thumbnailUrl\":\"https:\/\/vinilozona.lt\/wp-content\/uploads\/2024\/10\/R-17536282-1614009195-8485.jpg\",\"datePublished\":\"2024-10-23T02:09:59+00:00\",\"dateModified\":\"2025-12-17T16:03:12+00:00\",\"breadcrumb\":{\"@id\":\"https:\/\/vinilozona.lt\/parduotuve\/cd\/naudoti-cd\/george-michael-ladies-gentlemen-the-best-of-george-michael-cd\/#breadcrumb\"},\"inLanguage\":\"en-GB\",\"potentialAction\":[{\"@type\":\"ReadAction\",\"target\":[\"https:\/\/vinilozona.lt\/parduotuve\/cd\/naudoti-cd\/george-michael-ladies-gentlemen-the-best-of-george-michael-cd\/\"]}]},{\"@type\":\"ImageObject\",\"inLanguage\":\"en-GB\",\"@id\":\"https:\/\/vinilozona.lt\/parduotuve\/cd\/naudoti-cd\/george-michael-ladies-gentlemen-the-best-of-george-michael-cd\/#primaryimage\",\"url\":\"https:\/\/vinilozona.lt\/wp-content\/uploads\/2024\/10\/R-17536282-1614009195-8485.jpg\",\"contentUrl\":\"https:\/\/vinilozona.lt\/wp-content\/uploads\/2024\/10\/R-17536282-1614009195-8485.jpg\",\"width\":600,\"height\":468},{\"@type\":\"BreadcrumbList\",\"@id\":\"https:\/\/vinilozona.lt\/parduotuve\/cd\/naudoti-cd\/george-michael-ladies-gentlemen-the-best-of-george-michael-cd\/#breadcrumb\",\"itemListElement\":[{\"@type\":\"ListItem\",\"position\":1,\"name\":\"Home\",\"item\":\"https:\/\/vinilozona.lt\/\"},{\"@type\":\"ListItem\",\"position\":2,\"name\":\"Parduotuv\u0117\",\"item\":\"https:\/\/vinilozona.lt\/parduotuve\/\"},{\"@type\":\"ListItem\",\"position\":3,\"name\":\"George Michael \u2013 Ladies &#038; Gentlemen (The Best Of George Michael) CD\"}]},{\"@type\":\"WebSite\",\"@id\":\"https:\/\/vinilozona.lt\/#website\",\"url\":\"https:\/\/vinilozona.lt\/\",\"name\":\"Vinilo Zona\",\"description\":\"Nup\u016bsk dulkes ir klausyk LP\",\"potentialAction\":[{\"@type\":\"SearchAction\",\"target\":{\"@type\":\"EntryPoint\",\"urlTemplate\":\"https:\/\/vinilozona.lt\/?s={search_term_string}\"},\"query-input\":{\"@type\":\"PropertyValueSpecification\",\"valueRequired\":true,\"valueName\":\"search_term_string\"}}],\"inLanguage\":\"en-GB\"}]}<\/script>\n<!-- \/ Yoast SEO plugin. -->","yoast_head_json":{"title":"George Michael \u2013 Ladies & Gentlemen (The Best Of George Michael) CD Vinilin\u0117 Plok\u0161tel\u0117 | Vinilozona.lt","robots":{"index":"index","follow":"follow","max-snippet":"max-snippet:-1","max-image-preview":"max-image-preview:large","max-video-preview":"max-video-preview:-1"},"canonical":"https:\/\/vinilozona.lt\/en\/parduotuve\/cd\/naudoti-cd\/george-michael-ladies-gentlemen-the-best-of-george-michael-cd\/","og_locale":"en_GB","og_type":"article","og_title":"George Michael \u2013 Ladies & Gentlemen (The Best Of George Michael) CD Vinilin\u0117 Plok\u0161tel\u0117 | Vinilozona.lt","og_description":"Epic \u2013 491705 2 Format: 2 x CD, Compilation, Stereo Country: Europe Released: Nov 9, 1998","og_url":"https:\/\/vinilozona.lt\/en\/parduotuve\/cd\/naudoti-cd\/george-michael-ladies-gentlemen-the-best-of-george-michael-cd\/","og_site_name":"Vinilo Zona","article_modified_time":"2025-12-17T16:03:12+00:00","og_image":[{"width":600,"height":468,"url":"https:\/\/vinilozona.lt\/wp-content\/uploads\/2024\/10\/R-17536282-1614009195-8485.jpg","type":"image\/jpeg"}],"twitter_card":"summary_large_image","twitter_misc":{"Estimated reading time":"2 minutes"},"schema":{"@context":"https:\/\/schema.org","@graph":[{"@type":"WebPage","@id":"https:\/\/vinilozona.lt\/parduotuve\/cd\/naudoti-cd\/george-michael-ladies-gentlemen-the-best-of-george-michael-cd\/","url":"https:\/\/vinilozona.lt\/parduotuve\/cd\/naudoti-cd\/george-michael-ladies-gentlemen-the-best-of-george-michael-cd\/","name":"George Michael \u2013 Ladies & Gentlemen (The Best Of George Michael) CD Vinilin\u0117 Plok\u0161tel\u0117 | Vinilozona.lt","isPartOf":{"@id":"https:\/\/vinilozona.lt\/#website"},"primaryImageOfPage":{"@id":"https:\/\/vinilozona.lt\/parduotuve\/cd\/naudoti-cd\/george-michael-ladies-gentlemen-the-best-of-george-michael-cd\/#primaryimage"},"image":{"@id":"https:\/\/vinilozona.lt\/parduotuve\/cd\/naudoti-cd\/george-michael-ladies-gentlemen-the-best-of-george-michael-cd\/#primaryimage"},"thumbnailUrl":"https:\/\/vinilozona.lt\/wp-content\/uploads\/2024\/10\/R-17536282-1614009195-8485.jpg","datePublished":"2024-10-23T02:09:59+00:00","dateModified":"2025-12-17T16:03:12+00:00","breadcrumb":{"@id":"https:\/\/vinilozona.lt\/parduotuve\/cd\/naudoti-cd\/george-michael-ladies-gentlemen-the-best-of-george-michael-cd\/#breadcrumb"},"inLanguage":"en-GB","potentialAction":[{"@type":"ReadAction","target":["https:\/\/vinilozona.lt\/parduotuve\/cd\/naudoti-cd\/george-michael-ladies-gentlemen-the-best-of-george-michael-cd\/"]}]},{"@type":"ImageObject","inLanguage":"en-GB","@id":"https:\/\/vinilozona.lt\/parduotuve\/cd\/naudoti-cd\/george-michael-ladies-gentlemen-the-best-of-george-michael-cd\/#primaryimage","url":"https:\/\/vinilozona.lt\/wp-content\/uploads\/2024\/10\/R-17536282-1614009195-8485.jpg","contentUrl":"https:\/\/vinilozona.lt\/wp-content\/uploads\/2024\/10\/R-17536282-1614009195-8485.jpg","width":600,"height":468},{"@type":"BreadcrumbList","@id":"https:\/\/vinilozona.lt\/parduotuve\/cd\/naudoti-cd\/george-michael-ladies-gentlemen-the-best-of-george-michael-cd\/#breadcrumb","itemListElement":[{"@type":"ListItem","position":1,"name":"Home","item":"https:\/\/vinilozona.lt\/"},{"@type":"ListItem","position":2,"name":"Parduotuv\u0117","item":"https:\/\/vinilozona.lt\/parduotuve\/"},{"@type":"ListItem","position":3,"name":"George Michael \u2013 Ladies &#038; Gentlemen (The Best Of George Michael) CD"}]},{"@type":"WebSite","@id":"https:\/\/vinilozona.lt\/#website","url":"https:\/\/vinilozona.lt\/","name":"Vinilo Zona","description":"Nup\u016bsk dulkes ir klausyk LP","potentialAction":[{"@type":"SearchAction","target":{"@type":"EntryPoint","urlTemplate":"https:\/\/vinilozona.lt\/?s={search_term_string}"},"query-input":{"@type":"PropertyValueSpecification","valueRequired":true,"valueName":"search_term_string"}}],"inLanguage":"en-GB"}]}},"_links":{"self":[{"href":"https:\/\/vinilozona.lt\/en\/wp-json\/wp\/v2\/product\/26129"}],"collection":[{"href":"https:\/\/vinilozona.lt\/en\/wp-json\/wp\/v2\/product"}],"about":[{"href":"https:\/\/vinilozona.lt\/en\/wp-json\/wp\/v2\/types\/product"}],"wp:featuredmedia":[{"embeddable":true,"href":"https:\/\/vinilozona.lt\/en\/wp-json\/wp\/v2\/media\/26130"}],"wp:attachment":[{"href":"https:\/\/vinilozona.lt\/en\/wp-json\/wp\/v2\/media?parent=26129"}],"wp:term":[{"taxonomy":"product_cat","embeddable":true,"href":"https:\/\/vinilozona.lt\/en\/wp-json\/wp\/v2\/product_cat?post=26129"},{"taxonomy":"product_tag","embeddable":true,"href":"https:\/\/vinilozona.lt\/en\/wp-json\/wp\/v2\/product_tag?post=26129"}],"curies":[{"name":"wp","href":"https:\/\/api.w.org\/{rel}","templated":true}]}}