{"id":26111,"date":"2024-10-23T05:21:10","date_gmt":"2024-10-23T02:21:10","guid":{"rendered":"https:\/\/vinilozona.lt\/?post_type=product&#038;p=26111"},"modified":"2024-10-23T12:34:41","modified_gmt":"2024-10-23T09:34:41","slug":"black-sabbath-dehumanizer-2lp","status":"publish","type":"product","link":"https:\/\/vinilozona.lt\/en\/parduotuve\/naujos-lp\/black-sabbath-dehumanizer-2lp\/","title":{"rendered":"Black Sabbath \u2013 Dehumanizer  2LP"},"content":{"rendered":"<p>Original Album 1992<br \/>\nA1\t\tComputer God\t6:10<br \/>\nA2\t\tAfter All (The Dead)\t5:37<br \/>\nA3\t\tTV Crimes\t3:58<br \/>\nA4\t\tLetters From Earth\t4:12<br \/>\nA5\t\tMaster Of Insanity\t5:54<br \/>\nB1\t\tTime Machine\t4:10<br \/>\nB2\t\tSins Of The Father\t4:43<br \/>\nB3\t\tToo Late\t6:54<br \/>\nB4\t\tI\t5:10<br \/>\nB5\t\tBuried Alive\t4:47<br \/>\nBonus Tracks<br \/>\nC1\t\tMaster Of Insanity (Single Edit)\t4:11<br \/>\nC2\t\tLetters From Earth (B-Side Version)\t4:42<br \/>\nC3\t\tTime Machine (Wayne&#8217;s World Version)\t4:21<br \/>\nLive At The Sundome, Tampa, Florida 25th July 1992<br \/>\nC4\t\tChildren Of The Sea (Live 1992)\t6:36<br \/>\nD1\t\tDie Young (Live 1992)\t2:25<br \/>\nD2\t\tTV Crimes (Live 1992)\t4:24<br \/>\nD3\t\tMaster Of Insanity (Live 1992)\t4:01<br \/>\nD4\t\tAfter All (The Dead) (Live 1992)\t3:38<br \/>\nD5\t\tNeon Knights (Live 1992)\t5:23\t<\/p>","protected":false},"excerpt":{"rendered":"<p>Rhino Records  \u2013 R1 599496, Reprise Records \u2013 603497850730<br \/>\nFormat:<br \/>\nVinyl, LP, Album<br \/>\nVinyl, LP<br \/>\nAll Media, Deluxe Edition, Reissue, Gatefold,180 Gram<br \/>\nCountry: US<br \/>\nOn Rear Jacket:<br \/>\nMade in Canada.<\/p>","protected":false},"featured_media":26112,"template":"","meta":[],"product_cat":[23],"product_tag":[44],"yoast_head":"<!-- This site is optimized with the Yoast SEO plugin v23.5 - https:\/\/yoast.com\/wordpress\/plugins\/seo\/ -->\n<title>Black Sabbath \u2013 Dehumanizer 2LP Vinilin\u0117 Plok\u0161tel\u0117 | Vinilozona.lt<\/title>\n<meta name=\"robots\" content=\"index, follow, max-snippet:-1, max-image-preview:large, max-video-preview:-1\" \/>\n<link rel=\"canonical\" href=\"https:\/\/vinilozona.lt\/en\/parduotuve\/naujos-lp\/black-sabbath-dehumanizer-2lp\/\" \/>\n<meta property=\"og:locale\" content=\"en_GB\" \/>\n<meta property=\"og:type\" content=\"article\" \/>\n<meta property=\"og:title\" content=\"Black Sabbath \u2013 Dehumanizer 2LP Vinilin\u0117 Plok\u0161tel\u0117 | Vinilozona.lt\" \/>\n<meta property=\"og:description\" content=\"Rhino Records \u2013 R1 599496, Reprise Records \u2013 603497850730 Format: Vinyl, LP, Album Vinyl, LP All Media, Deluxe Edition, Reissue, Gatefold,180 Gram Country: US On Rear Jacket: Made in Canada.\" \/>\n<meta property=\"og:url\" content=\"https:\/\/vinilozona.lt\/en\/parduotuve\/naujos-lp\/black-sabbath-dehumanizer-2lp\/\" \/>\n<meta property=\"og:site_name\" content=\"Vinilo Zona\" \/>\n<meta property=\"article:modified_time\" content=\"2024-10-23T09:34:41+00:00\" \/>\n<meta property=\"og:image\" content=\"https:\/\/vinilozona.lt\/wp-content\/uploads\/2024\/10\/R-25750243-1673580204-6595.jpg\" \/>\n\t<meta property=\"og:image:width\" content=\"600\" \/>\n\t<meta property=\"og:image:height\" content=\"593\" \/>\n\t<meta property=\"og:image:type\" content=\"image\/jpeg\" \/>\n<meta name=\"twitter:card\" content=\"summary_large_image\" \/>\n<meta name=\"twitter:label1\" content=\"Estimated reading time\" \/>\n\t<meta name=\"twitter:data1\" content=\"1 minute\" \/>\n<script type=\"application\/ld+json\" class=\"yoast-schema-graph\">{\"@context\":\"https:\/\/schema.org\",\"@graph\":[{\"@type\":\"WebPage\",\"@id\":\"https:\/\/vinilozona.lt\/parduotuve\/naujos-lp\/black-sabbath-dehumanizer-2lp\/\",\"url\":\"https:\/\/vinilozona.lt\/parduotuve\/naujos-lp\/black-sabbath-dehumanizer-2lp\/\",\"name\":\"Black Sabbath \u2013 Dehumanizer 2LP Vinilin\u0117 Plok\u0161tel\u0117 | Vinilozona.lt\",\"isPartOf\":{\"@id\":\"https:\/\/vinilozona.lt\/#website\"},\"primaryImageOfPage\":{\"@id\":\"https:\/\/vinilozona.lt\/parduotuve\/naujos-lp\/black-sabbath-dehumanizer-2lp\/#primaryimage\"},\"image\":{\"@id\":\"https:\/\/vinilozona.lt\/parduotuve\/naujos-lp\/black-sabbath-dehumanizer-2lp\/#primaryimage\"},\"thumbnailUrl\":\"https:\/\/vinilozona.lt\/wp-content\/uploads\/2024\/10\/R-25750243-1673580204-6595.jpg\",\"datePublished\":\"2024-10-23T02:21:10+00:00\",\"dateModified\":\"2024-10-23T09:34:41+00:00\",\"breadcrumb\":{\"@id\":\"https:\/\/vinilozona.lt\/parduotuve\/naujos-lp\/black-sabbath-dehumanizer-2lp\/#breadcrumb\"},\"inLanguage\":\"en-GB\",\"potentialAction\":[{\"@type\":\"ReadAction\",\"target\":[\"https:\/\/vinilozona.lt\/parduotuve\/naujos-lp\/black-sabbath-dehumanizer-2lp\/\"]}]},{\"@type\":\"ImageObject\",\"inLanguage\":\"en-GB\",\"@id\":\"https:\/\/vinilozona.lt\/parduotuve\/naujos-lp\/black-sabbath-dehumanizer-2lp\/#primaryimage\",\"url\":\"https:\/\/vinilozona.lt\/wp-content\/uploads\/2024\/10\/R-25750243-1673580204-6595.jpg\",\"contentUrl\":\"https:\/\/vinilozona.lt\/wp-content\/uploads\/2024\/10\/R-25750243-1673580204-6595.jpg\",\"width\":600,\"height\":593},{\"@type\":\"BreadcrumbList\",\"@id\":\"https:\/\/vinilozona.lt\/parduotuve\/naujos-lp\/black-sabbath-dehumanizer-2lp\/#breadcrumb\",\"itemListElement\":[{\"@type\":\"ListItem\",\"position\":1,\"name\":\"Home\",\"item\":\"https:\/\/vinilozona.lt\/\"},{\"@type\":\"ListItem\",\"position\":2,\"name\":\"Parduotuv\u0117\",\"item\":\"https:\/\/vinilozona.lt\/parduotuve\/\"},{\"@type\":\"ListItem\",\"position\":3,\"name\":\"Black Sabbath \u2013 Dehumanizer 2LP\"}]},{\"@type\":\"WebSite\",\"@id\":\"https:\/\/vinilozona.lt\/#website\",\"url\":\"https:\/\/vinilozona.lt\/\",\"name\":\"Vinilo Zona\",\"description\":\"Nup\u016bsk dulkes ir klausyk LP\",\"potentialAction\":[{\"@type\":\"SearchAction\",\"target\":{\"@type\":\"EntryPoint\",\"urlTemplate\":\"https:\/\/vinilozona.lt\/?s={search_term_string}\"},\"query-input\":{\"@type\":\"PropertyValueSpecification\",\"valueRequired\":true,\"valueName\":\"search_term_string\"}}],\"inLanguage\":\"en-GB\"}]}<\/script>\n<!-- \/ Yoast SEO plugin. -->","yoast_head_json":{"title":"Black Sabbath \u2013 Dehumanizer 2LP Vinilin\u0117 Plok\u0161tel\u0117 | Vinilozona.lt","robots":{"index":"index","follow":"follow","max-snippet":"max-snippet:-1","max-image-preview":"max-image-preview:large","max-video-preview":"max-video-preview:-1"},"canonical":"https:\/\/vinilozona.lt\/en\/parduotuve\/naujos-lp\/black-sabbath-dehumanizer-2lp\/","og_locale":"en_GB","og_type":"article","og_title":"Black Sabbath \u2013 Dehumanizer 2LP Vinilin\u0117 Plok\u0161tel\u0117 | Vinilozona.lt","og_description":"Rhino Records \u2013 R1 599496, Reprise Records \u2013 603497850730 Format: Vinyl, LP, Album Vinyl, LP All Media, Deluxe Edition, Reissue, Gatefold,180 Gram Country: US On Rear Jacket: Made in Canada.","og_url":"https:\/\/vinilozona.lt\/en\/parduotuve\/naujos-lp\/black-sabbath-dehumanizer-2lp\/","og_site_name":"Vinilo Zona","article_modified_time":"2024-10-23T09:34:41+00:00","og_image":[{"width":600,"height":593,"url":"https:\/\/vinilozona.lt\/wp-content\/uploads\/2024\/10\/R-25750243-1673580204-6595.jpg","type":"image\/jpeg"}],"twitter_card":"summary_large_image","twitter_misc":{"Estimated reading time":"1 minute"},"schema":{"@context":"https:\/\/schema.org","@graph":[{"@type":"WebPage","@id":"https:\/\/vinilozona.lt\/parduotuve\/naujos-lp\/black-sabbath-dehumanizer-2lp\/","url":"https:\/\/vinilozona.lt\/parduotuve\/naujos-lp\/black-sabbath-dehumanizer-2lp\/","name":"Black Sabbath \u2013 Dehumanizer 2LP Vinilin\u0117 Plok\u0161tel\u0117 | Vinilozona.lt","isPartOf":{"@id":"https:\/\/vinilozona.lt\/#website"},"primaryImageOfPage":{"@id":"https:\/\/vinilozona.lt\/parduotuve\/naujos-lp\/black-sabbath-dehumanizer-2lp\/#primaryimage"},"image":{"@id":"https:\/\/vinilozona.lt\/parduotuve\/naujos-lp\/black-sabbath-dehumanizer-2lp\/#primaryimage"},"thumbnailUrl":"https:\/\/vinilozona.lt\/wp-content\/uploads\/2024\/10\/R-25750243-1673580204-6595.jpg","datePublished":"2024-10-23T02:21:10+00:00","dateModified":"2024-10-23T09:34:41+00:00","breadcrumb":{"@id":"https:\/\/vinilozona.lt\/parduotuve\/naujos-lp\/black-sabbath-dehumanizer-2lp\/#breadcrumb"},"inLanguage":"en-GB","potentialAction":[{"@type":"ReadAction","target":["https:\/\/vinilozona.lt\/parduotuve\/naujos-lp\/black-sabbath-dehumanizer-2lp\/"]}]},{"@type":"ImageObject","inLanguage":"en-GB","@id":"https:\/\/vinilozona.lt\/parduotuve\/naujos-lp\/black-sabbath-dehumanizer-2lp\/#primaryimage","url":"https:\/\/vinilozona.lt\/wp-content\/uploads\/2024\/10\/R-25750243-1673580204-6595.jpg","contentUrl":"https:\/\/vinilozona.lt\/wp-content\/uploads\/2024\/10\/R-25750243-1673580204-6595.jpg","width":600,"height":593},{"@type":"BreadcrumbList","@id":"https:\/\/vinilozona.lt\/parduotuve\/naujos-lp\/black-sabbath-dehumanizer-2lp\/#breadcrumb","itemListElement":[{"@type":"ListItem","position":1,"name":"Home","item":"https:\/\/vinilozona.lt\/"},{"@type":"ListItem","position":2,"name":"Parduotuv\u0117","item":"https:\/\/vinilozona.lt\/parduotuve\/"},{"@type":"ListItem","position":3,"name":"Black Sabbath \u2013 Dehumanizer 2LP"}]},{"@type":"WebSite","@id":"https:\/\/vinilozona.lt\/#website","url":"https:\/\/vinilozona.lt\/","name":"Vinilo Zona","description":"Nup\u016bsk dulkes ir klausyk LP","potentialAction":[{"@type":"SearchAction","target":{"@type":"EntryPoint","urlTemplate":"https:\/\/vinilozona.lt\/?s={search_term_string}"},"query-input":{"@type":"PropertyValueSpecification","valueRequired":true,"valueName":"search_term_string"}}],"inLanguage":"en-GB"}]}},"_links":{"self":[{"href":"https:\/\/vinilozona.lt\/en\/wp-json\/wp\/v2\/product\/26111"}],"collection":[{"href":"https:\/\/vinilozona.lt\/en\/wp-json\/wp\/v2\/product"}],"about":[{"href":"https:\/\/vinilozona.lt\/en\/wp-json\/wp\/v2\/types\/product"}],"wp:featuredmedia":[{"embeddable":true,"href":"https:\/\/vinilozona.lt\/en\/wp-json\/wp\/v2\/media\/26112"}],"wp:attachment":[{"href":"https:\/\/vinilozona.lt\/en\/wp-json\/wp\/v2\/media?parent=26111"}],"wp:term":[{"taxonomy":"product_cat","embeddable":true,"href":"https:\/\/vinilozona.lt\/en\/wp-json\/wp\/v2\/product_cat?post=26111"},{"taxonomy":"product_tag","embeddable":true,"href":"https:\/\/vinilozona.lt\/en\/wp-json\/wp\/v2\/product_tag?post=26111"}],"curies":[{"name":"wp","href":"https:\/\/api.w.org\/{rel}","templated":true}]}}