{"id":26103,"date":"2024-10-23T05:01:47","date_gmt":"2024-10-23T02:01:47","guid":{"rendered":"https:\/\/vinilozona.lt\/?post_type=product&#038;p=26103"},"modified":"2024-11-13T20:00:39","modified_gmt":"2024-11-13T18:00:39","slug":"creedence-clearwater-revival-all-time-greatest-hits-2cd","status":"publish","type":"product","link":"https:\/\/vinilozona.lt\/en\/parduotuve\/cd\/naudoti-cd\/creedence-clearwater-revival-all-time-greatest-hits-2cd\/","title":{"rendered":"Creedence Clearwater Revival \u2013 All Time Greatest Hits   2CD"},"content":{"rendered":"<p>1-1\t\tProud Mary\t3:07<br \/>\n1-2\t\tBad Moon Rising\t2:17<br \/>\n1-3\t\tGreen River\t2:31<br \/>\n1-4\t\tBorn On The Bayou\t5:10<br \/>\n1-5\t\tSuzy Q. (Part 1)  4:36<br \/>\n1-6\t\tI Put A Spell On You  4:30<br \/>\n1-7\t\tDown On The Corner\t2:39<br \/>\n1-8\t\tLodi\t3:10<br \/>\n1-9\t\tCommotion\t2:41<br \/>\n1-10\t\tFortunate Son\t2:18<br \/>\n1-11\t\tTravelin\u00b4 Band\t2:06<br \/>\n1-12\t\tWho\u00b4ll Stop The Rain?\t2:27<br \/>\n1-13\t\tUp Around The Bend\t2:41<br \/>\n1-14\t\tRun Through The Jungle\t3:05<br \/>\n1-15\t\tLookin\u00b4 Out My Back Door\t2:31<br \/>\nThe CCR Mix\t(7:08)<br \/>\n1-16a\t\tProud Mary<br \/>\n1-16b\t\tBorn On The Bayou<br \/>\n1-16c\t\tWho&#8217;ll Stop The Rain<br \/>\n1-16d\t\tLodi<br \/>\n1-16e\t\tI Heard It Through The Grapevine<br \/>\n1-16f\t\tThe Midnight Special<br \/>\n1-16g\t\tHey Tonight<br \/>\n1-16h\t\tUp Around The Bend<br \/>\n2-1\t\tHey Tonight\t2:43<br \/>\n2-2\t\tHave You Ever Seen The Rain\t2:39<br \/>\n2-3\t\tLong As I Can See The Light\t3:33<br \/>\n2-4\t\tSweet Hitch-Hiker\t2:59<br \/>\n2-5\t\tSomeday Never Comes\t3:59<br \/>\n2-6\t\tMolina\t2:41<br \/>\n2-7\t\tI Heard It Through The Grapevine  11:04<br \/>\n2-8\t\tSuzy Q (Part 2)  3:48<br \/>\n2-9\t\tWalk On The Water  4:26<br \/>\n2-10\t\tTombstone Shadow\t3:36<br \/>\n2-11\t\tCotton Fields  2:53<br \/>\n2-12\t\tGood Golly Miss Molly  2:38<br \/>\n2-13\t\tThe Midnight Special  4:10<br \/>\n2-14\t\tIt Came Out Of The Sky\t2:58<br \/>\n2-15\t\tWrote A Song For Everyone\t4:55<\/p>","protected":false},"excerpt":{"rendered":"<p>ZYX Music \u2013 ZYX 81157-2, Fantasy \u2013 ZYX 81157-2<br \/>\nFormat:<br \/>\n2 x CD, Compilation<br \/>\nCountry: Germany<br \/>\nReleased: 1998<\/p>","protected":false},"featured_media":26104,"template":"","meta":[],"product_cat":[24,946],"product_tag":[44],"yoast_head":"<!-- This site is optimized with the Yoast SEO plugin v23.5 - https:\/\/yoast.com\/wordpress\/plugins\/seo\/ -->\n<title>Creedence Clearwater Revival \u2013 All Time Greatest Hits  2CD Vinilin\u0117 Plok\u0161tel\u0117 | Vinilozona.lt<\/title>\n<meta name=\"robots\" content=\"index, follow, max-snippet:-1, max-image-preview:large, max-video-preview:-1\" \/>\n<link rel=\"canonical\" href=\"https:\/\/vinilozona.lt\/en\/parduotuve\/cd\/naudoti-cd\/creedence-clearwater-revival-all-time-greatest-hits-2cd\/\" \/>\n<meta property=\"og:locale\" content=\"en_GB\" \/>\n<meta property=\"og:type\" content=\"article\" \/>\n<meta property=\"og:title\" content=\"Creedence Clearwater Revival \u2013 All Time Greatest Hits  2CD Vinilin\u0117 Plok\u0161tel\u0117 | Vinilozona.lt\" \/>\n<meta property=\"og:description\" content=\"ZYX Music \u2013 ZYX 81157-2, Fantasy \u2013 ZYX 81157-2 Format: 2 x CD, Compilation Country: Germany Released: 1998\" \/>\n<meta property=\"og:url\" content=\"https:\/\/vinilozona.lt\/en\/parduotuve\/cd\/naudoti-cd\/creedence-clearwater-revival-all-time-greatest-hits-2cd\/\" \/>\n<meta property=\"og:site_name\" content=\"Vinilo Zona\" \/>\n<meta property=\"article:modified_time\" content=\"2024-11-13T18:00:39+00:00\" \/>\n<meta property=\"og:image\" content=\"https:\/\/vinilozona.lt\/wp-content\/uploads\/2024\/10\/R-2379447-1383328943-7676.jpg\" \/>\n\t<meta property=\"og:image:width\" content=\"600\" \/>\n\t<meta property=\"og:image:height\" content=\"597\" \/>\n\t<meta property=\"og:image:type\" content=\"image\/jpeg\" \/>\n<meta name=\"twitter:card\" content=\"summary_large_image\" \/>\n<meta name=\"twitter:label1\" content=\"Estimated reading time\" \/>\n\t<meta name=\"twitter:data1\" content=\"2 minutes\" \/>\n<script type=\"application\/ld+json\" class=\"yoast-schema-graph\">{\"@context\":\"https:\/\/schema.org\",\"@graph\":[{\"@type\":\"WebPage\",\"@id\":\"https:\/\/vinilozona.lt\/parduotuve\/cd\/naudoti-cd\/creedence-clearwater-revival-all-time-greatest-hits-2cd\/\",\"url\":\"https:\/\/vinilozona.lt\/parduotuve\/cd\/naudoti-cd\/creedence-clearwater-revival-all-time-greatest-hits-2cd\/\",\"name\":\"Creedence Clearwater Revival \u2013 All Time Greatest Hits 2CD Vinilin\u0117 Plok\u0161tel\u0117 | Vinilozona.lt\",\"isPartOf\":{\"@id\":\"https:\/\/vinilozona.lt\/#website\"},\"primaryImageOfPage\":{\"@id\":\"https:\/\/vinilozona.lt\/parduotuve\/cd\/naudoti-cd\/creedence-clearwater-revival-all-time-greatest-hits-2cd\/#primaryimage\"},\"image\":{\"@id\":\"https:\/\/vinilozona.lt\/parduotuve\/cd\/naudoti-cd\/creedence-clearwater-revival-all-time-greatest-hits-2cd\/#primaryimage\"},\"thumbnailUrl\":\"https:\/\/vinilozona.lt\/wp-content\/uploads\/2024\/10\/R-2379447-1383328943-7676.jpg\",\"datePublished\":\"2024-10-23T02:01:47+00:00\",\"dateModified\":\"2024-11-13T18:00:39+00:00\",\"breadcrumb\":{\"@id\":\"https:\/\/vinilozona.lt\/parduotuve\/cd\/naudoti-cd\/creedence-clearwater-revival-all-time-greatest-hits-2cd\/#breadcrumb\"},\"inLanguage\":\"en-GB\",\"potentialAction\":[{\"@type\":\"ReadAction\",\"target\":[\"https:\/\/vinilozona.lt\/parduotuve\/cd\/naudoti-cd\/creedence-clearwater-revival-all-time-greatest-hits-2cd\/\"]}]},{\"@type\":\"ImageObject\",\"inLanguage\":\"en-GB\",\"@id\":\"https:\/\/vinilozona.lt\/parduotuve\/cd\/naudoti-cd\/creedence-clearwater-revival-all-time-greatest-hits-2cd\/#primaryimage\",\"url\":\"https:\/\/vinilozona.lt\/wp-content\/uploads\/2024\/10\/R-2379447-1383328943-7676.jpg\",\"contentUrl\":\"https:\/\/vinilozona.lt\/wp-content\/uploads\/2024\/10\/R-2379447-1383328943-7676.jpg\",\"width\":600,\"height\":597},{\"@type\":\"BreadcrumbList\",\"@id\":\"https:\/\/vinilozona.lt\/parduotuve\/cd\/naudoti-cd\/creedence-clearwater-revival-all-time-greatest-hits-2cd\/#breadcrumb\",\"itemListElement\":[{\"@type\":\"ListItem\",\"position\":1,\"name\":\"Home\",\"item\":\"https:\/\/vinilozona.lt\/\"},{\"@type\":\"ListItem\",\"position\":2,\"name\":\"Parduotuv\u0117\",\"item\":\"https:\/\/vinilozona.lt\/parduotuve\/\"},{\"@type\":\"ListItem\",\"position\":3,\"name\":\"Creedence Clearwater Revival \u2013 All Time Greatest Hits 2CD\"}]},{\"@type\":\"WebSite\",\"@id\":\"https:\/\/vinilozona.lt\/#website\",\"url\":\"https:\/\/vinilozona.lt\/\",\"name\":\"Vinilo Zona\",\"description\":\"Nup\u016bsk dulkes ir klausyk LP\",\"potentialAction\":[{\"@type\":\"SearchAction\",\"target\":{\"@type\":\"EntryPoint\",\"urlTemplate\":\"https:\/\/vinilozona.lt\/?s={search_term_string}\"},\"query-input\":{\"@type\":\"PropertyValueSpecification\",\"valueRequired\":true,\"valueName\":\"search_term_string\"}}],\"inLanguage\":\"en-GB\"}]}<\/script>\n<!-- \/ Yoast SEO plugin. -->","yoast_head_json":{"title":"Creedence Clearwater Revival \u2013 All Time Greatest Hits  2CD Vinilin\u0117 Plok\u0161tel\u0117 | Vinilozona.lt","robots":{"index":"index","follow":"follow","max-snippet":"max-snippet:-1","max-image-preview":"max-image-preview:large","max-video-preview":"max-video-preview:-1"},"canonical":"https:\/\/vinilozona.lt\/en\/parduotuve\/cd\/naudoti-cd\/creedence-clearwater-revival-all-time-greatest-hits-2cd\/","og_locale":"en_GB","og_type":"article","og_title":"Creedence Clearwater Revival \u2013 All Time Greatest Hits  2CD Vinilin\u0117 Plok\u0161tel\u0117 | Vinilozona.lt","og_description":"ZYX Music \u2013 ZYX 81157-2, Fantasy \u2013 ZYX 81157-2 Format: 2 x CD, Compilation Country: Germany Released: 1998","og_url":"https:\/\/vinilozona.lt\/en\/parduotuve\/cd\/naudoti-cd\/creedence-clearwater-revival-all-time-greatest-hits-2cd\/","og_site_name":"Vinilo Zona","article_modified_time":"2024-11-13T18:00:39+00:00","og_image":[{"width":600,"height":597,"url":"https:\/\/vinilozona.lt\/wp-content\/uploads\/2024\/10\/R-2379447-1383328943-7676.jpg","type":"image\/jpeg"}],"twitter_card":"summary_large_image","twitter_misc":{"Estimated reading time":"2 minutes"},"schema":{"@context":"https:\/\/schema.org","@graph":[{"@type":"WebPage","@id":"https:\/\/vinilozona.lt\/parduotuve\/cd\/naudoti-cd\/creedence-clearwater-revival-all-time-greatest-hits-2cd\/","url":"https:\/\/vinilozona.lt\/parduotuve\/cd\/naudoti-cd\/creedence-clearwater-revival-all-time-greatest-hits-2cd\/","name":"Creedence Clearwater Revival \u2013 All Time Greatest Hits 2CD Vinilin\u0117 Plok\u0161tel\u0117 | Vinilozona.lt","isPartOf":{"@id":"https:\/\/vinilozona.lt\/#website"},"primaryImageOfPage":{"@id":"https:\/\/vinilozona.lt\/parduotuve\/cd\/naudoti-cd\/creedence-clearwater-revival-all-time-greatest-hits-2cd\/#primaryimage"},"image":{"@id":"https:\/\/vinilozona.lt\/parduotuve\/cd\/naudoti-cd\/creedence-clearwater-revival-all-time-greatest-hits-2cd\/#primaryimage"},"thumbnailUrl":"https:\/\/vinilozona.lt\/wp-content\/uploads\/2024\/10\/R-2379447-1383328943-7676.jpg","datePublished":"2024-10-23T02:01:47+00:00","dateModified":"2024-11-13T18:00:39+00:00","breadcrumb":{"@id":"https:\/\/vinilozona.lt\/parduotuve\/cd\/naudoti-cd\/creedence-clearwater-revival-all-time-greatest-hits-2cd\/#breadcrumb"},"inLanguage":"en-GB","potentialAction":[{"@type":"ReadAction","target":["https:\/\/vinilozona.lt\/parduotuve\/cd\/naudoti-cd\/creedence-clearwater-revival-all-time-greatest-hits-2cd\/"]}]},{"@type":"ImageObject","inLanguage":"en-GB","@id":"https:\/\/vinilozona.lt\/parduotuve\/cd\/naudoti-cd\/creedence-clearwater-revival-all-time-greatest-hits-2cd\/#primaryimage","url":"https:\/\/vinilozona.lt\/wp-content\/uploads\/2024\/10\/R-2379447-1383328943-7676.jpg","contentUrl":"https:\/\/vinilozona.lt\/wp-content\/uploads\/2024\/10\/R-2379447-1383328943-7676.jpg","width":600,"height":597},{"@type":"BreadcrumbList","@id":"https:\/\/vinilozona.lt\/parduotuve\/cd\/naudoti-cd\/creedence-clearwater-revival-all-time-greatest-hits-2cd\/#breadcrumb","itemListElement":[{"@type":"ListItem","position":1,"name":"Home","item":"https:\/\/vinilozona.lt\/"},{"@type":"ListItem","position":2,"name":"Parduotuv\u0117","item":"https:\/\/vinilozona.lt\/parduotuve\/"},{"@type":"ListItem","position":3,"name":"Creedence Clearwater Revival \u2013 All Time Greatest Hits 2CD"}]},{"@type":"WebSite","@id":"https:\/\/vinilozona.lt\/#website","url":"https:\/\/vinilozona.lt\/","name":"Vinilo Zona","description":"Nup\u016bsk dulkes ir klausyk LP","potentialAction":[{"@type":"SearchAction","target":{"@type":"EntryPoint","urlTemplate":"https:\/\/vinilozona.lt\/?s={search_term_string}"},"query-input":{"@type":"PropertyValueSpecification","valueRequired":true,"valueName":"search_term_string"}}],"inLanguage":"en-GB"}]}},"_links":{"self":[{"href":"https:\/\/vinilozona.lt\/en\/wp-json\/wp\/v2\/product\/26103"}],"collection":[{"href":"https:\/\/vinilozona.lt\/en\/wp-json\/wp\/v2\/product"}],"about":[{"href":"https:\/\/vinilozona.lt\/en\/wp-json\/wp\/v2\/types\/product"}],"wp:featuredmedia":[{"embeddable":true,"href":"https:\/\/vinilozona.lt\/en\/wp-json\/wp\/v2\/media\/26104"}],"wp:attachment":[{"href":"https:\/\/vinilozona.lt\/en\/wp-json\/wp\/v2\/media?parent=26103"}],"wp:term":[{"taxonomy":"product_cat","embeddable":true,"href":"https:\/\/vinilozona.lt\/en\/wp-json\/wp\/v2\/product_cat?post=26103"},{"taxonomy":"product_tag","embeddable":true,"href":"https:\/\/vinilozona.lt\/en\/wp-json\/wp\/v2\/product_tag?post=26103"}],"curies":[{"name":"wp","href":"https:\/\/api.w.org\/{rel}","templated":true}]}}