{"id":26099,"date":"2024-10-21T05:30:56","date_gmt":"2024-10-21T02:30:56","guid":{"rendered":"https:\/\/vinilozona.lt\/?post_type=product&#038;p=26099"},"modified":"2024-10-21T06:50:17","modified_gmt":"2024-10-21T03:50:17","slug":"penderecki-passio-et-mors-domini-nostri-jesu-christi-secundum-lucam-2lp","status":"publish","type":"product","link":"https:\/\/vinilozona.lt\/en\/parduotuve\/classic\/penderecki-passio-et-mors-domini-nostri-jesu-christi-secundum-lucam-2lp\/","title":{"rendered":"Penderecki \u2013 Passio Et Mors Domini Nostri Jesu Christi Secundum Lucam 2LP"},"content":{"rendered":"<p>Pars 1<br \/>\nO Crux Ave<br \/>\nEt Egressus Ibat<br \/>\nDeus Meus, Deus Meus<br \/>\nDomine, Quis Habitabit<br \/>\nAdhuc Eo Loquente<br \/>\nJerusalem, Jerusalem<br \/>\nUt Quid, Domine Recessisti Longe<br \/>\nComprehendentes Autem Eum<br \/>\nJudica Me, Deus<br \/>\nEt Viri, Qui Tenebant<br \/>\nJerusalem, Jerusalem<br \/>\nMiserere Mei<br \/>\nEt Surgens Omnis Multitudo<br \/>\nPars 2<br \/>\nEt Baiulans Sibi Crucem<br \/>\nIbi Crucifixerunt Eum<br \/>\nCrux Fidelis<br \/>\nDividentes Vero Vestimenta Eius<br \/>\nIn Pulverem Mortis Deduxisti Me<br \/>\nEt Stabat Populus Spectans<br \/>\nUnus Autem De His, Qui Pendebant, Latronibus<br \/>\nStabant Autem Luxta Crucem<br \/>\nStabat Mater Dolorosa<br \/>\nErat Autem Fere Hora Sexta<br \/>\nIn Te Domine, Speravi<\/p>","protected":false},"excerpt":{"rendered":"<p>Polskie Nagrania Muza \u2013 XL 0325-0326<br \/>\nFormat:<br \/>\n2 x Vinyl, LP, Album, Mono, Gatefold<br \/>\nCountry: Poland<br \/>\nReleased: 1969<\/p>","protected":false},"featured_media":26100,"template":"","meta":[],"product_cat":[22],"product_tag":[44],"yoast_head":"<!-- This site is optimized with the Yoast SEO plugin v23.5 - https:\/\/yoast.com\/wordpress\/plugins\/seo\/ -->\n<title>Penderecki \u2013 Passio Et Mors Domini Nostri Jesu Christi Secundum Lucam 2LP Vinilin\u0117 Plok\u0161tel\u0117 | Vinilozona.lt<\/title>\n<meta name=\"robots\" content=\"index, follow, max-snippet:-1, max-image-preview:large, max-video-preview:-1\" \/>\n<link rel=\"canonical\" href=\"https:\/\/vinilozona.lt\/en\/parduotuve\/classic\/penderecki-passio-et-mors-domini-nostri-jesu-christi-secundum-lucam-2lp\/\" \/>\n<meta property=\"og:locale\" content=\"en_GB\" \/>\n<meta property=\"og:type\" content=\"article\" \/>\n<meta property=\"og:title\" content=\"Penderecki \u2013 Passio Et Mors Domini Nostri Jesu Christi Secundum Lucam 2LP Vinilin\u0117 Plok\u0161tel\u0117 | Vinilozona.lt\" \/>\n<meta property=\"og:description\" content=\"Polskie Nagrania Muza \u2013 XL 0325-0326 Format: 2 x Vinyl, LP, Album, Mono, Gatefold Country: Poland Released: 1969\" \/>\n<meta property=\"og:url\" content=\"https:\/\/vinilozona.lt\/en\/parduotuve\/classic\/penderecki-passio-et-mors-domini-nostri-jesu-christi-secundum-lucam-2lp\/\" \/>\n<meta property=\"og:site_name\" content=\"Vinilo Zona\" \/>\n<meta property=\"article:modified_time\" content=\"2024-10-21T03:50:17+00:00\" \/>\n<meta property=\"og:image\" content=\"https:\/\/vinilozona.lt\/wp-content\/uploads\/2024\/10\/R-8787968-1470768386-3492.jpg\" \/>\n\t<meta property=\"og:image:width\" content=\"588\" \/>\n\t<meta property=\"og:image:height\" content=\"600\" \/>\n\t<meta property=\"og:image:type\" content=\"image\/jpeg\" \/>\n<meta name=\"twitter:card\" content=\"summary_large_image\" \/>\n<meta name=\"twitter:label1\" content=\"Estimated reading time\" \/>\n\t<meta name=\"twitter:data1\" content=\"1 minute\" \/>\n<script type=\"application\/ld+json\" class=\"yoast-schema-graph\">{\"@context\":\"https:\/\/schema.org\",\"@graph\":[{\"@type\":\"WebPage\",\"@id\":\"https:\/\/vinilozona.lt\/parduotuve\/classic\/penderecki-passio-et-mors-domini-nostri-jesu-christi-secundum-lucam-2lp\/\",\"url\":\"https:\/\/vinilozona.lt\/parduotuve\/classic\/penderecki-passio-et-mors-domini-nostri-jesu-christi-secundum-lucam-2lp\/\",\"name\":\"Penderecki \u2013 Passio Et Mors Domini Nostri Jesu Christi Secundum Lucam 2LP Vinilin\u0117 Plok\u0161tel\u0117 | Vinilozona.lt\",\"isPartOf\":{\"@id\":\"https:\/\/vinilozona.lt\/#website\"},\"primaryImageOfPage\":{\"@id\":\"https:\/\/vinilozona.lt\/parduotuve\/classic\/penderecki-passio-et-mors-domini-nostri-jesu-christi-secundum-lucam-2lp\/#primaryimage\"},\"image\":{\"@id\":\"https:\/\/vinilozona.lt\/parduotuve\/classic\/penderecki-passio-et-mors-domini-nostri-jesu-christi-secundum-lucam-2lp\/#primaryimage\"},\"thumbnailUrl\":\"https:\/\/vinilozona.lt\/wp-content\/uploads\/2024\/10\/R-8787968-1470768386-3492.jpg\",\"datePublished\":\"2024-10-21T02:30:56+00:00\",\"dateModified\":\"2024-10-21T03:50:17+00:00\",\"breadcrumb\":{\"@id\":\"https:\/\/vinilozona.lt\/parduotuve\/classic\/penderecki-passio-et-mors-domini-nostri-jesu-christi-secundum-lucam-2lp\/#breadcrumb\"},\"inLanguage\":\"en-GB\",\"potentialAction\":[{\"@type\":\"ReadAction\",\"target\":[\"https:\/\/vinilozona.lt\/parduotuve\/classic\/penderecki-passio-et-mors-domini-nostri-jesu-christi-secundum-lucam-2lp\/\"]}]},{\"@type\":\"ImageObject\",\"inLanguage\":\"en-GB\",\"@id\":\"https:\/\/vinilozona.lt\/parduotuve\/classic\/penderecki-passio-et-mors-domini-nostri-jesu-christi-secundum-lucam-2lp\/#primaryimage\",\"url\":\"https:\/\/vinilozona.lt\/wp-content\/uploads\/2024\/10\/R-8787968-1470768386-3492.jpg\",\"contentUrl\":\"https:\/\/vinilozona.lt\/wp-content\/uploads\/2024\/10\/R-8787968-1470768386-3492.jpg\",\"width\":588,\"height\":600},{\"@type\":\"BreadcrumbList\",\"@id\":\"https:\/\/vinilozona.lt\/parduotuve\/classic\/penderecki-passio-et-mors-domini-nostri-jesu-christi-secundum-lucam-2lp\/#breadcrumb\",\"itemListElement\":[{\"@type\":\"ListItem\",\"position\":1,\"name\":\"Home\",\"item\":\"https:\/\/vinilozona.lt\/\"},{\"@type\":\"ListItem\",\"position\":2,\"name\":\"Parduotuv\u0117\",\"item\":\"https:\/\/vinilozona.lt\/parduotuve\/\"},{\"@type\":\"ListItem\",\"position\":3,\"name\":\"Penderecki \u2013 Passio Et Mors Domini Nostri Jesu Christi Secundum Lucam 2LP\"}]},{\"@type\":\"WebSite\",\"@id\":\"https:\/\/vinilozona.lt\/#website\",\"url\":\"https:\/\/vinilozona.lt\/\",\"name\":\"Vinilo Zona\",\"description\":\"Nup\u016bsk dulkes ir klausyk LP\",\"potentialAction\":[{\"@type\":\"SearchAction\",\"target\":{\"@type\":\"EntryPoint\",\"urlTemplate\":\"https:\/\/vinilozona.lt\/?s={search_term_string}\"},\"query-input\":{\"@type\":\"PropertyValueSpecification\",\"valueRequired\":true,\"valueName\":\"search_term_string\"}}],\"inLanguage\":\"en-GB\"}]}<\/script>\n<!-- \/ Yoast SEO plugin. -->","yoast_head_json":{"title":"Penderecki \u2013 Passio Et Mors Domini Nostri Jesu Christi Secundum Lucam 2LP Vinilin\u0117 Plok\u0161tel\u0117 | Vinilozona.lt","robots":{"index":"index","follow":"follow","max-snippet":"max-snippet:-1","max-image-preview":"max-image-preview:large","max-video-preview":"max-video-preview:-1"},"canonical":"https:\/\/vinilozona.lt\/en\/parduotuve\/classic\/penderecki-passio-et-mors-domini-nostri-jesu-christi-secundum-lucam-2lp\/","og_locale":"en_GB","og_type":"article","og_title":"Penderecki \u2013 Passio Et Mors Domini Nostri Jesu Christi Secundum Lucam 2LP Vinilin\u0117 Plok\u0161tel\u0117 | Vinilozona.lt","og_description":"Polskie Nagrania Muza \u2013 XL 0325-0326 Format: 2 x Vinyl, LP, Album, Mono, Gatefold Country: Poland Released: 1969","og_url":"https:\/\/vinilozona.lt\/en\/parduotuve\/classic\/penderecki-passio-et-mors-domini-nostri-jesu-christi-secundum-lucam-2lp\/","og_site_name":"Vinilo Zona","article_modified_time":"2024-10-21T03:50:17+00:00","og_image":[{"width":588,"height":600,"url":"https:\/\/vinilozona.lt\/wp-content\/uploads\/2024\/10\/R-8787968-1470768386-3492.jpg","type":"image\/jpeg"}],"twitter_card":"summary_large_image","twitter_misc":{"Estimated reading time":"1 minute"},"schema":{"@context":"https:\/\/schema.org","@graph":[{"@type":"WebPage","@id":"https:\/\/vinilozona.lt\/parduotuve\/classic\/penderecki-passio-et-mors-domini-nostri-jesu-christi-secundum-lucam-2lp\/","url":"https:\/\/vinilozona.lt\/parduotuve\/classic\/penderecki-passio-et-mors-domini-nostri-jesu-christi-secundum-lucam-2lp\/","name":"Penderecki \u2013 Passio Et Mors Domini Nostri Jesu Christi Secundum Lucam 2LP Vinilin\u0117 Plok\u0161tel\u0117 | Vinilozona.lt","isPartOf":{"@id":"https:\/\/vinilozona.lt\/#website"},"primaryImageOfPage":{"@id":"https:\/\/vinilozona.lt\/parduotuve\/classic\/penderecki-passio-et-mors-domini-nostri-jesu-christi-secundum-lucam-2lp\/#primaryimage"},"image":{"@id":"https:\/\/vinilozona.lt\/parduotuve\/classic\/penderecki-passio-et-mors-domini-nostri-jesu-christi-secundum-lucam-2lp\/#primaryimage"},"thumbnailUrl":"https:\/\/vinilozona.lt\/wp-content\/uploads\/2024\/10\/R-8787968-1470768386-3492.jpg","datePublished":"2024-10-21T02:30:56+00:00","dateModified":"2024-10-21T03:50:17+00:00","breadcrumb":{"@id":"https:\/\/vinilozona.lt\/parduotuve\/classic\/penderecki-passio-et-mors-domini-nostri-jesu-christi-secundum-lucam-2lp\/#breadcrumb"},"inLanguage":"en-GB","potentialAction":[{"@type":"ReadAction","target":["https:\/\/vinilozona.lt\/parduotuve\/classic\/penderecki-passio-et-mors-domini-nostri-jesu-christi-secundum-lucam-2lp\/"]}]},{"@type":"ImageObject","inLanguage":"en-GB","@id":"https:\/\/vinilozona.lt\/parduotuve\/classic\/penderecki-passio-et-mors-domini-nostri-jesu-christi-secundum-lucam-2lp\/#primaryimage","url":"https:\/\/vinilozona.lt\/wp-content\/uploads\/2024\/10\/R-8787968-1470768386-3492.jpg","contentUrl":"https:\/\/vinilozona.lt\/wp-content\/uploads\/2024\/10\/R-8787968-1470768386-3492.jpg","width":588,"height":600},{"@type":"BreadcrumbList","@id":"https:\/\/vinilozona.lt\/parduotuve\/classic\/penderecki-passio-et-mors-domini-nostri-jesu-christi-secundum-lucam-2lp\/#breadcrumb","itemListElement":[{"@type":"ListItem","position":1,"name":"Home","item":"https:\/\/vinilozona.lt\/"},{"@type":"ListItem","position":2,"name":"Parduotuv\u0117","item":"https:\/\/vinilozona.lt\/parduotuve\/"},{"@type":"ListItem","position":3,"name":"Penderecki \u2013 Passio Et Mors Domini Nostri Jesu Christi Secundum Lucam 2LP"}]},{"@type":"WebSite","@id":"https:\/\/vinilozona.lt\/#website","url":"https:\/\/vinilozona.lt\/","name":"Vinilo Zona","description":"Nup\u016bsk dulkes ir klausyk LP","potentialAction":[{"@type":"SearchAction","target":{"@type":"EntryPoint","urlTemplate":"https:\/\/vinilozona.lt\/?s={search_term_string}"},"query-input":{"@type":"PropertyValueSpecification","valueRequired":true,"valueName":"search_term_string"}}],"inLanguage":"en-GB"}]}},"_links":{"self":[{"href":"https:\/\/vinilozona.lt\/en\/wp-json\/wp\/v2\/product\/26099"}],"collection":[{"href":"https:\/\/vinilozona.lt\/en\/wp-json\/wp\/v2\/product"}],"about":[{"href":"https:\/\/vinilozona.lt\/en\/wp-json\/wp\/v2\/types\/product"}],"wp:featuredmedia":[{"embeddable":true,"href":"https:\/\/vinilozona.lt\/en\/wp-json\/wp\/v2\/media\/26100"}],"wp:attachment":[{"href":"https:\/\/vinilozona.lt\/en\/wp-json\/wp\/v2\/media?parent=26099"}],"wp:term":[{"taxonomy":"product_cat","embeddable":true,"href":"https:\/\/vinilozona.lt\/en\/wp-json\/wp\/v2\/product_cat?post=26099"},{"taxonomy":"product_tag","embeddable":true,"href":"https:\/\/vinilozona.lt\/en\/wp-json\/wp\/v2\/product_tag?post=26099"}],"curies":[{"name":"wp","href":"https:\/\/api.w.org\/{rel}","templated":true}]}}