{"id":26086,"date":"2024-10-21T05:14:19","date_gmt":"2024-10-21T02:14:19","guid":{"rendered":"https:\/\/vinilozona.lt\/?post_type=product&#038;p=26086"},"modified":"2024-10-20T07:16:59","modified_gmt":"2024-10-20T04:16:59","slug":"johnny-cash-johnny-cash-sings-the-ballads-of-the-true-west-2lp","status":"publish","type":"product","link":"https:\/\/vinilozona.lt\/en\/parduotuve\/rock-pop\/johnny-cash-johnny-cash-sings-the-ballads-of-the-true-west-2lp\/","title":{"rendered":"Johnny Cash \u2013 Johnny Cash Sings The Ballads Of The True West  2LP"},"content":{"rendered":"<p>A1\t\tHiawatha&#8217;s Vision\t2:24<br \/>\nA2\t\tThe Road To Kaintuck\t2:42<br \/>\nA3\t\tThe Shifting Whispering Sands &#8211; Part 1\t2:53<br \/>\nA4\t\tNarration\t1:16<br \/>\nA5\t\tThe Ballad Of Boot Hill\t2:33<br \/>\nA6\t\tI Ride An Old Paint\t2:56<br \/>\nB1\t\tNarration\t0:32<br \/>\nB2\t\tHardin Wouldn&#8217;t Run\t3:46<br \/>\nB3\t\tNarration\t0:51<br \/>\nB4\t\tMister Garfield\t3:46<br \/>\nB5\t\tThe Streets Of Laredo\t3:38<br \/>\nB6\t\tNarration\t0:25<br \/>\nB7\t\tJohnny Reb\t2:46<br \/>\nB8\t\tA Letter From Home\t2:32<br \/>\nC1\t\tBury Me Not On The Lone Prairie\t2:27<br \/>\nC2\t\tMean As Hell\t3:07<br \/>\nC3\t\tSam Hall\t3:15<br \/>\nC4\t\t25 Minutes To Go\t3:11<br \/>\nC5\t\tThe Blizzard\t3:50<br \/>\nD1\t\tNarration\t0:40<br \/>\nD2\t\tSweet Betsy From Pike\t3:14<br \/>\nD3\t\tGreen Grow The Lilacs\t2:45<br \/>\nD4\t\tNarration\t0:55<br \/>\nD5\t\tStampede\t2:57<br \/>\nD6\t\tThe Shifting, Whispering Sands &#8211; Part II\t2:28<br \/>\nD7\t\tReflections\t2:45<\/p>","protected":false},"excerpt":{"rendered":"<p>CBS \u2013 S 68225<br \/>\nFormat:<br \/>\n2 x Vinyl, LP, Album, Reissue<br \/>\nCountry: Europe<br \/>\nReleased: 1973<\/p>","protected":false},"featured_media":26087,"template":"","meta":[],"product_cat":[15],"product_tag":[44],"yoast_head":"<!-- This site is optimized with the Yoast SEO plugin v23.5 - https:\/\/yoast.com\/wordpress\/plugins\/seo\/ -->\n<title>Johnny Cash \u2013 Johnny Cash Sings The Ballads Of The True West 2LP Vinilin\u0117 Plok\u0161tel\u0117 | Vinilozona.lt<\/title>\n<meta name=\"robots\" content=\"index, follow, max-snippet:-1, max-image-preview:large, max-video-preview:-1\" \/>\n<link rel=\"canonical\" href=\"https:\/\/vinilozona.lt\/en\/parduotuve\/rock-pop\/johnny-cash-johnny-cash-sings-the-ballads-of-the-true-west-2lp\/\" \/>\n<meta property=\"og:locale\" content=\"en_GB\" \/>\n<meta property=\"og:type\" content=\"article\" \/>\n<meta property=\"og:title\" content=\"Johnny Cash \u2013 Johnny Cash Sings The Ballads Of The True West 2LP Vinilin\u0117 Plok\u0161tel\u0117 | Vinilozona.lt\" \/>\n<meta property=\"og:description\" content=\"CBS \u2013 S 68225 Format: 2 x Vinyl, LP, Album, Reissue Country: Europe Released: 1973\" \/>\n<meta property=\"og:url\" content=\"https:\/\/vinilozona.lt\/en\/parduotuve\/rock-pop\/johnny-cash-johnny-cash-sings-the-ballads-of-the-true-west-2lp\/\" \/>\n<meta property=\"og:site_name\" content=\"Vinilo Zona\" \/>\n<meta property=\"article:modified_time\" content=\"2024-10-20T04:16:59+00:00\" \/>\n<meta property=\"og:image\" content=\"https:\/\/vinilozona.lt\/wp-content\/uploads\/2024\/10\/R-1072534-1401200486-9153.jpg\" \/>\n\t<meta property=\"og:image:width\" content=\"550\" \/>\n\t<meta property=\"og:image:height\" content=\"510\" \/>\n\t<meta property=\"og:image:type\" content=\"image\/jpeg\" \/>\n<meta name=\"twitter:card\" content=\"summary_large_image\" \/>\n<meta name=\"twitter:label1\" content=\"Estimated reading time\" \/>\n\t<meta name=\"twitter:data1\" content=\"1 minute\" \/>\n<script type=\"application\/ld+json\" class=\"yoast-schema-graph\">{\"@context\":\"https:\/\/schema.org\",\"@graph\":[{\"@type\":\"WebPage\",\"@id\":\"https:\/\/vinilozona.lt\/parduotuve\/rock-pop\/johnny-cash-johnny-cash-sings-the-ballads-of-the-true-west-2lp\/\",\"url\":\"https:\/\/vinilozona.lt\/parduotuve\/rock-pop\/johnny-cash-johnny-cash-sings-the-ballads-of-the-true-west-2lp\/\",\"name\":\"Johnny Cash \u2013 Johnny Cash Sings The Ballads Of The True West 2LP Vinilin\u0117 Plok\u0161tel\u0117 | Vinilozona.lt\",\"isPartOf\":{\"@id\":\"https:\/\/vinilozona.lt\/#website\"},\"primaryImageOfPage\":{\"@id\":\"https:\/\/vinilozona.lt\/parduotuve\/rock-pop\/johnny-cash-johnny-cash-sings-the-ballads-of-the-true-west-2lp\/#primaryimage\"},\"image\":{\"@id\":\"https:\/\/vinilozona.lt\/parduotuve\/rock-pop\/johnny-cash-johnny-cash-sings-the-ballads-of-the-true-west-2lp\/#primaryimage\"},\"thumbnailUrl\":\"https:\/\/vinilozona.lt\/wp-content\/uploads\/2024\/10\/R-1072534-1401200486-9153.jpg\",\"datePublished\":\"2024-10-21T02:14:19+00:00\",\"dateModified\":\"2024-10-20T04:16:59+00:00\",\"breadcrumb\":{\"@id\":\"https:\/\/vinilozona.lt\/parduotuve\/rock-pop\/johnny-cash-johnny-cash-sings-the-ballads-of-the-true-west-2lp\/#breadcrumb\"},\"inLanguage\":\"en-GB\",\"potentialAction\":[{\"@type\":\"ReadAction\",\"target\":[\"https:\/\/vinilozona.lt\/parduotuve\/rock-pop\/johnny-cash-johnny-cash-sings-the-ballads-of-the-true-west-2lp\/\"]}]},{\"@type\":\"ImageObject\",\"inLanguage\":\"en-GB\",\"@id\":\"https:\/\/vinilozona.lt\/parduotuve\/rock-pop\/johnny-cash-johnny-cash-sings-the-ballads-of-the-true-west-2lp\/#primaryimage\",\"url\":\"https:\/\/vinilozona.lt\/wp-content\/uploads\/2024\/10\/R-1072534-1401200486-9153.jpg\",\"contentUrl\":\"https:\/\/vinilozona.lt\/wp-content\/uploads\/2024\/10\/R-1072534-1401200486-9153.jpg\",\"width\":550,\"height\":510},{\"@type\":\"BreadcrumbList\",\"@id\":\"https:\/\/vinilozona.lt\/parduotuve\/rock-pop\/johnny-cash-johnny-cash-sings-the-ballads-of-the-true-west-2lp\/#breadcrumb\",\"itemListElement\":[{\"@type\":\"ListItem\",\"position\":1,\"name\":\"Home\",\"item\":\"https:\/\/vinilozona.lt\/\"},{\"@type\":\"ListItem\",\"position\":2,\"name\":\"Parduotuv\u0117\",\"item\":\"https:\/\/vinilozona.lt\/parduotuve\/\"},{\"@type\":\"ListItem\",\"position\":3,\"name\":\"Johnny Cash \u2013 Johnny Cash Sings The Ballads Of The True West 2LP\"}]},{\"@type\":\"WebSite\",\"@id\":\"https:\/\/vinilozona.lt\/#website\",\"url\":\"https:\/\/vinilozona.lt\/\",\"name\":\"Vinilo Zona\",\"description\":\"Nup\u016bsk dulkes ir klausyk LP\",\"potentialAction\":[{\"@type\":\"SearchAction\",\"target\":{\"@type\":\"EntryPoint\",\"urlTemplate\":\"https:\/\/vinilozona.lt\/?s={search_term_string}\"},\"query-input\":{\"@type\":\"PropertyValueSpecification\",\"valueRequired\":true,\"valueName\":\"search_term_string\"}}],\"inLanguage\":\"en-GB\"}]}<\/script>\n<!-- \/ Yoast SEO plugin. -->","yoast_head_json":{"title":"Johnny Cash \u2013 Johnny Cash Sings The Ballads Of The True West 2LP Vinilin\u0117 Plok\u0161tel\u0117 | Vinilozona.lt","robots":{"index":"index","follow":"follow","max-snippet":"max-snippet:-1","max-image-preview":"max-image-preview:large","max-video-preview":"max-video-preview:-1"},"canonical":"https:\/\/vinilozona.lt\/en\/parduotuve\/rock-pop\/johnny-cash-johnny-cash-sings-the-ballads-of-the-true-west-2lp\/","og_locale":"en_GB","og_type":"article","og_title":"Johnny Cash \u2013 Johnny Cash Sings The Ballads Of The True West 2LP Vinilin\u0117 Plok\u0161tel\u0117 | Vinilozona.lt","og_description":"CBS \u2013 S 68225 Format: 2 x Vinyl, LP, Album, Reissue Country: Europe Released: 1973","og_url":"https:\/\/vinilozona.lt\/en\/parduotuve\/rock-pop\/johnny-cash-johnny-cash-sings-the-ballads-of-the-true-west-2lp\/","og_site_name":"Vinilo Zona","article_modified_time":"2024-10-20T04:16:59+00:00","og_image":[{"width":550,"height":510,"url":"https:\/\/vinilozona.lt\/wp-content\/uploads\/2024\/10\/R-1072534-1401200486-9153.jpg","type":"image\/jpeg"}],"twitter_card":"summary_large_image","twitter_misc":{"Estimated reading time":"1 minute"},"schema":{"@context":"https:\/\/schema.org","@graph":[{"@type":"WebPage","@id":"https:\/\/vinilozona.lt\/parduotuve\/rock-pop\/johnny-cash-johnny-cash-sings-the-ballads-of-the-true-west-2lp\/","url":"https:\/\/vinilozona.lt\/parduotuve\/rock-pop\/johnny-cash-johnny-cash-sings-the-ballads-of-the-true-west-2lp\/","name":"Johnny Cash \u2013 Johnny Cash Sings The Ballads Of The True West 2LP Vinilin\u0117 Plok\u0161tel\u0117 | Vinilozona.lt","isPartOf":{"@id":"https:\/\/vinilozona.lt\/#website"},"primaryImageOfPage":{"@id":"https:\/\/vinilozona.lt\/parduotuve\/rock-pop\/johnny-cash-johnny-cash-sings-the-ballads-of-the-true-west-2lp\/#primaryimage"},"image":{"@id":"https:\/\/vinilozona.lt\/parduotuve\/rock-pop\/johnny-cash-johnny-cash-sings-the-ballads-of-the-true-west-2lp\/#primaryimage"},"thumbnailUrl":"https:\/\/vinilozona.lt\/wp-content\/uploads\/2024\/10\/R-1072534-1401200486-9153.jpg","datePublished":"2024-10-21T02:14:19+00:00","dateModified":"2024-10-20T04:16:59+00:00","breadcrumb":{"@id":"https:\/\/vinilozona.lt\/parduotuve\/rock-pop\/johnny-cash-johnny-cash-sings-the-ballads-of-the-true-west-2lp\/#breadcrumb"},"inLanguage":"en-GB","potentialAction":[{"@type":"ReadAction","target":["https:\/\/vinilozona.lt\/parduotuve\/rock-pop\/johnny-cash-johnny-cash-sings-the-ballads-of-the-true-west-2lp\/"]}]},{"@type":"ImageObject","inLanguage":"en-GB","@id":"https:\/\/vinilozona.lt\/parduotuve\/rock-pop\/johnny-cash-johnny-cash-sings-the-ballads-of-the-true-west-2lp\/#primaryimage","url":"https:\/\/vinilozona.lt\/wp-content\/uploads\/2024\/10\/R-1072534-1401200486-9153.jpg","contentUrl":"https:\/\/vinilozona.lt\/wp-content\/uploads\/2024\/10\/R-1072534-1401200486-9153.jpg","width":550,"height":510},{"@type":"BreadcrumbList","@id":"https:\/\/vinilozona.lt\/parduotuve\/rock-pop\/johnny-cash-johnny-cash-sings-the-ballads-of-the-true-west-2lp\/#breadcrumb","itemListElement":[{"@type":"ListItem","position":1,"name":"Home","item":"https:\/\/vinilozona.lt\/"},{"@type":"ListItem","position":2,"name":"Parduotuv\u0117","item":"https:\/\/vinilozona.lt\/parduotuve\/"},{"@type":"ListItem","position":3,"name":"Johnny Cash \u2013 Johnny Cash Sings The Ballads Of The True West 2LP"}]},{"@type":"WebSite","@id":"https:\/\/vinilozona.lt\/#website","url":"https:\/\/vinilozona.lt\/","name":"Vinilo Zona","description":"Nup\u016bsk dulkes ir klausyk LP","potentialAction":[{"@type":"SearchAction","target":{"@type":"EntryPoint","urlTemplate":"https:\/\/vinilozona.lt\/?s={search_term_string}"},"query-input":{"@type":"PropertyValueSpecification","valueRequired":true,"valueName":"search_term_string"}}],"inLanguage":"en-GB"}]}},"_links":{"self":[{"href":"https:\/\/vinilozona.lt\/en\/wp-json\/wp\/v2\/product\/26086"}],"collection":[{"href":"https:\/\/vinilozona.lt\/en\/wp-json\/wp\/v2\/product"}],"about":[{"href":"https:\/\/vinilozona.lt\/en\/wp-json\/wp\/v2\/types\/product"}],"wp:featuredmedia":[{"embeddable":true,"href":"https:\/\/vinilozona.lt\/en\/wp-json\/wp\/v2\/media\/26087"}],"wp:attachment":[{"href":"https:\/\/vinilozona.lt\/en\/wp-json\/wp\/v2\/media?parent=26086"}],"wp:term":[{"taxonomy":"product_cat","embeddable":true,"href":"https:\/\/vinilozona.lt\/en\/wp-json\/wp\/v2\/product_cat?post=26086"},{"taxonomy":"product_tag","embeddable":true,"href":"https:\/\/vinilozona.lt\/en\/wp-json\/wp\/v2\/product_tag?post=26086"}],"curies":[{"name":"wp","href":"https:\/\/api.w.org\/{rel}","templated":true}]}}