{"id":26075,"date":"2024-10-19T05:52:25","date_gmt":"2024-10-19T02:52:25","guid":{"rendered":"https:\/\/vinilozona.lt\/?post_type=product&#038;p=26075"},"modified":"2024-10-19T21:56:08","modified_gmt":"2024-10-19T18:56:08","slug":"cher-the-very-best-of-cher-2cd","status":"publish","type":"product","link":"https:\/\/vinilozona.lt\/en\/parduotuve\/cd\/nauji-cd\/cher-the-very-best-of-cher-2cd\/","title":{"rendered":"Cher \u2013 The Very Best Of Cher  2CD"},"content":{"rendered":"<p>1-1\tCher\u2013\tBelieve  4:00<br \/>\n1-2\tCher\u2013\tStrong Enough  3:41<br \/>\n1-3\tCher\u2013\tIf I Could Turn Back Time  4:00<br \/>\n1-4\tCher\u2013\tI Found Someone  3:43<br \/>\n1-5\tCher\u2013\tSong For The Lonely  3:22<br \/>\n1-6\tCher\u2013\tWalking In Memphis  3:56<br \/>\n1-7\tCher\u2013\tJust Like Jesse James  4:06<br \/>\n1-8\tCher\u2013\tOne By One  5:03<br \/>\n1-9\tCher\u2013\tLove And Understanding  4:42<br \/>\n1-10\tCher\u2013\tSave Up All Your Tears  4:00<br \/>\n1-11\tEros Ramazzotti Feat. Cher\u2013\tPiu Che Puoi  4:09<br \/>\n1-12\tCher, Chrissie Hynde &#038; Neneh Cherry\u2013\tLove Can Build A Bridge  4:15<br \/>\n1-13\tCher\u2013\tTake Me Home  3:27<br \/>\n1-14\tCher\u2013\tRudy  3:50<br \/>\n1-15\tCher\u2013\tBad Love (From The Film &#8216;Foxes&#8217;)  5:26<br \/>\n1-16\tCher\u2013\tWhen The Money&#8217;s Gone  4:39<br \/>\n1-17\tCher\u2013\tAll Or Nothing  3:56<br \/>\n1-18\tCher\u2013\tAlive Again  4:19<br \/>\n1-19\tCher\u2013\tA Different Kind Of Love Song  3:50<br \/>\n2-1\tCher\u2013\tThe Shoop Shoop Song (It&#8217;s In His Kiss)  2:50<br \/>\n2-2\tCher\u2013\tHeart Of Stone  4:11<br \/>\n2-3\tCher\u2013\tDov&#8217;\u00e8 L&#8217;Amore (Emilio Estefan Jnr. Radio Edit)  3:45<br \/>\n2-4\tCher\u2013\tThe Music&#8217;s No Good Without You  4:41<br \/>\n2-5\tCher\u2013\tGypsies, Tramps &#038; Thieves  2:37<br \/>\n2-6\tCher\u2013\tHalf-Breed  2:44<br \/>\n2-7\tCher\u2013\tDark Lady  3:27<br \/>\n2-8\tSonny &#038; Cher\u2013\tI Got You Babe  3:07<br \/>\n2-9\tSonny &#038; Cher\u2013\tThe Beat Goes On  3:28<br \/>\n2-10\tCher\u2013\tBang Bang (My Baby Shot Me Down) (Original Version)  2:44<br \/>\n2-11\tCher\u2013\tThe Way Of Love  2:31<br \/>\n2-12\tCher\u2013\tAll I Really Want To Do  2:57<br \/>\n2-13\tCher\u2013\tTrain Of Thought  2:35<br \/>\n2-14\tSonny &#038; Cher\u2013\tA Cowboy&#8217;s Work Is Never Done  3:18<br \/>\n2-15\tCher\u2013\tWe All Sleep Alone  3:51<br \/>\n2-16\tCher\u2013\tLove Hurts  4:15<br \/>\n2-17\tCher\u2013\tNot Enough Love In The World  4:22<br \/>\n2-18\tCher\u2013\tBorn With The Hunger  4:02<br \/>\n2-19\tCher &#038; Peter Cetera\u2013\tAfter All (Love Theme From &#8222;Chances Are&#8221;)  4:05<br \/>\n2-20\tSonny &#038; Cher\u2013\tAll I Ever Need Is You  2:40<br \/>\n2-21\tSonny &#038; Cher\u2013\tBaby Don&#8217;t Go  3:09<br \/>\n2-22\tMeat Loaf Feat. Cher\u2013\tDead Ringer For Love  4:25<br \/>\n2-23\tCher\u2013\tBang Bang (My Baby Shot Me Down)  3:45<\/p>","protected":false},"excerpt":{"rendered":"<p>Warner Bros. Records \u2013 25646 0864 5, MCA Records \u2013 25646 0864 5, Geffen Records \u2013 25646 0864 5, Warner Strategic Marketing \u2013 25646 0864 5, Universal Music TV \u2013 25646 0864 5<br \/>\nFormat:<br \/>\n2 x CD, Compilation<br \/>\nCountry: Europe<br \/>\nReleased:  2003<\/p>","protected":false},"featured_media":26076,"template":"","meta":[],"product_cat":[24,947],"product_tag":[44],"yoast_head":"<!-- This site is optimized with the Yoast SEO plugin v23.5 - https:\/\/yoast.com\/wordpress\/plugins\/seo\/ -->\n<title>Cher \u2013 The Very Best Of Cher 2CD Vinilin\u0117 Plok\u0161tel\u0117 | Vinilozona.lt<\/title>\n<meta name=\"robots\" content=\"index, follow, max-snippet:-1, max-image-preview:large, max-video-preview:-1\" \/>\n<link rel=\"canonical\" href=\"https:\/\/vinilozona.lt\/en\/parduotuve\/cd\/nauji-cd\/cher-the-very-best-of-cher-2cd\/\" \/>\n<meta property=\"og:locale\" content=\"en_GB\" \/>\n<meta property=\"og:type\" content=\"article\" \/>\n<meta property=\"og:title\" content=\"Cher \u2013 The Very Best Of Cher 2CD Vinilin\u0117 Plok\u0161tel\u0117 | Vinilozona.lt\" \/>\n<meta property=\"og:description\" content=\"Warner Bros. Records \u2013 25646 0864 5, MCA Records \u2013 25646 0864 5, Geffen Records \u2013 25646 0864 5, Warner Strategic Marketing \u2013 25646 0864 5, Universal Music TV \u2013 25646 0864 5 Format: 2 x CD, Compilation Country: Europe Released: 2003\" \/>\n<meta property=\"og:url\" content=\"https:\/\/vinilozona.lt\/en\/parduotuve\/cd\/nauji-cd\/cher-the-very-best-of-cher-2cd\/\" \/>\n<meta property=\"og:site_name\" content=\"Vinilo Zona\" \/>\n<meta property=\"article:modified_time\" content=\"2024-10-19T18:56:08+00:00\" \/>\n<meta property=\"og:image\" content=\"https:\/\/vinilozona.lt\/wp-content\/uploads\/2024\/10\/R-1541393-1227130085.jpg\" \/>\n\t<meta property=\"og:image:width\" content=\"299\" \/>\n\t<meta property=\"og:image:height\" content=\"299\" \/>\n\t<meta property=\"og:image:type\" content=\"image\/jpeg\" \/>\n<meta name=\"twitter:card\" content=\"summary_large_image\" \/>\n<meta name=\"twitter:label1\" content=\"Estimated reading time\" \/>\n\t<meta name=\"twitter:data1\" content=\"1 minute\" \/>\n<script type=\"application\/ld+json\" class=\"yoast-schema-graph\">{\"@context\":\"https:\/\/schema.org\",\"@graph\":[{\"@type\":\"WebPage\",\"@id\":\"https:\/\/vinilozona.lt\/parduotuve\/cd\/nauji-cd\/cher-the-very-best-of-cher-2cd\/\",\"url\":\"https:\/\/vinilozona.lt\/parduotuve\/cd\/nauji-cd\/cher-the-very-best-of-cher-2cd\/\",\"name\":\"Cher \u2013 The Very Best Of Cher 2CD Vinilin\u0117 Plok\u0161tel\u0117 | Vinilozona.lt\",\"isPartOf\":{\"@id\":\"https:\/\/vinilozona.lt\/#website\"},\"primaryImageOfPage\":{\"@id\":\"https:\/\/vinilozona.lt\/parduotuve\/cd\/nauji-cd\/cher-the-very-best-of-cher-2cd\/#primaryimage\"},\"image\":{\"@id\":\"https:\/\/vinilozona.lt\/parduotuve\/cd\/nauji-cd\/cher-the-very-best-of-cher-2cd\/#primaryimage\"},\"thumbnailUrl\":\"https:\/\/vinilozona.lt\/wp-content\/uploads\/2024\/10\/R-1541393-1227130085.jpg\",\"datePublished\":\"2024-10-19T02:52:25+00:00\",\"dateModified\":\"2024-10-19T18:56:08+00:00\",\"breadcrumb\":{\"@id\":\"https:\/\/vinilozona.lt\/parduotuve\/cd\/nauji-cd\/cher-the-very-best-of-cher-2cd\/#breadcrumb\"},\"inLanguage\":\"en-GB\",\"potentialAction\":[{\"@type\":\"ReadAction\",\"target\":[\"https:\/\/vinilozona.lt\/parduotuve\/cd\/nauji-cd\/cher-the-very-best-of-cher-2cd\/\"]}]},{\"@type\":\"ImageObject\",\"inLanguage\":\"en-GB\",\"@id\":\"https:\/\/vinilozona.lt\/parduotuve\/cd\/nauji-cd\/cher-the-very-best-of-cher-2cd\/#primaryimage\",\"url\":\"https:\/\/vinilozona.lt\/wp-content\/uploads\/2024\/10\/R-1541393-1227130085.jpg\",\"contentUrl\":\"https:\/\/vinilozona.lt\/wp-content\/uploads\/2024\/10\/R-1541393-1227130085.jpg\",\"width\":299,\"height\":299},{\"@type\":\"BreadcrumbList\",\"@id\":\"https:\/\/vinilozona.lt\/parduotuve\/cd\/nauji-cd\/cher-the-very-best-of-cher-2cd\/#breadcrumb\",\"itemListElement\":[{\"@type\":\"ListItem\",\"position\":1,\"name\":\"Home\",\"item\":\"https:\/\/vinilozona.lt\/\"},{\"@type\":\"ListItem\",\"position\":2,\"name\":\"Parduotuv\u0117\",\"item\":\"https:\/\/vinilozona.lt\/parduotuve\/\"},{\"@type\":\"ListItem\",\"position\":3,\"name\":\"Cher \u2013 The Very Best Of Cher 2CD\"}]},{\"@type\":\"WebSite\",\"@id\":\"https:\/\/vinilozona.lt\/#website\",\"url\":\"https:\/\/vinilozona.lt\/\",\"name\":\"Vinilo Zona\",\"description\":\"Nup\u016bsk dulkes ir klausyk LP\",\"potentialAction\":[{\"@type\":\"SearchAction\",\"target\":{\"@type\":\"EntryPoint\",\"urlTemplate\":\"https:\/\/vinilozona.lt\/?s={search_term_string}\"},\"query-input\":{\"@type\":\"PropertyValueSpecification\",\"valueRequired\":true,\"valueName\":\"search_term_string\"}}],\"inLanguage\":\"en-GB\"}]}<\/script>\n<!-- \/ Yoast SEO plugin. -->","yoast_head_json":{"title":"Cher \u2013 The Very Best Of Cher 2CD Vinilin\u0117 Plok\u0161tel\u0117 | Vinilozona.lt","robots":{"index":"index","follow":"follow","max-snippet":"max-snippet:-1","max-image-preview":"max-image-preview:large","max-video-preview":"max-video-preview:-1"},"canonical":"https:\/\/vinilozona.lt\/en\/parduotuve\/cd\/nauji-cd\/cher-the-very-best-of-cher-2cd\/","og_locale":"en_GB","og_type":"article","og_title":"Cher \u2013 The Very Best Of Cher 2CD Vinilin\u0117 Plok\u0161tel\u0117 | Vinilozona.lt","og_description":"Warner Bros. Records \u2013 25646 0864 5, MCA Records \u2013 25646 0864 5, Geffen Records \u2013 25646 0864 5, Warner Strategic Marketing \u2013 25646 0864 5, Universal Music TV \u2013 25646 0864 5 Format: 2 x CD, Compilation Country: Europe Released: 2003","og_url":"https:\/\/vinilozona.lt\/en\/parduotuve\/cd\/nauji-cd\/cher-the-very-best-of-cher-2cd\/","og_site_name":"Vinilo Zona","article_modified_time":"2024-10-19T18:56:08+00:00","og_image":[{"width":299,"height":299,"url":"https:\/\/vinilozona.lt\/wp-content\/uploads\/2024\/10\/R-1541393-1227130085.jpg","type":"image\/jpeg"}],"twitter_card":"summary_large_image","twitter_misc":{"Estimated reading time":"1 minute"},"schema":{"@context":"https:\/\/schema.org","@graph":[{"@type":"WebPage","@id":"https:\/\/vinilozona.lt\/parduotuve\/cd\/nauji-cd\/cher-the-very-best-of-cher-2cd\/","url":"https:\/\/vinilozona.lt\/parduotuve\/cd\/nauji-cd\/cher-the-very-best-of-cher-2cd\/","name":"Cher \u2013 The Very Best Of Cher 2CD Vinilin\u0117 Plok\u0161tel\u0117 | Vinilozona.lt","isPartOf":{"@id":"https:\/\/vinilozona.lt\/#website"},"primaryImageOfPage":{"@id":"https:\/\/vinilozona.lt\/parduotuve\/cd\/nauji-cd\/cher-the-very-best-of-cher-2cd\/#primaryimage"},"image":{"@id":"https:\/\/vinilozona.lt\/parduotuve\/cd\/nauji-cd\/cher-the-very-best-of-cher-2cd\/#primaryimage"},"thumbnailUrl":"https:\/\/vinilozona.lt\/wp-content\/uploads\/2024\/10\/R-1541393-1227130085.jpg","datePublished":"2024-10-19T02:52:25+00:00","dateModified":"2024-10-19T18:56:08+00:00","breadcrumb":{"@id":"https:\/\/vinilozona.lt\/parduotuve\/cd\/nauji-cd\/cher-the-very-best-of-cher-2cd\/#breadcrumb"},"inLanguage":"en-GB","potentialAction":[{"@type":"ReadAction","target":["https:\/\/vinilozona.lt\/parduotuve\/cd\/nauji-cd\/cher-the-very-best-of-cher-2cd\/"]}]},{"@type":"ImageObject","inLanguage":"en-GB","@id":"https:\/\/vinilozona.lt\/parduotuve\/cd\/nauji-cd\/cher-the-very-best-of-cher-2cd\/#primaryimage","url":"https:\/\/vinilozona.lt\/wp-content\/uploads\/2024\/10\/R-1541393-1227130085.jpg","contentUrl":"https:\/\/vinilozona.lt\/wp-content\/uploads\/2024\/10\/R-1541393-1227130085.jpg","width":299,"height":299},{"@type":"BreadcrumbList","@id":"https:\/\/vinilozona.lt\/parduotuve\/cd\/nauji-cd\/cher-the-very-best-of-cher-2cd\/#breadcrumb","itemListElement":[{"@type":"ListItem","position":1,"name":"Home","item":"https:\/\/vinilozona.lt\/"},{"@type":"ListItem","position":2,"name":"Parduotuv\u0117","item":"https:\/\/vinilozona.lt\/parduotuve\/"},{"@type":"ListItem","position":3,"name":"Cher \u2013 The Very Best Of Cher 2CD"}]},{"@type":"WebSite","@id":"https:\/\/vinilozona.lt\/#website","url":"https:\/\/vinilozona.lt\/","name":"Vinilo Zona","description":"Nup\u016bsk dulkes ir klausyk LP","potentialAction":[{"@type":"SearchAction","target":{"@type":"EntryPoint","urlTemplate":"https:\/\/vinilozona.lt\/?s={search_term_string}"},"query-input":{"@type":"PropertyValueSpecification","valueRequired":true,"valueName":"search_term_string"}}],"inLanguage":"en-GB"}]}},"_links":{"self":[{"href":"https:\/\/vinilozona.lt\/en\/wp-json\/wp\/v2\/product\/26075"}],"collection":[{"href":"https:\/\/vinilozona.lt\/en\/wp-json\/wp\/v2\/product"}],"about":[{"href":"https:\/\/vinilozona.lt\/en\/wp-json\/wp\/v2\/types\/product"}],"wp:featuredmedia":[{"embeddable":true,"href":"https:\/\/vinilozona.lt\/en\/wp-json\/wp\/v2\/media\/26076"}],"wp:attachment":[{"href":"https:\/\/vinilozona.lt\/en\/wp-json\/wp\/v2\/media?parent=26075"}],"wp:term":[{"taxonomy":"product_cat","embeddable":true,"href":"https:\/\/vinilozona.lt\/en\/wp-json\/wp\/v2\/product_cat?post=26075"},{"taxonomy":"product_tag","embeddable":true,"href":"https:\/\/vinilozona.lt\/en\/wp-json\/wp\/v2\/product_tag?post=26075"}],"curies":[{"name":"wp","href":"https:\/\/api.w.org\/{rel}","templated":true}]}}