{"id":26055,"date":"2024-10-18T05:06:12","date_gmt":"2024-10-18T02:06:12","guid":{"rendered":"https:\/\/vinilozona.lt\/?post_type=product&#038;p=26055"},"modified":"2025-06-14T19:50:10","modified_gmt":"2025-06-14T16:50:10","slug":"rod-stewart-as-time-goes-by-the-great-american-songbook-vol-ii-cd","status":"publish","type":"product","link":"https:\/\/vinilozona.lt\/en\/parduotuve\/cd\/naudoti-cd\/rod-stewart-as-time-goes-by-the-great-american-songbook-vol-ii-cd\/","title":{"rendered":"Rod Stewart \u2013 As Time Goes By&#8230; The Great American Songbook Vol. II   CD"},"content":{"rendered":"<p>1\tRod Stewart\u2013\tTime After Time  2:59<br \/>\n2\tRod Stewart\u2013\tI&#8217;m In The Mood For Love   3:07<br \/>\n3\tRod Stewart\u2013\tDon&#8217;t Get Around Much Anymore  2:48<br \/>\n4\tRod Stewart Duet With Cher\u2013\tBewitched, Bothered &#038; Bewildered  4:14<br \/>\n5\tRod Stewart\u2013\tTill There Was You  2:51<br \/>\n6\tRod Stewart\u2013\tUntil The Real Thing Comes Along  3:38<br \/>\n7\tRod Stewart Duet With Lisa Ekdahl\u2013\tWhere Or When  3:10<br \/>\n8\tRod Stewart\u2013\tSmile  3:13<br \/>\n9\tRod Stewart\u2013\tMy Heart Stood Still  3:03<br \/>\n10\tRod Stewart\u2013\tSomeone To Watch Over Me  3:31<br \/>\n11\tRod Stewart Duet With Queen Latifah\u2013\tAs Time Goes By  3:50<br \/>\n12\tRod Stewart\u2013\tI Only Have Eyes For You  3:08<br \/>\n13\tRod Stewart\u2013\tCrazy She Calls Me  3:28<br \/>\n14\tRod Stewart\u2013\tOur Love Is Here To Stay  2:57<\/p>","protected":false},"excerpt":{"rendered":"<p>J Records \u2013 82876 57639 2, BMG \u2013 82876 57639 2<br \/>\nFormat:<br \/>\nCD, Album, Copy Protected<br \/>\nCountry:  Europe<br \/>\nReleased:  2003<\/p>","protected":false},"featured_media":26056,"template":"","meta":[],"product_cat":[24,946],"product_tag":[44],"yoast_head":"<!-- This site is optimized with the Yoast SEO plugin v23.5 - https:\/\/yoast.com\/wordpress\/plugins\/seo\/ -->\n<title>Rod Stewart \u2013 As Time Goes By... The Great American Songbook Vol. II  CD Vinilin\u0117 Plok\u0161tel\u0117 | Vinilozona.lt<\/title>\n<meta name=\"robots\" content=\"index, follow, max-snippet:-1, max-image-preview:large, max-video-preview:-1\" \/>\n<link rel=\"canonical\" href=\"https:\/\/vinilozona.lt\/en\/parduotuve\/cd\/naudoti-cd\/rod-stewart-as-time-goes-by-the-great-american-songbook-vol-ii-cd\/\" \/>\n<meta property=\"og:locale\" content=\"en_GB\" \/>\n<meta property=\"og:type\" content=\"article\" \/>\n<meta property=\"og:title\" content=\"Rod Stewart \u2013 As Time Goes By... The Great American Songbook Vol. II  CD Vinilin\u0117 Plok\u0161tel\u0117 | Vinilozona.lt\" \/>\n<meta property=\"og:description\" content=\"J Records \u2013 82876 57639 2, BMG \u2013 82876 57639 2 Format: CD, Album, Copy Protected Country: Europe Released: 2003\" \/>\n<meta property=\"og:url\" content=\"https:\/\/vinilozona.lt\/en\/parduotuve\/cd\/naudoti-cd\/rod-stewart-as-time-goes-by-the-great-american-songbook-vol-ii-cd\/\" \/>\n<meta property=\"og:site_name\" content=\"Vinilo Zona\" \/>\n<meta property=\"article:modified_time\" content=\"2025-06-14T16:50:10+00:00\" \/>\n<meta property=\"og:image\" content=\"https:\/\/vinilozona.lt\/wp-content\/uploads\/2024\/10\/R-9625120-1483910326-8193.jpg\" \/>\n\t<meta property=\"og:image:width\" content=\"600\" \/>\n\t<meta property=\"og:image:height\" content=\"596\" \/>\n\t<meta property=\"og:image:type\" content=\"image\/jpeg\" \/>\n<meta name=\"twitter:card\" content=\"summary_large_image\" \/>\n<meta name=\"twitter:label1\" content=\"Estimated reading time\" \/>\n\t<meta name=\"twitter:data1\" content=\"1 minute\" \/>\n<script type=\"application\/ld+json\" class=\"yoast-schema-graph\">{\"@context\":\"https:\/\/schema.org\",\"@graph\":[{\"@type\":\"WebPage\",\"@id\":\"https:\/\/vinilozona.lt\/parduotuve\/cd\/naudoti-cd\/rod-stewart-as-time-goes-by-the-great-american-songbook-vol-ii-cd\/\",\"url\":\"https:\/\/vinilozona.lt\/parduotuve\/cd\/naudoti-cd\/rod-stewart-as-time-goes-by-the-great-american-songbook-vol-ii-cd\/\",\"name\":\"Rod Stewart \u2013 As Time Goes By... The Great American Songbook Vol. II CD Vinilin\u0117 Plok\u0161tel\u0117 | Vinilozona.lt\",\"isPartOf\":{\"@id\":\"https:\/\/vinilozona.lt\/#website\"},\"primaryImageOfPage\":{\"@id\":\"https:\/\/vinilozona.lt\/parduotuve\/cd\/naudoti-cd\/rod-stewart-as-time-goes-by-the-great-american-songbook-vol-ii-cd\/#primaryimage\"},\"image\":{\"@id\":\"https:\/\/vinilozona.lt\/parduotuve\/cd\/naudoti-cd\/rod-stewart-as-time-goes-by-the-great-american-songbook-vol-ii-cd\/#primaryimage\"},\"thumbnailUrl\":\"https:\/\/vinilozona.lt\/wp-content\/uploads\/2024\/10\/R-9625120-1483910326-8193.jpg\",\"datePublished\":\"2024-10-18T02:06:12+00:00\",\"dateModified\":\"2025-06-14T16:50:10+00:00\",\"breadcrumb\":{\"@id\":\"https:\/\/vinilozona.lt\/parduotuve\/cd\/naudoti-cd\/rod-stewart-as-time-goes-by-the-great-american-songbook-vol-ii-cd\/#breadcrumb\"},\"inLanguage\":\"en-GB\",\"potentialAction\":[{\"@type\":\"ReadAction\",\"target\":[\"https:\/\/vinilozona.lt\/parduotuve\/cd\/naudoti-cd\/rod-stewart-as-time-goes-by-the-great-american-songbook-vol-ii-cd\/\"]}]},{\"@type\":\"ImageObject\",\"inLanguage\":\"en-GB\",\"@id\":\"https:\/\/vinilozona.lt\/parduotuve\/cd\/naudoti-cd\/rod-stewart-as-time-goes-by-the-great-american-songbook-vol-ii-cd\/#primaryimage\",\"url\":\"https:\/\/vinilozona.lt\/wp-content\/uploads\/2024\/10\/R-9625120-1483910326-8193.jpg\",\"contentUrl\":\"https:\/\/vinilozona.lt\/wp-content\/uploads\/2024\/10\/R-9625120-1483910326-8193.jpg\",\"width\":600,\"height\":596},{\"@type\":\"BreadcrumbList\",\"@id\":\"https:\/\/vinilozona.lt\/parduotuve\/cd\/naudoti-cd\/rod-stewart-as-time-goes-by-the-great-american-songbook-vol-ii-cd\/#breadcrumb\",\"itemListElement\":[{\"@type\":\"ListItem\",\"position\":1,\"name\":\"Home\",\"item\":\"https:\/\/vinilozona.lt\/\"},{\"@type\":\"ListItem\",\"position\":2,\"name\":\"Parduotuv\u0117\",\"item\":\"https:\/\/vinilozona.lt\/parduotuve\/\"},{\"@type\":\"ListItem\",\"position\":3,\"name\":\"Rod Stewart \u2013 As Time Goes By&#8230; The Great American Songbook Vol. II CD\"}]},{\"@type\":\"WebSite\",\"@id\":\"https:\/\/vinilozona.lt\/#website\",\"url\":\"https:\/\/vinilozona.lt\/\",\"name\":\"Vinilo Zona\",\"description\":\"Nup\u016bsk dulkes ir klausyk LP\",\"potentialAction\":[{\"@type\":\"SearchAction\",\"target\":{\"@type\":\"EntryPoint\",\"urlTemplate\":\"https:\/\/vinilozona.lt\/?s={search_term_string}\"},\"query-input\":{\"@type\":\"PropertyValueSpecification\",\"valueRequired\":true,\"valueName\":\"search_term_string\"}}],\"inLanguage\":\"en-GB\"}]}<\/script>\n<!-- \/ Yoast SEO plugin. -->","yoast_head_json":{"title":"Rod Stewart \u2013 As Time Goes By... The Great American Songbook Vol. II  CD Vinilin\u0117 Plok\u0161tel\u0117 | Vinilozona.lt","robots":{"index":"index","follow":"follow","max-snippet":"max-snippet:-1","max-image-preview":"max-image-preview:large","max-video-preview":"max-video-preview:-1"},"canonical":"https:\/\/vinilozona.lt\/en\/parduotuve\/cd\/naudoti-cd\/rod-stewart-as-time-goes-by-the-great-american-songbook-vol-ii-cd\/","og_locale":"en_GB","og_type":"article","og_title":"Rod Stewart \u2013 As Time Goes By... The Great American Songbook Vol. II  CD Vinilin\u0117 Plok\u0161tel\u0117 | Vinilozona.lt","og_description":"J Records \u2013 82876 57639 2, BMG \u2013 82876 57639 2 Format: CD, Album, Copy Protected Country: Europe Released: 2003","og_url":"https:\/\/vinilozona.lt\/en\/parduotuve\/cd\/naudoti-cd\/rod-stewart-as-time-goes-by-the-great-american-songbook-vol-ii-cd\/","og_site_name":"Vinilo Zona","article_modified_time":"2025-06-14T16:50:10+00:00","og_image":[{"width":600,"height":596,"url":"https:\/\/vinilozona.lt\/wp-content\/uploads\/2024\/10\/R-9625120-1483910326-8193.jpg","type":"image\/jpeg"}],"twitter_card":"summary_large_image","twitter_misc":{"Estimated reading time":"1 minute"},"schema":{"@context":"https:\/\/schema.org","@graph":[{"@type":"WebPage","@id":"https:\/\/vinilozona.lt\/parduotuve\/cd\/naudoti-cd\/rod-stewart-as-time-goes-by-the-great-american-songbook-vol-ii-cd\/","url":"https:\/\/vinilozona.lt\/parduotuve\/cd\/naudoti-cd\/rod-stewart-as-time-goes-by-the-great-american-songbook-vol-ii-cd\/","name":"Rod Stewart \u2013 As Time Goes By... The Great American Songbook Vol. II CD Vinilin\u0117 Plok\u0161tel\u0117 | Vinilozona.lt","isPartOf":{"@id":"https:\/\/vinilozona.lt\/#website"},"primaryImageOfPage":{"@id":"https:\/\/vinilozona.lt\/parduotuve\/cd\/naudoti-cd\/rod-stewart-as-time-goes-by-the-great-american-songbook-vol-ii-cd\/#primaryimage"},"image":{"@id":"https:\/\/vinilozona.lt\/parduotuve\/cd\/naudoti-cd\/rod-stewart-as-time-goes-by-the-great-american-songbook-vol-ii-cd\/#primaryimage"},"thumbnailUrl":"https:\/\/vinilozona.lt\/wp-content\/uploads\/2024\/10\/R-9625120-1483910326-8193.jpg","datePublished":"2024-10-18T02:06:12+00:00","dateModified":"2025-06-14T16:50:10+00:00","breadcrumb":{"@id":"https:\/\/vinilozona.lt\/parduotuve\/cd\/naudoti-cd\/rod-stewart-as-time-goes-by-the-great-american-songbook-vol-ii-cd\/#breadcrumb"},"inLanguage":"en-GB","potentialAction":[{"@type":"ReadAction","target":["https:\/\/vinilozona.lt\/parduotuve\/cd\/naudoti-cd\/rod-stewart-as-time-goes-by-the-great-american-songbook-vol-ii-cd\/"]}]},{"@type":"ImageObject","inLanguage":"en-GB","@id":"https:\/\/vinilozona.lt\/parduotuve\/cd\/naudoti-cd\/rod-stewart-as-time-goes-by-the-great-american-songbook-vol-ii-cd\/#primaryimage","url":"https:\/\/vinilozona.lt\/wp-content\/uploads\/2024\/10\/R-9625120-1483910326-8193.jpg","contentUrl":"https:\/\/vinilozona.lt\/wp-content\/uploads\/2024\/10\/R-9625120-1483910326-8193.jpg","width":600,"height":596},{"@type":"BreadcrumbList","@id":"https:\/\/vinilozona.lt\/parduotuve\/cd\/naudoti-cd\/rod-stewart-as-time-goes-by-the-great-american-songbook-vol-ii-cd\/#breadcrumb","itemListElement":[{"@type":"ListItem","position":1,"name":"Home","item":"https:\/\/vinilozona.lt\/"},{"@type":"ListItem","position":2,"name":"Parduotuv\u0117","item":"https:\/\/vinilozona.lt\/parduotuve\/"},{"@type":"ListItem","position":3,"name":"Rod Stewart \u2013 As Time Goes By&#8230; The Great American Songbook Vol. II CD"}]},{"@type":"WebSite","@id":"https:\/\/vinilozona.lt\/#website","url":"https:\/\/vinilozona.lt\/","name":"Vinilo Zona","description":"Nup\u016bsk dulkes ir klausyk LP","potentialAction":[{"@type":"SearchAction","target":{"@type":"EntryPoint","urlTemplate":"https:\/\/vinilozona.lt\/?s={search_term_string}"},"query-input":{"@type":"PropertyValueSpecification","valueRequired":true,"valueName":"search_term_string"}}],"inLanguage":"en-GB"}]}},"_links":{"self":[{"href":"https:\/\/vinilozona.lt\/en\/wp-json\/wp\/v2\/product\/26055"}],"collection":[{"href":"https:\/\/vinilozona.lt\/en\/wp-json\/wp\/v2\/product"}],"about":[{"href":"https:\/\/vinilozona.lt\/en\/wp-json\/wp\/v2\/types\/product"}],"wp:featuredmedia":[{"embeddable":true,"href":"https:\/\/vinilozona.lt\/en\/wp-json\/wp\/v2\/media\/26056"}],"wp:attachment":[{"href":"https:\/\/vinilozona.lt\/en\/wp-json\/wp\/v2\/media?parent=26055"}],"wp:term":[{"taxonomy":"product_cat","embeddable":true,"href":"https:\/\/vinilozona.lt\/en\/wp-json\/wp\/v2\/product_cat?post=26055"},{"taxonomy":"product_tag","embeddable":true,"href":"https:\/\/vinilozona.lt\/en\/wp-json\/wp\/v2\/product_tag?post=26055"}],"curies":[{"name":"wp","href":"https:\/\/api.w.org\/{rel}","templated":true}]}}