{"id":25972,"date":"2024-10-07T22:40:52","date_gmt":"2024-10-07T19:40:52","guid":{"rendered":"https:\/\/vinilozona.lt\/?post_type=product&#038;p=25972"},"modified":"2025-08-10T07:42:12","modified_gmt":"2025-08-10T04:42:12","slug":"boris-blank-yello-resonance-2lp","status":"publish","type":"product","link":"https:\/\/vinilozona.lt\/en\/parduotuve\/naujos-lp\/boris-blank-yello-resonance-2lp\/","title":{"rendered":"Alice Cooper \u2013 Road 2LP+DVD"},"content":{"rendered":"<p>A1\t\tI&#8217;m Alice<br \/>\nA2\t\tWelcome To The Show<br \/>\nA3\t\tAll Over The World<br \/>\nB1\t\tDead Don&#8217;t Dance<br \/>\nB2\t\tGo Away<br \/>\nB3\t\tWhite Line Frankenstein<br \/>\nC1\t\tBig Boots<br \/>\nC2\t\tRules Of The Road<br \/>\nC3\t\tThe Big Goodbye<br \/>\nD1\t\tRoad Rats Forever<br \/>\nD2\t\tBaby Please Don&#8217;t Go<br \/>\nD3\t\t100 More Miles<br \/>\nD4\t\tMagic Bus<br \/>\nLive At Hellfest 2022<br \/>\nDVD-1\t\tFeed My Frankenstein<br \/>\nDVD-2\t\tNo More Mr. Nice Guy<br \/>\nDVD-3\t\tBed Of Nails<br \/>\nDVD-4\t\tHey Stoopid<br \/>\nDVD-5\t\tFallen In Love<br \/>\nDVD-6\t\tGo Man Go<br \/>\nDVD-7\t\tGuitar Solo By Nita Strauss<br \/>\nDVD-8\t\tRoses On White Lace<br \/>\nDVD-9\t\tI&#8217;m Eighteen<br \/>\nDVD-10\t\tPoison<br \/>\nDVD-11\t\tBillion Dollar Babies<br \/>\nDVD-12\t\tThe Black Widow Jam<br \/>\nDVD-13\t\tSteven<br \/>\nDVD-14\t\tDead Babies<br \/>\nDVD-15\t\tI Love The Dead<br \/>\nDVD-16\t\tEscape<br \/>\nDVD-17\t\tSchool&#8217;s Out<\/p>","protected":false},"excerpt":{"rendered":"<p>Label:\tEar Music \u2013 0218617EMU, Edel \u2013 0218617EMU, Alive \u2013 0218617EMU<br \/>\nFormat:\t2 x Vinyl, 12&#8243;, 45 RPM, Album, 180g<br \/>\nDVD<br \/>\nCountry:\tEurope<br \/>\nReleased:\tAug 25, 2023<\/p>","protected":false},"featured_media":25975,"template":"","meta":[],"product_cat":[23],"product_tag":[55],"yoast_head":"<!-- This site is optimized with the Yoast SEO plugin v23.5 - https:\/\/yoast.com\/wordpress\/plugins\/seo\/ -->\n<title>Alice Cooper \u2013 Road 2LP+DVD Vinilin\u0117 Plok\u0161tel\u0117 | Vinilozona.lt<\/title>\n<meta name=\"robots\" content=\"index, follow, max-snippet:-1, max-image-preview:large, max-video-preview:-1\" \/>\n<link rel=\"canonical\" href=\"https:\/\/vinilozona.lt\/en\/parduotuve\/naujos-lp\/boris-blank-yello-resonance-2lp\/\" \/>\n<meta property=\"og:locale\" content=\"en_GB\" \/>\n<meta property=\"og:type\" content=\"article\" \/>\n<meta property=\"og:title\" content=\"Alice Cooper \u2013 Road 2LP+DVD Vinilin\u0117 Plok\u0161tel\u0117 | Vinilozona.lt\" \/>\n<meta property=\"og:description\" content=\"Label: Ear Music \u2013 0218617EMU, Edel \u2013 0218617EMU, Alive \u2013 0218617EMU Format: 2 x Vinyl, 12&quot;, 45 RPM, Album, 180g DVD Country: Europe Released: Aug 25, 2023\" \/>\n<meta property=\"og:url\" content=\"https:\/\/vinilozona.lt\/en\/parduotuve\/naujos-lp\/boris-blank-yello-resonance-2lp\/\" \/>\n<meta property=\"og:site_name\" content=\"Vinilo Zona\" \/>\n<meta property=\"article:modified_time\" content=\"2025-08-10T04:42:12+00:00\" \/>\n<meta property=\"og:image\" content=\"https:\/\/vinilozona.lt\/wp-content\/uploads\/2024\/10\/R-28064817-1692893193-4241.jpg\" \/>\n\t<meta property=\"og:image:width\" content=\"587\" \/>\n\t<meta property=\"og:image:height\" content=\"599\" \/>\n\t<meta property=\"og:image:type\" content=\"image\/jpeg\" \/>\n<meta name=\"twitter:card\" content=\"summary_large_image\" \/>\n<meta name=\"twitter:label1\" content=\"Estimated reading time\" \/>\n\t<meta name=\"twitter:data1\" content=\"1 minute\" \/>\n<script type=\"application\/ld+json\" class=\"yoast-schema-graph\">{\"@context\":\"https:\/\/schema.org\",\"@graph\":[{\"@type\":\"WebPage\",\"@id\":\"https:\/\/vinilozona.lt\/parduotuve\/naujos-lp\/boris-blank-yello-resonance-2lp\/\",\"url\":\"https:\/\/vinilozona.lt\/parduotuve\/naujos-lp\/boris-blank-yello-resonance-2lp\/\",\"name\":\"Alice Cooper \u2013 Road 2LP+DVD Vinilin\u0117 Plok\u0161tel\u0117 | Vinilozona.lt\",\"isPartOf\":{\"@id\":\"https:\/\/vinilozona.lt\/#website\"},\"primaryImageOfPage\":{\"@id\":\"https:\/\/vinilozona.lt\/parduotuve\/naujos-lp\/boris-blank-yello-resonance-2lp\/#primaryimage\"},\"image\":{\"@id\":\"https:\/\/vinilozona.lt\/parduotuve\/naujos-lp\/boris-blank-yello-resonance-2lp\/#primaryimage\"},\"thumbnailUrl\":\"https:\/\/vinilozona.lt\/wp-content\/uploads\/2024\/10\/R-28064817-1692893193-4241.jpg\",\"datePublished\":\"2024-10-07T19:40:52+00:00\",\"dateModified\":\"2025-08-10T04:42:12+00:00\",\"breadcrumb\":{\"@id\":\"https:\/\/vinilozona.lt\/parduotuve\/naujos-lp\/boris-blank-yello-resonance-2lp\/#breadcrumb\"},\"inLanguage\":\"en-GB\",\"potentialAction\":[{\"@type\":\"ReadAction\",\"target\":[\"https:\/\/vinilozona.lt\/parduotuve\/naujos-lp\/boris-blank-yello-resonance-2lp\/\"]}]},{\"@type\":\"ImageObject\",\"inLanguage\":\"en-GB\",\"@id\":\"https:\/\/vinilozona.lt\/parduotuve\/naujos-lp\/boris-blank-yello-resonance-2lp\/#primaryimage\",\"url\":\"https:\/\/vinilozona.lt\/wp-content\/uploads\/2024\/10\/R-28064817-1692893193-4241.jpg\",\"contentUrl\":\"https:\/\/vinilozona.lt\/wp-content\/uploads\/2024\/10\/R-28064817-1692893193-4241.jpg\",\"width\":587,\"height\":599},{\"@type\":\"BreadcrumbList\",\"@id\":\"https:\/\/vinilozona.lt\/parduotuve\/naujos-lp\/boris-blank-yello-resonance-2lp\/#breadcrumb\",\"itemListElement\":[{\"@type\":\"ListItem\",\"position\":1,\"name\":\"Home\",\"item\":\"https:\/\/vinilozona.lt\/\"},{\"@type\":\"ListItem\",\"position\":2,\"name\":\"Parduotuv\u0117\",\"item\":\"https:\/\/vinilozona.lt\/parduotuve\/\"},{\"@type\":\"ListItem\",\"position\":3,\"name\":\"Alice Cooper \u2013 Road 2LP+DVD\"}]},{\"@type\":\"WebSite\",\"@id\":\"https:\/\/vinilozona.lt\/#website\",\"url\":\"https:\/\/vinilozona.lt\/\",\"name\":\"Vinilo Zona\",\"description\":\"Nup\u016bsk dulkes ir klausyk LP\",\"potentialAction\":[{\"@type\":\"SearchAction\",\"target\":{\"@type\":\"EntryPoint\",\"urlTemplate\":\"https:\/\/vinilozona.lt\/?s={search_term_string}\"},\"query-input\":{\"@type\":\"PropertyValueSpecification\",\"valueRequired\":true,\"valueName\":\"search_term_string\"}}],\"inLanguage\":\"en-GB\"}]}<\/script>\n<!-- \/ Yoast SEO plugin. -->","yoast_head_json":{"title":"Alice Cooper \u2013 Road 2LP+DVD Vinilin\u0117 Plok\u0161tel\u0117 | Vinilozona.lt","robots":{"index":"index","follow":"follow","max-snippet":"max-snippet:-1","max-image-preview":"max-image-preview:large","max-video-preview":"max-video-preview:-1"},"canonical":"https:\/\/vinilozona.lt\/en\/parduotuve\/naujos-lp\/boris-blank-yello-resonance-2lp\/","og_locale":"en_GB","og_type":"article","og_title":"Alice Cooper \u2013 Road 2LP+DVD Vinilin\u0117 Plok\u0161tel\u0117 | Vinilozona.lt","og_description":"Label: Ear Music \u2013 0218617EMU, Edel \u2013 0218617EMU, Alive \u2013 0218617EMU Format: 2 x Vinyl, 12\", 45 RPM, Album, 180g DVD Country: Europe Released: Aug 25, 2023","og_url":"https:\/\/vinilozona.lt\/en\/parduotuve\/naujos-lp\/boris-blank-yello-resonance-2lp\/","og_site_name":"Vinilo Zona","article_modified_time":"2025-08-10T04:42:12+00:00","og_image":[{"width":587,"height":599,"url":"https:\/\/vinilozona.lt\/wp-content\/uploads\/2024\/10\/R-28064817-1692893193-4241.jpg","type":"image\/jpeg"}],"twitter_card":"summary_large_image","twitter_misc":{"Estimated reading time":"1 minute"},"schema":{"@context":"https:\/\/schema.org","@graph":[{"@type":"WebPage","@id":"https:\/\/vinilozona.lt\/parduotuve\/naujos-lp\/boris-blank-yello-resonance-2lp\/","url":"https:\/\/vinilozona.lt\/parduotuve\/naujos-lp\/boris-blank-yello-resonance-2lp\/","name":"Alice Cooper \u2013 Road 2LP+DVD Vinilin\u0117 Plok\u0161tel\u0117 | Vinilozona.lt","isPartOf":{"@id":"https:\/\/vinilozona.lt\/#website"},"primaryImageOfPage":{"@id":"https:\/\/vinilozona.lt\/parduotuve\/naujos-lp\/boris-blank-yello-resonance-2lp\/#primaryimage"},"image":{"@id":"https:\/\/vinilozona.lt\/parduotuve\/naujos-lp\/boris-blank-yello-resonance-2lp\/#primaryimage"},"thumbnailUrl":"https:\/\/vinilozona.lt\/wp-content\/uploads\/2024\/10\/R-28064817-1692893193-4241.jpg","datePublished":"2024-10-07T19:40:52+00:00","dateModified":"2025-08-10T04:42:12+00:00","breadcrumb":{"@id":"https:\/\/vinilozona.lt\/parduotuve\/naujos-lp\/boris-blank-yello-resonance-2lp\/#breadcrumb"},"inLanguage":"en-GB","potentialAction":[{"@type":"ReadAction","target":["https:\/\/vinilozona.lt\/parduotuve\/naujos-lp\/boris-blank-yello-resonance-2lp\/"]}]},{"@type":"ImageObject","inLanguage":"en-GB","@id":"https:\/\/vinilozona.lt\/parduotuve\/naujos-lp\/boris-blank-yello-resonance-2lp\/#primaryimage","url":"https:\/\/vinilozona.lt\/wp-content\/uploads\/2024\/10\/R-28064817-1692893193-4241.jpg","contentUrl":"https:\/\/vinilozona.lt\/wp-content\/uploads\/2024\/10\/R-28064817-1692893193-4241.jpg","width":587,"height":599},{"@type":"BreadcrumbList","@id":"https:\/\/vinilozona.lt\/parduotuve\/naujos-lp\/boris-blank-yello-resonance-2lp\/#breadcrumb","itemListElement":[{"@type":"ListItem","position":1,"name":"Home","item":"https:\/\/vinilozona.lt\/"},{"@type":"ListItem","position":2,"name":"Parduotuv\u0117","item":"https:\/\/vinilozona.lt\/parduotuve\/"},{"@type":"ListItem","position":3,"name":"Alice Cooper \u2013 Road 2LP+DVD"}]},{"@type":"WebSite","@id":"https:\/\/vinilozona.lt\/#website","url":"https:\/\/vinilozona.lt\/","name":"Vinilo Zona","description":"Nup\u016bsk dulkes ir klausyk LP","potentialAction":[{"@type":"SearchAction","target":{"@type":"EntryPoint","urlTemplate":"https:\/\/vinilozona.lt\/?s={search_term_string}"},"query-input":{"@type":"PropertyValueSpecification","valueRequired":true,"valueName":"search_term_string"}}],"inLanguage":"en-GB"}]}},"_links":{"self":[{"href":"https:\/\/vinilozona.lt\/en\/wp-json\/wp\/v2\/product\/25972"}],"collection":[{"href":"https:\/\/vinilozona.lt\/en\/wp-json\/wp\/v2\/product"}],"about":[{"href":"https:\/\/vinilozona.lt\/en\/wp-json\/wp\/v2\/types\/product"}],"wp:featuredmedia":[{"embeddable":true,"href":"https:\/\/vinilozona.lt\/en\/wp-json\/wp\/v2\/media\/25975"}],"wp:attachment":[{"href":"https:\/\/vinilozona.lt\/en\/wp-json\/wp\/v2\/media?parent=25972"}],"wp:term":[{"taxonomy":"product_cat","embeddable":true,"href":"https:\/\/vinilozona.lt\/en\/wp-json\/wp\/v2\/product_cat?post=25972"},{"taxonomy":"product_tag","embeddable":true,"href":"https:\/\/vinilozona.lt\/en\/wp-json\/wp\/v2\/product_tag?post=25972"}],"curies":[{"name":"wp","href":"https:\/\/api.w.org\/{rel}","templated":true}]}}