{"id":25966,"date":"2025-08-30T20:23:54","date_gmt":"2025-08-30T17:23:54","guid":{"rendered":"https:\/\/vinilozona.lt\/?post_type=product&#038;p=25966"},"modified":"2025-08-30T19:59:51","modified_gmt":"2025-08-30T16:59:51","slug":"depeche-mode-music-for-the-masses","status":"publish","type":"product","link":"https:\/\/vinilozona.lt\/en\/parduotuve\/naujos-lp\/depeche-mode-music-for-the-masses\/","title":{"rendered":"Depeche Mode \u2013 Music For The Masses"},"content":{"rendered":"<p>A1\t\tNever Let Me Down Again\t4:47<br \/>\nA2\t\tThe Things You Said\t4:00<br \/>\nA3\t\tStrangelove\t4:56<br \/>\nA4\t\tSacred\t4:45<br \/>\nA5\t\tLittle 15\t4:14<br \/>\nB1\t\tBehind The Wheel\t5:19<br \/>\nB2\t\tI Want You Now\t3:56<br \/>\nB3\t\tTo Have And To Hold\t2:40<br \/>\nB4\t\tNothing\t4:13<br \/>\nB5\t\tPimpf\t4:57<\/p>","protected":false},"excerpt":{"rendered":"<p>Label:\tMute \u2013 STUMM47, Sony Music \u2013 88985336731, Legacy \u2013 88985336731<br \/>\nSeries:\tLegacy Vinyl<br \/>\nFormat:<br \/>\nVinyl, LP, Album, Remastered, Stereo, Gatefold<br \/>\nCountry:\tEurope<br \/>\nReleased:\tDec 23, 2016<\/p>","protected":false},"featured_media":25967,"template":"","meta":[],"product_cat":[23],"product_tag":[55],"yoast_head":"<!-- This site is optimized with the Yoast SEO plugin v23.5 - https:\/\/yoast.com\/wordpress\/plugins\/seo\/ -->\n<title>Depeche Mode \u2013 Music For The Masses Vinilin\u0117 Plok\u0161tel\u0117 | Vinilozona.lt<\/title>\n<meta name=\"robots\" content=\"index, follow, max-snippet:-1, max-image-preview:large, max-video-preview:-1\" \/>\n<link rel=\"canonical\" href=\"https:\/\/vinilozona.lt\/en\/parduotuve\/naujos-lp\/depeche-mode-music-for-the-masses\/\" \/>\n<meta property=\"og:locale\" content=\"en_GB\" \/>\n<meta property=\"og:type\" content=\"article\" \/>\n<meta property=\"og:title\" content=\"Depeche Mode \u2013 Music For The Masses Vinilin\u0117 Plok\u0161tel\u0117 | Vinilozona.lt\" \/>\n<meta property=\"og:description\" content=\"Label: Mute \u2013 STUMM47, Sony Music \u2013 88985336731, Legacy \u2013 88985336731 Series: Legacy Vinyl Format:  Vinyl, LP, Album, Remastered, Stereo, Gatefold Country: Europe Released: Dec 23, 2016\" \/>\n<meta property=\"og:url\" content=\"https:\/\/vinilozona.lt\/en\/parduotuve\/naujos-lp\/depeche-mode-music-for-the-masses\/\" \/>\n<meta property=\"og:site_name\" content=\"Vinilo Zona\" \/>\n<meta property=\"article:modified_time\" content=\"2025-08-30T16:59:51+00:00\" \/>\n<meta property=\"og:image\" content=\"https:\/\/vinilozona.lt\/wp-content\/uploads\/2024\/10\/R-9549990-1482531711-6020.jpg\" \/>\n\t<meta property=\"og:image:width\" content=\"600\" \/>\n\t<meta property=\"og:image:height\" content=\"600\" \/>\n\t<meta property=\"og:image:type\" content=\"image\/jpeg\" \/>\n<meta name=\"twitter:card\" content=\"summary_large_image\" \/>\n<meta name=\"twitter:label1\" content=\"Estimated reading time\" \/>\n\t<meta name=\"twitter:data1\" content=\"1 minute\" \/>\n<script type=\"application\/ld+json\" class=\"yoast-schema-graph\">{\"@context\":\"https:\/\/schema.org\",\"@graph\":[{\"@type\":\"WebPage\",\"@id\":\"https:\/\/vinilozona.lt\/parduotuve\/naujos-lp\/depeche-mode-music-for-the-masses\/\",\"url\":\"https:\/\/vinilozona.lt\/parduotuve\/naujos-lp\/depeche-mode-music-for-the-masses\/\",\"name\":\"Depeche Mode \u2013 Music For The Masses Vinilin\u0117 Plok\u0161tel\u0117 | Vinilozona.lt\",\"isPartOf\":{\"@id\":\"https:\/\/vinilozona.lt\/#website\"},\"primaryImageOfPage\":{\"@id\":\"https:\/\/vinilozona.lt\/parduotuve\/naujos-lp\/depeche-mode-music-for-the-masses\/#primaryimage\"},\"image\":{\"@id\":\"https:\/\/vinilozona.lt\/parduotuve\/naujos-lp\/depeche-mode-music-for-the-masses\/#primaryimage\"},\"thumbnailUrl\":\"https:\/\/vinilozona.lt\/wp-content\/uploads\/2024\/10\/R-9549990-1482531711-6020.jpg\",\"datePublished\":\"2025-08-30T17:23:54+00:00\",\"dateModified\":\"2025-08-30T16:59:51+00:00\",\"breadcrumb\":{\"@id\":\"https:\/\/vinilozona.lt\/parduotuve\/naujos-lp\/depeche-mode-music-for-the-masses\/#breadcrumb\"},\"inLanguage\":\"en-GB\",\"potentialAction\":[{\"@type\":\"ReadAction\",\"target\":[\"https:\/\/vinilozona.lt\/parduotuve\/naujos-lp\/depeche-mode-music-for-the-masses\/\"]}]},{\"@type\":\"ImageObject\",\"inLanguage\":\"en-GB\",\"@id\":\"https:\/\/vinilozona.lt\/parduotuve\/naujos-lp\/depeche-mode-music-for-the-masses\/#primaryimage\",\"url\":\"https:\/\/vinilozona.lt\/wp-content\/uploads\/2024\/10\/R-9549990-1482531711-6020.jpg\",\"contentUrl\":\"https:\/\/vinilozona.lt\/wp-content\/uploads\/2024\/10\/R-9549990-1482531711-6020.jpg\",\"width\":600,\"height\":600},{\"@type\":\"BreadcrumbList\",\"@id\":\"https:\/\/vinilozona.lt\/parduotuve\/naujos-lp\/depeche-mode-music-for-the-masses\/#breadcrumb\",\"itemListElement\":[{\"@type\":\"ListItem\",\"position\":1,\"name\":\"Home\",\"item\":\"https:\/\/vinilozona.lt\/\"},{\"@type\":\"ListItem\",\"position\":2,\"name\":\"Parduotuv\u0117\",\"item\":\"https:\/\/vinilozona.lt\/parduotuve\/\"},{\"@type\":\"ListItem\",\"position\":3,\"name\":\"Depeche Mode \u2013 Music For The Masses\"}]},{\"@type\":\"WebSite\",\"@id\":\"https:\/\/vinilozona.lt\/#website\",\"url\":\"https:\/\/vinilozona.lt\/\",\"name\":\"Vinilo Zona\",\"description\":\"Nup\u016bsk dulkes ir klausyk LP\",\"potentialAction\":[{\"@type\":\"SearchAction\",\"target\":{\"@type\":\"EntryPoint\",\"urlTemplate\":\"https:\/\/vinilozona.lt\/?s={search_term_string}\"},\"query-input\":{\"@type\":\"PropertyValueSpecification\",\"valueRequired\":true,\"valueName\":\"search_term_string\"}}],\"inLanguage\":\"en-GB\"}]}<\/script>\n<!-- \/ Yoast SEO plugin. -->","yoast_head_json":{"title":"Depeche Mode \u2013 Music For The Masses Vinilin\u0117 Plok\u0161tel\u0117 | Vinilozona.lt","robots":{"index":"index","follow":"follow","max-snippet":"max-snippet:-1","max-image-preview":"max-image-preview:large","max-video-preview":"max-video-preview:-1"},"canonical":"https:\/\/vinilozona.lt\/en\/parduotuve\/naujos-lp\/depeche-mode-music-for-the-masses\/","og_locale":"en_GB","og_type":"article","og_title":"Depeche Mode \u2013 Music For The Masses Vinilin\u0117 Plok\u0161tel\u0117 | Vinilozona.lt","og_description":"Label: Mute \u2013 STUMM47, Sony Music \u2013 88985336731, Legacy \u2013 88985336731 Series: Legacy Vinyl Format:  Vinyl, LP, Album, Remastered, Stereo, Gatefold Country: Europe Released: Dec 23, 2016","og_url":"https:\/\/vinilozona.lt\/en\/parduotuve\/naujos-lp\/depeche-mode-music-for-the-masses\/","og_site_name":"Vinilo Zona","article_modified_time":"2025-08-30T16:59:51+00:00","og_image":[{"width":600,"height":600,"url":"https:\/\/vinilozona.lt\/wp-content\/uploads\/2024\/10\/R-9549990-1482531711-6020.jpg","type":"image\/jpeg"}],"twitter_card":"summary_large_image","twitter_misc":{"Estimated reading time":"1 minute"},"schema":{"@context":"https:\/\/schema.org","@graph":[{"@type":"WebPage","@id":"https:\/\/vinilozona.lt\/parduotuve\/naujos-lp\/depeche-mode-music-for-the-masses\/","url":"https:\/\/vinilozona.lt\/parduotuve\/naujos-lp\/depeche-mode-music-for-the-masses\/","name":"Depeche Mode \u2013 Music For The Masses Vinilin\u0117 Plok\u0161tel\u0117 | Vinilozona.lt","isPartOf":{"@id":"https:\/\/vinilozona.lt\/#website"},"primaryImageOfPage":{"@id":"https:\/\/vinilozona.lt\/parduotuve\/naujos-lp\/depeche-mode-music-for-the-masses\/#primaryimage"},"image":{"@id":"https:\/\/vinilozona.lt\/parduotuve\/naujos-lp\/depeche-mode-music-for-the-masses\/#primaryimage"},"thumbnailUrl":"https:\/\/vinilozona.lt\/wp-content\/uploads\/2024\/10\/R-9549990-1482531711-6020.jpg","datePublished":"2025-08-30T17:23:54+00:00","dateModified":"2025-08-30T16:59:51+00:00","breadcrumb":{"@id":"https:\/\/vinilozona.lt\/parduotuve\/naujos-lp\/depeche-mode-music-for-the-masses\/#breadcrumb"},"inLanguage":"en-GB","potentialAction":[{"@type":"ReadAction","target":["https:\/\/vinilozona.lt\/parduotuve\/naujos-lp\/depeche-mode-music-for-the-masses\/"]}]},{"@type":"ImageObject","inLanguage":"en-GB","@id":"https:\/\/vinilozona.lt\/parduotuve\/naujos-lp\/depeche-mode-music-for-the-masses\/#primaryimage","url":"https:\/\/vinilozona.lt\/wp-content\/uploads\/2024\/10\/R-9549990-1482531711-6020.jpg","contentUrl":"https:\/\/vinilozona.lt\/wp-content\/uploads\/2024\/10\/R-9549990-1482531711-6020.jpg","width":600,"height":600},{"@type":"BreadcrumbList","@id":"https:\/\/vinilozona.lt\/parduotuve\/naujos-lp\/depeche-mode-music-for-the-masses\/#breadcrumb","itemListElement":[{"@type":"ListItem","position":1,"name":"Home","item":"https:\/\/vinilozona.lt\/"},{"@type":"ListItem","position":2,"name":"Parduotuv\u0117","item":"https:\/\/vinilozona.lt\/parduotuve\/"},{"@type":"ListItem","position":3,"name":"Depeche Mode \u2013 Music For The Masses"}]},{"@type":"WebSite","@id":"https:\/\/vinilozona.lt\/#website","url":"https:\/\/vinilozona.lt\/","name":"Vinilo Zona","description":"Nup\u016bsk dulkes ir klausyk LP","potentialAction":[{"@type":"SearchAction","target":{"@type":"EntryPoint","urlTemplate":"https:\/\/vinilozona.lt\/?s={search_term_string}"},"query-input":{"@type":"PropertyValueSpecification","valueRequired":true,"valueName":"search_term_string"}}],"inLanguage":"en-GB"}]}},"_links":{"self":[{"href":"https:\/\/vinilozona.lt\/en\/wp-json\/wp\/v2\/product\/25966"}],"collection":[{"href":"https:\/\/vinilozona.lt\/en\/wp-json\/wp\/v2\/product"}],"about":[{"href":"https:\/\/vinilozona.lt\/en\/wp-json\/wp\/v2\/types\/product"}],"wp:featuredmedia":[{"embeddable":true,"href":"https:\/\/vinilozona.lt\/en\/wp-json\/wp\/v2\/media\/25967"}],"wp:attachment":[{"href":"https:\/\/vinilozona.lt\/en\/wp-json\/wp\/v2\/media?parent=25966"}],"wp:term":[{"taxonomy":"product_cat","embeddable":true,"href":"https:\/\/vinilozona.lt\/en\/wp-json\/wp\/v2\/product_cat?post=25966"},{"taxonomy":"product_tag","embeddable":true,"href":"https:\/\/vinilozona.lt\/en\/wp-json\/wp\/v2\/product_tag?post=25966"}],"curies":[{"name":"wp","href":"https:\/\/api.w.org\/{rel}","templated":true}]}}