{"id":25962,"date":"2024-10-12T22:13:15","date_gmt":"2024-10-12T19:13:15","guid":{"rendered":"https:\/\/vinilozona.lt\/?post_type=product&#038;p=25962"},"modified":"2024-10-12T23:04:05","modified_gmt":"2024-10-12T20:04:05","slug":"dimmu-borgir-spiritual-black-dimensions","status":"publish","type":"product","link":"https:\/\/vinilozona.lt\/en\/parduotuve\/naujos-lp\/dimmu-borgir-spiritual-black-dimensions\/","title":{"rendered":"Dimmu Borgir \u2013 Spiritual Black Dimensions"},"content":{"rendered":"<p>A1\t\tReptile<br \/>\nA2\t\tBehind The Curtains Of Night &#8211; Phantasmagoria<br \/>\nA3\t\tDreamside Dominions<br \/>\nA4\t\tUnited In Unhallowed Grace<br \/>\nA5\t\tThe Promised Future Aeons<br \/>\nB1\t\tThe Blazing Monoliths Of Defiance<br \/>\nB2\t\tThe Insight And The Catharsis<br \/>\nB3\t\tGrotesquery Conceiled (Within Measureless Magic)<br \/>\nB4\t\tArcane Lifeforce Mysteria<\/p>","protected":false},"excerpt":{"rendered":"<p>Label:\tNuclear Blast \u2013 NBR 42861, Nuclear Blast \u2013 NB 4286-1<br \/>\nFormat:\tVinyl, LP, Album, Reissue<br \/>\nCountry:\tEurope<br \/>\nReleased:\t2022<br \/>\nGenre:\tRock<br \/>\nStyle:\tBlack Metal<\/p>","protected":false},"featured_media":25963,"template":"","meta":[],"product_cat":[23],"product_tag":[55],"yoast_head":"<!-- This site is optimized with the Yoast SEO plugin v23.5 - https:\/\/yoast.com\/wordpress\/plugins\/seo\/ -->\n<title>Dimmu Borgir \u2013 Spiritual Black Dimensions Vinilin\u0117 Plok\u0161tel\u0117 | Vinilozona.lt<\/title>\n<meta name=\"robots\" content=\"index, follow, max-snippet:-1, max-image-preview:large, max-video-preview:-1\" \/>\n<link rel=\"canonical\" href=\"https:\/\/vinilozona.lt\/en\/parduotuve\/naujos-lp\/dimmu-borgir-spiritual-black-dimensions\/\" \/>\n<meta property=\"og:locale\" content=\"en_GB\" \/>\n<meta property=\"og:type\" content=\"article\" \/>\n<meta property=\"og:title\" content=\"Dimmu Borgir \u2013 Spiritual Black Dimensions Vinilin\u0117 Plok\u0161tel\u0117 | Vinilozona.lt\" \/>\n<meta property=\"og:description\" content=\"Label: Nuclear Blast \u2013 NBR 42861, Nuclear Blast \u2013 NB 4286-1 Format: Vinyl, LP, Album, Reissue Country: Europe Released: 2022 Genre: Rock Style: Black Metal\" \/>\n<meta property=\"og:url\" content=\"https:\/\/vinilozona.lt\/en\/parduotuve\/naujos-lp\/dimmu-borgir-spiritual-black-dimensions\/\" \/>\n<meta property=\"og:site_name\" content=\"Vinilo Zona\" \/>\n<meta property=\"article:modified_time\" content=\"2024-10-12T20:04:05+00:00\" \/>\n<meta property=\"og:image\" content=\"https:\/\/vinilozona.lt\/wp-content\/uploads\/2024\/10\/R-25602172-1709841777-7259.jpg\" \/>\n\t<meta property=\"og:image:width\" content=\"596\" \/>\n\t<meta property=\"og:image:height\" content=\"599\" \/>\n\t<meta property=\"og:image:type\" content=\"image\/jpeg\" \/>\n<meta name=\"twitter:card\" content=\"summary_large_image\" \/>\n<meta name=\"twitter:label1\" content=\"Estimated reading time\" \/>\n\t<meta name=\"twitter:data1\" content=\"1 minute\" \/>\n<script type=\"application\/ld+json\" class=\"yoast-schema-graph\">{\"@context\":\"https:\/\/schema.org\",\"@graph\":[{\"@type\":\"WebPage\",\"@id\":\"https:\/\/vinilozona.lt\/parduotuve\/naujos-lp\/dimmu-borgir-spiritual-black-dimensions\/\",\"url\":\"https:\/\/vinilozona.lt\/parduotuve\/naujos-lp\/dimmu-borgir-spiritual-black-dimensions\/\",\"name\":\"Dimmu Borgir \u2013 Spiritual Black Dimensions Vinilin\u0117 Plok\u0161tel\u0117 | Vinilozona.lt\",\"isPartOf\":{\"@id\":\"https:\/\/vinilozona.lt\/#website\"},\"primaryImageOfPage\":{\"@id\":\"https:\/\/vinilozona.lt\/parduotuve\/naujos-lp\/dimmu-borgir-spiritual-black-dimensions\/#primaryimage\"},\"image\":{\"@id\":\"https:\/\/vinilozona.lt\/parduotuve\/naujos-lp\/dimmu-borgir-spiritual-black-dimensions\/#primaryimage\"},\"thumbnailUrl\":\"https:\/\/vinilozona.lt\/wp-content\/uploads\/2024\/10\/R-25602172-1709841777-7259.jpg\",\"datePublished\":\"2024-10-12T19:13:15+00:00\",\"dateModified\":\"2024-10-12T20:04:05+00:00\",\"breadcrumb\":{\"@id\":\"https:\/\/vinilozona.lt\/parduotuve\/naujos-lp\/dimmu-borgir-spiritual-black-dimensions\/#breadcrumb\"},\"inLanguage\":\"en-GB\",\"potentialAction\":[{\"@type\":\"ReadAction\",\"target\":[\"https:\/\/vinilozona.lt\/parduotuve\/naujos-lp\/dimmu-borgir-spiritual-black-dimensions\/\"]}]},{\"@type\":\"ImageObject\",\"inLanguage\":\"en-GB\",\"@id\":\"https:\/\/vinilozona.lt\/parduotuve\/naujos-lp\/dimmu-borgir-spiritual-black-dimensions\/#primaryimage\",\"url\":\"https:\/\/vinilozona.lt\/wp-content\/uploads\/2024\/10\/R-25602172-1709841777-7259.jpg\",\"contentUrl\":\"https:\/\/vinilozona.lt\/wp-content\/uploads\/2024\/10\/R-25602172-1709841777-7259.jpg\",\"width\":596,\"height\":599},{\"@type\":\"BreadcrumbList\",\"@id\":\"https:\/\/vinilozona.lt\/parduotuve\/naujos-lp\/dimmu-borgir-spiritual-black-dimensions\/#breadcrumb\",\"itemListElement\":[{\"@type\":\"ListItem\",\"position\":1,\"name\":\"Home\",\"item\":\"https:\/\/vinilozona.lt\/\"},{\"@type\":\"ListItem\",\"position\":2,\"name\":\"Parduotuv\u0117\",\"item\":\"https:\/\/vinilozona.lt\/parduotuve\/\"},{\"@type\":\"ListItem\",\"position\":3,\"name\":\"Dimmu Borgir \u2013 Spiritual Black Dimensions\"}]},{\"@type\":\"WebSite\",\"@id\":\"https:\/\/vinilozona.lt\/#website\",\"url\":\"https:\/\/vinilozona.lt\/\",\"name\":\"Vinilo Zona\",\"description\":\"Nup\u016bsk dulkes ir klausyk LP\",\"potentialAction\":[{\"@type\":\"SearchAction\",\"target\":{\"@type\":\"EntryPoint\",\"urlTemplate\":\"https:\/\/vinilozona.lt\/?s={search_term_string}\"},\"query-input\":{\"@type\":\"PropertyValueSpecification\",\"valueRequired\":true,\"valueName\":\"search_term_string\"}}],\"inLanguage\":\"en-GB\"}]}<\/script>\n<!-- \/ Yoast SEO plugin. -->","yoast_head_json":{"title":"Dimmu Borgir \u2013 Spiritual Black Dimensions Vinilin\u0117 Plok\u0161tel\u0117 | Vinilozona.lt","robots":{"index":"index","follow":"follow","max-snippet":"max-snippet:-1","max-image-preview":"max-image-preview:large","max-video-preview":"max-video-preview:-1"},"canonical":"https:\/\/vinilozona.lt\/en\/parduotuve\/naujos-lp\/dimmu-borgir-spiritual-black-dimensions\/","og_locale":"en_GB","og_type":"article","og_title":"Dimmu Borgir \u2013 Spiritual Black Dimensions Vinilin\u0117 Plok\u0161tel\u0117 | Vinilozona.lt","og_description":"Label: Nuclear Blast \u2013 NBR 42861, Nuclear Blast \u2013 NB 4286-1 Format: Vinyl, LP, Album, Reissue Country: Europe Released: 2022 Genre: Rock Style: Black Metal","og_url":"https:\/\/vinilozona.lt\/en\/parduotuve\/naujos-lp\/dimmu-borgir-spiritual-black-dimensions\/","og_site_name":"Vinilo Zona","article_modified_time":"2024-10-12T20:04:05+00:00","og_image":[{"width":596,"height":599,"url":"https:\/\/vinilozona.lt\/wp-content\/uploads\/2024\/10\/R-25602172-1709841777-7259.jpg","type":"image\/jpeg"}],"twitter_card":"summary_large_image","twitter_misc":{"Estimated reading time":"1 minute"},"schema":{"@context":"https:\/\/schema.org","@graph":[{"@type":"WebPage","@id":"https:\/\/vinilozona.lt\/parduotuve\/naujos-lp\/dimmu-borgir-spiritual-black-dimensions\/","url":"https:\/\/vinilozona.lt\/parduotuve\/naujos-lp\/dimmu-borgir-spiritual-black-dimensions\/","name":"Dimmu Borgir \u2013 Spiritual Black Dimensions Vinilin\u0117 Plok\u0161tel\u0117 | Vinilozona.lt","isPartOf":{"@id":"https:\/\/vinilozona.lt\/#website"},"primaryImageOfPage":{"@id":"https:\/\/vinilozona.lt\/parduotuve\/naujos-lp\/dimmu-borgir-spiritual-black-dimensions\/#primaryimage"},"image":{"@id":"https:\/\/vinilozona.lt\/parduotuve\/naujos-lp\/dimmu-borgir-spiritual-black-dimensions\/#primaryimage"},"thumbnailUrl":"https:\/\/vinilozona.lt\/wp-content\/uploads\/2024\/10\/R-25602172-1709841777-7259.jpg","datePublished":"2024-10-12T19:13:15+00:00","dateModified":"2024-10-12T20:04:05+00:00","breadcrumb":{"@id":"https:\/\/vinilozona.lt\/parduotuve\/naujos-lp\/dimmu-borgir-spiritual-black-dimensions\/#breadcrumb"},"inLanguage":"en-GB","potentialAction":[{"@type":"ReadAction","target":["https:\/\/vinilozona.lt\/parduotuve\/naujos-lp\/dimmu-borgir-spiritual-black-dimensions\/"]}]},{"@type":"ImageObject","inLanguage":"en-GB","@id":"https:\/\/vinilozona.lt\/parduotuve\/naujos-lp\/dimmu-borgir-spiritual-black-dimensions\/#primaryimage","url":"https:\/\/vinilozona.lt\/wp-content\/uploads\/2024\/10\/R-25602172-1709841777-7259.jpg","contentUrl":"https:\/\/vinilozona.lt\/wp-content\/uploads\/2024\/10\/R-25602172-1709841777-7259.jpg","width":596,"height":599},{"@type":"BreadcrumbList","@id":"https:\/\/vinilozona.lt\/parduotuve\/naujos-lp\/dimmu-borgir-spiritual-black-dimensions\/#breadcrumb","itemListElement":[{"@type":"ListItem","position":1,"name":"Home","item":"https:\/\/vinilozona.lt\/"},{"@type":"ListItem","position":2,"name":"Parduotuv\u0117","item":"https:\/\/vinilozona.lt\/parduotuve\/"},{"@type":"ListItem","position":3,"name":"Dimmu Borgir \u2013 Spiritual Black Dimensions"}]},{"@type":"WebSite","@id":"https:\/\/vinilozona.lt\/#website","url":"https:\/\/vinilozona.lt\/","name":"Vinilo Zona","description":"Nup\u016bsk dulkes ir klausyk LP","potentialAction":[{"@type":"SearchAction","target":{"@type":"EntryPoint","urlTemplate":"https:\/\/vinilozona.lt\/?s={search_term_string}"},"query-input":{"@type":"PropertyValueSpecification","valueRequired":true,"valueName":"search_term_string"}}],"inLanguage":"en-GB"}]}},"_links":{"self":[{"href":"https:\/\/vinilozona.lt\/en\/wp-json\/wp\/v2\/product\/25962"}],"collection":[{"href":"https:\/\/vinilozona.lt\/en\/wp-json\/wp\/v2\/product"}],"about":[{"href":"https:\/\/vinilozona.lt\/en\/wp-json\/wp\/v2\/types\/product"}],"wp:featuredmedia":[{"embeddable":true,"href":"https:\/\/vinilozona.lt\/en\/wp-json\/wp\/v2\/media\/25963"}],"wp:attachment":[{"href":"https:\/\/vinilozona.lt\/en\/wp-json\/wp\/v2\/media?parent=25962"}],"wp:term":[{"taxonomy":"product_cat","embeddable":true,"href":"https:\/\/vinilozona.lt\/en\/wp-json\/wp\/v2\/product_cat?post=25962"},{"taxonomy":"product_tag","embeddable":true,"href":"https:\/\/vinilozona.lt\/en\/wp-json\/wp\/v2\/product_tag?post=25962"}],"curies":[{"name":"wp","href":"https:\/\/api.w.org\/{rel}","templated":true}]}}