{"id":25950,"date":"2024-10-07T21:46:09","date_gmt":"2024-10-07T18:46:09","guid":{"rendered":"https:\/\/vinilozona.lt\/?post_type=product&#038;p=25950"},"modified":"2024-11-22T21:34:37","modified_gmt":"2024-11-22T19:34:37","slug":"mars-volta-frances-the-mute-2lp-2","status":"publish","type":"product","link":"https:\/\/vinilozona.lt\/en\/parduotuve\/rock-pop\/mars-volta-frances-the-mute-2lp-2\/","title":{"rendered":"Mars Volta \u2013 Frances The Mute 2LP"},"content":{"rendered":"<p>Cygnus&#8230;.Vismund Cygnus\t(13:02)<br \/>\nA1.a\t\tSarcophagi<br \/>\nA1.b\t\tUmbilical Syllables<br \/>\nA1.c\t\tFacilis Descenus Averni<br \/>\nA1.d\t\tCon Safo<br \/>\nA2\t\tThe Widow\t5:51<br \/>\nB\t\tL&#8217;Via L&#8217;Viaquez\t12:22<br \/>\nMiranda That Ghost Just Isn&#8217;t Holy Anymore\t(13:10)<br \/>\nC.a\t\tVade Mecum<br \/>\nC.b\t\tPour Another Icepick<br \/>\nC.c\t\tPisacis (Phra-Men-Ma)<br \/>\nC.d\t\tCon Safo<br \/>\nCassandra Gemini\t(32:32)<br \/>\nD.a\t\tTarantism<br \/>\nD.b\t\tPlant A Nail In The Navel Stream<br \/>\nD.c\t\tFaminepulse<br \/>\nE.a\t\tFaminepulse (Continued)<br \/>\nE.b\t\tMultiple Spouse Wounds<br \/>\nE.c\t\tSarcophagi<\/p>","protected":false},"excerpt":{"rendered":"<p>Label:\tClouds Hill \u2013 CH183<br \/>\nFormat:\t2 x Vinyl, LP, Red<br \/>\nVinyl, LP, Single Sided, Etched, Red<br \/>\nAll Media, Reissue, Remastered<br \/>\nCountry:\tEurope<br \/>\nReleased:\tDec 17, 2021<\/p>","protected":false},"featured_media":25951,"template":"","meta":[],"product_cat":[15,23],"product_tag":[55],"yoast_head":"<!-- This site is optimized with the Yoast SEO plugin v23.5 - https:\/\/yoast.com\/wordpress\/plugins\/seo\/ -->\n<title>Mars Volta \u2013 Frances The Mute 2LP Vinilin\u0117 Plok\u0161tel\u0117 | Vinilozona.lt<\/title>\n<meta name=\"robots\" content=\"index, follow, max-snippet:-1, max-image-preview:large, max-video-preview:-1\" \/>\n<link rel=\"canonical\" href=\"https:\/\/vinilozona.lt\/en\/parduotuve\/rock-pop\/mars-volta-frances-the-mute-2lp-2\/\" \/>\n<meta property=\"og:locale\" content=\"en_GB\" \/>\n<meta property=\"og:type\" content=\"article\" \/>\n<meta property=\"og:title\" content=\"Mars Volta \u2013 Frances The Mute 2LP Vinilin\u0117 Plok\u0161tel\u0117 | Vinilozona.lt\" \/>\n<meta property=\"og:description\" content=\"Label: Clouds Hill \u2013 CH183 Format: 2 x Vinyl, LP, Red Vinyl, LP, Single Sided, Etched, Red All Media, Reissue, Remastered Country: Europe Released: Dec 17, 2021\" \/>\n<meta property=\"og:url\" content=\"https:\/\/vinilozona.lt\/en\/parduotuve\/rock-pop\/mars-volta-frances-the-mute-2lp-2\/\" \/>\n<meta property=\"og:site_name\" content=\"Vinilo Zona\" \/>\n<meta property=\"article:modified_time\" content=\"2024-11-22T19:34:37+00:00\" \/>\n<meta property=\"og:image\" content=\"https:\/\/vinilozona.lt\/wp-content\/uploads\/2024\/10\/R-21388135-1647292318-3831.jpg\" \/>\n\t<meta property=\"og:image:width\" content=\"600\" \/>\n\t<meta property=\"og:image:height\" content=\"600\" \/>\n\t<meta property=\"og:image:type\" content=\"image\/jpeg\" \/>\n<meta name=\"twitter:card\" content=\"summary_large_image\" \/>\n<meta name=\"twitter:label1\" content=\"Estimated reading time\" \/>\n\t<meta name=\"twitter:data1\" content=\"1 minute\" \/>\n<script type=\"application\/ld+json\" class=\"yoast-schema-graph\">{\"@context\":\"https:\/\/schema.org\",\"@graph\":[{\"@type\":\"WebPage\",\"@id\":\"https:\/\/vinilozona.lt\/parduotuve\/rock-pop\/mars-volta-frances-the-mute-2lp-2\/\",\"url\":\"https:\/\/vinilozona.lt\/parduotuve\/rock-pop\/mars-volta-frances-the-mute-2lp-2\/\",\"name\":\"Mars Volta \u2013 Frances The Mute 2LP Vinilin\u0117 Plok\u0161tel\u0117 | Vinilozona.lt\",\"isPartOf\":{\"@id\":\"https:\/\/vinilozona.lt\/#website\"},\"primaryImageOfPage\":{\"@id\":\"https:\/\/vinilozona.lt\/parduotuve\/rock-pop\/mars-volta-frances-the-mute-2lp-2\/#primaryimage\"},\"image\":{\"@id\":\"https:\/\/vinilozona.lt\/parduotuve\/rock-pop\/mars-volta-frances-the-mute-2lp-2\/#primaryimage\"},\"thumbnailUrl\":\"https:\/\/vinilozona.lt\/wp-content\/uploads\/2024\/10\/R-21388135-1647292318-3831.jpg\",\"datePublished\":\"2024-10-07T18:46:09+00:00\",\"dateModified\":\"2024-11-22T19:34:37+00:00\",\"breadcrumb\":{\"@id\":\"https:\/\/vinilozona.lt\/parduotuve\/rock-pop\/mars-volta-frances-the-mute-2lp-2\/#breadcrumb\"},\"inLanguage\":\"en-GB\",\"potentialAction\":[{\"@type\":\"ReadAction\",\"target\":[\"https:\/\/vinilozona.lt\/parduotuve\/rock-pop\/mars-volta-frances-the-mute-2lp-2\/\"]}]},{\"@type\":\"ImageObject\",\"inLanguage\":\"en-GB\",\"@id\":\"https:\/\/vinilozona.lt\/parduotuve\/rock-pop\/mars-volta-frances-the-mute-2lp-2\/#primaryimage\",\"url\":\"https:\/\/vinilozona.lt\/wp-content\/uploads\/2024\/10\/R-21388135-1647292318-3831.jpg\",\"contentUrl\":\"https:\/\/vinilozona.lt\/wp-content\/uploads\/2024\/10\/R-21388135-1647292318-3831.jpg\",\"width\":600,\"height\":600},{\"@type\":\"BreadcrumbList\",\"@id\":\"https:\/\/vinilozona.lt\/parduotuve\/rock-pop\/mars-volta-frances-the-mute-2lp-2\/#breadcrumb\",\"itemListElement\":[{\"@type\":\"ListItem\",\"position\":1,\"name\":\"Home\",\"item\":\"https:\/\/vinilozona.lt\/\"},{\"@type\":\"ListItem\",\"position\":2,\"name\":\"Parduotuv\u0117\",\"item\":\"https:\/\/vinilozona.lt\/parduotuve\/\"},{\"@type\":\"ListItem\",\"position\":3,\"name\":\"Mars Volta \u2013 Frances The Mute 2LP\"}]},{\"@type\":\"WebSite\",\"@id\":\"https:\/\/vinilozona.lt\/#website\",\"url\":\"https:\/\/vinilozona.lt\/\",\"name\":\"Vinilo Zona\",\"description\":\"Nup\u016bsk dulkes ir klausyk LP\",\"potentialAction\":[{\"@type\":\"SearchAction\",\"target\":{\"@type\":\"EntryPoint\",\"urlTemplate\":\"https:\/\/vinilozona.lt\/?s={search_term_string}\"},\"query-input\":{\"@type\":\"PropertyValueSpecification\",\"valueRequired\":true,\"valueName\":\"search_term_string\"}}],\"inLanguage\":\"en-GB\"}]}<\/script>\n<!-- \/ Yoast SEO plugin. -->","yoast_head_json":{"title":"Mars Volta \u2013 Frances The Mute 2LP Vinilin\u0117 Plok\u0161tel\u0117 | Vinilozona.lt","robots":{"index":"index","follow":"follow","max-snippet":"max-snippet:-1","max-image-preview":"max-image-preview:large","max-video-preview":"max-video-preview:-1"},"canonical":"https:\/\/vinilozona.lt\/en\/parduotuve\/rock-pop\/mars-volta-frances-the-mute-2lp-2\/","og_locale":"en_GB","og_type":"article","og_title":"Mars Volta \u2013 Frances The Mute 2LP Vinilin\u0117 Plok\u0161tel\u0117 | Vinilozona.lt","og_description":"Label: Clouds Hill \u2013 CH183 Format: 2 x Vinyl, LP, Red Vinyl, LP, Single Sided, Etched, Red All Media, Reissue, Remastered Country: Europe Released: Dec 17, 2021","og_url":"https:\/\/vinilozona.lt\/en\/parduotuve\/rock-pop\/mars-volta-frances-the-mute-2lp-2\/","og_site_name":"Vinilo Zona","article_modified_time":"2024-11-22T19:34:37+00:00","og_image":[{"width":600,"height":600,"url":"https:\/\/vinilozona.lt\/wp-content\/uploads\/2024\/10\/R-21388135-1647292318-3831.jpg","type":"image\/jpeg"}],"twitter_card":"summary_large_image","twitter_misc":{"Estimated reading time":"1 minute"},"schema":{"@context":"https:\/\/schema.org","@graph":[{"@type":"WebPage","@id":"https:\/\/vinilozona.lt\/parduotuve\/rock-pop\/mars-volta-frances-the-mute-2lp-2\/","url":"https:\/\/vinilozona.lt\/parduotuve\/rock-pop\/mars-volta-frances-the-mute-2lp-2\/","name":"Mars Volta \u2013 Frances The Mute 2LP Vinilin\u0117 Plok\u0161tel\u0117 | Vinilozona.lt","isPartOf":{"@id":"https:\/\/vinilozona.lt\/#website"},"primaryImageOfPage":{"@id":"https:\/\/vinilozona.lt\/parduotuve\/rock-pop\/mars-volta-frances-the-mute-2lp-2\/#primaryimage"},"image":{"@id":"https:\/\/vinilozona.lt\/parduotuve\/rock-pop\/mars-volta-frances-the-mute-2lp-2\/#primaryimage"},"thumbnailUrl":"https:\/\/vinilozona.lt\/wp-content\/uploads\/2024\/10\/R-21388135-1647292318-3831.jpg","datePublished":"2024-10-07T18:46:09+00:00","dateModified":"2024-11-22T19:34:37+00:00","breadcrumb":{"@id":"https:\/\/vinilozona.lt\/parduotuve\/rock-pop\/mars-volta-frances-the-mute-2lp-2\/#breadcrumb"},"inLanguage":"en-GB","potentialAction":[{"@type":"ReadAction","target":["https:\/\/vinilozona.lt\/parduotuve\/rock-pop\/mars-volta-frances-the-mute-2lp-2\/"]}]},{"@type":"ImageObject","inLanguage":"en-GB","@id":"https:\/\/vinilozona.lt\/parduotuve\/rock-pop\/mars-volta-frances-the-mute-2lp-2\/#primaryimage","url":"https:\/\/vinilozona.lt\/wp-content\/uploads\/2024\/10\/R-21388135-1647292318-3831.jpg","contentUrl":"https:\/\/vinilozona.lt\/wp-content\/uploads\/2024\/10\/R-21388135-1647292318-3831.jpg","width":600,"height":600},{"@type":"BreadcrumbList","@id":"https:\/\/vinilozona.lt\/parduotuve\/rock-pop\/mars-volta-frances-the-mute-2lp-2\/#breadcrumb","itemListElement":[{"@type":"ListItem","position":1,"name":"Home","item":"https:\/\/vinilozona.lt\/"},{"@type":"ListItem","position":2,"name":"Parduotuv\u0117","item":"https:\/\/vinilozona.lt\/parduotuve\/"},{"@type":"ListItem","position":3,"name":"Mars Volta \u2013 Frances The Mute 2LP"}]},{"@type":"WebSite","@id":"https:\/\/vinilozona.lt\/#website","url":"https:\/\/vinilozona.lt\/","name":"Vinilo Zona","description":"Nup\u016bsk dulkes ir klausyk LP","potentialAction":[{"@type":"SearchAction","target":{"@type":"EntryPoint","urlTemplate":"https:\/\/vinilozona.lt\/?s={search_term_string}"},"query-input":{"@type":"PropertyValueSpecification","valueRequired":true,"valueName":"search_term_string"}}],"inLanguage":"en-GB"}]}},"_links":{"self":[{"href":"https:\/\/vinilozona.lt\/en\/wp-json\/wp\/v2\/product\/25950"}],"collection":[{"href":"https:\/\/vinilozona.lt\/en\/wp-json\/wp\/v2\/product"}],"about":[{"href":"https:\/\/vinilozona.lt\/en\/wp-json\/wp\/v2\/types\/product"}],"wp:featuredmedia":[{"embeddable":true,"href":"https:\/\/vinilozona.lt\/en\/wp-json\/wp\/v2\/media\/25951"}],"wp:attachment":[{"href":"https:\/\/vinilozona.lt\/en\/wp-json\/wp\/v2\/media?parent=25950"}],"wp:term":[{"taxonomy":"product_cat","embeddable":true,"href":"https:\/\/vinilozona.lt\/en\/wp-json\/wp\/v2\/product_cat?post=25950"},{"taxonomy":"product_tag","embeddable":true,"href":"https:\/\/vinilozona.lt\/en\/wp-json\/wp\/v2\/product_tag?post=25950"}],"curies":[{"name":"wp","href":"https:\/\/api.w.org\/{rel}","templated":true}]}}