{"id":25948,"date":"2024-10-07T21:41:25","date_gmt":"2024-10-07T18:41:25","guid":{"rendered":"https:\/\/vinilozona.lt\/?post_type=product&#038;p=25948"},"modified":"2024-10-12T23:05:15","modified_gmt":"2024-10-12T20:05:15","slug":"manic-street-preachers-the-ultra-vivid-lament","status":"publish","type":"product","link":"https:\/\/vinilozona.lt\/en\/parduotuve\/naujos-lp\/manic-street-preachers-the-ultra-vivid-lament\/","title":{"rendered":"Manic Street Preachers \u2013 The Ultra Vivid Lament"},"content":{"rendered":"<p>A1\t\tStill Snowing In Sapporo<br \/>\nA2\t\tOrwellian<br \/>\nA3\t\tThe Secret He Had Missed<br \/>\nA4\t\tQuest For Ancient Colour<br \/>\nA5\t\tDon&#8217;t Let The Night Divide Us<br \/>\nB6\t\tDiapause<br \/>\nB7\t\tComplicated Illusions<br \/>\nB8\t\tInto The Waves Of Love<br \/>\nB9\t\tBlank Diary Entry<br \/>\nB10\t\tHappy Bored Alone<br \/>\nB11\t\tAfterending<\/p>","protected":false},"excerpt":{"rendered":"<p>Label:\tColumbia \u2013 19439895431, Sony Music \u2013 19439895431<br \/>\nFormat:\tVinyl, LP, Album, 180g<br \/>\nCountry:\tEurope<br \/>\nReleased:\tSep 10, 2021<\/p>","protected":false},"featured_media":25949,"template":"","meta":[],"product_cat":[23],"product_tag":[55],"yoast_head":"<!-- This site is optimized with the Yoast SEO plugin v23.5 - https:\/\/yoast.com\/wordpress\/plugins\/seo\/ -->\n<title>Manic Street Preachers \u2013 The Ultra Vivid Lament Vinilin\u0117 Plok\u0161tel\u0117 | Vinilozona.lt<\/title>\n<meta name=\"robots\" content=\"index, follow, max-snippet:-1, max-image-preview:large, max-video-preview:-1\" \/>\n<link rel=\"canonical\" href=\"https:\/\/vinilozona.lt\/en\/parduotuve\/naujos-lp\/manic-street-preachers-the-ultra-vivid-lament\/\" \/>\n<meta property=\"og:locale\" content=\"en_GB\" \/>\n<meta property=\"og:type\" content=\"article\" \/>\n<meta property=\"og:title\" content=\"Manic Street Preachers \u2013 The Ultra Vivid Lament Vinilin\u0117 Plok\u0161tel\u0117 | Vinilozona.lt\" \/>\n<meta property=\"og:description\" content=\"Label: Columbia \u2013 19439895431, Sony Music \u2013 19439895431 Format: Vinyl, LP, Album, 180g Country: Europe Released: Sep 10, 2021\" \/>\n<meta property=\"og:url\" content=\"https:\/\/vinilozona.lt\/en\/parduotuve\/naujos-lp\/manic-street-preachers-the-ultra-vivid-lament\/\" \/>\n<meta property=\"og:site_name\" content=\"Vinilo Zona\" \/>\n<meta property=\"article:modified_time\" content=\"2024-10-12T20:05:15+00:00\" \/>\n<meta property=\"og:image\" content=\"https:\/\/vinilozona.lt\/wp-content\/uploads\/2024\/10\/R-20181244-1631274972-3384.jpg\" \/>\n\t<meta property=\"og:image:width\" content=\"582\" \/>\n\t<meta property=\"og:image:height\" content=\"600\" \/>\n\t<meta property=\"og:image:type\" content=\"image\/jpeg\" \/>\n<meta name=\"twitter:card\" content=\"summary_large_image\" \/>\n<meta name=\"twitter:label1\" content=\"Estimated reading time\" \/>\n\t<meta name=\"twitter:data1\" content=\"1 minute\" \/>\n<script type=\"application\/ld+json\" class=\"yoast-schema-graph\">{\"@context\":\"https:\/\/schema.org\",\"@graph\":[{\"@type\":\"WebPage\",\"@id\":\"https:\/\/vinilozona.lt\/parduotuve\/naujos-lp\/manic-street-preachers-the-ultra-vivid-lament\/\",\"url\":\"https:\/\/vinilozona.lt\/parduotuve\/naujos-lp\/manic-street-preachers-the-ultra-vivid-lament\/\",\"name\":\"Manic Street Preachers \u2013 The Ultra Vivid Lament Vinilin\u0117 Plok\u0161tel\u0117 | Vinilozona.lt\",\"isPartOf\":{\"@id\":\"https:\/\/vinilozona.lt\/#website\"},\"primaryImageOfPage\":{\"@id\":\"https:\/\/vinilozona.lt\/parduotuve\/naujos-lp\/manic-street-preachers-the-ultra-vivid-lament\/#primaryimage\"},\"image\":{\"@id\":\"https:\/\/vinilozona.lt\/parduotuve\/naujos-lp\/manic-street-preachers-the-ultra-vivid-lament\/#primaryimage\"},\"thumbnailUrl\":\"https:\/\/vinilozona.lt\/wp-content\/uploads\/2024\/10\/R-20181244-1631274972-3384.jpg\",\"datePublished\":\"2024-10-07T18:41:25+00:00\",\"dateModified\":\"2024-10-12T20:05:15+00:00\",\"breadcrumb\":{\"@id\":\"https:\/\/vinilozona.lt\/parduotuve\/naujos-lp\/manic-street-preachers-the-ultra-vivid-lament\/#breadcrumb\"},\"inLanguage\":\"en-GB\",\"potentialAction\":[{\"@type\":\"ReadAction\",\"target\":[\"https:\/\/vinilozona.lt\/parduotuve\/naujos-lp\/manic-street-preachers-the-ultra-vivid-lament\/\"]}]},{\"@type\":\"ImageObject\",\"inLanguage\":\"en-GB\",\"@id\":\"https:\/\/vinilozona.lt\/parduotuve\/naujos-lp\/manic-street-preachers-the-ultra-vivid-lament\/#primaryimage\",\"url\":\"https:\/\/vinilozona.lt\/wp-content\/uploads\/2024\/10\/R-20181244-1631274972-3384.jpg\",\"contentUrl\":\"https:\/\/vinilozona.lt\/wp-content\/uploads\/2024\/10\/R-20181244-1631274972-3384.jpg\",\"width\":582,\"height\":600},{\"@type\":\"BreadcrumbList\",\"@id\":\"https:\/\/vinilozona.lt\/parduotuve\/naujos-lp\/manic-street-preachers-the-ultra-vivid-lament\/#breadcrumb\",\"itemListElement\":[{\"@type\":\"ListItem\",\"position\":1,\"name\":\"Home\",\"item\":\"https:\/\/vinilozona.lt\/\"},{\"@type\":\"ListItem\",\"position\":2,\"name\":\"Parduotuv\u0117\",\"item\":\"https:\/\/vinilozona.lt\/parduotuve\/\"},{\"@type\":\"ListItem\",\"position\":3,\"name\":\"Manic Street Preachers \u2013 The Ultra Vivid Lament\"}]},{\"@type\":\"WebSite\",\"@id\":\"https:\/\/vinilozona.lt\/#website\",\"url\":\"https:\/\/vinilozona.lt\/\",\"name\":\"Vinilo Zona\",\"description\":\"Nup\u016bsk dulkes ir klausyk LP\",\"potentialAction\":[{\"@type\":\"SearchAction\",\"target\":{\"@type\":\"EntryPoint\",\"urlTemplate\":\"https:\/\/vinilozona.lt\/?s={search_term_string}\"},\"query-input\":{\"@type\":\"PropertyValueSpecification\",\"valueRequired\":true,\"valueName\":\"search_term_string\"}}],\"inLanguage\":\"en-GB\"}]}<\/script>\n<!-- \/ Yoast SEO plugin. -->","yoast_head_json":{"title":"Manic Street Preachers \u2013 The Ultra Vivid Lament Vinilin\u0117 Plok\u0161tel\u0117 | Vinilozona.lt","robots":{"index":"index","follow":"follow","max-snippet":"max-snippet:-1","max-image-preview":"max-image-preview:large","max-video-preview":"max-video-preview:-1"},"canonical":"https:\/\/vinilozona.lt\/en\/parduotuve\/naujos-lp\/manic-street-preachers-the-ultra-vivid-lament\/","og_locale":"en_GB","og_type":"article","og_title":"Manic Street Preachers \u2013 The Ultra Vivid Lament Vinilin\u0117 Plok\u0161tel\u0117 | Vinilozona.lt","og_description":"Label: Columbia \u2013 19439895431, Sony Music \u2013 19439895431 Format: Vinyl, LP, Album, 180g Country: Europe Released: Sep 10, 2021","og_url":"https:\/\/vinilozona.lt\/en\/parduotuve\/naujos-lp\/manic-street-preachers-the-ultra-vivid-lament\/","og_site_name":"Vinilo Zona","article_modified_time":"2024-10-12T20:05:15+00:00","og_image":[{"width":582,"height":600,"url":"https:\/\/vinilozona.lt\/wp-content\/uploads\/2024\/10\/R-20181244-1631274972-3384.jpg","type":"image\/jpeg"}],"twitter_card":"summary_large_image","twitter_misc":{"Estimated reading time":"1 minute"},"schema":{"@context":"https:\/\/schema.org","@graph":[{"@type":"WebPage","@id":"https:\/\/vinilozona.lt\/parduotuve\/naujos-lp\/manic-street-preachers-the-ultra-vivid-lament\/","url":"https:\/\/vinilozona.lt\/parduotuve\/naujos-lp\/manic-street-preachers-the-ultra-vivid-lament\/","name":"Manic Street Preachers \u2013 The Ultra Vivid Lament Vinilin\u0117 Plok\u0161tel\u0117 | Vinilozona.lt","isPartOf":{"@id":"https:\/\/vinilozona.lt\/#website"},"primaryImageOfPage":{"@id":"https:\/\/vinilozona.lt\/parduotuve\/naujos-lp\/manic-street-preachers-the-ultra-vivid-lament\/#primaryimage"},"image":{"@id":"https:\/\/vinilozona.lt\/parduotuve\/naujos-lp\/manic-street-preachers-the-ultra-vivid-lament\/#primaryimage"},"thumbnailUrl":"https:\/\/vinilozona.lt\/wp-content\/uploads\/2024\/10\/R-20181244-1631274972-3384.jpg","datePublished":"2024-10-07T18:41:25+00:00","dateModified":"2024-10-12T20:05:15+00:00","breadcrumb":{"@id":"https:\/\/vinilozona.lt\/parduotuve\/naujos-lp\/manic-street-preachers-the-ultra-vivid-lament\/#breadcrumb"},"inLanguage":"en-GB","potentialAction":[{"@type":"ReadAction","target":["https:\/\/vinilozona.lt\/parduotuve\/naujos-lp\/manic-street-preachers-the-ultra-vivid-lament\/"]}]},{"@type":"ImageObject","inLanguage":"en-GB","@id":"https:\/\/vinilozona.lt\/parduotuve\/naujos-lp\/manic-street-preachers-the-ultra-vivid-lament\/#primaryimage","url":"https:\/\/vinilozona.lt\/wp-content\/uploads\/2024\/10\/R-20181244-1631274972-3384.jpg","contentUrl":"https:\/\/vinilozona.lt\/wp-content\/uploads\/2024\/10\/R-20181244-1631274972-3384.jpg","width":582,"height":600},{"@type":"BreadcrumbList","@id":"https:\/\/vinilozona.lt\/parduotuve\/naujos-lp\/manic-street-preachers-the-ultra-vivid-lament\/#breadcrumb","itemListElement":[{"@type":"ListItem","position":1,"name":"Home","item":"https:\/\/vinilozona.lt\/"},{"@type":"ListItem","position":2,"name":"Parduotuv\u0117","item":"https:\/\/vinilozona.lt\/parduotuve\/"},{"@type":"ListItem","position":3,"name":"Manic Street Preachers \u2013 The Ultra Vivid Lament"}]},{"@type":"WebSite","@id":"https:\/\/vinilozona.lt\/#website","url":"https:\/\/vinilozona.lt\/","name":"Vinilo Zona","description":"Nup\u016bsk dulkes ir klausyk LP","potentialAction":[{"@type":"SearchAction","target":{"@type":"EntryPoint","urlTemplate":"https:\/\/vinilozona.lt\/?s={search_term_string}"},"query-input":{"@type":"PropertyValueSpecification","valueRequired":true,"valueName":"search_term_string"}}],"inLanguage":"en-GB"}]}},"_links":{"self":[{"href":"https:\/\/vinilozona.lt\/en\/wp-json\/wp\/v2\/product\/25948"}],"collection":[{"href":"https:\/\/vinilozona.lt\/en\/wp-json\/wp\/v2\/product"}],"about":[{"href":"https:\/\/vinilozona.lt\/en\/wp-json\/wp\/v2\/types\/product"}],"wp:featuredmedia":[{"embeddable":true,"href":"https:\/\/vinilozona.lt\/en\/wp-json\/wp\/v2\/media\/25949"}],"wp:attachment":[{"href":"https:\/\/vinilozona.lt\/en\/wp-json\/wp\/v2\/media?parent=25948"}],"wp:term":[{"taxonomy":"product_cat","embeddable":true,"href":"https:\/\/vinilozona.lt\/en\/wp-json\/wp\/v2\/product_cat?post=25948"},{"taxonomy":"product_tag","embeddable":true,"href":"https:\/\/vinilozona.lt\/en\/wp-json\/wp\/v2\/product_tag?post=25948"}],"curies":[{"name":"wp","href":"https:\/\/api.w.org\/{rel}","templated":true}]}}