{"id":25940,"date":"2025-07-07T05:02:04","date_gmt":"2025-07-07T02:02:04","guid":{"rendered":"https:\/\/vinilozona.lt\/?post_type=product&#038;p=25940"},"modified":"2025-09-29T23:51:13","modified_gmt":"2025-09-29T20:51:13","slug":"radiohead-kid-a-mnesia-3lp","status":"publish","type":"product","link":"https:\/\/vinilozona.lt\/en\/parduotuve\/naujos-lp\/radiohead-kid-a-mnesia-3lp\/","title":{"rendered":"Radiohead \u2013 Kid A Mnesia 3LP"},"content":{"rendered":"<p>Kid A<br \/>\nA1\t\tEverything In Its Right Place<br \/>\nA2\t\tKid A<br \/>\nA3\t\tThe National Anthem<br \/>\nA4\t\tHow To Disappear Completely<br \/>\nA5\t\tTreefingers<br \/>\nB1\t\tOptimistic<br \/>\nB2\t\tIn Limbo<br \/>\nB3\t\tIdioteque<br \/>\nB4\t\tMorning Bell<br \/>\nB5\t\tMotion Picture Soundtrack<br \/>\nB6\t\tUntitled<br \/>\nAmnesiac<br \/>\nC1\t\tPackt Like Sardines In A Crushd Tin Box<br \/>\nC2\t\tPyramid Song<br \/>\nC3\t\tPulk\/Pull Revolving Doors<br \/>\nC4\t\tYou And Whose Army?<br \/>\nC5\t\tI Might Be Wrong<br \/>\nD1\t\tKnives Out<br \/>\nD2\t\tMorning Bell\/Amnesiac<br \/>\nD3\t\tDollars And Cents<br \/>\nD4\t\tHunting Bears<br \/>\nD5\t\tLike Spinning Plates<br \/>\nD6\t\tLife In A Glasshouse<br \/>\nKid Amnesiae<br \/>\nE1\t\tLike Spinning Plates (&#8216;Why Us?&#8217; Version)<br \/>\nE2\t\tUntitled V1<br \/>\nE3\t\tFog (Again Again Version)<br \/>\nE4\t\tIf You Say The Word<br \/>\nE5\t\tFollow Me Around<br \/>\nF1\t\tPulk\/Pull (True Love Waits Version)<br \/>\nF2\t\tUntitled V2<br \/>\nF3\t\tThe Morning Bell (In The Dark Version)<br \/>\nF4\t\tPyramid Strings<br \/>\nF5\t\tAlt. Fast Track<br \/>\nF6\t\tUntitled V3<br \/>\nF7\t\tHow To Disappear Into Strings<\/p>","protected":false},"excerpt":{"rendered":"<p>Label:\tXL Recordings \u2013 XL1166LP<br \/>\nFormat:<br \/>\nVinyl, LP, Album, Reissue<br \/>\nVinyl, LP, Album, Reissue<br \/>\nVinyl, LP<br \/>\nAll Media, Compilation, Stereo,<br \/>\nCountry:\tUSA &#038; Europe<br \/>\nReleased:\tNov 5, 2021<\/p>","protected":false},"featured_media":25941,"template":"","meta":[],"product_cat":[23],"product_tag":[55],"yoast_head":"<!-- This site is optimized with the Yoast SEO plugin v23.5 - https:\/\/yoast.com\/wordpress\/plugins\/seo\/ -->\n<title>Radiohead \u2013 Kid A Mnesia 3LP Vinilin\u0117 Plok\u0161tel\u0117 | Vinilozona.lt<\/title>\n<meta name=\"robots\" content=\"index, follow, max-snippet:-1, max-image-preview:large, max-video-preview:-1\" \/>\n<link rel=\"canonical\" href=\"https:\/\/vinilozona.lt\/en\/parduotuve\/naujos-lp\/radiohead-kid-a-mnesia-3lp\/\" \/>\n<meta property=\"og:locale\" content=\"en_GB\" \/>\n<meta property=\"og:type\" content=\"article\" \/>\n<meta property=\"og:title\" content=\"Radiohead \u2013 Kid A Mnesia 3LP Vinilin\u0117 Plok\u0161tel\u0117 | Vinilozona.lt\" \/>\n<meta property=\"og:description\" content=\"Label: XL Recordings \u2013 XL1166LP Format:  Vinyl, LP, Album, Reissue Vinyl, LP, Album, Reissue Vinyl, LP All Media, Compilation, Stereo,  Country: USA &amp; Europe Released: Nov 5, 2021\" \/>\n<meta property=\"og:url\" content=\"https:\/\/vinilozona.lt\/en\/parduotuve\/naujos-lp\/radiohead-kid-a-mnesia-3lp\/\" \/>\n<meta property=\"og:site_name\" content=\"Vinilo Zona\" \/>\n<meta property=\"article:modified_time\" content=\"2025-09-29T20:51:13+00:00\" \/>\n<meta property=\"og:image\" content=\"https:\/\/vinilozona.lt\/wp-content\/uploads\/2024\/10\/R-20857672-1636561054-6266.jpg\" \/>\n\t<meta property=\"og:image:width\" content=\"600\" \/>\n\t<meta property=\"og:image:height\" content=\"594\" \/>\n\t<meta property=\"og:image:type\" content=\"image\/jpeg\" \/>\n<meta name=\"twitter:card\" content=\"summary_large_image\" \/>\n<meta name=\"twitter:label1\" content=\"Estimated reading time\" \/>\n\t<meta name=\"twitter:data1\" content=\"1 minute\" \/>\n<script type=\"application\/ld+json\" class=\"yoast-schema-graph\">{\"@context\":\"https:\/\/schema.org\",\"@graph\":[{\"@type\":\"WebPage\",\"@id\":\"https:\/\/vinilozona.lt\/parduotuve\/naujos-lp\/radiohead-kid-a-mnesia-3lp\/\",\"url\":\"https:\/\/vinilozona.lt\/parduotuve\/naujos-lp\/radiohead-kid-a-mnesia-3lp\/\",\"name\":\"Radiohead \u2013 Kid A Mnesia 3LP Vinilin\u0117 Plok\u0161tel\u0117 | Vinilozona.lt\",\"isPartOf\":{\"@id\":\"https:\/\/vinilozona.lt\/#website\"},\"primaryImageOfPage\":{\"@id\":\"https:\/\/vinilozona.lt\/parduotuve\/naujos-lp\/radiohead-kid-a-mnesia-3lp\/#primaryimage\"},\"image\":{\"@id\":\"https:\/\/vinilozona.lt\/parduotuve\/naujos-lp\/radiohead-kid-a-mnesia-3lp\/#primaryimage\"},\"thumbnailUrl\":\"https:\/\/vinilozona.lt\/wp-content\/uploads\/2024\/10\/R-20857672-1636561054-6266.jpg\",\"datePublished\":\"2025-07-07T02:02:04+00:00\",\"dateModified\":\"2025-09-29T20:51:13+00:00\",\"breadcrumb\":{\"@id\":\"https:\/\/vinilozona.lt\/parduotuve\/naujos-lp\/radiohead-kid-a-mnesia-3lp\/#breadcrumb\"},\"inLanguage\":\"en-GB\",\"potentialAction\":[{\"@type\":\"ReadAction\",\"target\":[\"https:\/\/vinilozona.lt\/parduotuve\/naujos-lp\/radiohead-kid-a-mnesia-3lp\/\"]}]},{\"@type\":\"ImageObject\",\"inLanguage\":\"en-GB\",\"@id\":\"https:\/\/vinilozona.lt\/parduotuve\/naujos-lp\/radiohead-kid-a-mnesia-3lp\/#primaryimage\",\"url\":\"https:\/\/vinilozona.lt\/wp-content\/uploads\/2024\/10\/R-20857672-1636561054-6266.jpg\",\"contentUrl\":\"https:\/\/vinilozona.lt\/wp-content\/uploads\/2024\/10\/R-20857672-1636561054-6266.jpg\",\"width\":600,\"height\":594},{\"@type\":\"BreadcrumbList\",\"@id\":\"https:\/\/vinilozona.lt\/parduotuve\/naujos-lp\/radiohead-kid-a-mnesia-3lp\/#breadcrumb\",\"itemListElement\":[{\"@type\":\"ListItem\",\"position\":1,\"name\":\"Home\",\"item\":\"https:\/\/vinilozona.lt\/\"},{\"@type\":\"ListItem\",\"position\":2,\"name\":\"Parduotuv\u0117\",\"item\":\"https:\/\/vinilozona.lt\/parduotuve\/\"},{\"@type\":\"ListItem\",\"position\":3,\"name\":\"Radiohead \u2013 Kid A Mnesia 3LP\"}]},{\"@type\":\"WebSite\",\"@id\":\"https:\/\/vinilozona.lt\/#website\",\"url\":\"https:\/\/vinilozona.lt\/\",\"name\":\"Vinilo Zona\",\"description\":\"Nup\u016bsk dulkes ir klausyk LP\",\"potentialAction\":[{\"@type\":\"SearchAction\",\"target\":{\"@type\":\"EntryPoint\",\"urlTemplate\":\"https:\/\/vinilozona.lt\/?s={search_term_string}\"},\"query-input\":{\"@type\":\"PropertyValueSpecification\",\"valueRequired\":true,\"valueName\":\"search_term_string\"}}],\"inLanguage\":\"en-GB\"}]}<\/script>\n<!-- \/ Yoast SEO plugin. -->","yoast_head_json":{"title":"Radiohead \u2013 Kid A Mnesia 3LP Vinilin\u0117 Plok\u0161tel\u0117 | Vinilozona.lt","robots":{"index":"index","follow":"follow","max-snippet":"max-snippet:-1","max-image-preview":"max-image-preview:large","max-video-preview":"max-video-preview:-1"},"canonical":"https:\/\/vinilozona.lt\/en\/parduotuve\/naujos-lp\/radiohead-kid-a-mnesia-3lp\/","og_locale":"en_GB","og_type":"article","og_title":"Radiohead \u2013 Kid A Mnesia 3LP Vinilin\u0117 Plok\u0161tel\u0117 | Vinilozona.lt","og_description":"Label: XL Recordings \u2013 XL1166LP Format:  Vinyl, LP, Album, Reissue Vinyl, LP, Album, Reissue Vinyl, LP All Media, Compilation, Stereo,  Country: USA & Europe Released: Nov 5, 2021","og_url":"https:\/\/vinilozona.lt\/en\/parduotuve\/naujos-lp\/radiohead-kid-a-mnesia-3lp\/","og_site_name":"Vinilo Zona","article_modified_time":"2025-09-29T20:51:13+00:00","og_image":[{"width":600,"height":594,"url":"https:\/\/vinilozona.lt\/wp-content\/uploads\/2024\/10\/R-20857672-1636561054-6266.jpg","type":"image\/jpeg"}],"twitter_card":"summary_large_image","twitter_misc":{"Estimated reading time":"1 minute"},"schema":{"@context":"https:\/\/schema.org","@graph":[{"@type":"WebPage","@id":"https:\/\/vinilozona.lt\/parduotuve\/naujos-lp\/radiohead-kid-a-mnesia-3lp\/","url":"https:\/\/vinilozona.lt\/parduotuve\/naujos-lp\/radiohead-kid-a-mnesia-3lp\/","name":"Radiohead \u2013 Kid A Mnesia 3LP Vinilin\u0117 Plok\u0161tel\u0117 | Vinilozona.lt","isPartOf":{"@id":"https:\/\/vinilozona.lt\/#website"},"primaryImageOfPage":{"@id":"https:\/\/vinilozona.lt\/parduotuve\/naujos-lp\/radiohead-kid-a-mnesia-3lp\/#primaryimage"},"image":{"@id":"https:\/\/vinilozona.lt\/parduotuve\/naujos-lp\/radiohead-kid-a-mnesia-3lp\/#primaryimage"},"thumbnailUrl":"https:\/\/vinilozona.lt\/wp-content\/uploads\/2024\/10\/R-20857672-1636561054-6266.jpg","datePublished":"2025-07-07T02:02:04+00:00","dateModified":"2025-09-29T20:51:13+00:00","breadcrumb":{"@id":"https:\/\/vinilozona.lt\/parduotuve\/naujos-lp\/radiohead-kid-a-mnesia-3lp\/#breadcrumb"},"inLanguage":"en-GB","potentialAction":[{"@type":"ReadAction","target":["https:\/\/vinilozona.lt\/parduotuve\/naujos-lp\/radiohead-kid-a-mnesia-3lp\/"]}]},{"@type":"ImageObject","inLanguage":"en-GB","@id":"https:\/\/vinilozona.lt\/parduotuve\/naujos-lp\/radiohead-kid-a-mnesia-3lp\/#primaryimage","url":"https:\/\/vinilozona.lt\/wp-content\/uploads\/2024\/10\/R-20857672-1636561054-6266.jpg","contentUrl":"https:\/\/vinilozona.lt\/wp-content\/uploads\/2024\/10\/R-20857672-1636561054-6266.jpg","width":600,"height":594},{"@type":"BreadcrumbList","@id":"https:\/\/vinilozona.lt\/parduotuve\/naujos-lp\/radiohead-kid-a-mnesia-3lp\/#breadcrumb","itemListElement":[{"@type":"ListItem","position":1,"name":"Home","item":"https:\/\/vinilozona.lt\/"},{"@type":"ListItem","position":2,"name":"Parduotuv\u0117","item":"https:\/\/vinilozona.lt\/parduotuve\/"},{"@type":"ListItem","position":3,"name":"Radiohead \u2013 Kid A Mnesia 3LP"}]},{"@type":"WebSite","@id":"https:\/\/vinilozona.lt\/#website","url":"https:\/\/vinilozona.lt\/","name":"Vinilo Zona","description":"Nup\u016bsk dulkes ir klausyk LP","potentialAction":[{"@type":"SearchAction","target":{"@type":"EntryPoint","urlTemplate":"https:\/\/vinilozona.lt\/?s={search_term_string}"},"query-input":{"@type":"PropertyValueSpecification","valueRequired":true,"valueName":"search_term_string"}}],"inLanguage":"en-GB"}]}},"_links":{"self":[{"href":"https:\/\/vinilozona.lt\/en\/wp-json\/wp\/v2\/product\/25940"}],"collection":[{"href":"https:\/\/vinilozona.lt\/en\/wp-json\/wp\/v2\/product"}],"about":[{"href":"https:\/\/vinilozona.lt\/en\/wp-json\/wp\/v2\/types\/product"}],"wp:featuredmedia":[{"embeddable":true,"href":"https:\/\/vinilozona.lt\/en\/wp-json\/wp\/v2\/media\/25941"}],"wp:attachment":[{"href":"https:\/\/vinilozona.lt\/en\/wp-json\/wp\/v2\/media?parent=25940"}],"wp:term":[{"taxonomy":"product_cat","embeddable":true,"href":"https:\/\/vinilozona.lt\/en\/wp-json\/wp\/v2\/product_cat?post=25940"},{"taxonomy":"product_tag","embeddable":true,"href":"https:\/\/vinilozona.lt\/en\/wp-json\/wp\/v2\/product_tag?post=25940"}],"curies":[{"name":"wp","href":"https:\/\/api.w.org\/{rel}","templated":true}]}}