{"id":25930,"date":"2024-10-06T19:08:01","date_gmt":"2024-10-06T16:08:01","guid":{"rendered":"https:\/\/vinilozona.lt\/?post_type=product&#038;p=25930"},"modified":"2024-12-25T14:55:30","modified_gmt":"2024-12-25T12:55:30","slug":"eric-clapton-the-cream-of-eric-clapton","status":"publish","type":"product","link":"https:\/\/vinilozona.lt\/en\/parduotuve\/rock-pop\/eric-clapton-the-cream-of-eric-clapton\/","title":{"rendered":"Eric Clapton \u2013 The Cream Of Eric Clapton"},"content":{"rendered":"<p>A1\t\tIt&#8217;s In The Way That You Use It  4:09<br \/>\nA2\t\tRun  3:38<br \/>\nA3\t\tTearing Us Apart  4:14<br \/>\nA4\t\tBad Influence  5:06<br \/>\nA5\t\tWalk Away  3:51<br \/>\nA6\t\tHung Up On Your Love  3:42<br \/>\nB1\t\tTake A Chance  4:52<br \/>\nB2\t\tHold On  4:55<br \/>\nB3\t\tMiss You  5:03<br \/>\nB4\t\tHoly Mother  4:53<br \/>\nB5\t\tBehind The Mask  4:46<\/p>","protected":false},"excerpt":{"rendered":"<p>Label:\tPolydor \u2013 ECTV 1, Polydor \u2013 833 519-1<br \/>\nFormat:\tVinyl, LP, Compilation, Gatefold<br \/>\nCountry:\tUK<br \/>\nReleased:\t1987<\/p>","protected":false},"featured_media":25931,"template":"","meta":[],"product_cat":[15],"product_tag":[55],"yoast_head":"<!-- This site is optimized with the Yoast SEO plugin v23.5 - https:\/\/yoast.com\/wordpress\/plugins\/seo\/ -->\n<title>Eric Clapton \u2013 The Cream Of Eric Clapton Vinilin\u0117 Plok\u0161tel\u0117 | Vinilozona.lt<\/title>\n<meta name=\"robots\" content=\"index, follow, max-snippet:-1, max-image-preview:large, max-video-preview:-1\" \/>\n<link rel=\"canonical\" href=\"https:\/\/vinilozona.lt\/en\/parduotuve\/rock-pop\/eric-clapton-the-cream-of-eric-clapton\/\" \/>\n<meta property=\"og:locale\" content=\"en_GB\" \/>\n<meta property=\"og:type\" content=\"article\" \/>\n<meta property=\"og:title\" content=\"Eric Clapton \u2013 The Cream Of Eric Clapton Vinilin\u0117 Plok\u0161tel\u0117 | Vinilozona.lt\" \/>\n<meta property=\"og:description\" content=\"Label: Polydor \u2013 ECTV 1, Polydor \u2013 833 519-1 Format: Vinyl, LP, Compilation, Gatefold Country: UK Released: 1987\" \/>\n<meta property=\"og:url\" content=\"https:\/\/vinilozona.lt\/en\/parduotuve\/rock-pop\/eric-clapton-the-cream-of-eric-clapton\/\" \/>\n<meta property=\"og:site_name\" content=\"Vinilo Zona\" \/>\n<meta property=\"article:modified_time\" content=\"2024-12-25T12:55:30+00:00\" \/>\n<meta property=\"og:image\" content=\"https:\/\/vinilozona.lt\/wp-content\/uploads\/2024\/10\/R-6358598-1417285877-3356.jpg\" \/>\n\t<meta property=\"og:image:width\" content=\"564\" \/>\n\t<meta property=\"og:image:height\" content=\"600\" \/>\n\t<meta property=\"og:image:type\" content=\"image\/jpeg\" \/>\n<meta name=\"twitter:card\" content=\"summary_large_image\" \/>\n<script type=\"application\/ld+json\" class=\"yoast-schema-graph\">{\"@context\":\"https:\/\/schema.org\",\"@graph\":[{\"@type\":\"WebPage\",\"@id\":\"https:\/\/vinilozona.lt\/en\/parduotuve\/rock-pop\/eric-clapton-the-cream-of-eric-clapton\/\",\"url\":\"https:\/\/vinilozona.lt\/en\/parduotuve\/rock-pop\/eric-clapton-the-cream-of-eric-clapton\/\",\"name\":\"Eric Clapton \u2013 The Cream Of Eric Clapton Vinilin\u0117 Plok\u0161tel\u0117 | Vinilozona.lt\",\"isPartOf\":{\"@id\":\"https:\/\/vinilozona.lt\/#website\"},\"primaryImageOfPage\":{\"@id\":\"https:\/\/vinilozona.lt\/en\/parduotuve\/rock-pop\/eric-clapton-the-cream-of-eric-clapton\/#primaryimage\"},\"image\":{\"@id\":\"https:\/\/vinilozona.lt\/en\/parduotuve\/rock-pop\/eric-clapton-the-cream-of-eric-clapton\/#primaryimage\"},\"thumbnailUrl\":\"https:\/\/vinilozona.lt\/wp-content\/uploads\/2024\/10\/R-6358598-1417285877-3356.jpg\",\"datePublished\":\"2024-10-06T16:08:01+00:00\",\"dateModified\":\"2024-12-25T12:55:30+00:00\",\"breadcrumb\":{\"@id\":\"https:\/\/vinilozona.lt\/en\/parduotuve\/rock-pop\/eric-clapton-the-cream-of-eric-clapton\/#breadcrumb\"},\"inLanguage\":\"en-GB\",\"potentialAction\":[{\"@type\":\"ReadAction\",\"target\":[\"https:\/\/vinilozona.lt\/en\/parduotuve\/rock-pop\/eric-clapton-the-cream-of-eric-clapton\/\"]}]},{\"@type\":\"ImageObject\",\"inLanguage\":\"en-GB\",\"@id\":\"https:\/\/vinilozona.lt\/en\/parduotuve\/rock-pop\/eric-clapton-the-cream-of-eric-clapton\/#primaryimage\",\"url\":\"https:\/\/vinilozona.lt\/wp-content\/uploads\/2024\/10\/R-6358598-1417285877-3356.jpg\",\"contentUrl\":\"https:\/\/vinilozona.lt\/wp-content\/uploads\/2024\/10\/R-6358598-1417285877-3356.jpg\",\"width\":564,\"height\":600},{\"@type\":\"BreadcrumbList\",\"@id\":\"https:\/\/vinilozona.lt\/en\/parduotuve\/rock-pop\/eric-clapton-the-cream-of-eric-clapton\/#breadcrumb\",\"itemListElement\":[{\"@type\":\"ListItem\",\"position\":1,\"name\":\"Home\",\"item\":\"https:\/\/vinilozona.lt\/\"},{\"@type\":\"ListItem\",\"position\":2,\"name\":\"Parduotuv\u0117\",\"item\":\"https:\/\/vinilozona.lt\/parduotuve\/\"},{\"@type\":\"ListItem\",\"position\":3,\"name\":\"Eric Clapton \u2013 The Cream Of Eric Clapton\"}]},{\"@type\":\"WebSite\",\"@id\":\"https:\/\/vinilozona.lt\/#website\",\"url\":\"https:\/\/vinilozona.lt\/\",\"name\":\"Vinilo Zona\",\"description\":\"Nup\u016bsk dulkes ir klausyk LP\",\"potentialAction\":[{\"@type\":\"SearchAction\",\"target\":{\"@type\":\"EntryPoint\",\"urlTemplate\":\"https:\/\/vinilozona.lt\/?s={search_term_string}\"},\"query-input\":{\"@type\":\"PropertyValueSpecification\",\"valueRequired\":true,\"valueName\":\"search_term_string\"}}],\"inLanguage\":\"en-GB\"}]}<\/script>\n<!-- \/ Yoast SEO plugin. -->","yoast_head_json":{"title":"Eric Clapton \u2013 The Cream Of Eric Clapton Vinilin\u0117 Plok\u0161tel\u0117 | Vinilozona.lt","robots":{"index":"index","follow":"follow","max-snippet":"max-snippet:-1","max-image-preview":"max-image-preview:large","max-video-preview":"max-video-preview:-1"},"canonical":"https:\/\/vinilozona.lt\/en\/parduotuve\/rock-pop\/eric-clapton-the-cream-of-eric-clapton\/","og_locale":"en_GB","og_type":"article","og_title":"Eric Clapton \u2013 The Cream Of Eric Clapton Vinilin\u0117 Plok\u0161tel\u0117 | Vinilozona.lt","og_description":"Label: Polydor \u2013 ECTV 1, Polydor \u2013 833 519-1 Format: Vinyl, LP, Compilation, Gatefold Country: UK Released: 1987","og_url":"https:\/\/vinilozona.lt\/en\/parduotuve\/rock-pop\/eric-clapton-the-cream-of-eric-clapton\/","og_site_name":"Vinilo Zona","article_modified_time":"2024-12-25T12:55:30+00:00","og_image":[{"width":564,"height":600,"url":"https:\/\/vinilozona.lt\/wp-content\/uploads\/2024\/10\/R-6358598-1417285877-3356.jpg","type":"image\/jpeg"}],"twitter_card":"summary_large_image","schema":{"@context":"https:\/\/schema.org","@graph":[{"@type":"WebPage","@id":"https:\/\/vinilozona.lt\/en\/parduotuve\/rock-pop\/eric-clapton-the-cream-of-eric-clapton\/","url":"https:\/\/vinilozona.lt\/en\/parduotuve\/rock-pop\/eric-clapton-the-cream-of-eric-clapton\/","name":"Eric Clapton \u2013 The Cream Of Eric Clapton Vinilin\u0117 Plok\u0161tel\u0117 | Vinilozona.lt","isPartOf":{"@id":"https:\/\/vinilozona.lt\/#website"},"primaryImageOfPage":{"@id":"https:\/\/vinilozona.lt\/en\/parduotuve\/rock-pop\/eric-clapton-the-cream-of-eric-clapton\/#primaryimage"},"image":{"@id":"https:\/\/vinilozona.lt\/en\/parduotuve\/rock-pop\/eric-clapton-the-cream-of-eric-clapton\/#primaryimage"},"thumbnailUrl":"https:\/\/vinilozona.lt\/wp-content\/uploads\/2024\/10\/R-6358598-1417285877-3356.jpg","datePublished":"2024-10-06T16:08:01+00:00","dateModified":"2024-12-25T12:55:30+00:00","breadcrumb":{"@id":"https:\/\/vinilozona.lt\/en\/parduotuve\/rock-pop\/eric-clapton-the-cream-of-eric-clapton\/#breadcrumb"},"inLanguage":"en-GB","potentialAction":[{"@type":"ReadAction","target":["https:\/\/vinilozona.lt\/en\/parduotuve\/rock-pop\/eric-clapton-the-cream-of-eric-clapton\/"]}]},{"@type":"ImageObject","inLanguage":"en-GB","@id":"https:\/\/vinilozona.lt\/en\/parduotuve\/rock-pop\/eric-clapton-the-cream-of-eric-clapton\/#primaryimage","url":"https:\/\/vinilozona.lt\/wp-content\/uploads\/2024\/10\/R-6358598-1417285877-3356.jpg","contentUrl":"https:\/\/vinilozona.lt\/wp-content\/uploads\/2024\/10\/R-6358598-1417285877-3356.jpg","width":564,"height":600},{"@type":"BreadcrumbList","@id":"https:\/\/vinilozona.lt\/en\/parduotuve\/rock-pop\/eric-clapton-the-cream-of-eric-clapton\/#breadcrumb","itemListElement":[{"@type":"ListItem","position":1,"name":"Home","item":"https:\/\/vinilozona.lt\/"},{"@type":"ListItem","position":2,"name":"Parduotuv\u0117","item":"https:\/\/vinilozona.lt\/parduotuve\/"},{"@type":"ListItem","position":3,"name":"Eric Clapton \u2013 The Cream Of Eric Clapton"}]},{"@type":"WebSite","@id":"https:\/\/vinilozona.lt\/#website","url":"https:\/\/vinilozona.lt\/","name":"Vinilo Zona","description":"Nup\u016bsk dulkes ir klausyk LP","potentialAction":[{"@type":"SearchAction","target":{"@type":"EntryPoint","urlTemplate":"https:\/\/vinilozona.lt\/?s={search_term_string}"},"query-input":{"@type":"PropertyValueSpecification","valueRequired":true,"valueName":"search_term_string"}}],"inLanguage":"en-GB"}]}},"_links":{"self":[{"href":"https:\/\/vinilozona.lt\/en\/wp-json\/wp\/v2\/product\/25930"}],"collection":[{"href":"https:\/\/vinilozona.lt\/en\/wp-json\/wp\/v2\/product"}],"about":[{"href":"https:\/\/vinilozona.lt\/en\/wp-json\/wp\/v2\/types\/product"}],"wp:featuredmedia":[{"embeddable":true,"href":"https:\/\/vinilozona.lt\/en\/wp-json\/wp\/v2\/media\/25931"}],"wp:attachment":[{"href":"https:\/\/vinilozona.lt\/en\/wp-json\/wp\/v2\/media?parent=25930"}],"wp:term":[{"taxonomy":"product_cat","embeddable":true,"href":"https:\/\/vinilozona.lt\/en\/wp-json\/wp\/v2\/product_cat?post=25930"},{"taxonomy":"product_tag","embeddable":true,"href":"https:\/\/vinilozona.lt\/en\/wp-json\/wp\/v2\/product_tag?post=25930"}],"curies":[{"name":"wp","href":"https:\/\/api.w.org\/{rel}","templated":true}]}}