{"id":2585,"date":"2024-08-30T05:13:52","date_gmt":"2024-08-30T02:13:52","guid":{"rendered":"https:\/\/vinylhome.lt\/?post_type=product&#038;p=2585"},"modified":"2025-05-03T17:10:33","modified_gmt":"2025-05-03T14:10:33","slug":"james-brown-%e2%80%8e-reality","status":"publish","type":"product","link":"https:\/\/vinilozona.lt\/en\/parduotuve\/rock-pop\/james-brown-%e2%80%8e-reality\/","title":{"rendered":"James Brown \u2013 &#8230;Live Hot On The One  2LP"},"content":{"rendered":"<p>A1\t\tIntroduction\t1:33<br \/>\nA2\t\tIt&#8217;s Too Funky In Here  5:43<br \/>\nA3\t\tGonna Have A Funky Good Time  2:48<br \/>\nA4\t\tGet Up Offa That Thing  7:57<br \/>\nB1\t\tBody Heat  8:08<br \/>\nB2\t\tI Got The Feeling&#8217;  4:14<br \/>\nB3\t\tTry Me  5:08<br \/>\nC1\t\tSex Machine  10:04<br \/>\nC2\t\tIt&#8217;s A Man&#8217;s, Man&#8217;s, Man&#8217;s World  9:24<br \/>\nD1\t\tGet On The Good Foot  4:22<br \/>\nD2\t\tPapa&#8217;s Got A Brand New Bag  1:48<br \/>\nD3\t\tPlease, Please, Please  3:52<br \/>\nD4\t\tJam 1980  7:21<\/p>","protected":false},"excerpt":{"rendered":"<p>Polydor \u2013 PD-2-6290, Polydor \u2013 2672 057<br \/>\nFormat:<br \/>\n2 x Vinyl, LP, Album, Stereo, 56 &#8211; Pitman Pressing<br \/>\nCountry:\tUS<br \/>\nReleased:\t1980<\/p>","protected":false},"featured_media":25696,"template":"","meta":[],"product_cat":[15],"product_tag":[44],"yoast_head":"<!-- This site is optimized with the Yoast SEO plugin v23.5 - https:\/\/yoast.com\/wordpress\/plugins\/seo\/ -->\n<title>James Brown \u2013 ...Live Hot On The One 2LP Vinilin\u0117 Plok\u0161tel\u0117 | Vinilozona.lt<\/title>\n<meta name=\"robots\" content=\"index, follow, max-snippet:-1, max-image-preview:large, max-video-preview:-1\" \/>\n<link rel=\"canonical\" href=\"https:\/\/vinilozona.lt\/en\/parduotuve\/rock-pop\/james-brown-\u200e-reality\/\" \/>\n<meta property=\"og:locale\" content=\"en_GB\" \/>\n<meta property=\"og:type\" content=\"article\" \/>\n<meta property=\"og:title\" content=\"James Brown \u2013 ...Live Hot On The One 2LP Vinilin\u0117 Plok\u0161tel\u0117 | Vinilozona.lt\" \/>\n<meta property=\"og:description\" content=\"Polydor \u2013 PD-2-6290, Polydor \u2013 2672 057 Format:  2 x Vinyl, LP, Album, Stereo, 56 - Pitman Pressing Country: US Released: 1980\" \/>\n<meta property=\"og:url\" content=\"https:\/\/vinilozona.lt\/en\/parduotuve\/rock-pop\/james-brown-\u200e-reality\/\" \/>\n<meta property=\"og:site_name\" content=\"Vinilo Zona\" \/>\n<meta property=\"article:modified_time\" content=\"2025-05-03T14:10:33+00:00\" \/>\n<meta property=\"og:image\" content=\"https:\/\/vinilozona.lt\/wp-content\/uploads\/2020\/01\/R-1107450-1369246562-6547.jpg\" \/>\n\t<meta property=\"og:image:width\" content=\"600\" \/>\n\t<meta property=\"og:image:height\" content=\"597\" \/>\n\t<meta property=\"og:image:type\" content=\"image\/jpeg\" \/>\n<meta name=\"twitter:card\" content=\"summary_large_image\" \/>\n<script type=\"application\/ld+json\" class=\"yoast-schema-graph\">{\"@context\":\"https:\/\/schema.org\",\"@graph\":[{\"@type\":\"WebPage\",\"@id\":\"https:\/\/vinilozona.lt\/parduotuve\/rock-pop\/james-brown-%e2%80%8e-reality\/\",\"url\":\"https:\/\/vinilozona.lt\/parduotuve\/rock-pop\/james-brown-%e2%80%8e-reality\/\",\"name\":\"James Brown \u2013 ...Live Hot On The One 2LP Vinilin\u0117 Plok\u0161tel\u0117 | Vinilozona.lt\",\"isPartOf\":{\"@id\":\"https:\/\/vinilozona.lt\/#website\"},\"primaryImageOfPage\":{\"@id\":\"https:\/\/vinilozona.lt\/parduotuve\/rock-pop\/james-brown-%e2%80%8e-reality\/#primaryimage\"},\"image\":{\"@id\":\"https:\/\/vinilozona.lt\/parduotuve\/rock-pop\/james-brown-%e2%80%8e-reality\/#primaryimage\"},\"thumbnailUrl\":\"https:\/\/vinilozona.lt\/wp-content\/uploads\/2020\/01\/R-1107450-1369246562-6547.jpg\",\"datePublished\":\"2024-08-30T02:13:52+00:00\",\"dateModified\":\"2025-05-03T14:10:33+00:00\",\"breadcrumb\":{\"@id\":\"https:\/\/vinilozona.lt\/parduotuve\/rock-pop\/james-brown-%e2%80%8e-reality\/#breadcrumb\"},\"inLanguage\":\"en-GB\",\"potentialAction\":[{\"@type\":\"ReadAction\",\"target\":[\"https:\/\/vinilozona.lt\/parduotuve\/rock-pop\/james-brown-%e2%80%8e-reality\/\"]}]},{\"@type\":\"ImageObject\",\"inLanguage\":\"en-GB\",\"@id\":\"https:\/\/vinilozona.lt\/parduotuve\/rock-pop\/james-brown-%e2%80%8e-reality\/#primaryimage\",\"url\":\"https:\/\/vinilozona.lt\/wp-content\/uploads\/2020\/01\/R-1107450-1369246562-6547.jpg\",\"contentUrl\":\"https:\/\/vinilozona.lt\/wp-content\/uploads\/2020\/01\/R-1107450-1369246562-6547.jpg\",\"width\":600,\"height\":597},{\"@type\":\"BreadcrumbList\",\"@id\":\"https:\/\/vinilozona.lt\/parduotuve\/rock-pop\/james-brown-%e2%80%8e-reality\/#breadcrumb\",\"itemListElement\":[{\"@type\":\"ListItem\",\"position\":1,\"name\":\"Home\",\"item\":\"https:\/\/vinilozona.lt\/\"},{\"@type\":\"ListItem\",\"position\":2,\"name\":\"Parduotuv\u0117\",\"item\":\"https:\/\/vinilozona.lt\/parduotuve\/\"},{\"@type\":\"ListItem\",\"position\":3,\"name\":\"James Brown \u2013 &#8230;Live Hot On The One 2LP\"}]},{\"@type\":\"WebSite\",\"@id\":\"https:\/\/vinilozona.lt\/#website\",\"url\":\"https:\/\/vinilozona.lt\/\",\"name\":\"Vinilo Zona\",\"description\":\"Nup\u016bsk dulkes ir klausyk LP\",\"potentialAction\":[{\"@type\":\"SearchAction\",\"target\":{\"@type\":\"EntryPoint\",\"urlTemplate\":\"https:\/\/vinilozona.lt\/?s={search_term_string}\"},\"query-input\":{\"@type\":\"PropertyValueSpecification\",\"valueRequired\":true,\"valueName\":\"search_term_string\"}}],\"inLanguage\":\"en-GB\"}]}<\/script>\n<!-- \/ Yoast SEO plugin. -->","yoast_head_json":{"title":"James Brown \u2013 ...Live Hot On The One 2LP Vinilin\u0117 Plok\u0161tel\u0117 | Vinilozona.lt","robots":{"index":"index","follow":"follow","max-snippet":"max-snippet:-1","max-image-preview":"max-image-preview:large","max-video-preview":"max-video-preview:-1"},"canonical":"https:\/\/vinilozona.lt\/en\/parduotuve\/rock-pop\/james-brown-\u200e-reality\/","og_locale":"en_GB","og_type":"article","og_title":"James Brown \u2013 ...Live Hot On The One 2LP Vinilin\u0117 Plok\u0161tel\u0117 | Vinilozona.lt","og_description":"Polydor \u2013 PD-2-6290, Polydor \u2013 2672 057 Format:  2 x Vinyl, LP, Album, Stereo, 56 - Pitman Pressing Country: US Released: 1980","og_url":"https:\/\/vinilozona.lt\/en\/parduotuve\/rock-pop\/james-brown-\u200e-reality\/","og_site_name":"Vinilo Zona","article_modified_time":"2025-05-03T14:10:33+00:00","og_image":[{"width":600,"height":597,"url":"https:\/\/vinilozona.lt\/wp-content\/uploads\/2020\/01\/R-1107450-1369246562-6547.jpg","type":"image\/jpeg"}],"twitter_card":"summary_large_image","schema":{"@context":"https:\/\/schema.org","@graph":[{"@type":"WebPage","@id":"https:\/\/vinilozona.lt\/parduotuve\/rock-pop\/james-brown-%e2%80%8e-reality\/","url":"https:\/\/vinilozona.lt\/parduotuve\/rock-pop\/james-brown-%e2%80%8e-reality\/","name":"James Brown \u2013 ...Live Hot On The One 2LP Vinilin\u0117 Plok\u0161tel\u0117 | Vinilozona.lt","isPartOf":{"@id":"https:\/\/vinilozona.lt\/#website"},"primaryImageOfPage":{"@id":"https:\/\/vinilozona.lt\/parduotuve\/rock-pop\/james-brown-%e2%80%8e-reality\/#primaryimage"},"image":{"@id":"https:\/\/vinilozona.lt\/parduotuve\/rock-pop\/james-brown-%e2%80%8e-reality\/#primaryimage"},"thumbnailUrl":"https:\/\/vinilozona.lt\/wp-content\/uploads\/2020\/01\/R-1107450-1369246562-6547.jpg","datePublished":"2024-08-30T02:13:52+00:00","dateModified":"2025-05-03T14:10:33+00:00","breadcrumb":{"@id":"https:\/\/vinilozona.lt\/parduotuve\/rock-pop\/james-brown-%e2%80%8e-reality\/#breadcrumb"},"inLanguage":"en-GB","potentialAction":[{"@type":"ReadAction","target":["https:\/\/vinilozona.lt\/parduotuve\/rock-pop\/james-brown-%e2%80%8e-reality\/"]}]},{"@type":"ImageObject","inLanguage":"en-GB","@id":"https:\/\/vinilozona.lt\/parduotuve\/rock-pop\/james-brown-%e2%80%8e-reality\/#primaryimage","url":"https:\/\/vinilozona.lt\/wp-content\/uploads\/2020\/01\/R-1107450-1369246562-6547.jpg","contentUrl":"https:\/\/vinilozona.lt\/wp-content\/uploads\/2020\/01\/R-1107450-1369246562-6547.jpg","width":600,"height":597},{"@type":"BreadcrumbList","@id":"https:\/\/vinilozona.lt\/parduotuve\/rock-pop\/james-brown-%e2%80%8e-reality\/#breadcrumb","itemListElement":[{"@type":"ListItem","position":1,"name":"Home","item":"https:\/\/vinilozona.lt\/"},{"@type":"ListItem","position":2,"name":"Parduotuv\u0117","item":"https:\/\/vinilozona.lt\/parduotuve\/"},{"@type":"ListItem","position":3,"name":"James Brown \u2013 &#8230;Live Hot On The One 2LP"}]},{"@type":"WebSite","@id":"https:\/\/vinilozona.lt\/#website","url":"https:\/\/vinilozona.lt\/","name":"Vinilo Zona","description":"Nup\u016bsk dulkes ir klausyk LP","potentialAction":[{"@type":"SearchAction","target":{"@type":"EntryPoint","urlTemplate":"https:\/\/vinilozona.lt\/?s={search_term_string}"},"query-input":{"@type":"PropertyValueSpecification","valueRequired":true,"valueName":"search_term_string"}}],"inLanguage":"en-GB"}]}},"_links":{"self":[{"href":"https:\/\/vinilozona.lt\/en\/wp-json\/wp\/v2\/product\/2585"}],"collection":[{"href":"https:\/\/vinilozona.lt\/en\/wp-json\/wp\/v2\/product"}],"about":[{"href":"https:\/\/vinilozona.lt\/en\/wp-json\/wp\/v2\/types\/product"}],"wp:featuredmedia":[{"embeddable":true,"href":"https:\/\/vinilozona.lt\/en\/wp-json\/wp\/v2\/media\/25696"}],"wp:attachment":[{"href":"https:\/\/vinilozona.lt\/en\/wp-json\/wp\/v2\/media?parent=2585"}],"wp:term":[{"taxonomy":"product_cat","embeddable":true,"href":"https:\/\/vinilozona.lt\/en\/wp-json\/wp\/v2\/product_cat?post=2585"},{"taxonomy":"product_tag","embeddable":true,"href":"https:\/\/vinilozona.lt\/en\/wp-json\/wp\/v2\/product_tag?post=2585"}],"curies":[{"name":"wp","href":"https:\/\/api.w.org\/{rel}","templated":true}]}}