{"id":25806,"date":"2024-09-21T21:00:14","date_gmt":"2024-09-21T18:00:14","guid":{"rendered":"https:\/\/vinilozona.lt\/?post_type=product&#038;p=25806"},"modified":"2024-09-21T21:02:06","modified_gmt":"2024-09-21T18:02:06","slug":"benjaminas-gorbulskis-liepaites-azuoliukas-zeme-gimta","status":"publish","type":"product","link":"https:\/\/vinilozona.lt\/en\/parduotuve\/lietuviska\/benjaminas-gorbulskis-liepaites-azuoliukas-zeme-gimta\/","title":{"rendered":"Benjaminas Gorbulskis &#8211; Liepait\u0117s, \u0104\u017euoliukas \u2013 \u017dem\u0117 Gimta"},"content":{"rendered":"<p>\u017dem\u0117 Gimta = Homeland = \u0417\u0435\u043c\u043b\u044f \u0420\u043e\u0434\u043d\u0430\u044f\t2:50<br \/>\nTau, Mama = For You, Mamma = \u0422\u0435\u0431\u0435, \u041c\u0430\u043c\u0430\t4:02<br \/>\nMano Seneliai = My Grandparents = \u0414\u0435\u0434\u0443\u0448\u043a\u0430\u043c \u0418 \u0411\u0430\u0431\u0443\u0448\u043a\u0430\u043c\t3:20<br \/>\nDiemedis = Wormwood = \u0411\u043e\u0436\u044c\u0435 \u0414\u0435\u0440\u0435\u0432\u043e\t3:37<br \/>\nAnt Kiekvieno Kalnelio = On Every Hill = \u041d\u0430 \u041a\u0430\u0436\u0434\u043e\u043c \u0425\u043e\u043b\u043c\u0435\t3:12<br \/>\nT\u0117vi\u0161k\u0117s R\u016bbas Mainos = Colours Of Homeland Change = \u041a\u0440\u0430\u0441\u043a\u0438 \u0420\u043e\u0434\u043d\u043e\u0433\u043e \u041a\u0440\u0430\u044f\t2:29<br \/>\n\u017dalia Viltis = Green Hope = \u0421\u0432\u0435\u0442\u043b\u0430\u044f \u041d\u0430\u0434\u0435\u0436\u0434\u0430\t3:46<br \/>\nPaj\u016brio Miestelis = Seashore Town = \u0412 \u041f\u0440\u0438\u043c\u043e\u0440\u0441\u043a\u043e\u043c \u0413\u043e\u0440\u043e\u0434\u0435\t3:35<br \/>\nMotinos Liepa = Mother&#8217;s Lime = \u041b\u0438\u043f\u0430 \u041c\u0430\u043c\u044b\t4:11<br \/>\nVy\u0161ni\u0173 Sniegas = Cherry Snow = \u0412\u0438\u0448\u043d\u0435\u0432\u044b\u0439 \u0421\u043d\u0435\u0433\t2:34<br \/>\nGintarin\u0117je Valtyje = In An Amber Boat = \u0412 \u042f\u043d\u0442\u0430\u0440\u043d\u043e\u0439 \u041b\u043e\u0434\u043a\u0435\t3:09<br \/>\nUpelyt\u0117 = Little River = \u0420\u0443\u0447\u0435\u0435\u043a\t3:29<\/p>","protected":false},"excerpt":{"rendered":"<p>Genre:\tPop<br \/>\nStyle:\tVocal<br \/>\nYear:\t1983<\/p>","protected":false},"featured_media":25807,"template":"","meta":[],"product_cat":[19],"product_tag":[55],"yoast_head":"<!-- This site is optimized with the Yoast SEO plugin v23.5 - https:\/\/yoast.com\/wordpress\/plugins\/seo\/ -->\n<title>Benjaminas Gorbulskis - Liepait\u0117s, \u0104\u017euoliukas \u2013 \u017dem\u0117 Gimta Vinilin\u0117 Plok\u0161tel\u0117 | Vinilozona.lt<\/title>\n<meta name=\"robots\" content=\"index, follow, max-snippet:-1, max-image-preview:large, max-video-preview:-1\" \/>\n<link rel=\"canonical\" href=\"https:\/\/vinilozona.lt\/en\/parduotuve\/lietuviska\/benjaminas-gorbulskis-liepaites-azuoliukas-zeme-gimta\/\" \/>\n<meta property=\"og:locale\" content=\"en_GB\" \/>\n<meta property=\"og:type\" content=\"article\" \/>\n<meta property=\"og:title\" content=\"Benjaminas Gorbulskis - Liepait\u0117s, \u0104\u017euoliukas \u2013 \u017dem\u0117 Gimta Vinilin\u0117 Plok\u0161tel\u0117 | Vinilozona.lt\" \/>\n<meta property=\"og:description\" content=\"Genre: Pop Style: Vocal Year: 1983\" \/>\n<meta property=\"og:url\" content=\"https:\/\/vinilozona.lt\/en\/parduotuve\/lietuviska\/benjaminas-gorbulskis-liepaites-azuoliukas-zeme-gimta\/\" \/>\n<meta property=\"og:site_name\" content=\"Vinilo Zona\" \/>\n<meta property=\"article:modified_time\" content=\"2024-09-21T18:02:06+00:00\" \/>\n<meta property=\"og:image\" content=\"https:\/\/vinilozona.lt\/wp-content\/uploads\/2024\/09\/R-3878875-1347883997-7674.jpg\" \/>\n\t<meta property=\"og:image:width\" content=\"596\" \/>\n\t<meta property=\"og:image:height\" content=\"600\" \/>\n\t<meta property=\"og:image:type\" content=\"image\/jpeg\" \/>\n<meta name=\"twitter:card\" content=\"summary_large_image\" \/>\n<script type=\"application\/ld+json\" class=\"yoast-schema-graph\">{\"@context\":\"https:\/\/schema.org\",\"@graph\":[{\"@type\":\"WebPage\",\"@id\":\"https:\/\/vinilozona.lt\/en\/parduotuve\/lietuviska\/benjaminas-gorbulskis-liepaites-azuoliukas-zeme-gimta\/\",\"url\":\"https:\/\/vinilozona.lt\/en\/parduotuve\/lietuviska\/benjaminas-gorbulskis-liepaites-azuoliukas-zeme-gimta\/\",\"name\":\"Benjaminas Gorbulskis - Liepait\u0117s, \u0104\u017euoliukas \u2013 \u017dem\u0117 Gimta Vinilin\u0117 Plok\u0161tel\u0117 | Vinilozona.lt\",\"isPartOf\":{\"@id\":\"https:\/\/vinilozona.lt\/#website\"},\"primaryImageOfPage\":{\"@id\":\"https:\/\/vinilozona.lt\/en\/parduotuve\/lietuviska\/benjaminas-gorbulskis-liepaites-azuoliukas-zeme-gimta\/#primaryimage\"},\"image\":{\"@id\":\"https:\/\/vinilozona.lt\/en\/parduotuve\/lietuviska\/benjaminas-gorbulskis-liepaites-azuoliukas-zeme-gimta\/#primaryimage\"},\"thumbnailUrl\":\"https:\/\/vinilozona.lt\/wp-content\/uploads\/2024\/09\/R-3878875-1347883997-7674.jpg\",\"datePublished\":\"2024-09-21T18:00:14+00:00\",\"dateModified\":\"2024-09-21T18:02:06+00:00\",\"breadcrumb\":{\"@id\":\"https:\/\/vinilozona.lt\/en\/parduotuve\/lietuviska\/benjaminas-gorbulskis-liepaites-azuoliukas-zeme-gimta\/#breadcrumb\"},\"inLanguage\":\"en-GB\",\"potentialAction\":[{\"@type\":\"ReadAction\",\"target\":[\"https:\/\/vinilozona.lt\/en\/parduotuve\/lietuviska\/benjaminas-gorbulskis-liepaites-azuoliukas-zeme-gimta\/\"]}]},{\"@type\":\"ImageObject\",\"inLanguage\":\"en-GB\",\"@id\":\"https:\/\/vinilozona.lt\/en\/parduotuve\/lietuviska\/benjaminas-gorbulskis-liepaites-azuoliukas-zeme-gimta\/#primaryimage\",\"url\":\"https:\/\/vinilozona.lt\/wp-content\/uploads\/2024\/09\/R-3878875-1347883997-7674.jpg\",\"contentUrl\":\"https:\/\/vinilozona.lt\/wp-content\/uploads\/2024\/09\/R-3878875-1347883997-7674.jpg\",\"width\":596,\"height\":600},{\"@type\":\"BreadcrumbList\",\"@id\":\"https:\/\/vinilozona.lt\/en\/parduotuve\/lietuviska\/benjaminas-gorbulskis-liepaites-azuoliukas-zeme-gimta\/#breadcrumb\",\"itemListElement\":[{\"@type\":\"ListItem\",\"position\":1,\"name\":\"Home\",\"item\":\"https:\/\/vinilozona.lt\/\"},{\"@type\":\"ListItem\",\"position\":2,\"name\":\"Parduotuv\u0117\",\"item\":\"https:\/\/vinilozona.lt\/parduotuve\/\"},{\"@type\":\"ListItem\",\"position\":3,\"name\":\"Benjaminas Gorbulskis &#8211; Liepait\u0117s, \u0104\u017euoliukas \u2013 \u017dem\u0117 Gimta\"}]},{\"@type\":\"WebSite\",\"@id\":\"https:\/\/vinilozona.lt\/#website\",\"url\":\"https:\/\/vinilozona.lt\/\",\"name\":\"Vinilo Zona\",\"description\":\"Nup\u016bsk dulkes ir klausyk LP\",\"potentialAction\":[{\"@type\":\"SearchAction\",\"target\":{\"@type\":\"EntryPoint\",\"urlTemplate\":\"https:\/\/vinilozona.lt\/?s={search_term_string}\"},\"query-input\":{\"@type\":\"PropertyValueSpecification\",\"valueRequired\":true,\"valueName\":\"search_term_string\"}}],\"inLanguage\":\"en-GB\"}]}<\/script>\n<!-- \/ Yoast SEO plugin. -->","yoast_head_json":{"title":"Benjaminas Gorbulskis - Liepait\u0117s, \u0104\u017euoliukas \u2013 \u017dem\u0117 Gimta Vinilin\u0117 Plok\u0161tel\u0117 | Vinilozona.lt","robots":{"index":"index","follow":"follow","max-snippet":"max-snippet:-1","max-image-preview":"max-image-preview:large","max-video-preview":"max-video-preview:-1"},"canonical":"https:\/\/vinilozona.lt\/en\/parduotuve\/lietuviska\/benjaminas-gorbulskis-liepaites-azuoliukas-zeme-gimta\/","og_locale":"en_GB","og_type":"article","og_title":"Benjaminas Gorbulskis - Liepait\u0117s, \u0104\u017euoliukas \u2013 \u017dem\u0117 Gimta Vinilin\u0117 Plok\u0161tel\u0117 | Vinilozona.lt","og_description":"Genre: Pop Style: Vocal Year: 1983","og_url":"https:\/\/vinilozona.lt\/en\/parduotuve\/lietuviska\/benjaminas-gorbulskis-liepaites-azuoliukas-zeme-gimta\/","og_site_name":"Vinilo Zona","article_modified_time":"2024-09-21T18:02:06+00:00","og_image":[{"width":596,"height":600,"url":"https:\/\/vinilozona.lt\/wp-content\/uploads\/2024\/09\/R-3878875-1347883997-7674.jpg","type":"image\/jpeg"}],"twitter_card":"summary_large_image","schema":{"@context":"https:\/\/schema.org","@graph":[{"@type":"WebPage","@id":"https:\/\/vinilozona.lt\/en\/parduotuve\/lietuviska\/benjaminas-gorbulskis-liepaites-azuoliukas-zeme-gimta\/","url":"https:\/\/vinilozona.lt\/en\/parduotuve\/lietuviska\/benjaminas-gorbulskis-liepaites-azuoliukas-zeme-gimta\/","name":"Benjaminas Gorbulskis - Liepait\u0117s, \u0104\u017euoliukas \u2013 \u017dem\u0117 Gimta Vinilin\u0117 Plok\u0161tel\u0117 | Vinilozona.lt","isPartOf":{"@id":"https:\/\/vinilozona.lt\/#website"},"primaryImageOfPage":{"@id":"https:\/\/vinilozona.lt\/en\/parduotuve\/lietuviska\/benjaminas-gorbulskis-liepaites-azuoliukas-zeme-gimta\/#primaryimage"},"image":{"@id":"https:\/\/vinilozona.lt\/en\/parduotuve\/lietuviska\/benjaminas-gorbulskis-liepaites-azuoliukas-zeme-gimta\/#primaryimage"},"thumbnailUrl":"https:\/\/vinilozona.lt\/wp-content\/uploads\/2024\/09\/R-3878875-1347883997-7674.jpg","datePublished":"2024-09-21T18:00:14+00:00","dateModified":"2024-09-21T18:02:06+00:00","breadcrumb":{"@id":"https:\/\/vinilozona.lt\/en\/parduotuve\/lietuviska\/benjaminas-gorbulskis-liepaites-azuoliukas-zeme-gimta\/#breadcrumb"},"inLanguage":"en-GB","potentialAction":[{"@type":"ReadAction","target":["https:\/\/vinilozona.lt\/en\/parduotuve\/lietuviska\/benjaminas-gorbulskis-liepaites-azuoliukas-zeme-gimta\/"]}]},{"@type":"ImageObject","inLanguage":"en-GB","@id":"https:\/\/vinilozona.lt\/en\/parduotuve\/lietuviska\/benjaminas-gorbulskis-liepaites-azuoliukas-zeme-gimta\/#primaryimage","url":"https:\/\/vinilozona.lt\/wp-content\/uploads\/2024\/09\/R-3878875-1347883997-7674.jpg","contentUrl":"https:\/\/vinilozona.lt\/wp-content\/uploads\/2024\/09\/R-3878875-1347883997-7674.jpg","width":596,"height":600},{"@type":"BreadcrumbList","@id":"https:\/\/vinilozona.lt\/en\/parduotuve\/lietuviska\/benjaminas-gorbulskis-liepaites-azuoliukas-zeme-gimta\/#breadcrumb","itemListElement":[{"@type":"ListItem","position":1,"name":"Home","item":"https:\/\/vinilozona.lt\/"},{"@type":"ListItem","position":2,"name":"Parduotuv\u0117","item":"https:\/\/vinilozona.lt\/parduotuve\/"},{"@type":"ListItem","position":3,"name":"Benjaminas Gorbulskis &#8211; Liepait\u0117s, \u0104\u017euoliukas \u2013 \u017dem\u0117 Gimta"}]},{"@type":"WebSite","@id":"https:\/\/vinilozona.lt\/#website","url":"https:\/\/vinilozona.lt\/","name":"Vinilo Zona","description":"Nup\u016bsk dulkes ir klausyk LP","potentialAction":[{"@type":"SearchAction","target":{"@type":"EntryPoint","urlTemplate":"https:\/\/vinilozona.lt\/?s={search_term_string}"},"query-input":{"@type":"PropertyValueSpecification","valueRequired":true,"valueName":"search_term_string"}}],"inLanguage":"en-GB"}]}},"_links":{"self":[{"href":"https:\/\/vinilozona.lt\/en\/wp-json\/wp\/v2\/product\/25806"}],"collection":[{"href":"https:\/\/vinilozona.lt\/en\/wp-json\/wp\/v2\/product"}],"about":[{"href":"https:\/\/vinilozona.lt\/en\/wp-json\/wp\/v2\/types\/product"}],"wp:featuredmedia":[{"embeddable":true,"href":"https:\/\/vinilozona.lt\/en\/wp-json\/wp\/v2\/media\/25807"}],"wp:attachment":[{"href":"https:\/\/vinilozona.lt\/en\/wp-json\/wp\/v2\/media?parent=25806"}],"wp:term":[{"taxonomy":"product_cat","embeddable":true,"href":"https:\/\/vinilozona.lt\/en\/wp-json\/wp\/v2\/product_cat?post=25806"},{"taxonomy":"product_tag","embeddable":true,"href":"https:\/\/vinilozona.lt\/en\/wp-json\/wp\/v2\/product_tag?post=25806"}],"curies":[{"name":"wp","href":"https:\/\/api.w.org\/{rel}","templated":true}]}}