{"id":25800,"date":"2024-09-21T20:10:31","date_gmt":"2024-09-21T17:10:31","guid":{"rendered":"https:\/\/vinilozona.lt\/?post_type=product&#038;p=25800"},"modified":"2024-12-16T21:12:09","modified_gmt":"2024-12-16T19:12:09","slug":"vytautas-kernagis-ir-kabaretas-tarp-girnu","status":"publish","type":"product","link":"https:\/\/vinilozona.lt\/en\/parduotuve\/lietuviska\/vytautas-kernagis-ir-kabaretas-tarp-girnu\/","title":{"rendered":"Vytautas Kernagis Ir Kabaretas &#8222;Tarp Girn\u0173&#8221;"},"content":{"rendered":"<p>A1\t\tSkraidan\u010dio Dramblio Klausimai Dviem Silk\u0117ms, \u012e Kuriuos \u017dino Atsakym\u0105 Tik Troleibuso Konduktorius (Kelionin\u0117 Dainel\u0117) 2:04<br \/>\nA2\t\tSaugok Sveikat\u0105 (Pamokanti Ir Ypatingai Naudinga Jaunam Organizmui Dainel\u0117) 2:53<br \/>\nA3\t\tNor\u0117jimas (Labai Sud\u0117tingos Formos K\u016brinys. Diptichas. Dvi Dalys. Pirmoji \u2014 Pateti\u0161kai Romanti\u0161ka, Antroji \u2014 Ne. Finalas, Be Abejo, Optimistinis) 2:44<br \/>\nA4\t\tO, Disko (Disko-\u0160misko Kompozicija), Dain\u0173 Popuri 4:25<br \/>\nA5\t\tOi \u017diba \u017diba (Sveikas, Linksmas, Nedidukas M\u016bs\u0173 \u0160is Rokenroliukas)  2:13<br \/>\nA6\t\tArmonika (D\u017eiaz-Rok-Folk-Song-Tvisto-Valso-Polko Kompozicija), Dain\u0173 Popuri 2:28<br \/>\nB1\t\tTamo\u0161iaus Bekepurio Pir\u0161lybos (Klasikinis Dainuojamosios Poezijos Pavyzdys Su Priemai\u0161a Pir\u0161lyb\u0173) 8:20<br \/>\nB2\t\tVasara (Pagal L. I. Gravi\u016bra \u00abKaip Gra\u017eu Mi\u0161ke\u00bb) 3:18<br \/>\nB3\t\tAnt Auk\u0161to Kranto (\u0160is K\u016brinys Tarptautiniame Rok-Pop Festivalyje Rio De \u017dagar\u0117je Peln\u0117 Pagrindin\u012f \u017di\u016brov\u0173 Priz\u0105) 5:03<br \/>\nB4\t\t\u0160imtas Pavasari\u0173 (P.S. Interpone Tuis Int\u0117rdum Gaudia Curis. Castigat Rideno Mores) 3:22<\/p>","protected":false},"excerpt":{"rendered":"<p>Label:\t\u041c\u0435\u043b\u043e\u0434\u0438\u044f \u2013 \u042160 20771 009<br \/>\nFormat:\tVinyl, LP, Album, Laminated Cover, White Labels<br \/>\nCountry:\tUSSR<br \/>\nReleased:\t1984<br \/>\nGenre:\tRock, Pop<br \/>\nStyle:\tPop Rock, Parody<\/p>","protected":false},"featured_media":25801,"template":"","meta":[],"product_cat":[19],"product_tag":[55],"yoast_head":"<!-- This site is optimized with the Yoast SEO plugin v23.5 - https:\/\/yoast.com\/wordpress\/plugins\/seo\/ -->\n<title>Vytautas Kernagis Ir Kabaretas &quot;Tarp Girn\u0173&quot; Vinilin\u0117 Plok\u0161tel\u0117 | Vinilozona.lt<\/title>\n<meta name=\"robots\" content=\"index, follow, max-snippet:-1, max-image-preview:large, max-video-preview:-1\" \/>\n<link rel=\"canonical\" href=\"https:\/\/vinilozona.lt\/en\/parduotuve\/lietuviska\/vytautas-kernagis-ir-kabaretas-tarp-girnu\/\" \/>\n<meta property=\"og:locale\" content=\"en_GB\" \/>\n<meta property=\"og:type\" content=\"article\" \/>\n<meta property=\"og:title\" content=\"Vytautas Kernagis Ir Kabaretas &quot;Tarp Girn\u0173&quot; Vinilin\u0117 Plok\u0161tel\u0117 | Vinilozona.lt\" \/>\n<meta property=\"og:description\" content=\"Label: \u041c\u0435\u043b\u043e\u0434\u0438\u044f \u2013 \u042160 20771 009 Format: Vinyl, LP, Album, Laminated Cover, White Labels Country: USSR Released: 1984 Genre: Rock, Pop Style: Pop Rock, Parody\" \/>\n<meta property=\"og:url\" content=\"https:\/\/vinilozona.lt\/en\/parduotuve\/lietuviska\/vytautas-kernagis-ir-kabaretas-tarp-girnu\/\" \/>\n<meta property=\"og:site_name\" content=\"Vinilo Zona\" \/>\n<meta property=\"article:modified_time\" content=\"2024-12-16T19:12:09+00:00\" \/>\n<meta property=\"og:image\" content=\"https:\/\/vinilozona.lt\/wp-content\/uploads\/2024\/09\/R-1763440-1293458633.jpg\" \/>\n\t<meta property=\"og:image:width\" content=\"418\" \/>\n\t<meta property=\"og:image:height\" content=\"420\" \/>\n\t<meta property=\"og:image:type\" content=\"image\/jpeg\" \/>\n<meta name=\"twitter:card\" content=\"summary_large_image\" \/>\n<meta name=\"twitter:label1\" content=\"Estimated reading time\" \/>\n\t<meta name=\"twitter:data1\" content=\"1 minute\" \/>\n<script type=\"application\/ld+json\" class=\"yoast-schema-graph\">{\"@context\":\"https:\/\/schema.org\",\"@graph\":[{\"@type\":\"WebPage\",\"@id\":\"https:\/\/vinilozona.lt\/parduotuve\/lietuviska\/vytautas-kernagis-ir-kabaretas-tarp-girnu\/\",\"url\":\"https:\/\/vinilozona.lt\/parduotuve\/lietuviska\/vytautas-kernagis-ir-kabaretas-tarp-girnu\/\",\"name\":\"Vytautas Kernagis Ir Kabaretas \\\"Tarp Girn\u0173\\\" Vinilin\u0117 Plok\u0161tel\u0117 | Vinilozona.lt\",\"isPartOf\":{\"@id\":\"https:\/\/vinilozona.lt\/#website\"},\"primaryImageOfPage\":{\"@id\":\"https:\/\/vinilozona.lt\/parduotuve\/lietuviska\/vytautas-kernagis-ir-kabaretas-tarp-girnu\/#primaryimage\"},\"image\":{\"@id\":\"https:\/\/vinilozona.lt\/parduotuve\/lietuviska\/vytautas-kernagis-ir-kabaretas-tarp-girnu\/#primaryimage\"},\"thumbnailUrl\":\"https:\/\/vinilozona.lt\/wp-content\/uploads\/2024\/09\/R-1763440-1293458633.jpg\",\"datePublished\":\"2024-09-21T17:10:31+00:00\",\"dateModified\":\"2024-12-16T19:12:09+00:00\",\"breadcrumb\":{\"@id\":\"https:\/\/vinilozona.lt\/parduotuve\/lietuviska\/vytautas-kernagis-ir-kabaretas-tarp-girnu\/#breadcrumb\"},\"inLanguage\":\"en-GB\",\"potentialAction\":[{\"@type\":\"ReadAction\",\"target\":[\"https:\/\/vinilozona.lt\/parduotuve\/lietuviska\/vytautas-kernagis-ir-kabaretas-tarp-girnu\/\"]}]},{\"@type\":\"ImageObject\",\"inLanguage\":\"en-GB\",\"@id\":\"https:\/\/vinilozona.lt\/parduotuve\/lietuviska\/vytautas-kernagis-ir-kabaretas-tarp-girnu\/#primaryimage\",\"url\":\"https:\/\/vinilozona.lt\/wp-content\/uploads\/2024\/09\/R-1763440-1293458633.jpg\",\"contentUrl\":\"https:\/\/vinilozona.lt\/wp-content\/uploads\/2024\/09\/R-1763440-1293458633.jpg\",\"width\":418,\"height\":420},{\"@type\":\"BreadcrumbList\",\"@id\":\"https:\/\/vinilozona.lt\/parduotuve\/lietuviska\/vytautas-kernagis-ir-kabaretas-tarp-girnu\/#breadcrumb\",\"itemListElement\":[{\"@type\":\"ListItem\",\"position\":1,\"name\":\"Home\",\"item\":\"https:\/\/vinilozona.lt\/\"},{\"@type\":\"ListItem\",\"position\":2,\"name\":\"Parduotuv\u0117\",\"item\":\"https:\/\/vinilozona.lt\/parduotuve\/\"},{\"@type\":\"ListItem\",\"position\":3,\"name\":\"Vytautas Kernagis Ir Kabaretas &#8220;Tarp Girn\u0173&#8221;\"}]},{\"@type\":\"WebSite\",\"@id\":\"https:\/\/vinilozona.lt\/#website\",\"url\":\"https:\/\/vinilozona.lt\/\",\"name\":\"Vinilo Zona\",\"description\":\"Nup\u016bsk dulkes ir klausyk LP\",\"potentialAction\":[{\"@type\":\"SearchAction\",\"target\":{\"@type\":\"EntryPoint\",\"urlTemplate\":\"https:\/\/vinilozona.lt\/?s={search_term_string}\"},\"query-input\":{\"@type\":\"PropertyValueSpecification\",\"valueRequired\":true,\"valueName\":\"search_term_string\"}}],\"inLanguage\":\"en-GB\"}]}<\/script>\n<!-- \/ Yoast SEO plugin. -->","yoast_head_json":{"title":"Vytautas Kernagis Ir Kabaretas \"Tarp Girn\u0173\" Vinilin\u0117 Plok\u0161tel\u0117 | Vinilozona.lt","robots":{"index":"index","follow":"follow","max-snippet":"max-snippet:-1","max-image-preview":"max-image-preview:large","max-video-preview":"max-video-preview:-1"},"canonical":"https:\/\/vinilozona.lt\/en\/parduotuve\/lietuviska\/vytautas-kernagis-ir-kabaretas-tarp-girnu\/","og_locale":"en_GB","og_type":"article","og_title":"Vytautas Kernagis Ir Kabaretas \"Tarp Girn\u0173\" Vinilin\u0117 Plok\u0161tel\u0117 | Vinilozona.lt","og_description":"Label: \u041c\u0435\u043b\u043e\u0434\u0438\u044f \u2013 \u042160 20771 009 Format: Vinyl, LP, Album, Laminated Cover, White Labels Country: USSR Released: 1984 Genre: Rock, Pop Style: Pop Rock, Parody","og_url":"https:\/\/vinilozona.lt\/en\/parduotuve\/lietuviska\/vytautas-kernagis-ir-kabaretas-tarp-girnu\/","og_site_name":"Vinilo Zona","article_modified_time":"2024-12-16T19:12:09+00:00","og_image":[{"width":418,"height":420,"url":"https:\/\/vinilozona.lt\/wp-content\/uploads\/2024\/09\/R-1763440-1293458633.jpg","type":"image\/jpeg"}],"twitter_card":"summary_large_image","twitter_misc":{"Estimated reading time":"1 minute"},"schema":{"@context":"https:\/\/schema.org","@graph":[{"@type":"WebPage","@id":"https:\/\/vinilozona.lt\/parduotuve\/lietuviska\/vytautas-kernagis-ir-kabaretas-tarp-girnu\/","url":"https:\/\/vinilozona.lt\/parduotuve\/lietuviska\/vytautas-kernagis-ir-kabaretas-tarp-girnu\/","name":"Vytautas Kernagis Ir Kabaretas \"Tarp Girn\u0173\" Vinilin\u0117 Plok\u0161tel\u0117 | Vinilozona.lt","isPartOf":{"@id":"https:\/\/vinilozona.lt\/#website"},"primaryImageOfPage":{"@id":"https:\/\/vinilozona.lt\/parduotuve\/lietuviska\/vytautas-kernagis-ir-kabaretas-tarp-girnu\/#primaryimage"},"image":{"@id":"https:\/\/vinilozona.lt\/parduotuve\/lietuviska\/vytautas-kernagis-ir-kabaretas-tarp-girnu\/#primaryimage"},"thumbnailUrl":"https:\/\/vinilozona.lt\/wp-content\/uploads\/2024\/09\/R-1763440-1293458633.jpg","datePublished":"2024-09-21T17:10:31+00:00","dateModified":"2024-12-16T19:12:09+00:00","breadcrumb":{"@id":"https:\/\/vinilozona.lt\/parduotuve\/lietuviska\/vytautas-kernagis-ir-kabaretas-tarp-girnu\/#breadcrumb"},"inLanguage":"en-GB","potentialAction":[{"@type":"ReadAction","target":["https:\/\/vinilozona.lt\/parduotuve\/lietuviska\/vytautas-kernagis-ir-kabaretas-tarp-girnu\/"]}]},{"@type":"ImageObject","inLanguage":"en-GB","@id":"https:\/\/vinilozona.lt\/parduotuve\/lietuviska\/vytautas-kernagis-ir-kabaretas-tarp-girnu\/#primaryimage","url":"https:\/\/vinilozona.lt\/wp-content\/uploads\/2024\/09\/R-1763440-1293458633.jpg","contentUrl":"https:\/\/vinilozona.lt\/wp-content\/uploads\/2024\/09\/R-1763440-1293458633.jpg","width":418,"height":420},{"@type":"BreadcrumbList","@id":"https:\/\/vinilozona.lt\/parduotuve\/lietuviska\/vytautas-kernagis-ir-kabaretas-tarp-girnu\/#breadcrumb","itemListElement":[{"@type":"ListItem","position":1,"name":"Home","item":"https:\/\/vinilozona.lt\/"},{"@type":"ListItem","position":2,"name":"Parduotuv\u0117","item":"https:\/\/vinilozona.lt\/parduotuve\/"},{"@type":"ListItem","position":3,"name":"Vytautas Kernagis Ir Kabaretas &#8220;Tarp Girn\u0173&#8221;"}]},{"@type":"WebSite","@id":"https:\/\/vinilozona.lt\/#website","url":"https:\/\/vinilozona.lt\/","name":"Vinilo Zona","description":"Nup\u016bsk dulkes ir klausyk LP","potentialAction":[{"@type":"SearchAction","target":{"@type":"EntryPoint","urlTemplate":"https:\/\/vinilozona.lt\/?s={search_term_string}"},"query-input":{"@type":"PropertyValueSpecification","valueRequired":true,"valueName":"search_term_string"}}],"inLanguage":"en-GB"}]}},"_links":{"self":[{"href":"https:\/\/vinilozona.lt\/en\/wp-json\/wp\/v2\/product\/25800"}],"collection":[{"href":"https:\/\/vinilozona.lt\/en\/wp-json\/wp\/v2\/product"}],"about":[{"href":"https:\/\/vinilozona.lt\/en\/wp-json\/wp\/v2\/types\/product"}],"wp:featuredmedia":[{"embeddable":true,"href":"https:\/\/vinilozona.lt\/en\/wp-json\/wp\/v2\/media\/25801"}],"wp:attachment":[{"href":"https:\/\/vinilozona.lt\/en\/wp-json\/wp\/v2\/media?parent=25800"}],"wp:term":[{"taxonomy":"product_cat","embeddable":true,"href":"https:\/\/vinilozona.lt\/en\/wp-json\/wp\/v2\/product_cat?post=25800"},{"taxonomy":"product_tag","embeddable":true,"href":"https:\/\/vinilozona.lt\/en\/wp-json\/wp\/v2\/product_tag?post=25800"}],"curies":[{"name":"wp","href":"https:\/\/api.w.org\/{rel}","templated":true}]}}