{"id":25788,"date":"2026-03-02T06:00:48","date_gmt":"2026-03-02T04:00:48","guid":{"rendered":"https:\/\/vinilozona.lt\/?post_type=product&#038;p=25788"},"modified":"2026-03-02T11:57:35","modified_gmt":"2026-03-02T09:57:35","slug":"vairas-visu-laiku-auksine-kolekcija-1-dalis","status":"publish","type":"product","link":"https:\/\/vinilozona.lt\/en\/parduotuve\/lietuviska\/vairas-visu-laiku-auksine-kolekcija-1-dalis\/","title":{"rendered":"Vairas \u2013 Vis\u0173 Laik\u0173 Auksin\u0117 Kolekcija (1 Dalis)"},"content":{"rendered":"<p>A1\t\tRie\u0161ut\u0173 \u017dyd\u0117jimas 4:36<br \/>\nA2\t\tAnt Sleks\u010dio 4:44<br \/>\nA3\t\tBroliai 3:25<br \/>\nA4\t\tMeil\u0119 Reikia Branginti 3:18<br \/>\nA5\t\tEleganti\u0161kai Sninga 5:59<br \/>\nB1\t\tKaraliai Be Kar\u016bn\u0173 3:09<br \/>\nB2\t\tGimiau Pa\u010diu Laiku 2:56<br \/>\nB3\t\tMis Europa 4:15<br \/>\nB4\t\tVienatv\u0117s Medis 3:19<br \/>\nB5\t\tVil\u010di\u0173 Vaivoryk\u0161t\u0117 3:23<br \/>\nB6\t\tO Buvo Metai 4:14<\/p>","protected":false},"excerpt":{"rendered":"<p>Label:\tV\u0117jas Records \u2013 VR002<br \/>\nFormat:\t Vinyl, LP, Compilation, Limited Edition, Stereo<br \/>\nCountry:\tLithuania<br \/>\nReleased:\t2023<\/p>","protected":false},"featured_media":25789,"template":"","meta":[],"product_cat":[19,23],"product_tag":[55],"yoast_head":"<!-- This site is optimized with the Yoast SEO plugin v23.5 - https:\/\/yoast.com\/wordpress\/plugins\/seo\/ -->\n<title>Vairas \u2013 Vis\u0173 Laik\u0173 Auksin\u0117 Kolekcija (1 Dalis) Vinilin\u0117 Plok\u0161tel\u0117 | Vinilozona.lt<\/title>\n<meta name=\"robots\" content=\"index, follow, max-snippet:-1, max-image-preview:large, max-video-preview:-1\" \/>\n<link rel=\"canonical\" href=\"https:\/\/vinilozona.lt\/en\/parduotuve\/lietuviska\/vairas-visu-laiku-auksine-kolekcija-1-dalis\/\" \/>\n<meta property=\"og:locale\" content=\"en_GB\" \/>\n<meta property=\"og:type\" content=\"article\" \/>\n<meta property=\"og:title\" content=\"Vairas \u2013 Vis\u0173 Laik\u0173 Auksin\u0117 Kolekcija (1 Dalis) Vinilin\u0117 Plok\u0161tel\u0117 | Vinilozona.lt\" \/>\n<meta property=\"og:description\" content=\"Label: V\u0117jas Records \u2013 VR002 Format: Vinyl, LP, Compilation, Limited Edition, Stereo Country: Lithuania Released: 2023\" \/>\n<meta property=\"og:url\" content=\"https:\/\/vinilozona.lt\/en\/parduotuve\/lietuviska\/vairas-visu-laiku-auksine-kolekcija-1-dalis\/\" \/>\n<meta property=\"og:site_name\" content=\"Vinilo Zona\" \/>\n<meta property=\"article:modified_time\" content=\"2026-03-02T09:57:35+00:00\" \/>\n<meta property=\"og:image\" content=\"https:\/\/vinilozona.lt\/wp-content\/uploads\/2024\/09\/R-28569706-1697116391-9001.jpg\" \/>\n\t<meta property=\"og:image:width\" content=\"600\" \/>\n\t<meta property=\"og:image:height\" content=\"425\" \/>\n\t<meta property=\"og:image:type\" content=\"image\/jpeg\" \/>\n<meta name=\"twitter:card\" content=\"summary_large_image\" \/>\n<script type=\"application\/ld+json\" class=\"yoast-schema-graph\">{\"@context\":\"https:\/\/schema.org\",\"@graph\":[{\"@type\":\"WebPage\",\"@id\":\"https:\/\/vinilozona.lt\/parduotuve\/lietuviska\/vairas-visu-laiku-auksine-kolekcija-1-dalis\/\",\"url\":\"https:\/\/vinilozona.lt\/parduotuve\/lietuviska\/vairas-visu-laiku-auksine-kolekcija-1-dalis\/\",\"name\":\"Vairas \u2013 Vis\u0173 Laik\u0173 Auksin\u0117 Kolekcija (1 Dalis) Vinilin\u0117 Plok\u0161tel\u0117 | Vinilozona.lt\",\"isPartOf\":{\"@id\":\"https:\/\/vinilozona.lt\/#website\"},\"primaryImageOfPage\":{\"@id\":\"https:\/\/vinilozona.lt\/parduotuve\/lietuviska\/vairas-visu-laiku-auksine-kolekcija-1-dalis\/#primaryimage\"},\"image\":{\"@id\":\"https:\/\/vinilozona.lt\/parduotuve\/lietuviska\/vairas-visu-laiku-auksine-kolekcija-1-dalis\/#primaryimage\"},\"thumbnailUrl\":\"https:\/\/vinilozona.lt\/wp-content\/uploads\/2024\/09\/R-28569706-1697116391-9001.jpg\",\"datePublished\":\"2026-03-02T04:00:48+00:00\",\"dateModified\":\"2026-03-02T09:57:35+00:00\",\"breadcrumb\":{\"@id\":\"https:\/\/vinilozona.lt\/parduotuve\/lietuviska\/vairas-visu-laiku-auksine-kolekcija-1-dalis\/#breadcrumb\"},\"inLanguage\":\"en-GB\",\"potentialAction\":[{\"@type\":\"ReadAction\",\"target\":[\"https:\/\/vinilozona.lt\/parduotuve\/lietuviska\/vairas-visu-laiku-auksine-kolekcija-1-dalis\/\"]}]},{\"@type\":\"ImageObject\",\"inLanguage\":\"en-GB\",\"@id\":\"https:\/\/vinilozona.lt\/parduotuve\/lietuviska\/vairas-visu-laiku-auksine-kolekcija-1-dalis\/#primaryimage\",\"url\":\"https:\/\/vinilozona.lt\/wp-content\/uploads\/2024\/09\/R-28569706-1697116391-9001.jpg\",\"contentUrl\":\"https:\/\/vinilozona.lt\/wp-content\/uploads\/2024\/09\/R-28569706-1697116391-9001.jpg\",\"width\":600,\"height\":425},{\"@type\":\"BreadcrumbList\",\"@id\":\"https:\/\/vinilozona.lt\/parduotuve\/lietuviska\/vairas-visu-laiku-auksine-kolekcija-1-dalis\/#breadcrumb\",\"itemListElement\":[{\"@type\":\"ListItem\",\"position\":1,\"name\":\"Home\",\"item\":\"https:\/\/vinilozona.lt\/\"},{\"@type\":\"ListItem\",\"position\":2,\"name\":\"Parduotuv\u0117\",\"item\":\"https:\/\/vinilozona.lt\/parduotuve\/\"},{\"@type\":\"ListItem\",\"position\":3,\"name\":\"Vairas \u2013 Vis\u0173 Laik\u0173 Auksin\u0117 Kolekcija (1 Dalis)\"}]},{\"@type\":\"WebSite\",\"@id\":\"https:\/\/vinilozona.lt\/#website\",\"url\":\"https:\/\/vinilozona.lt\/\",\"name\":\"Vinilo Zona\",\"description\":\"Nup\u016bsk dulkes ir klausyk LP\",\"potentialAction\":[{\"@type\":\"SearchAction\",\"target\":{\"@type\":\"EntryPoint\",\"urlTemplate\":\"https:\/\/vinilozona.lt\/?s={search_term_string}\"},\"query-input\":{\"@type\":\"PropertyValueSpecification\",\"valueRequired\":true,\"valueName\":\"search_term_string\"}}],\"inLanguage\":\"en-GB\"}]}<\/script>\n<!-- \/ Yoast SEO plugin. -->","yoast_head_json":{"title":"Vairas \u2013 Vis\u0173 Laik\u0173 Auksin\u0117 Kolekcija (1 Dalis) Vinilin\u0117 Plok\u0161tel\u0117 | Vinilozona.lt","robots":{"index":"index","follow":"follow","max-snippet":"max-snippet:-1","max-image-preview":"max-image-preview:large","max-video-preview":"max-video-preview:-1"},"canonical":"https:\/\/vinilozona.lt\/en\/parduotuve\/lietuviska\/vairas-visu-laiku-auksine-kolekcija-1-dalis\/","og_locale":"en_GB","og_type":"article","og_title":"Vairas \u2013 Vis\u0173 Laik\u0173 Auksin\u0117 Kolekcija (1 Dalis) Vinilin\u0117 Plok\u0161tel\u0117 | Vinilozona.lt","og_description":"Label: V\u0117jas Records \u2013 VR002 Format: Vinyl, LP, Compilation, Limited Edition, Stereo Country: Lithuania Released: 2023","og_url":"https:\/\/vinilozona.lt\/en\/parduotuve\/lietuviska\/vairas-visu-laiku-auksine-kolekcija-1-dalis\/","og_site_name":"Vinilo Zona","article_modified_time":"2026-03-02T09:57:35+00:00","og_image":[{"width":600,"height":425,"url":"https:\/\/vinilozona.lt\/wp-content\/uploads\/2024\/09\/R-28569706-1697116391-9001.jpg","type":"image\/jpeg"}],"twitter_card":"summary_large_image","schema":{"@context":"https:\/\/schema.org","@graph":[{"@type":"WebPage","@id":"https:\/\/vinilozona.lt\/parduotuve\/lietuviska\/vairas-visu-laiku-auksine-kolekcija-1-dalis\/","url":"https:\/\/vinilozona.lt\/parduotuve\/lietuviska\/vairas-visu-laiku-auksine-kolekcija-1-dalis\/","name":"Vairas \u2013 Vis\u0173 Laik\u0173 Auksin\u0117 Kolekcija (1 Dalis) Vinilin\u0117 Plok\u0161tel\u0117 | Vinilozona.lt","isPartOf":{"@id":"https:\/\/vinilozona.lt\/#website"},"primaryImageOfPage":{"@id":"https:\/\/vinilozona.lt\/parduotuve\/lietuviska\/vairas-visu-laiku-auksine-kolekcija-1-dalis\/#primaryimage"},"image":{"@id":"https:\/\/vinilozona.lt\/parduotuve\/lietuviska\/vairas-visu-laiku-auksine-kolekcija-1-dalis\/#primaryimage"},"thumbnailUrl":"https:\/\/vinilozona.lt\/wp-content\/uploads\/2024\/09\/R-28569706-1697116391-9001.jpg","datePublished":"2026-03-02T04:00:48+00:00","dateModified":"2026-03-02T09:57:35+00:00","breadcrumb":{"@id":"https:\/\/vinilozona.lt\/parduotuve\/lietuviska\/vairas-visu-laiku-auksine-kolekcija-1-dalis\/#breadcrumb"},"inLanguage":"en-GB","potentialAction":[{"@type":"ReadAction","target":["https:\/\/vinilozona.lt\/parduotuve\/lietuviska\/vairas-visu-laiku-auksine-kolekcija-1-dalis\/"]}]},{"@type":"ImageObject","inLanguage":"en-GB","@id":"https:\/\/vinilozona.lt\/parduotuve\/lietuviska\/vairas-visu-laiku-auksine-kolekcija-1-dalis\/#primaryimage","url":"https:\/\/vinilozona.lt\/wp-content\/uploads\/2024\/09\/R-28569706-1697116391-9001.jpg","contentUrl":"https:\/\/vinilozona.lt\/wp-content\/uploads\/2024\/09\/R-28569706-1697116391-9001.jpg","width":600,"height":425},{"@type":"BreadcrumbList","@id":"https:\/\/vinilozona.lt\/parduotuve\/lietuviska\/vairas-visu-laiku-auksine-kolekcija-1-dalis\/#breadcrumb","itemListElement":[{"@type":"ListItem","position":1,"name":"Home","item":"https:\/\/vinilozona.lt\/"},{"@type":"ListItem","position":2,"name":"Parduotuv\u0117","item":"https:\/\/vinilozona.lt\/parduotuve\/"},{"@type":"ListItem","position":3,"name":"Vairas \u2013 Vis\u0173 Laik\u0173 Auksin\u0117 Kolekcija (1 Dalis)"}]},{"@type":"WebSite","@id":"https:\/\/vinilozona.lt\/#website","url":"https:\/\/vinilozona.lt\/","name":"Vinilo Zona","description":"Nup\u016bsk dulkes ir klausyk LP","potentialAction":[{"@type":"SearchAction","target":{"@type":"EntryPoint","urlTemplate":"https:\/\/vinilozona.lt\/?s={search_term_string}"},"query-input":{"@type":"PropertyValueSpecification","valueRequired":true,"valueName":"search_term_string"}}],"inLanguage":"en-GB"}]}},"_links":{"self":[{"href":"https:\/\/vinilozona.lt\/en\/wp-json\/wp\/v2\/product\/25788"}],"collection":[{"href":"https:\/\/vinilozona.lt\/en\/wp-json\/wp\/v2\/product"}],"about":[{"href":"https:\/\/vinilozona.lt\/en\/wp-json\/wp\/v2\/types\/product"}],"wp:featuredmedia":[{"embeddable":true,"href":"https:\/\/vinilozona.lt\/en\/wp-json\/wp\/v2\/media\/25789"}],"wp:attachment":[{"href":"https:\/\/vinilozona.lt\/en\/wp-json\/wp\/v2\/media?parent=25788"}],"wp:term":[{"taxonomy":"product_cat","embeddable":true,"href":"https:\/\/vinilozona.lt\/en\/wp-json\/wp\/v2\/product_cat?post=25788"},{"taxonomy":"product_tag","embeddable":true,"href":"https:\/\/vinilozona.lt\/en\/wp-json\/wp\/v2\/product_tag?post=25788"}],"curies":[{"name":"wp","href":"https:\/\/api.w.org\/{rel}","templated":true}]}}