{"id":25681,"date":"2024-08-25T05:14:13","date_gmt":"2024-08-25T02:14:13","guid":{"rendered":"https:\/\/vinilozona.lt\/?post_type=product&#038;p=25681"},"modified":"2024-08-25T07:45:34","modified_gmt":"2024-08-25T04:45:34","slug":"elton-john-the-road-to-el-dorado-cd","status":"publish","type":"product","link":"https:\/\/vinilozona.lt\/en\/parduotuve\/cd\/naudoti-cd\/elton-john-the-road-to-el-dorado-cd\/","title":{"rendered":"Elton John \u2013 The Road To El Dorado  CD"},"content":{"rendered":"<p>1\t\tEl Dorado 4:22<br \/>\n2\t\tSomeday Out Of The Blue (Theme From El Dorado)  4:47<br \/>\n3\t\tWithout Question  4:47<br \/>\n4\t\tFriends Never Say Goodbye  4:20<br \/>\n5\t\tThe Trail We Blaze  3:53<br \/>\n6\t\t16th Century Man  3:39<br \/>\n7\t\tThe Panic In Me  5:40<br \/>\n8\t\tIt&#8217;s Tough To Be A God  3:49<br \/>\n9\t\tTrust Me  4:45<br \/>\n10\t\tMy Heart Dances  4:51<br \/>\n11\t\tQueen Of Cities  3:56<br \/>\n12\t\tCheldorado  4:26<br \/>\n13\t\tThe Brig  2:58<br \/>\nWonders Of The New World\t(5:55)<br \/>\n14.1\t\tTo Shibalba<br \/>\n14.2\t\tSave El Dorado<br \/>\n14.3\t\tThe Ball Game<\/p>","protected":false},"excerpt":{"rendered":"<p>DreamWorks Records \u2013 450 219-2<br \/>\nFormat:<br \/>\nCD, Album<br \/>\nCountry:\tEurope<br \/>\nReleased:\t2000<\/p>","protected":false},"featured_media":25682,"template":"","meta":[],"product_cat":[24,946],"product_tag":[44],"yoast_head":"<!-- This site is optimized with the Yoast SEO plugin v23.5 - https:\/\/yoast.com\/wordpress\/plugins\/seo\/ -->\n<title>Elton John \u2013 The Road To El Dorado CD Vinilin\u0117 Plok\u0161tel\u0117 | Vinilozona.lt<\/title>\n<meta name=\"robots\" content=\"index, follow, max-snippet:-1, max-image-preview:large, max-video-preview:-1\" \/>\n<link rel=\"canonical\" href=\"https:\/\/vinilozona.lt\/en\/parduotuve\/cd\/naudoti-cd\/elton-john-the-road-to-el-dorado-cd\/\" \/>\n<meta property=\"og:locale\" content=\"en_GB\" \/>\n<meta property=\"og:type\" content=\"article\" \/>\n<meta property=\"og:title\" content=\"Elton John \u2013 The Road To El Dorado CD Vinilin\u0117 Plok\u0161tel\u0117 | Vinilozona.lt\" \/>\n<meta property=\"og:description\" content=\"DreamWorks Records \u2013 450 219-2 Format:  CD, Album Country: Europe Released: 2000\" \/>\n<meta property=\"og:url\" content=\"https:\/\/vinilozona.lt\/en\/parduotuve\/cd\/naudoti-cd\/elton-john-the-road-to-el-dorado-cd\/\" \/>\n<meta property=\"og:site_name\" content=\"Vinilo Zona\" \/>\n<meta property=\"article:modified_time\" content=\"2024-08-25T04:45:34+00:00\" \/>\n<meta property=\"og:image\" content=\"https:\/\/vinilozona.lt\/wp-content\/uploads\/2024\/08\/R-2666563-1707946020-1106.jpg\" \/>\n\t<meta property=\"og:image:width\" content=\"600\" \/>\n\t<meta property=\"og:image:height\" content=\"600\" \/>\n\t<meta property=\"og:image:type\" content=\"image\/jpeg\" \/>\n<meta name=\"twitter:card\" content=\"summary_large_image\" \/>\n<script type=\"application\/ld+json\" class=\"yoast-schema-graph\">{\"@context\":\"https:\/\/schema.org\",\"@graph\":[{\"@type\":\"WebPage\",\"@id\":\"https:\/\/vinilozona.lt\/parduotuve\/cd\/naudoti-cd\/elton-john-the-road-to-el-dorado-cd\/\",\"url\":\"https:\/\/vinilozona.lt\/parduotuve\/cd\/naudoti-cd\/elton-john-the-road-to-el-dorado-cd\/\",\"name\":\"Elton John \u2013 The Road To El Dorado CD Vinilin\u0117 Plok\u0161tel\u0117 | Vinilozona.lt\",\"isPartOf\":{\"@id\":\"https:\/\/vinilozona.lt\/#website\"},\"primaryImageOfPage\":{\"@id\":\"https:\/\/vinilozona.lt\/parduotuve\/cd\/naudoti-cd\/elton-john-the-road-to-el-dorado-cd\/#primaryimage\"},\"image\":{\"@id\":\"https:\/\/vinilozona.lt\/parduotuve\/cd\/naudoti-cd\/elton-john-the-road-to-el-dorado-cd\/#primaryimage\"},\"thumbnailUrl\":\"https:\/\/vinilozona.lt\/wp-content\/uploads\/2024\/08\/R-2666563-1707946020-1106.jpg\",\"datePublished\":\"2024-08-25T02:14:13+00:00\",\"dateModified\":\"2024-08-25T04:45:34+00:00\",\"breadcrumb\":{\"@id\":\"https:\/\/vinilozona.lt\/parduotuve\/cd\/naudoti-cd\/elton-john-the-road-to-el-dorado-cd\/#breadcrumb\"},\"inLanguage\":\"en-GB\",\"potentialAction\":[{\"@type\":\"ReadAction\",\"target\":[\"https:\/\/vinilozona.lt\/parduotuve\/cd\/naudoti-cd\/elton-john-the-road-to-el-dorado-cd\/\"]}]},{\"@type\":\"ImageObject\",\"inLanguage\":\"en-GB\",\"@id\":\"https:\/\/vinilozona.lt\/parduotuve\/cd\/naudoti-cd\/elton-john-the-road-to-el-dorado-cd\/#primaryimage\",\"url\":\"https:\/\/vinilozona.lt\/wp-content\/uploads\/2024\/08\/R-2666563-1707946020-1106.jpg\",\"contentUrl\":\"https:\/\/vinilozona.lt\/wp-content\/uploads\/2024\/08\/R-2666563-1707946020-1106.jpg\",\"width\":600,\"height\":600},{\"@type\":\"BreadcrumbList\",\"@id\":\"https:\/\/vinilozona.lt\/parduotuve\/cd\/naudoti-cd\/elton-john-the-road-to-el-dorado-cd\/#breadcrumb\",\"itemListElement\":[{\"@type\":\"ListItem\",\"position\":1,\"name\":\"Home\",\"item\":\"https:\/\/vinilozona.lt\/\"},{\"@type\":\"ListItem\",\"position\":2,\"name\":\"Parduotuv\u0117\",\"item\":\"https:\/\/vinilozona.lt\/parduotuve\/\"},{\"@type\":\"ListItem\",\"position\":3,\"name\":\"Elton John \u2013 The Road To El Dorado CD\"}]},{\"@type\":\"WebSite\",\"@id\":\"https:\/\/vinilozona.lt\/#website\",\"url\":\"https:\/\/vinilozona.lt\/\",\"name\":\"Vinilo Zona\",\"description\":\"Nup\u016bsk dulkes ir klausyk LP\",\"potentialAction\":[{\"@type\":\"SearchAction\",\"target\":{\"@type\":\"EntryPoint\",\"urlTemplate\":\"https:\/\/vinilozona.lt\/?s={search_term_string}\"},\"query-input\":{\"@type\":\"PropertyValueSpecification\",\"valueRequired\":true,\"valueName\":\"search_term_string\"}}],\"inLanguage\":\"en-GB\"}]}<\/script>\n<!-- \/ Yoast SEO plugin. -->","yoast_head_json":{"title":"Elton John \u2013 The Road To El Dorado CD Vinilin\u0117 Plok\u0161tel\u0117 | Vinilozona.lt","robots":{"index":"index","follow":"follow","max-snippet":"max-snippet:-1","max-image-preview":"max-image-preview:large","max-video-preview":"max-video-preview:-1"},"canonical":"https:\/\/vinilozona.lt\/en\/parduotuve\/cd\/naudoti-cd\/elton-john-the-road-to-el-dorado-cd\/","og_locale":"en_GB","og_type":"article","og_title":"Elton John \u2013 The Road To El Dorado CD Vinilin\u0117 Plok\u0161tel\u0117 | Vinilozona.lt","og_description":"DreamWorks Records \u2013 450 219-2 Format:  CD, Album Country: Europe Released: 2000","og_url":"https:\/\/vinilozona.lt\/en\/parduotuve\/cd\/naudoti-cd\/elton-john-the-road-to-el-dorado-cd\/","og_site_name":"Vinilo Zona","article_modified_time":"2024-08-25T04:45:34+00:00","og_image":[{"width":600,"height":600,"url":"https:\/\/vinilozona.lt\/wp-content\/uploads\/2024\/08\/R-2666563-1707946020-1106.jpg","type":"image\/jpeg"}],"twitter_card":"summary_large_image","schema":{"@context":"https:\/\/schema.org","@graph":[{"@type":"WebPage","@id":"https:\/\/vinilozona.lt\/parduotuve\/cd\/naudoti-cd\/elton-john-the-road-to-el-dorado-cd\/","url":"https:\/\/vinilozona.lt\/parduotuve\/cd\/naudoti-cd\/elton-john-the-road-to-el-dorado-cd\/","name":"Elton John \u2013 The Road To El Dorado CD Vinilin\u0117 Plok\u0161tel\u0117 | Vinilozona.lt","isPartOf":{"@id":"https:\/\/vinilozona.lt\/#website"},"primaryImageOfPage":{"@id":"https:\/\/vinilozona.lt\/parduotuve\/cd\/naudoti-cd\/elton-john-the-road-to-el-dorado-cd\/#primaryimage"},"image":{"@id":"https:\/\/vinilozona.lt\/parduotuve\/cd\/naudoti-cd\/elton-john-the-road-to-el-dorado-cd\/#primaryimage"},"thumbnailUrl":"https:\/\/vinilozona.lt\/wp-content\/uploads\/2024\/08\/R-2666563-1707946020-1106.jpg","datePublished":"2024-08-25T02:14:13+00:00","dateModified":"2024-08-25T04:45:34+00:00","breadcrumb":{"@id":"https:\/\/vinilozona.lt\/parduotuve\/cd\/naudoti-cd\/elton-john-the-road-to-el-dorado-cd\/#breadcrumb"},"inLanguage":"en-GB","potentialAction":[{"@type":"ReadAction","target":["https:\/\/vinilozona.lt\/parduotuve\/cd\/naudoti-cd\/elton-john-the-road-to-el-dorado-cd\/"]}]},{"@type":"ImageObject","inLanguage":"en-GB","@id":"https:\/\/vinilozona.lt\/parduotuve\/cd\/naudoti-cd\/elton-john-the-road-to-el-dorado-cd\/#primaryimage","url":"https:\/\/vinilozona.lt\/wp-content\/uploads\/2024\/08\/R-2666563-1707946020-1106.jpg","contentUrl":"https:\/\/vinilozona.lt\/wp-content\/uploads\/2024\/08\/R-2666563-1707946020-1106.jpg","width":600,"height":600},{"@type":"BreadcrumbList","@id":"https:\/\/vinilozona.lt\/parduotuve\/cd\/naudoti-cd\/elton-john-the-road-to-el-dorado-cd\/#breadcrumb","itemListElement":[{"@type":"ListItem","position":1,"name":"Home","item":"https:\/\/vinilozona.lt\/"},{"@type":"ListItem","position":2,"name":"Parduotuv\u0117","item":"https:\/\/vinilozona.lt\/parduotuve\/"},{"@type":"ListItem","position":3,"name":"Elton John \u2013 The Road To El Dorado CD"}]},{"@type":"WebSite","@id":"https:\/\/vinilozona.lt\/#website","url":"https:\/\/vinilozona.lt\/","name":"Vinilo Zona","description":"Nup\u016bsk dulkes ir klausyk LP","potentialAction":[{"@type":"SearchAction","target":{"@type":"EntryPoint","urlTemplate":"https:\/\/vinilozona.lt\/?s={search_term_string}"},"query-input":{"@type":"PropertyValueSpecification","valueRequired":true,"valueName":"search_term_string"}}],"inLanguage":"en-GB"}]}},"_links":{"self":[{"href":"https:\/\/vinilozona.lt\/en\/wp-json\/wp\/v2\/product\/25681"}],"collection":[{"href":"https:\/\/vinilozona.lt\/en\/wp-json\/wp\/v2\/product"}],"about":[{"href":"https:\/\/vinilozona.lt\/en\/wp-json\/wp\/v2\/types\/product"}],"wp:featuredmedia":[{"embeddable":true,"href":"https:\/\/vinilozona.lt\/en\/wp-json\/wp\/v2\/media\/25682"}],"wp:attachment":[{"href":"https:\/\/vinilozona.lt\/en\/wp-json\/wp\/v2\/media?parent=25681"}],"wp:term":[{"taxonomy":"product_cat","embeddable":true,"href":"https:\/\/vinilozona.lt\/en\/wp-json\/wp\/v2\/product_cat?post=25681"},{"taxonomy":"product_tag","embeddable":true,"href":"https:\/\/vinilozona.lt\/en\/wp-json\/wp\/v2\/product_tag?post=25681"}],"curies":[{"name":"wp","href":"https:\/\/api.w.org\/{rel}","templated":true}]}}